{"id":11061,"date":"2018-09-27T05:01:10","date_gmt":"2018-09-27T03:01:10","guid":{"rendered":"https:\/\/www.upm.es\/recursosidi\/?page_id=11061"},"modified":"2022-11-11T13:22:17","modified_gmt":"2022-11-11T12:22:17","slug":"solicitud","status":"publish","type":"page","link":"https:\/\/www.upm.es\/recursosidi\/solicitud\/","title":{"rendered":"Realizar solicitud"},"content":{"rendered":"\t\t<div data-elementor-type=\"wp-page\" data-elementor-id=\"11061\" class=\"elementor elementor-11061\">\n\t\t\t\t\t\t<section class=\"elementor-section elementor-top-section elementor-element elementor-element-56df790 cabecera elementor-section-stretched elementor-section-boxed elementor-section-height-default elementor-section-height-default\" data-id=\"56df790\" data-element_type=\"section\" data-settings=\"{&quot;background_background&quot;:&quot;video&quot;,&quot;stretch_section&quot;:&quot;section-stretched&quot;}\">\n\t\t\t\t\t\t\t<div class=\"elementor-background-overlay\"><\/div>\n\t\t\t\t\t\t\t<div class=\"elementor-container elementor-column-gap-default\">\n\t\t\t\t\t<div class=\"elementor-column elementor-col-100 elementor-top-column elementor-element elementor-element-43cd2da\" data-id=\"43cd2da\" data-element_type=\"column\">\n\t\t\t<div class=\"elementor-widget-wrap elementor-element-populated\">\n\t\t\t\t\t\t<div class=\"elementor-element elementor-element-7a33ae3 elementor-widget elementor-widget-heading\" data-id=\"7a33ae3\" data-element_type=\"widget\" data-widget_type=\"heading.default\">\n\t\t\t\t<div class=\"elementor-widget-container\">\n\t\t\t<div class=\"elementor-heading-title elementor-size-default\">\u00bfTe ayudamos?<\/div>\t\t<\/div>\n\t\t\t\t<\/div>\n\t\t\t\t<div class=\"elementor-element elementor-element-4a4e707 elementor-widget elementor-widget-text-editor\" data-id=\"4a4e707\" data-element_type=\"widget\" data-widget_type=\"text-editor.default\">\n\t\t\t\t<div class=\"elementor-widget-container\">\n\t\t\t\t\t\t\t<p>Prueba a realizar una b\u00fasqueda en el HUB Digital de Innovaci\u00f3n, reg\u00edstrate,<br><span style=\"background-color: initial;\">o env\u00edanos una solicitud con tus necesidades&nbsp;<\/span><\/p>\t\t\t\t\t\t<\/div>\n\t\t\t\t<\/div>\n\t\t\t\t<div class=\"elementor-element elementor-element-f8f7a34 elementor-widget elementor-widget-wp-widget-search\" data-id=\"f8f7a34\" data-element_type=\"widget\" data-widget_type=\"wp-widget-search.default\">\n\t\t\t\t<div class=\"elementor-widget-container\">\n\t\t\t\n\t\t<form role=\"search\" class=\"sidebar-search-form\" action=\"https:\/\/www.upm.es\/recursosidi\/\">\n            <label>\n                <span class=\"screen-reader-text\">Buscar:<\/span>\n                <input type=\"search\" class=\"search-field\" placeholder=\"Buscar &hellip;\" value=\"\" name=\"s\" title=\"Buscar:\" \/>\n            <\/label>\n            <button type=\"submit\" class=\"search-submit\" >\n                <svg aria-hidden=\"true\" focusable=\"false\" role=\"presentation\" xmlns=\"http:\/\/www.w3.org\/2000\/svg\" width=\"20\" height=\"21\" viewBox=\"0 0 20 21\">\n                    <path id=\"svg-search\" fill=\"currentColor\" fill-rule=\"evenodd\" d=\"M12.514 14.906a8.264 8.264 0 0 1-4.322 1.21C3.668 16.116 0 12.513 0 8.07 0 3.626 3.668.023 8.192.023c4.525 0 8.193 3.603 8.193 8.047 0 2.033-.769 3.89-2.035 5.307l4.999 5.552-1.775 1.597-5.06-5.62zm-4.322-.843c3.37 0 6.102-2.684 6.102-5.993 0-3.31-2.732-5.994-6.102-5.994S2.09 4.76 2.09 8.07c0 3.31 2.732 5.993 6.102 5.993z\"><\/path>\n                <\/svg>\n            <\/button>\n        <\/form>\t\t<\/div>\n\t\t\t\t<\/div>\n\t\t\t\t\t<\/div>\n\t\t<\/div>\n\t\t\t\t\t<\/div>\n\t\t<\/section>\n\t\t\t\t<section class=\"elementor-section elementor-top-section elementor-element elementor-element-48baaf06 elementor-section-boxed elementor-section-height-default elementor-section-height-default\" data-id=\"48baaf06\" data-element_type=\"section\">\n\t\t\t\t\t\t<div class=\"elementor-container elementor-column-gap-default\">\n\t\t\t\t\t<div class=\"elementor-column elementor-col-100 elementor-top-column elementor-element elementor-element-314bc0df\" data-id=\"314bc0df\" data-element_type=\"column\">\n\t\t\t<div class=\"elementor-widget-wrap elementor-element-populated\">\n\t\t\t\t\t\t<div class=\"elementor-element elementor-element-9744fd7 elementor-view-default elementor-position-top elementor-mobile-position-top elementor-widget elementor-widget-icon-box\" data-id=\"9744fd7\" data-element_type=\"widget\" data-widget_type=\"icon-box.default\">\n\t\t\t\t<div class=\"elementor-widget-container\">\n\t\t\t\t\t<div class=\"elementor-icon-box-wrapper\">\n\n\t\t\t\t\t\t<div class=\"elementor-icon-box-icon\">\n\t\t\t\t<span  class=\"elementor-icon elementor-animation-\">\n\t\t\t\t<i aria-hidden=\"true\" class=\"fas fa-user-lock\"><\/i>\t\t\t\t<\/span>\n\t\t\t<\/div>\n\t\t\t\n\t\t\t\t\t\t<div class=\"elementor-icon-box-content\">\n\n\t\t\t\t\n\t\t\t\t\t\t\t\t\t<p class=\"elementor-icon-box-description\">\n\t\t\t\t\t\tLa UPM ofrece soluciones personalizadas a tus demandas tecnol\u00f3gicas. Reg\u00edstrate en el \u00c1rea Privada y crea una solicitud para ponerte en contacto con investigadores y estructuras afines a tus necesidades.\t\t\t\t\t<\/p>\n\t\t\t\t\n\t\t\t<\/div>\n\t\t\t\n\t\t<\/div>\n\t\t\t\t<\/div>\n\t\t\t\t<\/div>\n\t\t\t\t<div class=\"elementor-element elementor-element-3cd4c4d elementor-button-info elementor-align-center elementor-widget elementor-widget-button\" data-id=\"3cd4c4d\" data-element_type=\"widget\" data-widget_type=\"button.default\">\n\t\t\t\t<div class=\"elementor-widget-container\">\n\t\t\t\t\t<div class=\"elementor-button-wrapper\">\n\t\t\t<a class=\"elementor-button elementor-button-link elementor-size-md\" href=\"\/recursosidi\/wp-login.php\">\n\t\t\t\t\t\t<span class=\"elementor-button-content-wrapper\">\n\t\t\t\t\t\t\t\t\t<span class=\"elementor-button-text\">Acceder al \u00e1rea privada<\/span>\n\t\t\t\t\t<\/span>\n\t\t\t\t\t<\/a>\n\t\t<\/div>\n\t\t\t\t<\/div>\n\t\t\t\t<\/div>\n\t\t\t\t<div class=\"elementor-element elementor-element-46746979 elementor-widget elementor-widget-text-editor\" data-id=\"46746979\" data-element_type=\"widget\" data-widget_type=\"text-editor.default\">\n\t\t\t\t<div class=\"elementor-widget-container\">\n\t\t\t\t\t\t\t<p>Si prefieres realizar una consulta concreta tambi\u00e9n puedes utilizar el siguiente formulario para enviarnos una necesidad, trataremos de encontrar el equipo m\u00e1s adecuado para llevarla a cabo.<\/p>\t\t\t\t\t\t<\/div>\n\t\t\t\t<\/div>\n\t\t\t\t<div class=\"elementor-element elementor-element-40f8c3e elementor-widget elementor-widget-text-editor\" data-id=\"40f8c3e\" data-element_type=\"widget\" data-widget_type=\"text-editor.default\">\n\t\t\t\t<div class=\"elementor-widget-container\">\n\t\t\t\t\t\t\t<p><div class=\"caldera-grid\" id=\"caldera_form_1\" data-cf-ver=\"1.9.6\" data-cf-form-id=\"CF630e008724a75\"><div id=\"caldera_notices_1\" data-spinner=\"https:\/\/www.upm.es\/recursosidi\/area-privada\/images\/spinner.gif\"><\/div><form data-instance=\"1\" class=\"CF630e008724a75 caldera_forms_form cfajax-trigger\" method=\"POST\" enctype=\"multipart\/form-data\" id=\"CF630e008724a75_1\" data-form-id=\"CF630e008724a75\" aria-label=\"Solicitud\" data-target=\"#caldera_notices_1\" data-template=\"#cfajax_CF630e008724a75-tmpl\" data-cfajax=\"CF630e008724a75\" data-load-element=\"_parent\" data-load-class=\"cf_processing\" data-post-disable=\"0\" data-action=\"cf_process_ajax_submit\" data-request=\"https:\/\/www.upm.es\/recursosidi\/cf-api\/CF630e008724a75\" data-hiderows=\"true\">\r\n<input type=\"hidden\" id=\"_cf_verify_CF630e008724a75\" name=\"_cf_verify\" value=\"38ecaa2f2f\"  data-nonce-time=\"1778741940\" \/><input type=\"hidden\" name=\"_wp_http_referer\" value=\"\/recursosidi\/wp-json\/wp\/v2\/pages\/11061\" \/><div id=\"cf2-CF630e008724a75_1\"><\/div><input type=\"hidden\" name=\"_cf_frm_id\" value=\"CF630e008724a75\">\r\n<input type=\"hidden\" name=\"_cf_frm_ct\" value=\"1\">\r\n<input type=\"hidden\" name=\"cfajax\" value=\"CF630e008724a75\">\r\n<input type=\"hidden\" name=\"_cf_cr_pst\" value=\"11061\">\r\n<div class=\"hide\" style=\"display:none; overflow:hidden;height:0;width:0;\">\r\n<label>Company<\/label><input type=\"text\" name=\"company\" value=\"\" autocomplete=\"off\">\r\n<\/div><div id=\"CF630e008724a75_1-row-1\"  class=\"row  first_row\"><div  class=\"col-sm-12  single\"><div class=\"\"><h2>Solicitudes<\/h2>\n<\/div><hr id=\"fld_5351710_1\" class=\"\" style=\"width: 100%\" \/><div data-field-wrapper=\"fld_3688899\" class=\"form-group\" id=\"fld_3688899_1-wrap\">\r\n\t<label id=\"fld_3688899Label\" for=\"fld_3688899_1\" class=\"control-label\">Nombre <span aria-hidden=\"true\" role=\"presentation\" class=\"field_required\" style=\"color:#ee0000;\">*<\/span><\/label>\r\n\t<div class=\"\">\r\n\t\t<input   required type=\"text\" data-field=\"fld_3688899\" class=\" form-control\" id=\"fld_3688899_1\" name=\"fld_3688899\" value=\"\" data-type=\"text\" aria-required=\"true\"   aria-labelledby=\"fld_3688899Label\" >\t\t\t<\/div>\r\n<\/div>\r\n<div data-field-wrapper=\"fld_5945757\" class=\"form-group\" id=\"fld_5945757_1-wrap\">\r\n\t<label id=\"fld_5945757Label\" for=\"fld_5945757_1\" class=\"control-label\">Empresa <span aria-hidden=\"true\" role=\"presentation\" class=\"field_required\" style=\"color:#ee0000;\">*<\/span><\/label>\r\n\t<div class=\"\">\r\n\t\t<input   required type=\"text\" data-field=\"fld_5945757\" class=\" form-control\" id=\"fld_5945757_1\" name=\"fld_5945757\" value=\"\" data-type=\"text\" aria-required=\"true\"   aria-labelledby=\"fld_5945757Label\" >\t\t\t<\/div>\r\n<\/div>\r\n<div data-field-wrapper=\"fld_6830845\" class=\"form-group\" id=\"fld_6830845_1-wrap\">\r\n\t<label id=\"fld_6830845Label\" for=\"fld_6830845_1\" class=\"control-label\">Direcci\u00f3n de correo electr\u00f3nico <span aria-hidden=\"true\" role=\"presentation\" class=\"field_required\" style=\"color:#ee0000;\">*<\/span><\/label>\r\n\t<div class=\"\">\r\n\t\t<input   required type=\"email\" data-field=\"fld_6830845\" class=\" form-control\" id=\"fld_6830845_1\" name=\"fld_6830845\" value=\"\" data-type=\"email\" aria-required=\"true\"   aria-labelledby=\"fld_6830845Label\" >\t\t\t<\/div>\r\n<\/div>\r\n<\/div><\/div><div id=\"CF630e008724a75_1-row-2\"  class=\"row \"><div  class=\"col-sm-6  first_col\"><div data-field-wrapper=\"fld_645468\" class=\"form-group\" id=\"fld_645468_1-wrap\">\r\n\t<label id=\"fld_645468Label\" for=\"fld_645468_1\" class=\"control-label\">N\u00famero de contacto <span aria-hidden=\"true\" role=\"presentation\" class=\"field_required\" style=\"color:#ee0000;\">*<\/span><\/label>\r\n\t<div class=\"\">\r\n\t\t<input   required type=\"number\" data-field=\"fld_645468\" class=\" form-control\" id=\"fld_645468_1\" name=\"fld_645468\" value=\"\" data-type=\"number\" data-parsley-type=\"number\" aria-required=\"true\"   aria-labelledby=\"fld_645468Label\" >\t\t\t<\/div>\r\n<\/div>\r\n<div data-field-wrapper=\"fld_193439\" class=\"form-group\" id=\"fld_193439_1-wrap\">\r\n\t<label id=\"fld_193439Label\" for=\"fld_193439_1\" class=\"control-label\">P\u00e1gina web<\/label>\r\n\t<div class=\"\">\r\n\t\t<input    type=\"url\" data-field=\"fld_193439\" class=\" form-control\" id=\"fld_193439_1\" name=\"fld_193439\" value=\"\" data-type=\"url\"   aria-labelledby=\"fld_193439Label\" >\t\t\t<\/div>\r\n<\/div>\r\n<\/div><div  class=\"col-sm-6  last_col\"><div data-field-wrapper=\"fld_1720034\" class=\"form-group\" id=\"fld_1720034_1-wrap\">\r\n\t<label id=\"fld_1720034Label\" for=\"fld_1720034_1\" class=\"control-label\">Informaci\u00f3n adicional<\/label>\r\n\t\t<div class=\"\">\r\n\t\t\t<div\n\t\t\t\t\tid=\"fld_1720034_1_file_list\"\n\t\t\t\t\tdata-id=\"fld_1720034_1\"\n\t\t\t\t\tdata-field=\"fld_1720034\"\n\t\t\t\t\tclass=\"cf-multi-uploader-list\"\n\t\t\t><\/div>\n\n\t\t\t<button\n\t\t\t\t\tid=\"fld_1720034_1_trigger\"\n\t\t\t\t\ttype=\"button\"\n\t\t\t\t\tclass=\"btn btn-block cf-uploader-trigger\"\n\t\t\t\t\tdata-parent=\"fld_1720034_1\"\n\t\t\t>\n\t\t\t\tAdd File\t\t\t<\/button>\n\n\t\t\t<input\n\t\t\t\t\tstyle=\"display:none;\" accept=\".pdf\"\t\t\t\t\tclass=\"cf-multi-uploader\"\n\t\t\t\t\tdata-config=\"{&quot;custom_class&quot;:&quot;&quot;,&quot;attach&quot;:1,&quot;multi_upload_text&quot;:&quot;Add File&quot;,&quot;allowed&quot;:[&quot;application\\\/pdf&quot;,&quot;pdf&quot;],&quot;email_identifier&quot;:0,&quot;personally_identifying&quot;:0,&quot;max_size&quot;:8388608,&quot;notices&quot;:{&quot;file_exceeds_size_limit&quot;:&quot;File exceeds the maximum upload size for this site.&quot;,&quot;zero_byte_file&quot;:&quot;This file is empty. Please try another.&quot;,&quot;invalid_filetype&quot;:&quot;This file type is not allowed. Please try another.&quot;}}\"\n\t\t\t\t\tdata-controlid=\"trupl6a0572b4de6f1\"  \t\t\t\t\ttype=\"file\"\n\t\t\t\t\tdata-field=\"fld_1720034\"\n\t\t\t\t\tid=\"fld_1720034_1\"\n\t\t\t\t\tname=\"fld_1720034\" >\n\t\t\t<input\n\t\t\t\t\tstyle=\"display:none;\"\n\t\t\t\t\ttype=\"text\"\n\t\t\t\t\tid=\"fld_1720034_1_validator\"\n\t\t\t\t\tdata-field=\"fld_1720034\"\n\t\t\t\t\tdata-parsley-file-type=\"true\"  >\n\t\t\t<input\n\t\t\t\t\ttype=\"hidden\"\n\t\t\t\t\tname=\"fld_1720034\"\n\t\t\t\t\tvalue=\"trupl6a0572b4de6f1\"\n\t\t\t>\n\t\t\t<span id=\"fld_1720034Caption\" class=\"help-block\">Adjuntar informaci\u00f3n adicional para la solicitud<\/span>\r\n\t<\/div>\r\n<\/div>\r\n<\/div><\/div><div id=\"CF630e008724a75_1-row-3\"  class=\"row  last_row\"><div  class=\"col-sm-12  single\"><div data-field-wrapper=\"fld_6566084\" class=\"form-group\" id=\"fld_6566084_1-wrap\">\r\n\t<label id=\"fld_6566084Label\" for=\"fld_6566084_1\" class=\"control-label\">Descripci\u00f3n de la necesidad o demanda <span aria-hidden=\"true\" role=\"presentation\" class=\"field_required\" style=\"color:#ee0000;\">*<\/span><\/label>\r\n\t<div class=\"\">\r\n\t\t<textarea name=\"fld_6566084\" value=\"\" data-field=\"fld_6566084\" class=\"form-control\" id=\"fld_6566084_1\" rows=\"4\"  required=\"required\"  aria-labelledby=\"fld_6566084Label\" ><\/textarea>\n\t\t\t<\/div>\r\n<\/div>\r\n<div data-field-wrapper=\"fld_7007738\" class=\"form-group\" id=\"fld_7007738_1-wrap\">\r\n<div class=\"\">\r\n\t<input  class=\"btn btn-default\" type=\"submit\" name=\"fld_7007738\" id=\"fld_7007738_1\" value=\"Realizar solicitud\" data-field=\"fld_7007738\"  >\n<\/div>\r\n<\/div>\r\n\t<input class=\"button_trigger_1\" type=\"hidden\" name=\"fld_7007738\" id=\"fld_7007738_1_btn\" value=\"\" data-field=\"fld_7007738\"  \/>\n<div data-field-wrapper=\"fld_5250665\" class=\"form-group\" id=\"fld_5250665_1-wrap\">\r\n\t<label id=\"fld_5250665Label\" for=\"fld_5250665_1\" class=\"control-label screen-reader-text sr-only\">He le\u00eddo y acepto la Pol\u00edtica de protecci\u00f3n de datos<\/label>\r\n\t<div class=\"\">\r\n\t\t\t\t\t\t\t\t\t\t\t<div class=\"checkbox\">\n\t\t\t\t\n                <label                         for=\"fld_5250665_1_opt1347355\"\n                >\n                            <input\n                                data-parsley-required=\"true\" data-parsley-group=\"fld_5250665_1\" data-parsley-multiple=\"fld_5250665_1\"                                type=\"checkbox\"\n                                data-label=\"He le\u00eddo y acepto la Pol\u00edtica de protecci\u00f3n de datos\"\n                                data-field=\"fld_5250665\"\n                                id=\"fld_5250665_1_opt1347355\"\n                                class=\"fld_5250665_1 option-required\"\n                                name=\"fld_5250665[opt1347355]\"\n                                value=\"He le\u00eddo y acepto la Pol\u00edtica de protecci\u00f3n de datos\"\n                                                                data-type=\"checkbox\"\n                                data-checkbox-field=\"fld_5250665_1\"\n                                                                data-calc-value=\"He le\u00eddo y acepto la Pol\u00edtica de protecci\u00f3n de datos\"\n                            >\n                    He le\u00eddo y acepto la Pol\u00edtica de protecci\u00f3n de datos                <\/label>\n\n                \t\t\t\t\t<\/div>\n\t\t\t\t\t\t\t\t\t\t\t<\/div>\r\n<\/div>\r\n<div class=\"\"><p><small>He sido informado y consiento que mis datos personales sean tratados, como responsable de dicho tratamiento, por la Universidad Polit\u00e9cnica de Madrid, cumpliendo con los principios establecidos en el Reglamento (UE) 2016\/679, relativo a la protecci\u00f3n de las personas f\u00edsicas en lo que respecta al tratamiento de datos personales y a la libre circulaci\u00f3n de estos datos.<br \/>\nLa finalidad del tratamiento consiste en* gestionar mi participaci\u00f3n en la plataforma desarrollada para recoger demandas de tecnolog\u00edas por parte de terceros con el fin de que la UPM pueda responder a las preguntas planteadas en relaci\u00f3n a la crisis de COVID-19.  La base jur\u00eddica que legitima este tratamiento de datos consiste fundamentalmente en el consentimiento que otorgo a la UPM para que realice el mismo.<br \/>\nMis datos se conservar\u00e1n durante el tiempo necesario para cumplir con la finalidad para la que se recabaron y para determinar las posibles responsabilidades que se pudieran derivar de dicha finalidad y del tratamiento de los datos, adem\u00e1s de los periodos establecidos en la normativa de archivos y documentaci\u00f3n.<br \/>\nMis datos podr\u00e1n ser comunicados y compartirse por las empresas, profesionales y otras entidades que participen en la plataforma.<br \/>\nTambi\u00e9n se me ha informado de que puedo acceder, rectificar y suprimir los datos, as\u00ed como ejercer otros derechos, enviando mi solicitud a la direcci\u00f3n: C\/Ramiro de Maeztu n\u00ba7. 28040 Madrid o en el correo electr\u00f3nico <span rel=\"8b313130ae311f319b312a31b5313431b3312f31c13118317a312131a1311831ac312531ab311d31b33133319c312a31aa311931ad311130b5313631b9310f30bf312131\" class=\"cryptex \" style=\"\"><span class=\"CryptexImg ctx-ZogQX8MxbZa084ccQ_SyERfykBTvQNiA4EfIcGDCOg\"><\/span><\/span> con copia a <span rel=\"8b313130ab312c31a7312c31b5312331b5312631c73125317a310f3199311e31a531333178311e31ba31393169312c31b431\" class=\"cryptex \" style=\"\"><span class=\"CryptexImg ctxtQkQjR5_HpW-OVze3T7VWlFnudeQejy8tbErtO8ISDk\"><\/span><\/span><br \/>\nDispongo de la informaci\u00f3n completa sobre este tratamiento en <a href=\"\/recursosidi\/informacion-adicional-sobre-proteccion-datos\/\" target=\"_blank\">Informaci\u00f3n adicional sobre protecci\u00f3n de datos<\/a>.<br \/>\n<br \/>\n<\/small><\/p>\n<\/div><\/div><\/div><\/form>\r\n<\/div>\r\n<\/p>\t\t\t\t\t\t<\/div>\n\t\t\t\t<\/div>\n\t\t\t\t<div class=\"elementor-element elementor-element-8efc8d4 elementor-widget-divider--view-line elementor-widget elementor-widget-divider\" data-id=\"8efc8d4\" data-element_type=\"widget\" data-widget_type=\"divider.default\">\n\t\t\t\t<div class=\"elementor-widget-container\">\n\t\t\t\t\t<div class=\"elementor-divider\">\n\t\t\t<span class=\"elementor-divider-separator\">\n\t\t\t\t\t\t<\/span>\n\t\t<\/div>\n\t\t\t\t<\/div>\n\t\t\t\t<\/div>\n\t\t\t\t<div class=\"elementor-element elementor-element-fa48238 elementor-widget elementor-widget-text-editor\" data-id=\"fa48238\" data-element_type=\"widget\" data-widget_type=\"text-editor.default\">\n\t\t\t\t<div class=\"elementor-widget-container\">\n\t\t\t\t\t\t\t<p>Si quieres contactar con nosotros por alg\u00fan otro motivo utiliza el formulario de contacto.<\/p>\t\t\t\t\t\t<\/div>\n\t\t\t\t<\/div>\n\t\t\t\t<div class=\"elementor-element elementor-element-98c69ed elementor-button-info elementor-align-left elementor-widget elementor-widget-button\" data-id=\"98c69ed\" data-element_type=\"widget\" data-widget_type=\"button.default\">\n\t\t\t\t<div class=\"elementor-widget-container\">\n\t\t\t\t\t<div class=\"elementor-button-wrapper\">\n\t\t\t<a class=\"elementor-button elementor-button-link elementor-size-xs\" href=\"\/recursosidi\/contactar\">\n\t\t\t\t\t\t<span class=\"elementor-button-content-wrapper\">\n\t\t\t\t\t\t\t\t\t<span class=\"elementor-button-text\">Contactar<\/span>\n\t\t\t\t\t<\/span>\n\t\t\t\t\t<\/a>\n\t\t<\/div>\n\t\t\t\t<\/div>\n\t\t\t\t<\/div>\n\t\t\t\t\t<\/div>\n\t\t<\/div>\n\t\t\t\t\t<\/div>\n\t\t<\/section>\n\t\t\t\t<\/div>\n\t\t","protected":false},"excerpt":{"rendered":"<p>\u00bfTe ayudamos? Prueba a realizar una b\u00fasqueda en el HUB Digital de Innovaci\u00f3n, reg\u00edstrate,o env\u00edanos una solicitud con tus necesidades&nbsp; La UPM ofrece soluciones personalizadas&hellip;<\/p>\n","protected":false},"author":1,"featured_media":0,"parent":0,"menu_order":0,"comment_status":"closed","ping_status":"closed","template":"","meta":{"_acf_changed":false,"footnotes":""},"acf":[],"_links":{"self":[{"href":"https:\/\/www.upm.es\/recursosidi\/wp-json\/wp\/v2\/pages\/11061"}],"collection":[{"href":"https:\/\/www.upm.es\/recursosidi\/wp-json\/wp\/v2\/pages"}],"about":[{"href":"https:\/\/www.upm.es\/recursosidi\/wp-json\/wp\/v2\/types\/page"}],"author":[{"embeddable":true,"href":"https:\/\/www.upm.es\/recursosidi\/wp-json\/wp\/v2\/users\/1"}],"replies":[{"embeddable":true,"href":"https:\/\/www.upm.es\/recursosidi\/wp-json\/wp\/v2\/comments?post=11061"}],"version-history":[{"count":27,"href":"https:\/\/www.upm.es\/recursosidi\/wp-json\/wp\/v2\/pages\/11061\/revisions"}],"predecessor-version":[{"id":11618,"href":"https:\/\/www.upm.es\/recursosidi\/wp-json\/wp\/v2\/pages\/11061\/revisions\/11618"}],"wp:attachment":[{"href":"https:\/\/www.upm.es\/recursosidi\/wp-json\/wp\/v2\/media?parent=11061"}],"curies":[{"name":"wp","href":"https:\/\/api.w.org\/{rel}","templated":true}]}}