{"id":2541,"date":"2019-11-26T10:35:17","date_gmt":"2019-11-26T09:35:17","guid":{"rendered":"https:\/\/www.upm.es\/recursosidi\/?page_id=2541"},"modified":"2020-04-03T10:49:55","modified_gmt":"2020-04-03T08:49:55","slug":"events-working-day-courses","status":"publish","type":"page","link":"https:\/\/www.upm.es\/recursosidi\/en\/events-working-day-courses\/","title":{"rendered":"Events \/ Working Day \/ Courses"},"content":{"rendered":"\t\t<div data-elementor-type=\"wp-page\" data-elementor-id=\"2541\" class=\"elementor elementor-2541\">\n\t\t\t\t\t\t<section class=\"elementor-section elementor-top-section elementor-element elementor-element-73c7a06 elementor-section-stretched elementor-section-boxed elementor-section-height-default elementor-section-height-default\" data-id=\"73c7a06\" data-element_type=\"section\" data-settings=\"{&quot;stretch_section&quot;:&quot;section-stretched&quot;,&quot;background_background&quot;:&quot;classic&quot;}\">\n\t\t\t\t\t\t<div class=\"elementor-container elementor-column-gap-default\">\n\t\t\t\t\t<div class=\"elementor-column elementor-col-100 elementor-top-column elementor-element elementor-element-21f9ce02\" data-id=\"21f9ce02\" data-element_type=\"column\">\n\t\t\t<div class=\"elementor-widget-wrap elementor-element-populated\">\n\t\t\t\t\t\t<div class=\"elementor-element elementor-element-acec751 eventos-list elementor-widget elementor-widget-shortcode\" data-id=\"acec751\" data-element_type=\"widget\" data-widget_type=\"shortcode.default\">\n\t\t\t\t<div class=\"elementor-widget-container\">\n\t\t\t\t\t<div class=\"elementor-shortcode\"><ul><!--via SimplePie with RSSImport--><li><span class='fecha'>28 octubre, 2026<\/span><a target=\"__blank\" href=\"http:\/\/eventos.upm.es\/event_detail\/128481.html\" title=\"PVinMotion 2026\">PVinMotion 2026<\/a><div>Instituto de Energ\u00eda SolarDear\u00a0PVinMotion\u00a0Friends,\u00a0 PVinMotion, the world\u2019s first scientific conference dedicated to photovoltaics in mobility, will take place in the Western-Europe\u202fregion from\u00a0Octobe &#8230; <\/li><li><span class='fecha'>23 octubre, 2026<\/span><a target=\"__blank\" href=\"http:\/\/eventos.upm.es\/event_detail\/147279.html\" title=\"XVII Simposio Internacional de Actualizaciones del Entrenamiento de la Fuerza\">XVII Simposio Internacional de Actualizaciones del Entrenamiento de la Fuerza<\/a><div>Facultad de Ciencias de la Actividad F\u00edsica y del Deporte (INEF)Despu\u00e9s del \u00e9xito que tuvo la edici\u00f3n anterior del Simposio de\u00a0Fuerza, nos complace anunciaros que nos volveremos a encontrar en el\u00a0XVII &#8230; <\/li><li><span class='fecha'>26 mayo, 2026<\/span><a target=\"__blank\" href=\"http:\/\/eventos.upm.es\/event_detail\/152632.html\" title=\"Academics, Entrepreneurs, and Amphibians: Meaningful career options for technical professionals with graduate degree\">Academics, Entrepreneurs, and Amphibians: Meaningful career options for technical professionals with graduate degree<\/a><div>ETSI de Montes, Forestal y del Medio Natural, UPM, Jos\u00e9 Antonio Novais, Madrid, Espa\u00f1a\u00a0 \u00a0 ACADEMICS, ENTREPRENEURS, AND AMPHIBIANS: MEANINGFUL CAREER OPTIONS FOR TECHNICAL PROFESSIONALS WITH GRADUATE &#8230; <\/li><li><span class='fecha'>12 mayo, 2026<\/span><a target=\"__blank\" href=\"http:\/\/eventos.upm.es\/event_detail\/152913.html\" title=\"Join UPM | MSCA Postdoctoral Fellowships 2026 - Information Session\">Join UPM | MSCA Postdoctoral Fellowships 2026 &#8211; Information Session<\/a><div>Calle de Ramiro de Maeztu, 7, Moncloa &#8211; Aravaca, 28040 Madrid, Espa\u00f1aJoin UPM | Discover MSCA Postdoctoral Fellowships 2026 Online Information Session May 12, 2026 01:00 &#8211; 02:00 PM EDT Discover how to &#8230; <\/li><li><span class='fecha'>12 mayo, 2026<\/span><a target=\"__blank\" href=\"http:\/\/eventos.upm.es\/event_detail\/153236.html\" title=\"Proposal Drafting Workshop MSCA PF 2026\">Proposal Drafting Workshop MSCA PF 2026<\/a><div>Calle de Ramiro de Maeztu, 7, Moncloa &#8211; Aravaca, 28040 Madrid, Espa\u00f1aProposal Drafting Workshops MSCA-PF 2026\u00a0 Online Training Sessions\u00a0 MSCA Postdoctoral Fellowships (MSCA-PF) are open to talented re &#8230; <\/li><li><span class='fecha'>11 mayo, 2026<\/span><a target=\"__blank\" href=\"http:\/\/eventos.upm.es\/event_detail\/153396.html\" title=\"&#039;A\u00f1o Internacional de la Mujer Agricultora: el papel de la mujer en el sector\u2019\">&#039;A\u00f1o Internacional de la Mujer Agricultora: el papel de la mujer en el sector\u2019<\/a><div>12:30, Aula Magna (edificio Agr\u00f3nomos), ETS de Ingenier\u00eda Agron\u00f3mica, Alimentaria y de Biosistemas \u00a0 Enmarcado en la programaci\u00f3n de San Isidro y dentro del ciclo \u2018Seminarios: investigaci\u00f3n y empleo\u2019, &#8230; <\/li><li><span class='fecha'>7 mayo, 2026<\/span><a target=\"__blank\" href=\"http:\/\/eventos.upm.es\/event_detail\/151703.html\" title=\"Curso CPI\">Curso CPI<\/a><div>Rectorado UPM Edificio B, Paseo de Juan XXIII, Madrid, Espa\u00f1aCurso CPI: Programa de apoyo UPM a investigadores para participar en procesos de Compra P\u00fablica de Innovaci\u00f3n 7 de mayo, 10:00 A.M. Via Zoo &#8230; <\/li><li><span class='fecha'>4 mayo, 2026<\/span><a target=\"__blank\" href=\"http:\/\/eventos.upm.es\/event_detail\/152023.html\" title=\"Ciencias Sociales y Humanidades como motor de impacto en Horizonte Europa: oportunidades para la UPM\">Ciencias Sociales y Humanidades como motor de impacto en Horizonte Europa: oportunidades para la UPM<\/a><div>RectoradoCiencias Sociales y Humanidades como motor de impacto en Horizonte Europa: oportunidades para la UPM Evento solo presencial. Se requiere inscripci\u00f3n previa Rectorado UPM &#8211; Edificio B (podr\u00eda &#8230; <\/li><li><span class='fecha'>4 mayo, 2026<\/span><a target=\"__blank\" href=\"http:\/\/eventos.upm.es\/event_detail\/153264.html\" title=\"\u2018EL INGENIERO AGR\u00d3NOMO DEL ESTADO: SU TRABAJO Y ACCESO A LA PROFESI\u00d3N\u2019\">\u2018EL INGENIERO AGR\u00d3NOMO DEL ESTADO: SU TRABAJO Y ACCESO A LA PROFESI\u00d3N\u2019<\/a><div>12:30, Sal\u00f3n de Actos (edificio Agr\u00edcolas), ETS de Ingenier\u00eda Agron\u00f3mica, Alimentaria y de Biosistemas \u00a0 Nueva charla del ciclo\u00a0\u2018Seminarios: investigaci\u00f3n y empleo\u2019\u00a0de la\u00a0Escuela T\u00e9cnica Superior de I &#8230; <\/li><li><span class='fecha'>28 abril, 2026<\/span><a target=\"__blank\" href=\"http:\/\/eventos.upm.es\/event_detail\/152024.html\" title=\"Sesi\u00f3n informativa Marie Sklodowska-Curie Postdoctoral Fellowships 2026\">Sesi\u00f3n informativa Marie Sklodowska-Curie Postdoctoral Fellowships 2026<\/a><div>Online. A trav\u00e9s de la plataforma zoom\u00a0 Sesi\u00f3n informativa Marie Sklodowska-Curie Postdoctoral Fellowships 2026 28\u00a0de abril de 2026, de 14:00 a 15:30h\u00a0\u00a0 Online La convocatoria MSCA-Postdoctoral Fellow &#8230; <\/li><\/ul><div class=\"rsspaging\"><a href=\"\/recursosidi\/wp-json\/wp\/v2\/pages\/2541?rsspage=2\" class=\"rsspaging_next\" title=\"More\">Next<\/a><br style=\"clear: both\" \/><\/div><\/div>\n\t\t\t\t<\/div>\n\t\t\t\t<\/div>\n\t\t\t\t\t<\/div>\n\t\t<\/div>\n\t\t\t\t\t<\/div>\n\t\t<\/section>\n\t\t\t\t<\/div>\n\t\t","protected":false},"excerpt":{"rendered":"","protected":false},"author":1,"featured_media":3973,"parent":0,"menu_order":0,"comment_status":"closed","ping_status":"closed","template":"","meta":{"_acf_changed":false,"footnotes":""},"acf":[],"_links":{"self":[{"href":"https:\/\/www.upm.es\/recursosidi\/wp-json\/wp\/v2\/pages\/2541"}],"collection":[{"href":"https:\/\/www.upm.es\/recursosidi\/wp-json\/wp\/v2\/pages"}],"about":[{"href":"https:\/\/www.upm.es\/recursosidi\/wp-json\/wp\/v2\/types\/page"}],"author":[{"embeddable":true,"href":"https:\/\/www.upm.es\/recursosidi\/wp-json\/wp\/v2\/users\/1"}],"replies":[{"embeddable":true,"href":"https:\/\/www.upm.es\/recursosidi\/wp-json\/wp\/v2\/comments?post=2541"}],"version-history":[{"count":0,"href":"https:\/\/www.upm.es\/recursosidi\/wp-json\/wp\/v2\/pages\/2541\/revisions"}],"wp:featuredmedia":[{"embeddable":true,"href":"https:\/\/www.upm.es\/recursosidi\/wp-json\/wp\/v2\/media\/3973"}],"wp:attachment":[{"href":"https:\/\/www.upm.es\/recursosidi\/wp-json\/wp\/v2\/media?parent=2541"}],"curies":[{"name":"wp","href":"https:\/\/api.w.org\/{rel}","templated":true}]}}