{"id":4042,"date":"2020-02-20T13:06:44","date_gmt":"2020-02-20T12:06:44","guid":{"rendered":"https:\/\/www.upm.es\/recursosidi\/?page_id=4042"},"modified":"2024-05-31T11:49:00","modified_gmt":"2024-05-31T09:49:00","slug":"noticias","status":"publish","type":"page","link":"https:\/\/www.upm.es\/recursosidi\/noticias\/","title":{"rendered":"Noticias"},"content":{"rendered":"\t\t<div data-elementor-type=\"wp-page\" data-elementor-id=\"4042\" class=\"elementor elementor-4042\">\n\t\t\t\t\t\t<section class=\"elementor-section elementor-top-section elementor-element elementor-element-ea9408a elementor-section-boxed elementor-section-height-default elementor-section-height-default\" data-id=\"ea9408a\" data-element_type=\"section\">\n\t\t\t\t\t\t<div class=\"elementor-container elementor-column-gap-default\">\n\t\t\t\t\t<div class=\"elementor-column elementor-col-100 elementor-top-column elementor-element elementor-element-f433834\" data-id=\"f433834\" data-element_type=\"column\">\n\t\t\t<div class=\"elementor-widget-wrap elementor-element-populated\">\n\t\t\t\t\t\t<div class=\"elementor-element elementor-element-cafa387 noticias-list elementor-widget elementor-widget-shortcode\" data-id=\"cafa387\" data-element_type=\"widget\" data-widget_type=\"shortcode.default\">\n\t\t\t\t<div class=\"elementor-widget-container\">\n\t\t\t\t\t<div class=\"elementor-shortcode\"><ul class='wp_rss_list_'><!--via SimplePie with RSSImport--><li class='wp_rss_item'><span class='imagen'><img src='' \/><\/span><span class='fecha'>9 diciembre, 2024<\/span><a href=\"https:\/\/www.upm.es\/e-politecnica\/venta-de-abetos-upm\/?utm_source=rss&amp;utm_medium=rss&amp;utm_campaign=venta-de-abetos-upm\" title=\"Venta de abetos en la UPM\">Venta de abetos en la UPM<\/a><div class='descripcion'>Un a\u00f1o m\u00e1s, los estudiantes de la Escuela T\u00e9cnica Superior de Ingenier\u00eda de Montes, Forestal y del Medio Natural han puesto en marcha su cam &#8230; <a class='wp_rss_readmore' target='_blank' rel='noopener noreferrer' href='https:\/\/www.upm.es\/e-politecnica\/venta-de-abetos-upm\/?utm_source=rss&amp;utm_medium=rss&amp;utm_campaign=venta-de-abetos-upm'>Leer m\u00e1s<\/a><\/div><\/li><li class='wp_rss_item'><span class='imagen'><img src='' \/><\/span><span class='fecha'>23 julio, 2024<\/span><a href=\"https:\/\/www.upm.es\/e-politecnica\/xxv-encuentro-enem-en-la-upm\/?utm_source=rss&amp;utm_medium=rss&amp;utm_campaign=xxv-encuentro-enem-en-la-upm\" title=\"XXV Encuentro ENEM, en la UPM\">XXV Encuentro ENEM, en la UPM<\/a><div class='descripcion'>Del 22 al 27 de julio se celebra el Encuentro Nacional de Estudiantes de Matem\u00e1ticas, que por segunda vez en su historia tiene lugar en Madr &#8230; <a class='wp_rss_readmore' target='_blank' rel='noopener noreferrer' href='https:\/\/www.upm.es\/e-politecnica\/xxv-encuentro-enem-en-la-upm\/?utm_source=rss&amp;utm_medium=rss&amp;utm_campaign=xxv-encuentro-enem-en-la-upm'>Leer m\u00e1s<\/a><\/div><\/li><li class='wp_rss_item'><span class='imagen'><img src='' \/><\/span><span class='fecha'>10 julio, 2024<\/span><a href=\"https:\/\/www.upm.es\/e-politecnica\/comienza-el-plazo-de-matricula-en-la-upm\/?utm_source=rss&amp;utm_medium=rss&amp;utm_campaign=comienza-el-plazo-de-matricula-en-la-upm\" title=\"Comienza el plazo de matr\u00edcula en la UPM\">Comienza el plazo de matr\u00edcula en la UPM<\/a><div class='descripcion'>El 12 de julio se abre el primer periodo de matriculaci\u00f3n en la Universidad Polit\u00e9cnica de Madrid para aquellos estudiantes de grado de nuev &#8230; <a class='wp_rss_readmore' target='_blank' rel='noopener noreferrer' href='https:\/\/www.upm.es\/e-politecnica\/comienza-el-plazo-de-matricula-en-la-upm\/?utm_source=rss&amp;utm_medium=rss&amp;utm_campaign=comienza-el-plazo-de-matricula-en-la-upm'>Leer m\u00e1s<\/a><\/div><\/li><li class='wp_rss_item'><span class='imagen'><img src='' \/><\/span><span class='fecha'>3 julio, 2024<\/span><a href=\"https:\/\/www.upm.es\/e-politecnica\/ampliado-el-plazo-para-cumplimentar-las-encuestas-de-satisfaccion-de-estudiantes-de-master-y-doctorado\/?utm_source=rss&amp;utm_medium=rss&amp;utm_campaign=ampliado-el-plazo-para-cumplimentar-las-encuestas-de-satisfaccion-de-estudiantes-de-master-y-doctorado\" title=\"Ampliado el plazo de las encuestas de satisfacci\u00f3n de estudiantes de m\u00e1ster y doctorado\">Ampliado el plazo de las encuestas de satisfacci\u00f3n de estudiantes de m\u00e1ster y doctorado<\/a><div class='descripcion'>3.07.24 Hasta el pr\u00f3ximo 15 de julio podr\u00e1s completar estas encuestas. Tu opini\u00f3n es importante para mejorar la ense\u00f1anza en la Universidad &#8230; <a class='wp_rss_readmore' target='_blank' rel='noopener noreferrer' href='https:\/\/www.upm.es\/e-politecnica\/ampliado-el-plazo-para-cumplimentar-las-encuestas-de-satisfaccion-de-estudiantes-de-master-y-doctorado\/?utm_source=rss&amp;utm_medium=rss&amp;utm_campaign=ampliado-el-plazo-para-cumplimentar-las-encuestas-de-satisfaccion-de-estudiantes-de-master-y-doctorado'>Leer m\u00e1s<\/a><\/div><\/li><li class='wp_rss_item'><span class='imagen'><img src='' \/><\/span><span class='fecha'>30 mayo, 2024<\/span><a href=\"https:\/\/www.upm.es\/e-politecnica\/la-evau-en-la-upm\/?utm_source=rss&amp;utm_medium=rss&amp;utm_campaign=la-evau-en-la-upm\" title=\"La EvAU en la UPM\">La EvAU en la UPM<\/a><div class='descripcion'>Tendr\u00e1 lugar los d\u00edas 3, 4, 5 y 6 de junio. Este a\u00f1o se examinar\u00e1n 1.488 estudiantes en un \u00fanico tribunal con Sede en la ETSI Caminos, Canal &#8230; <a class='wp_rss_readmore' target='_blank' rel='noopener noreferrer' href='https:\/\/www.upm.es\/e-politecnica\/la-evau-en-la-upm\/?utm_source=rss&amp;utm_medium=rss&amp;utm_campaign=la-evau-en-la-upm'>Leer m\u00e1s<\/a><\/div><\/li><li class='wp_rss_item'><span class='imagen'><img src='' \/><\/span><span class='fecha'>19 abril, 2024<\/span><a href=\"https:\/\/www.upm.es\/e-politecnica\/llega-una-nueva-edicion-de-tesis-en-3-minutos\/?utm_source=rss&amp;utm_medium=rss&amp;utm_campaign=llega-una-nueva-edicion-de-tesis-en-3-minutos\" title=\"Llega una nueva edici\u00f3n de \u2018Tesis en 3 minutos\u2019\">Llega una nueva edici\u00f3n de \u2018Tesis en 3 minutos\u2019<\/a><div class='descripcion'>Tras exponer su tesis en un v\u00eddeo de un m\u00e1ximo de 3 minutos, los estudiantes de doctorado de la UPM que resulten ganadores participar\u00e1n en l &#8230; <a class='wp_rss_readmore' target='_blank' rel='noopener noreferrer' href='https:\/\/www.upm.es\/e-politecnica\/llega-una-nueva-edicion-de-tesis-en-3-minutos\/?utm_source=rss&amp;utm_medium=rss&amp;utm_campaign=llega-una-nueva-edicion-de-tesis-en-3-minutos'>Leer m\u00e1s<\/a><\/div><\/li><li class='wp_rss_item'><span class='imagen'><img src='' \/><\/span><span class='fecha'>19 abril, 2024<\/span><a href=\"https:\/\/www.upm.es\/e-politecnica\/regresa-la-campana-tourmedulauniversidad-a-la-upm\/?utm_source=rss&amp;utm_medium=rss&amp;utm_campaign=regresa-la-campana-tourmedulauniversidad-a-la-upm\" title=\"Regresa la campa\u00f1a Tour M\u00e9dula Universidad a la UPM\">Regresa la campa\u00f1a Tour M\u00e9dula Universidad a la UPM<\/a><div class='descripcion'>La pr\u00f3xima semana se celebra la segunda fase de la campa\u00f1a de donaci\u00f3n de m\u00e9dula del curso 2023\/24, con cinco nuevas citas en los campus de &#8230; <a class='wp_rss_readmore' target='_blank' rel='noopener noreferrer' href='https:\/\/www.upm.es\/e-politecnica\/regresa-la-campana-tourmedulauniversidad-a-la-upm\/?utm_source=rss&amp;utm_medium=rss&amp;utm_campaign=regresa-la-campana-tourmedulauniversidad-a-la-upm'>Leer m\u00e1s<\/a><\/div><\/li><li class='wp_rss_item'><span class='imagen'><img src='' \/><\/span><span class='fecha'>5 abril, 2024<\/span><a href=\"https:\/\/www.upm.es\/e-politecnica\/xxxvii-edicion-de-la-semana-universitaria-del-vino-en-la-upm\/?utm_source=rss&amp;utm_medium=rss&amp;utm_campaign=xxxvii-edicion-de-la-semana-universitaria-del-vino-en-la-upm\" title=\"XXXVII Edici\u00f3n de la Semana Universitaria del Vino en la UPM\">XXXVII Edici\u00f3n de la Semana Universitaria del Vino en la UPM<\/a><div class='descripcion'>Entre el 15 y el 20 de abril, la comunidad universitaria podr\u00e1 participar en diferentes catas y conferencias con el objetivo de ampliar sus &#8230; <a class='wp_rss_readmore' target='_blank' rel='noopener noreferrer' href='https:\/\/www.upm.es\/e-politecnica\/xxxvii-edicion-de-la-semana-universitaria-del-vino-en-la-upm\/?utm_source=rss&amp;utm_medium=rss&amp;utm_campaign=xxxvii-edicion-de-la-semana-universitaria-del-vino-en-la-upm'>Leer m\u00e1s<\/a><\/div><\/li><li class='wp_rss_item'><span class='imagen'><img src='' \/><\/span><span class='fecha'>2 abril, 2024<\/span><a href=\"https:\/\/www.upm.es\/e-politecnica\/taller-de-diseno-de-campanas-creativas-y-activismo-social-para-estudiantado-de-la-upm\/?utm_source=rss&amp;utm_medium=rss&amp;utm_campaign=taller-de-diseno-de-campanas-creativas-y-activismo-social-para-estudiantado-de-la-upm\" title=\"Taller de dise\u00f1o de campa\u00f1as creativas y activismo social para estudiantado de la UPM\">Taller de dise\u00f1o de campa\u00f1as creativas y activismo social para estudiantado de la UPM<\/a><div class='descripcion'>El curso se divide en tres sesiones y se dirige al alumnado interesado en profundizar en la realizaci\u00f3n de campa\u00f1as de sensibilizaci\u00f3n sobre &#8230; <a class='wp_rss_readmore' target='_blank' rel='noopener noreferrer' href='https:\/\/www.upm.es\/e-politecnica\/taller-de-diseno-de-campanas-creativas-y-activismo-social-para-estudiantado-de-la-upm\/?utm_source=rss&amp;utm_medium=rss&amp;utm_campaign=taller-de-diseno-de-campanas-creativas-y-activismo-social-para-estudiantado-de-la-upm'>Leer m\u00e1s<\/a><\/div><\/li><\/ul><div class=\"rsspaging\"><a href=\"\/recursosidi\/wp-json\/wp\/v2\/pages\/4042?rsspage=2\" class=\"rsspaging_next\" title=\"more items\">Siguiente &raquo;<\/a><br style=\"clear: both\" \/><\/div><\/div>\n\t\t\t\t<\/div>\n\t\t\t\t<\/div>\n\t\t\t\t\t<\/div>\n\t\t<\/div>\n\t\t\t\t\t<\/div>\n\t\t<\/section>\n\t\t\t\t<\/div>\n\t\t","protected":false},"excerpt":{"rendered":"","protected":false},"author":1,"featured_media":3973,"parent":0,"menu_order":0,"comment_status":"closed","ping_status":"closed","template":"","meta":{"_acf_changed":false,"footnotes":""},"acf":[],"_links":{"self":[{"href":"https:\/\/www.upm.es\/recursosidi\/wp-json\/wp\/v2\/pages\/4042"}],"collection":[{"href":"https:\/\/www.upm.es\/recursosidi\/wp-json\/wp\/v2\/pages"}],"about":[{"href":"https:\/\/www.upm.es\/recursosidi\/wp-json\/wp\/v2\/types\/page"}],"author":[{"embeddable":true,"href":"https:\/\/www.upm.es\/recursosidi\/wp-json\/wp\/v2\/users\/1"}],"replies":[{"embeddable":true,"href":"https:\/\/www.upm.es\/recursosidi\/wp-json\/wp\/v2\/comments?post=4042"}],"version-history":[{"count":9,"href":"https:\/\/www.upm.es\/recursosidi\/wp-json\/wp\/v2\/pages\/4042\/revisions"}],"predecessor-version":[{"id":12344,"href":"https:\/\/www.upm.es\/recursosidi\/wp-json\/wp\/v2\/pages\/4042\/revisions\/12344"}],"wp:featuredmedia":[{"embeddable":true,"href":"https:\/\/www.upm.es\/recursosidi\/wp-json\/wp\/v2\/media\/3973"}],"wp:attachment":[{"href":"https:\/\/www.upm.es\/recursosidi\/wp-json\/wp\/v2\/media?parent=4042"}],"curies":[{"name":"wp","href":"https:\/\/api.w.org\/{rel}","templated":true}]}}