{"id":4217,"date":"2020-03-30T14:17:13","date_gmt":"2020-03-30T12:17:13","guid":{"rendered":"https:\/\/www.upm.es\/recursosidi\/?page_id=4217"},"modified":"2020-04-14T10:17:59","modified_gmt":"2020-04-14T08:17:59","slug":"covid-19","status":"publish","type":"page","link":"https:\/\/www.upm.es\/recursosidi\/covid-19\/","title":{"rendered":"COVID-19"},"content":{"rendered":"<div class=\"caldera-grid\" id=\"caldera_form_1\" data-cf-ver=\"1.9.6\" data-cf-form-id=\"CF5e81dcceb523e\"><div id=\"caldera_notices_1\" data-spinner=\"https:\/\/www.upm.es\/recursosidi\/area-privada\/images\/spinner.gif\"><\/div><form data-instance=\"1\" class=\"CF5e81dcceb523e caldera_forms_form cfajax-trigger\" method=\"POST\" enctype=\"multipart\/form-data\" id=\"CF5e81dcceb523e_1\" data-form-id=\"CF5e81dcceb523e\" aria-label=\"UPM Ayuda\" data-target=\"#caldera_notices_1\" data-template=\"#cfajax_CF5e81dcceb523e-tmpl\" data-cfajax=\"CF5e81dcceb523e\" data-load-element=\"_parent\" data-load-class=\"cf_processing\" data-post-disable=\"0\" data-action=\"cf_process_ajax_submit\" data-request=\"https:\/\/www.upm.es\/recursosidi\/cf-api\/CF5e81dcceb523e\" data-hiderows=\"true\">\r\n<input type=\"hidden\" id=\"_cf_verify_CF5e81dcceb523e\" name=\"_cf_verify\" value=\"c131039be3\"  data-nonce-time=\"1777069740\" \/><input type=\"hidden\" name=\"_wp_http_referer\" value=\"\/recursosidi\/wp-json\/wp\/v2\/pages\/4217\" \/><div id=\"cf2-CF5e81dcceb523e_1\"><\/div><input type=\"hidden\" name=\"_cf_frm_id\" value=\"CF5e81dcceb523e\">\r\n<input type=\"hidden\" name=\"_cf_frm_ct\" value=\"1\">\r\n<input type=\"hidden\" name=\"cfajax\" value=\"CF5e81dcceb523e\">\r\n<input type=\"hidden\" name=\"_cf_cr_pst\" value=\"4217\">\r\n<div class=\"hide\" style=\"display:none; overflow:hidden;height:0;width:0;\">\r\n<label>Company<\/label><input type=\"text\" name=\"company\" value=\"\" autocomplete=\"off\">\r\n<\/div><div id=\"CF5e81dcceb523e_1-row-1\"  class=\"row  first_row\"><div  class=\"col-sm-12  single\"><div class=\"\"><h2>UPM Ayuda<\/h2>\n<p>La Universidad Polit\u00e9cnica de Madrid pone en marcha esta plataforma  desarrollada para recoger demandas de tecnolog\u00edas por parte de terceros con el fin de que la UPM pueda responder a las preguntas planteadas en relaci\u00f3n a la crisis de COVID-19. <\/p>\n<hr>\n<\/div><\/div><\/div><div id=\"CF5e81dcceb523e_1-row-2\"  class=\"row \"><div  class=\"col-sm-3  first_col\"><div data-field-wrapper=\"fld_8768091\" class=\"form-group\" id=\"fld_8768091_1-wrap\">\r\n\t<label id=\"fld_8768091Label\" for=\"fld_8768091_1\" class=\"control-label\">Nombre de la entidad <span aria-hidden=\"true\" role=\"presentation\" class=\"field_required\" style=\"color:#ee0000;\">*<\/span><\/label>\r\n\t<div class=\"\">\r\n\t\t<input   required type=\"text\" data-field=\"fld_8768091\" class=\" form-control\" id=\"fld_8768091_1\" name=\"fld_8768091\" value=\"\" data-type=\"text\" aria-required=\"true\"   aria-labelledby=\"fld_8768091Label\" >\t\t\t<\/div>\r\n<\/div>\r\n<\/div><div  class=\"col-sm-3 \"><div data-field-wrapper=\"fld_9970286\" class=\"form-group\" id=\"fld_9970286_1-wrap\">\r\n\t<label id=\"fld_9970286Label\" for=\"fld_9970286_1\" class=\"control-label\">Sector<\/label>\r\n\t<div class=\"\">\r\n\t\t<input    type=\"text\" data-field=\"fld_9970286\" class=\" form-control\" id=\"fld_9970286_1\" name=\"fld_9970286\" value=\"\" data-type=\"text\"   aria-labelledby=\"fld_9970286Label\" >\t\t\t<\/div>\r\n<\/div>\r\n<\/div><div  class=\"col-sm-3 \"><div data-field-wrapper=\"fld_5841300\" class=\"form-group\" id=\"fld_5841300_1-wrap\">\r\n\t<label id=\"fld_5841300Label\" for=\"fld_5841300_1\" class=\"control-label\">Cargo<\/label>\r\n\t<div class=\"\">\r\n\t\t<input    type=\"text\" data-field=\"fld_5841300\" class=\" form-control\" id=\"fld_5841300_1\" name=\"fld_5841300\" value=\"\" data-type=\"text\"   aria-labelledby=\"fld_5841300Label\" >\t\t\t<\/div>\r\n<\/div>\r\n<\/div><div  class=\"col-sm-3  last_col\"><div data-field-wrapper=\"fld_9743396\" class=\"form-group\" id=\"fld_9743396_1-wrap\">\r\n\t<label id=\"fld_9743396Label\" for=\"fld_9743396_1\" class=\"control-label\">C\u00f3digo postal<\/label>\r\n\t<div class=\"\">\r\n\t\t<input    type=\"number\" data-field=\"fld_9743396\" class=\" form-control\" id=\"fld_9743396_1\" name=\"fld_9743396\" value=\"\" data-type=\"number\" data-parsley-type=\"number\"   aria-labelledby=\"fld_9743396Label\" >\t\t\t<\/div>\r\n<\/div>\r\n<\/div><\/div><div id=\"CF5e81dcceb523e_1-row-3\"  class=\"row \"><div  class=\"col-sm-4  first_col\"><div data-field-wrapper=\"fld_513867\" class=\"form-group\" id=\"fld_513867_1-wrap\">\r\n\t<label id=\"fld_513867Label\" for=\"fld_513867_1\" class=\"control-label\">Persona de contacto <span aria-hidden=\"true\" role=\"presentation\" class=\"field_required\" style=\"color:#ee0000;\">*<\/span><\/label>\r\n\t<div class=\"\">\r\n\t\t<input   required type=\"text\" data-field=\"fld_513867\" class=\" form-control\" id=\"fld_513867_1\" name=\"fld_513867\" value=\"\" data-type=\"text\" aria-required=\"true\"   aria-labelledby=\"fld_513867Label\" >\t\t\t<\/div>\r\n<\/div>\r\n<\/div><div  class=\"col-sm-4 \"><div data-field-wrapper=\"fld_6009157\" class=\"form-group\" id=\"fld_6009157_1-wrap\">\r\n\t<label id=\"fld_6009157Label\" for=\"fld_6009157_1\" class=\"control-label\">Direcci\u00f3n de correo electr\u00f3nico <span aria-hidden=\"true\" role=\"presentation\" class=\"field_required\" style=\"color:#ee0000;\">*<\/span><\/label>\r\n\t<div class=\"\">\r\n\t\t<input   required type=\"email\" data-field=\"fld_6009157\" class=\" form-control\" id=\"fld_6009157_1\" name=\"fld_6009157\" value=\"\" data-type=\"email\" aria-required=\"true\"   aria-labelledby=\"fld_6009157Label\" >\t\t\t<\/div>\r\n<\/div>\r\n<\/div><div  class=\"col-sm-4  last_col\"><div data-field-wrapper=\"fld_9602356\" class=\"form-group\" id=\"fld_9602356_1-wrap\">\r\n\t<label id=\"fld_9602356Label\" for=\"fld_9602356_1\" class=\"control-label\">Tel\u00e9fono de contacto<\/label>\r\n\t<div class=\"\">\r\n\t\t<input  data-inputmask=\"'mask': '999 99 99 99'\"   type=\"phone\" data-field=\"fld_9602356\" class=\" form-control\" id=\"fld_9602356_1\" name=\"fld_9602356\" value=\"\" data-type=\"phone\"   aria-labelledby=\"fld_9602356Label\" >\t\t\t<\/div>\r\n<\/div>\r\n<\/div><\/div><div id=\"CF5e81dcceb523e_1-row-4\"  class=\"row \"><div  class=\"col-sm-12  single\"><div data-field-wrapper=\"fld_316964\" class=\"form-group\" id=\"fld_316964_1-wrap\">\r\n\t<label id=\"fld_316964Label\" for=\"fld_316964_1\" class=\"control-label\">\u00c1rea <span aria-hidden=\"true\" role=\"presentation\" class=\"field_required\" style=\"color:#ee0000;\">*<\/span><\/label>\r\n\t<div class=\"\">\r\n\t\t<select name=\"fld_316964\" value=\"\" data-field=\"fld_316964\" class=\"form-control\" id=\"fld_316964_1\"  required=\"required\"  aria-labelledby=\"fld_316964Label\" >\n\t\t<option value=\"\"><\/option>\r\n\t\t\t\t\t<option value=\"Biomedicina y Biotecnolog\u00eda\"  data-calc-value=\"Biomedicina y Biotecnolog\u00eda\" >\n\t\t\t\t\t\tBiomedicina y Biotecnolog\u00eda\t\t\t\t\t<\/option>\n\t\t\t\t\t\t\t\t\t\t<option value=\"Ciencia e ingenier\u00eda de datos, Inteligencia Artificial\"  data-calc-value=\"Ciencia e ingenier\u00eda de datos, Inteligencia Artificial\" >\n\t\t\t\t\t\tCiencia e ingenier\u00eda de datos, Inteligencia Artificial\t\t\t\t\t<\/option>\n\t\t\t\t\t\t\t\t\t\t<option value=\"Ingenier\u00eda Biom\u00e9dica\"  data-calc-value=\"Ingenier\u00eda Biom\u00e9dica\" >\n\t\t\t\t\t\tIngenier\u00eda Biom\u00e9dica\t\t\t\t\t<\/option>\n\t\t\t\t\t\t\t\t\t\t<option value=\"Ingenier\u00eda de Materiales\"  data-calc-value=\"Ingenier\u00eda de Materiales\" >\n\t\t\t\t\t\tIngenier\u00eda de Materiales\t\t\t\t\t<\/option>\n\t\t\t\t\t\t\t\t\t\t<option value=\"Ingenier\u00eda Industrial\"  data-calc-value=\"Ingenier\u00eda Industrial\" >\n\t\t\t\t\t\tIngenier\u00eda Industrial\t\t\t\t\t<\/option>\n\t\t\t\t\t\t\t\t\t\t<option value=\"Ingenier\u00eda Inform\u00e1tica\"  data-calc-value=\"Ingenier\u00eda Inform\u00e1tica\" >\n\t\t\t\t\t\tIngenier\u00eda Inform\u00e1tica\t\t\t\t\t<\/option>\n\t\t\t\t\t\t\t\t\t\t<option value=\"Ingenier\u00eda Qu\u00edmica\"  data-calc-value=\"Ingenier\u00eda Qu\u00edmica\" >\n\t\t\t\t\t\tIngenier\u00eda Qu\u00edmica\t\t\t\t\t<\/option>\n\t\t\t\t\t\t\t\t\t\t<option value=\"Ingenier\u00eda de Telecomunicaci\u00f3n\"  data-calc-value=\"Ingenier\u00eda de Telecomunicaci\u00f3n\" >\n\t\t\t\t\t\tIngenier\u00eda de Telecomunicaci\u00f3n\t\t\t\t\t<\/option>\n\t\t\t\t\t\t\t\t\t\t<option value=\"Sensorizaci\u00f3n y Electr\u00f3nica\"  data-calc-value=\"Sensorizaci\u00f3n y Electr\u00f3nica\" >\n\t\t\t\t\t\tSensorizaci\u00f3n y Electr\u00f3nica\t\t\t\t\t<\/option>\n\t\t\t\t\t\t\t\t\t\t<option value=\"Tecnolog\u00edas para la Salud\"  data-calc-value=\"Tecnolog\u00edas para la Salud\" >\n\t\t\t\t\t\tTecnolog\u00edas para la Salud\t\t\t\t\t<\/option>\n\t\t\t\t\t\t\t\t\t\t<option value=\"Otras\"  data-calc-value=\"Otras\" >\n\t\t\t\t\t\tOtras\t\t\t\t\t<\/option>\n\t\t\t\t\t\t\t<\/select>\n\t\t\t<\/div>\r\n<\/div>\r\n<div data-field-wrapper=\"fld_7683514\" class=\"form-group\" id=\"fld_7683514_1-wrap\">\r\n\t<label id=\"fld_7683514Label\" for=\"fld_7683514_1\" class=\"control-label\">Descripci\u00f3n de la demanda <span aria-hidden=\"true\" role=\"presentation\" class=\"field_required\" style=\"color:#ee0000;\">*<\/span><\/label>\r\n\t<div class=\"\">\r\n\t\t<textarea name=\"fld_7683514\" value=\"\" data-field=\"fld_7683514\" class=\"form-control\" id=\"fld_7683514_1\" rows=\"7\"  required=\"required\"  aria-labelledby=\"fld_7683514Label\" ><\/textarea>\n\t\t\t<\/div>\r\n<\/div>\r\n<div data-field-wrapper=\"fld_6591789\" class=\"form-group\" id=\"fld_6591789_1-wrap\">\r\n\t<label id=\"fld_6591789Label\" for=\"fld_6591789_1\" class=\"control-label\">Si conoce alguna iniciativa\/investigador de UPM que pueda estar relacionado con la demanda ponga su nombre<\/label>\r\n\t<div class=\"\">\r\n\t\t<input    type=\"text\" data-field=\"fld_6591789\" class=\" form-control\" id=\"fld_6591789_1\" name=\"fld_6591789\" value=\"\" data-type=\"text\"   aria-labelledby=\"fld_6591789Label\" >\t\t\t<\/div>\r\n<\/div>\r\n<\/div><\/div><div id=\"CF5e81dcceb523e_1-row-5\"  class=\"row \"><div  class=\"col-sm-12  single\"><div data-field-wrapper=\"fld_8186706\" class=\"form-group\" id=\"fld_8186706_1-wrap\">\r\n\t<label id=\"fld_8186706Label\" for=\"fld_8186706_1\" class=\"control-label screen-reader-text sr-only\">He le\u00eddo y acepto la Pol\u00edtica de protecci\u00f3n de datos<\/label>\r\n\t<div class=\"\">\r\n\t\t\t\t\t\t\t\t\t\t\t<div class=\"checkbox\">\n\t\t\t\t\n                <label                         for=\"fld_8186706_1_opt2046659\"\n                >\n                            <input\n                                data-parsley-required=\"true\" data-parsley-group=\"fld_8186706_1\" data-parsley-multiple=\"fld_8186706_1\"                                type=\"checkbox\"\n                                data-label=\"He le\u00eddo y acepto la Pol\u00edtica de protecci\u00f3n de datos\"\n                                data-field=\"fld_8186706\"\n                                id=\"fld_8186706_1_opt2046659\"\n                                class=\"fld_8186706_1 option-required\"\n                                name=\"fld_8186706[opt2046659]\"\n                                value=\"He le\u00eddo y acepto la Pol\u00edtica de protecci\u00f3n de datos\"\n                                                                data-type=\"checkbox\"\n                                data-checkbox-field=\"fld_8186706_1\"\n                                                                data-calc-value=\"He le\u00eddo y acepto la Pol\u00edtica de protecci\u00f3n de datos\"\n                            >\n                    He le\u00eddo y acepto la Pol\u00edtica de protecci\u00f3n de datos                <\/label>\n\n                \t\t\t\t\t<\/div>\n\t\t\t\t\t\t\t\t\t\t\t<\/div>\r\n<\/div>\r\n<div class=\"\"><p><small>He sido informado y consiento que mis datos personales sean tratados, como responsable de dicho tratamiento, por la Universidad Polit\u00e9cnica de Madrid, cumpliendo con los principios establecidos en el Reglamento (UE) 2016\/679, relativo a la protecci\u00f3n de las personas f\u00edsicas en lo que respecta al tratamiento de datos personales y a la libre circulaci\u00f3n de estos datos.<br \/>\nLa finalidad del tratamiento consiste en* gestionar mi participaci\u00f3n en la plataforma desarrollada para recoger demandas de tecnolog\u00edas por parte de terceros con el fin de que la UPM pueda responder a las preguntas planteadas en relaci\u00f3n a la crisis de COVID-19.  La base jur\u00eddica que legitima este tratamiento de datos consiste fundamentalmente en el consentimiento que otorgo a la UPM para que realice el mismo.<br \/>\nMis datos se conservar\u00e1n durante el tiempo necesario para cumplir con la finalidad para la que se recabaron y para determinar las posibles responsabilidades que se pudieran derivar de dicha finalidad y del tratamiento de los datos, adem\u00e1s de los periodos establecidos en la normativa de archivos y documentaci\u00f3n.<br \/>\nMis datos podr\u00e1n ser comunicados y compartirse por las empresas, profesionales y otras entidades que participen en la plataforma.<br \/>\nTambi\u00e9n se me ha informado de que puedo acceder, rectificar y suprimir los datos, as\u00ed como ejercer otros derechos, enviando mi solicitud a la direcci\u00f3n: C\/Ramiro de Maeztu n\u00ba7. 28040 Madrid o en el correo electr\u00f3nico <span rel=\"70311a30b23110319c313e31bc313931a9313a31ab311e316f314431a3312b31a9311b31b9312b31c1312a31ab3123319f313b31a7311730c3312f319e311c30a4313831\" class=\"cryptex \" style=\"\"><span class=\"CryptexImg ctx-ZogQX8MxbZa084ccQ_SyERfykBTvQNiA4EfIcGDCOg\"><\/span><\/span> con copia a <span rel=\"70311a30af311d31a8314031bc312831ab313131b1312b316f3132319b313131a231293186312c31c831303178312531a931\" class=\"cryptex \" style=\"\"><span class=\"CryptexImg ctxtQkQjR5_HpW-OVze3T7VWlFnudeQejy8tbErtO8ISDk\"><\/span><\/span><br \/>\nDispongo de la informaci\u00f3n completa sobre este tratamiento en <a href=\"\/recursosidi\/informacion-adicional-sobre-proteccion-datos\/\" target=\"_blank\">Informaci\u00f3n adicional sobre protecci\u00f3n de datos<\/a>.<br \/>\n<br \/>\n<\/small><\/p>\n<\/div><\/div><\/div><div id=\"CF5e81dcceb523e_1-row-6\"  class=\"row  last_row\"><div  class=\"col-sm-2  first_col\"><div data-field-wrapper=\"fld_7908577\" class=\"form-group\" id=\"fld_7908577_1-wrap\">\r\n<div class=\"\">\r\n\t<input  class=\"btn btn-default\" type=\"submit\" name=\"fld_7908577\" id=\"fld_7908577_1\" value=\"Enviar Mensaje\" data-field=\"fld_7908577\"  >\n<\/div>\r\n<\/div>\r\n\t<input class=\"button_trigger_1\" type=\"hidden\" name=\"fld_7908577\" id=\"fld_7908577_1_btn\" value=\"\" data-field=\"fld_7908577\"  \/>\n<\/div><div  class=\"col-sm-10  last_col\"><\/div><\/div><\/form>\r\n<\/div>\r\n\n","protected":false},"excerpt":{"rendered":"","protected":false},"author":1,"featured_media":4261,"parent":0,"menu_order":0,"comment_status":"closed","ping_status":"closed","template":"","meta":{"_acf_changed":false,"footnotes":""},"acf":[],"_links":{"self":[{"href":"https:\/\/www.upm.es\/recursosidi\/wp-json\/wp\/v2\/pages\/4217"}],"collection":[{"href":"https:\/\/www.upm.es\/recursosidi\/wp-json\/wp\/v2\/pages"}],"about":[{"href":"https:\/\/www.upm.es\/recursosidi\/wp-json\/wp\/v2\/types\/page"}],"author":[{"embeddable":true,"href":"https:\/\/www.upm.es\/recursosidi\/wp-json\/wp\/v2\/users\/1"}],"replies":[{"embeddable":true,"href":"https:\/\/www.upm.es\/recursosidi\/wp-json\/wp\/v2\/comments?post=4217"}],"version-history":[{"count":0,"href":"https:\/\/www.upm.es\/recursosidi\/wp-json\/wp\/v2\/pages\/4217\/revisions"}],"wp:featuredmedia":[{"embeddable":true,"href":"https:\/\/www.upm.es\/recursosidi\/wp-json\/wp\/v2\/media\/4261"}],"wp:attachment":[{"href":"https:\/\/www.upm.es\/recursosidi\/wp-json\/wp\/v2\/media?parent=4217"}],"curies":[{"name":"wp","href":"https:\/\/api.w.org\/{rel}","templated":true}]}}