{"id":10199,"date":"2022-07-27T12:25:45","date_gmt":"2022-07-27T10:25:45","guid":{"rendered":"https:\/\/www.upm.es\/recursosidi\/offers-resources\/sin categor\u00eda\/analisis-del-ciclo-de-vida-huella-de-carbono-de-producto-y-huella-de-carbono-corporativa\/"},"modified":"2022-07-27T12:25:51","modified_gmt":"2022-07-27T10:25:51","slug":"analisis-del-ciclo-de-vida-huella-de-carbono-de-producto-y-huella-de-carbono-corporativa","status":"publish","type":"product","link":"https:\/\/www.upm.es\/recursosidi\/offers-resources\/servicios-cientifico-tecnologico\/servicios-servicios-cientifico-tecnologico\/analisis-del-ciclo-de-vida-huella-de-carbono-de-producto-y-huella-de-carbono-corporativa\/","title":{"rendered":"An\u00e1lisis del Ciclo de Vida, Huella de Carbono de Producto y Huella de Carbono Corporativa"},"content":{"rendered":"<h2>M&eacute;tricas para la sostenibilidad<\/h2>\n<h4>An&aacute;lisis del Ciclo de Vida, Huella de Carbono de Producto y Huella de Carbono de Organizaci&oacute;n&nbsp;<!--  tarifado --><\/h4>\n<p>El An&aacute;lisis del Ciclo de Vida, la Huella de Carbono de Producto y la Huella de Carbono de Organizaci&oacute;n son herramientas complementarias para el desarrollo de m&eacute;tricas de sostenibilidad. Estos servicios permiten poner a la naturaleza en el centro de nuestras decisiones a la vez que se generan ventajas competitivas para la compra p&uacute;blica, justificaci&oacute;n de nuevos patrones de producci&oacute;n o la comunicaci&oacute;n con rigor de una estrategia de responsabilidad social y ambiental.<\/p>\n<p>La participaci&oacute;n de la Universidad Polit&eacute;cnica de Madrid garantiza que en estos servicios se aplicar&aacute;n los &uacute;ltimos avances cient&iacute;ficos y metodol&oacute;gicos. As&iacute;, los resultados permitir&aacute;n llegar a una profunda comprensi&oacute;n de los impactos ambientales del sistema objeto de estudio.<\/p>\n<hr \/>\n<h4>Descripci&oacute;n de los servicios que se ofrecen <!-- y tarifas --><\/h4>\n<p>La cuantificaci&oacute;n de la huella de carbono es clave para el desarrollo de acciones de reducci&oacute;n y final compensaci&oacute;n. Para ello, en funci&oacute;n del objeto de estudio, se seguir&aacute;n los est&aacute;ndares de m&aacute;s reciente aprobaci&oacute;n:<\/p>\n<ul>\n<li><strong><span style=\"text-decoration: underline\">An&aacute;lisis de Ciclo de Vida <\/span><\/strong>mediante el uso de Sofware OpenLCA y\/o Simapro con bases de datos de la Comisi&oacute;n Europea ( ELCD Database) o Ecoinvent 3.8. Se aplica las normas ISO 14040 y 14044 y espec&iacute;ficas Reglas de Categor&iacute;a de Producto de manera que se pueda lograr la certificaci&oacute;n de la Declaraci&oacute;n Ambiental del Producto (ISO 14025). En funci&oacute;n del objetivo y alcance se definen los l&iacute;mites del sistema y la metodolog&iacute;a de caracterizaci&oacute;n de impactos.<\/li>\n<li><span style=\"text-decoration: underline\"><strong>Huella de Carbono de Producto<\/strong><\/span> en aplicaci&oacute;n de la ISO 14067 de Huella de Carbono de Producto. Se seguir&aacute; la misma metodolog&iacute;a anteriormente descrita centrando la evaluaci&oacute;n de impactos en la categor&iacute;a de cambio clim&aacute;tico. Para ello emplear&aacute;n las bases de datos m&aacute;s actualizadas que aportan una mejor representatividad al estudio. Como innovaci&oacute;n se podr&aacute;n emplear factores derivados del an&aacute;lisis multirregional input-output para una mejor caracterizaci&oacute;n de la cadena de valor.<\/li>\n<li><span style=\"text-decoration: underline\"><strong>Huella de Carbono de Organizaci&oacute;n<\/strong><\/span> en aplicaci&oacute;n de la ISO 14064 (su recomendaci&oacute;n ISO 14069) y la futura ISO 14068 de Neutralidad Clim&aacute;tica. Se realizar&aacute; un an&aacute;lisis de los 3 alcances de huella de carbono (ahora categor&iacute;as) que generar&aacute; como producto desde el informe de inscripci&oacute;n en el Registro de Huella de Carbono del Ministerios hasta la respuesta completa a las Memoria de Sostenibilidad del GRI (Serie 305) y el cuestionario del CDP.&nbsp;<\/li>\n<\/ul>\n<hr \/>\n<h4>Necesidades demandadas y aplicaciones<\/h4>\n<p>El servicio cubre la necesidad de aportar una informaci&oacute;n rigurosa ante el aumento de indicadores y contenidos a ser elaborados en tanto memorias de sostenibilidad como reportes de informaci&oacute;n no financiera de productos y organizaciones. Igualmente se pretende dar capacidad a las empresas para generar informaci&oacute;n contaminantes atmosf&eacute;ricos que pueda ser empleada en procesos de verificaci&oacute;n de productos y organizaciones que quieran solicitar sellos de calidad ambiental.&nbsp;<\/p>\n<hr \/>\n<h4>Competencias diferenciales<\/h4>\n<p>El Equipo Huella de Carbono UPM lo integran profesores e investigadores de la Universidad Polit&eacute;cnica de Madrid (UPM) con gran conocimiento sobre cambio clim&aacute;tico y Huella de Carbono. El Equipo viene desarrollando desde el a&ntilde;o 2010 diversos estudios y actividades de sostenibilidad ambiental con m&uacute;ltiples perspectivas. Desde el origen, la actividad se ha desarrollado asumiendo los valores de responsabilidad, calidad y compromiso.<\/p>\n<hr \/>\n<h4>Referencias previas de prestaci&oacute;n<\/h4>\n<p>Los servicios de Huella de Carbono han sido desarrollados en diferentes &aacute;mbitos tanto p&uacute;blicos como privados. Los profesionales egresados se encuentran aportando valora en grandes empresas como Banco Santander, T&eacute;cnicas Reunidas, Prosegur, Bluewolf, Elecnor, Ineco, Tragsa, Agresta Coop., entre otros. Dado el car&aacute;cter investigador del equipo, muchos de los trabajos realizados se encuentran publicados en revistas de investigaci&oacute;n cuando la parte contratante ha permitido la difusi&oacute;n de los resultados.&nbsp;<\/p>\n<hr \/>\n<h4>Solicitud del servicio<\/h4>\n<p>El servicio se puede solicitar contactando mediante correo electr&oacute;nico con la direcci&oacute;n gen&eacute;rica del Equipo Huella de Carbono. <a href=\"mailto:<span rel=\"65312a30af311631a331363186312331bf310e31ae313631ac311b31ba310f31aa313a31a5312731a2313431a9313231ba312631b931263180310b31c531\" class=\"cryptex \" style=\"\"><span class=\"CryptexImg ctxiQluw8XTnGEG3RNLcgGnkxEd9AzyMGryT1dlpo7wwY4\"><\/span><\/span>\"><span rel=\"65312a30af311631a331363186312331bf310e31ae313631ac311b31ba310f31aa313a31a5312731a2313431a9313231ba312631b931263180310b31c531\" class=\"cryptex \" style=\"\"><span class=\"CryptexImg ctxiQluw8XTnGEG3RNLcgGnkxEd9AzyMGryT1dlpo7wwY4\"><\/span><\/span><\/a><\/p>\n<div class=\"pdfprnt-buttons pdfprnt-buttons-product pdfprnt-bottom-left\"><a href=\"https:\/\/www.upm.es\/recursosidi\/wp-json\/wp\/v2\/product\/10199?print=pdf\" class=\"pdfprnt-button pdfprnt-button-pdf\" target=\"_blank\"><span class=\"pdfprnt-button-title pdfprnt-button-pdf-title\">Descargar ficha<\/span><\/a><\/div>","protected":false},"excerpt":{"rendered":"<p>Se realizan estudios de An\u00e1lisis de Ciclo de Vida, Huella de Carbono de Producto y Huella de Carbono de Organizaci\u00f3n en alcances 1,2 y 3 mediante t\u00e9cnicas convencionales bottom-up (An\u00e1lisis de Procesos) y t\u00e9cnicas no convencionales: top-down (An\u00e1lisis Input-Output e Imagen Satelital).<\/p>\n","protected":false},"featured_media":10198,"template":"","meta":{"_acf_changed":false},"product_cat":[2395],"product_tag":[2850,4500,2553,4498,4499],"comunidades-upm":[],"quien":[],"mapa":[{"term_id":133,"name":"Clima, Energ\u00eda y Movilidad","slug":"clima-energia-movilidad","term_group":0,"term_taxonomy_id":133,"taxonomy":"mapa","description":"","parent":0,"count":129,"filter":"raw","term_order":"9"}],"disponibilidad":[{"term_id":205,"name":"Consultar disponibilidad","slug":"consultar","term_group":0,"term_taxonomy_id":205,"taxonomy":"disponibilidad","description":"","parent":0,"count":290,"filter":"raw","term_order":"0"}],"donde":[{"term_id":3816,"name":"Advanced Geomatics Applications","slug":"en_advanced-geomatics-applications","term_group":0,"term_taxonomy_id":3816,"taxonomy":"donde","description":"","parent":0,"count":3,"filter":"raw","term_order":"0"},{"term_id":3815,"name":"Aplicaciones Geom\u00e1ticas Avanzadas","slug":"aplicaciones-geomaticas-avanzadas","term_group":0,"term_taxonomy_id":3815,"taxonomy":"donde","description":"","parent":0,"count":4,"filter":"raw","term_order":"0"}],"infraestructura":[],"ods":[{"term_id":2231,"name":"Acci\u00f3n por el Clima","slug":"accion-por-el-clima","term_group":0,"term_taxonomy_id":2231,"taxonomy":"ods","description":"","parent":0,"count":67,"filter":"raw","term_order":"0"}],"origen":[{"term_id":196,"name":"Infraestructuras, Instalaci\u00f3n, Equipo","slug":"infraestructuras","term_group":0,"term_taxonomy_id":196,"taxonomy":"origen","description":"","parent":0,"count":180,"filter":"raw","term_order":"0"}],"familia_tax":false,"quien_tax":false,"donde_tax":false,"year":"2019-01-01","contacto":"Escuela de Ingenieros de Caminos, Canales y Puertos. Ciudad Universitaria. 28050 Madrid","telefono":"910674253","pagina_web":"http:\/\/www.huelladecarbonomontes.es\/","email":"info@huelladecarbonomontes.es","id_ficha_portal":"353","video":"","adjuntos":false,"adjuntos_portal":"","inf":false,"departamento":"","acf":[],"lang":"es","translation":{"es":10199,"en":10201},"_links":{"self":[{"href":"https:\/\/www.upm.es\/recursosidi\/wp-json\/wp\/v2\/product\/10199"}],"collection":[{"href":"https:\/\/www.upm.es\/recursosidi\/wp-json\/wp\/v2\/product"}],"about":[{"href":"https:\/\/www.upm.es\/recursosidi\/wp-json\/wp\/v2\/types\/product"}],"wp:featuredmedia":[{"embeddable":true,"href":"https:\/\/www.upm.es\/recursosidi\/wp-json\/wp\/v2\/media\/10198"}],"wp:attachment":[{"href":"https:\/\/www.upm.es\/recursosidi\/wp-json\/wp\/v2\/media?parent=10199"}],"wp:term":[{"taxonomy":"product_cat","embeddable":true,"href":"https:\/\/www.upm.es\/recursosidi\/wp-json\/wp\/v2\/product_cat?post=10199"},{"taxonomy":"product_tag","embeddable":true,"href":"https:\/\/www.upm.es\/recursosidi\/wp-json\/wp\/v2\/product_tag?post=10199"},{"taxonomy":"comunidad_upm","embeddable":true,"href":"https:\/\/www.upm.es\/recursosidi\/wp-json\/wp\/v2\/comunidades-upm?post=10199"},{"taxonomy":"quien","embeddable":true,"href":"https:\/\/www.upm.es\/recursosidi\/wp-json\/wp\/v2\/quien?post=10199"},{"taxonomy":"mapa","embeddable":true,"href":"https:\/\/www.upm.es\/recursosidi\/wp-json\/wp\/v2\/mapa?post=10199"},{"taxonomy":"disponibilidad","embeddable":true,"href":"https:\/\/www.upm.es\/recursosidi\/wp-json\/wp\/v2\/disponibilidad?post=10199"},{"taxonomy":"donde","embeddable":true,"href":"https:\/\/www.upm.es\/recursosidi\/wp-json\/wp\/v2\/donde?post=10199"},{"taxonomy":"infraestructura","embeddable":true,"href":"https:\/\/www.upm.es\/recursosidi\/wp-json\/wp\/v2\/infraestructura?post=10199"},{"taxonomy":"ods","embeddable":true,"href":"https:\/\/www.upm.es\/recursosidi\/wp-json\/wp\/v2\/ods?post=10199"},{"taxonomy":"origen","embeddable":true,"href":"https:\/\/www.upm.es\/recursosidi\/wp-json\/wp\/v2\/origen?post=10199"}],"curies":[{"name":"wp","href":"https:\/\/api.w.org\/{rel}","templated":true}]}}