{"id":10219,"date":"2022-07-27T12:27:08","date_gmt":"2022-07-27T10:27:08","guid":{"rendered":"https:\/\/www.upm.es\/recursosidi\/offers-resources\/sin categor\u00eda\/nanomaterial-profiling-using-dls\/"},"modified":"2022-07-27T12:27:10","modified_gmt":"2022-07-27T10:27:10","slug":"nanomaterial-profiling-using-dls","status":"publish","type":"product","link":"https:\/\/www.upm.es\/recursosidi\/en\/offers-resources\/technological-scientific-services\/services-technological-scientific-services\/nanomaterial-profiling-using-dls\/","title":{"rendered":"Nanomaterial profiling using DLS"},"content":{"rendered":"<p \/>\n<h4>Description of the services offered<br \/>\n                <!-- y tarifas --><br \/>\n            <\/h4>\n<p>Nanomaterial profiling using Dynamic Light Scattering (DLS) The service includes basic training on using the apparatus.<br \/>\n                <!-- Recuerda que estas tarifas ser\u00e1n las oficiales aprobadas en Consejo de Direcci\u00f3n y Consejo Social. -->\n            <\/p>\n<hr \/>\n<h4>Needs requested and applications<\/h4>\n<p>Measurement of the size, concentration and surface load of nanomaterials scattered in colloidal solutions. These materials are being used for diagnostic therapies in ophthalmologic and systemic diseases, and also for hyperthermia anti-tumour therapies based on optical and magnetic nanoparticles. Studies on nanoparticle biofunctionalisation, screening and in-vitro detection.<\/p>\n<hr \/>\n<h4>Sector or area of application<\/h4>\n<p>Health, Biomedicine, Renewable Energy, Materials.<\/p>\n<hr \/>\n<h4>Differential skills<\/h4>\n<p>High resolution particle size measurement. Measurement of very small samples (3 microlitres). Simultaneous measurement of size and Zeta potential. Includes autotitrator to measure the pH effect. The equipment is easy to handle and has a hugely intuitive user interface. Support and training from technical and scientific staff.<\/p>\n<hr \/>\n<h4>Equipment description<\/h4>\n<p>Concentration, hydrodynamic diameter and Zeta potential of colloidal dilutions measuring equipment.<\/p>\n<hr \/>\n<h4>Request for service<\/h4>\n<p>Send a request by e-mail, containing a memorandum including a summary of the aims of the research, the experiment design, the estimated equipment usage time, the desired time line, justification of the user\u00bfs skills, and justification of obtaining the necessary financial resources to carry out the experiment. The memorandum should be accompanied by approval from an Ethics Committee officer, in the event that this is necessary.<br \/>The feasibility of the requests and their organisational timing will be assessed by a commission chaired by the TC service scientific officer, Miguel Holgado Bola\u00f1os, head of the Photonic and Biophotonic Optics Group (GOFB) at the Biomedical Technology Centre (BTC).<\/p>\n<div class=\"pdfprnt-buttons pdfprnt-buttons-product pdfprnt-bottom-left\"><a href=\"https:\/\/www.upm.es\/recursosidi\/wp-json\/wp\/v2\/product\/10219?print=pdf\" class=\"pdfprnt-button pdfprnt-button-pdf\" target=\"_blank\"><span class=\"pdfprnt-button-title pdfprnt-button-pdf-title\">Descargar ficha<\/span><\/a><\/div>","protected":false},"excerpt":{"rendered":"<p>Nanomaterial profiling using Dynamic Light Scattering (DLS) The service includes basic training on using the apparatus.<\/p>\n","protected":false},"featured_media":10217,"template":"","meta":{"_acf_changed":false},"product_cat":[2403],"product_tag":[4633,7531,6299,7533],"comunidades-upm":[],"quien":[],"mapa":[{"term_id":76,"name":"Bioeconomy, Biotechnology and Food Systems","slug":"bioeconomy-biotechnology-food_systems","term_group":0,"term_taxonomy_id":76,"taxonomy":"mapa","description":"","parent":0,"count":24,"filter":"raw","term_order":"5"},{"term_id":2407,"name":"Science For Engineering and Architecture","slug":"science-for-engineering-and-architecture","term_group":0,"term_taxonomy_id":2407,"taxonomy":"mapa","description":"","parent":0,"count":34,"filter":"raw","term_order":"8"}],"disponibilidad":[{"term_id":205,"name":"Consultar disponibilidad","slug":"consultar","term_group":0,"term_taxonomy_id":205,"taxonomy":"disponibilidad","description":"","parent":0,"count":290,"filter":"raw","term_order":"0"}],"donde":[{"term_id":1780,"name":"Center for Biomedical Technology","slug":"en_center-for-biomedical-technology","term_group":0,"term_taxonomy_id":1780,"taxonomy":"donde","description":"","parent":0,"count":56,"filter":"raw","term_order":"0"},{"term_id":556,"name":"Centro de Tecnolog\u00eda Biom\u00e9dica (CTB)","slug":"centro-de-tecnologia-biomedica-ctb","term_group":0,"term_taxonomy_id":556,"taxonomy":"donde","description":"","parent":0,"count":84,"filter":"raw","term_order":"0"}],"infraestructura":[],"ods":[{"term_id":2249,"name":"Industry, Innovation and Infrastructure","slug":"industry-innovation-and-infrastructure","term_group":0,"term_taxonomy_id":2249,"taxonomy":"ods","description":"","parent":0,"count":129,"filter":"raw","term_order":"0"},{"term_id":2269,"name":"Quality Education","slug":"quality-education","term_group":0,"term_taxonomy_id":2269,"taxonomy":"ods","description":"","parent":0,"count":13,"filter":"raw","term_order":"0"}],"origen":[{"term_id":196,"name":"Infraestructuras, Instalaci\u00f3n, Equipo","slug":"infraestructuras","term_group":0,"term_taxonomy_id":196,"taxonomy":"origen","description":"","parent":0,"count":180,"filter":"raw","term_order":"0"}],"familia_tax":false,"quien_tax":false,"donde_tax":false,"year":"2022-01-01","contacto":"Centro de Tecnolog\u00eda Biom\u00e9dica (CTB) Campus Montegancedo de la Universidad Polit\u00e9cnica de Madrid Crta. M-40, Km 38 28223 Pozuelo de Alarc\u00f3n","telefono":"910679312","pagina_web":"https:\/\/www.ctb.upm.es\/","email":"direccion.ctb@ctb.upm.es","id_ficha_portal":"359","video":"","adjuntos":false,"adjuntos_portal":"","inf":false,"departamento":"","acf":[],"lang":"en","translation":{"en":10219,"es":10216},"_links":{"self":[{"href":"https:\/\/www.upm.es\/recursosidi\/wp-json\/wp\/v2\/product\/10219"}],"collection":[{"href":"https:\/\/www.upm.es\/recursosidi\/wp-json\/wp\/v2\/product"}],"about":[{"href":"https:\/\/www.upm.es\/recursosidi\/wp-json\/wp\/v2\/types\/product"}],"wp:featuredmedia":[{"embeddable":true,"href":"https:\/\/www.upm.es\/recursosidi\/wp-json\/wp\/v2\/media\/10217"}],"wp:attachment":[{"href":"https:\/\/www.upm.es\/recursosidi\/wp-json\/wp\/v2\/media?parent=10219"}],"wp:term":[{"taxonomy":"product_cat","embeddable":true,"href":"https:\/\/www.upm.es\/recursosidi\/wp-json\/wp\/v2\/product_cat?post=10219"},{"taxonomy":"product_tag","embeddable":true,"href":"https:\/\/www.upm.es\/recursosidi\/wp-json\/wp\/v2\/product_tag?post=10219"},{"taxonomy":"comunidad_upm","embeddable":true,"href":"https:\/\/www.upm.es\/recursosidi\/wp-json\/wp\/v2\/comunidades-upm?post=10219"},{"taxonomy":"quien","embeddable":true,"href":"https:\/\/www.upm.es\/recursosidi\/wp-json\/wp\/v2\/quien?post=10219"},{"taxonomy":"mapa","embeddable":true,"href":"https:\/\/www.upm.es\/recursosidi\/wp-json\/wp\/v2\/mapa?post=10219"},{"taxonomy":"disponibilidad","embeddable":true,"href":"https:\/\/www.upm.es\/recursosidi\/wp-json\/wp\/v2\/disponibilidad?post=10219"},{"taxonomy":"donde","embeddable":true,"href":"https:\/\/www.upm.es\/recursosidi\/wp-json\/wp\/v2\/donde?post=10219"},{"taxonomy":"infraestructura","embeddable":true,"href":"https:\/\/www.upm.es\/recursosidi\/wp-json\/wp\/v2\/infraestructura?post=10219"},{"taxonomy":"ods","embeddable":true,"href":"https:\/\/www.upm.es\/recursosidi\/wp-json\/wp\/v2\/ods?post=10219"},{"taxonomy":"origen","embeddable":true,"href":"https:\/\/www.upm.es\/recursosidi\/wp-json\/wp\/v2\/origen?post=10219"}],"curies":[{"name":"wp","href":"https:\/\/api.w.org\/{rel}","templated":true}]}}