{"id":10227,"date":"2022-07-27T12:27:41","date_gmt":"2022-07-27T10:27:41","guid":{"rendered":"https:\/\/www.upm.es\/recursosidi\/offers-resources\/sin categor\u00eda\/deposito-de-micro-volumenes-mediante-cnc\/"},"modified":"2022-07-27T12:27:47","modified_gmt":"2022-07-27T10:27:47","slug":"deposito-de-micro-volumenes-mediante-cnc","status":"publish","type":"product","link":"https:\/\/www.upm.es\/recursosidi\/offers-resources\/servicios-cientifico-tecnologico\/servicios-servicios-cientifico-tecnologico\/deposito-de-micro-volumenes-mediante-cnc\/","title":{"rendered":"DEP\u00d3SITO DE MICRO-VOL\u00daMENES MEDIANTE CNC"},"content":{"rendered":"<h2>Servicios cient&iacute;fico &#8211; tecnol&oacute;gicos<\/h2>\n<h4>Dep&oacute;sito de micro-vol&uacute;menes mediante CNC<!--  tarifado --><\/h4>\n<p>KEYWORDS: micro volumen, control num&eacute;rico, robot, incubaci&oacute;n, dep&oacute;sito, pipeteo<\/p>\n<hr \/>\n<h4>Descripci&oacute;n de los servicios que se ofrecen <!-- y tarifas --><\/h4>\n<p>Sistema automatizado de dispensado de gotas de manera cuantitativa y sin contacto que permite la repetibilidad en el pipetado de kits de detecci&oacute;n sin contaminaci&oacute;n entre muestras dentro de una atm&oacute;sfera controlada en humedad y temperatura.<\/p>\n<p>Se controla a trav&eacute;s del programa Link2020 que utiliza el software AxSys a trav&eacute;s de ordenador.<!-- Recuerda que estas tarifas ser\u00e1n las oficiales aprobadas en Consejo de Direcci\u00f3n y Consejo Social. --><\/p>\n<hr \/>\n<h4>Necesidades demandadas y aplicaciones<\/h4>\n<p>La falta de reactivos o los costes elevados de muchas prote&iacute;nas y anticuerpos hace necesario el dep&oacute;sito de muestras micro-volum&eacute;tricas. El robot BioDot permite el pipeteado cuantitativo de dichas muestras, as&iacute; como el control del posicionamiento d&oacute;nde se depositan.&nbsp;<\/p>\n<hr \/>\n<h4>Sector o &aacute;rea de aplicaci&oacute;n<\/h4>\n<p>An&aacute;lisis cl&iacute;nico, laboratorios bioqu&iacute;micos<\/p>\n<hr \/>\n<h4>Descripci&oacute;n del equipamiento<\/h4>\n<p>El robot de la casa comercial BioDot tiene las siguientes caracter&iacute;sticas t&eacute;cnicas:<br \/>&bull; &nbsp; &nbsp;Gasificador: S&iacute;.<br \/>&bull; &nbsp; &nbsp;Bomba de vac&iacute;o acoplada: S&iacute;<br \/>&bull; &nbsp; &nbsp;Rango de volumen de gota: de nanolitros a mililitros.<br \/>&bull; &nbsp; &nbsp;Control de humedad y temperatura: S&iacute;.<br \/>&bull; &nbsp; &nbsp;Humidificador: S&iacute;.<br \/>&bull; &nbsp; &nbsp;N&uacute;mero de puntas: 1.<br \/>&bull; &nbsp; &nbsp;Placa de P96: S&iacute;.<br \/>&bull; &nbsp; &nbsp;Capacidad de jeringa: 250 mL.<\/p>\n<hr \/>\n<h4>Solicitud del servicio<\/h4>\n<p>Contactar v&iacute;a mail indicando en el asunto &ldquo;PRESTACI&Oacute;N DE SERVICIO&rdquo; y en el cuerpo del e-mail el servicio del que se trata y una descripci&oacute;n aproximada de lo que se quiere realizar y tiempo necesario.&nbsp;<br \/>Mails de contacto: <span rel=\"6b312030a6312a31a53128316f313631bf311231ba310630b3312e31a9312631a7310730b2311531be31\" class=\"cryptex \" style=\"\"><span class=\"CryptexImg ctxZ5zl9HoVnZNEqzBxjsG0JnLi0uIUNxOYBTvRE3cwReE\"><\/span><\/span> o <span rel=\"6b3120309f312131b3313131b6310330c3310d31c6312e31ad312e31a9312f31a4312c318f311b31c131153164311331a631\" class=\"cryptex \" style=\"\"><span class=\"CryptexImg ctxRF8ZoT4XTy1M2NiT3l6jBlSkihRczS9MpsP31WotjE4\"><\/span><\/span><\/p>\n<hr \/>\n<div class=\"pdfprnt-buttons pdfprnt-buttons-product pdfprnt-bottom-left\"><a href=\"https:\/\/www.upm.es\/recursosidi\/wp-json\/wp\/v2\/product\/10227?print=pdf\" class=\"pdfprnt-button pdfprnt-button-pdf\" target=\"_blank\"><span class=\"pdfprnt-button-title pdfprnt-button-pdf-title\">Descargar ficha<\/span><\/a><\/div>","protected":false},"excerpt":{"rendered":"<p>Dep\u00f3sito de gotas micro-volum\u00e9tricas mediante un robot de control num\u00e9rico. <\/p>\n","protected":false},"featured_media":10224,"template":"","meta":{"_acf_changed":false},"product_cat":[2395],"product_tag":[3453,3456,3455,3452,3457,3454],"comunidades-upm":[],"quien":[],"mapa":[{"term_id":137,"name":"Bioeconom\u00eda, Biotecnolog\u00eda y Sistemas Alimentarios","slug":"bioeconomia-biotecnologia-sistemas_alimentarios","term_group":0,"term_taxonomy_id":137,"taxonomy":"mapa","description":"","parent":0,"count":45,"filter":"raw","term_order":"6"},{"term_id":135,"name":"Industria, materiales y econom\u00eda circular","slug":"industria-materiales-economia_circular","term_group":0,"term_taxonomy_id":135,"taxonomy":"mapa","description":"","parent":0,"count":165,"filter":"raw","term_order":"13"},{"term_id":122,"name":"Salud y bienestar","slug":"salud-y-bienestar","term_group":0,"term_taxonomy_id":122,"taxonomy":"mapa","description":"","parent":0,"count":105,"filter":"raw","term_order":"17"}],"disponibilidad":[{"term_id":204,"name":"Disponible","slug":"disponible","term_group":0,"term_taxonomy_id":204,"taxonomy":"disponibilidad","description":"","parent":0,"count":110,"filter":"raw","term_order":"0"}],"donde":[{"term_id":1780,"name":"Center for Biomedical Technology","slug":"en_center-for-biomedical-technology","term_group":0,"term_taxonomy_id":1780,"taxonomy":"donde","description":"","parent":0,"count":56,"filter":"raw","term_order":"0"},{"term_id":556,"name":"Centro de Tecnolog\u00eda Biom\u00e9dica (CTB)","slug":"centro-de-tecnologia-biomedica-ctb","term_group":0,"term_taxonomy_id":556,"taxonomy":"donde","description":"","parent":0,"count":84,"filter":"raw","term_order":"0"},{"term_id":652,"name":"Grupo de \u00d3ptica F\u00f3tonica y Biofot\u00f3nica (GOFB)","slug":"grupo-de-optica-fotonica-y-biofotonica-gofb","term_group":0,"term_taxonomy_id":652,"taxonomy":"donde","description":"Nuestro objetivo principal es investigar y desarrollar sistemas &oacute;pticos y fot&oacute;nicos para aplicaciones biol&oacute;gicas y opto-qu&iacute;micas como puedan ser sistemas <em>Point-of-Care <\/em>para diagn&oacute;stico <em>In-Vitro<\/em>, sistemas para an&aacute;lisis y diagn&oacute;stico el l&iacute;quidos, chips y micro-chips para sistemas de detecci&oacute;n y para aplicaciones <em>body-on-a-chip.<\/em> Para alcanzar este objetivo nos centramos en diversas &aacute;reas de investigaci&oacute;n:\n&nbsp;\n\nSimulaci&oacute;n de estructuras micro y nano fot&oacute;nicas\nMicro-nano fabricaci&oacute;n de transductores&nbsp; en chips y biochips\nCaracterizaci&oacute;n &oacute;ptica avanzada de transductores\nDesarrollo de sistemas &oacute;ptica avanzados\nMicro y nano flu&iacute;dica\nFuncionalizaci&oacute;n y biofuncionalizaci&oacute;n de superficies\nInmunoensayos y bioqu&iacute;mica\n","parent":0,"count":15,"filter":"raw","term_order":"0"},{"term_id":1872,"name":"Photonic and Biophotonic Optics Group (GOFB)","slug":"en_photonic-and-biophotonic-optics-group-gofb","term_group":0,"term_taxonomy_id":1872,"taxonomy":"donde","description":"Nuestro objetivo principal es investigar y desarrollar sistemas &oacute;pticos y fot&oacute;nicos para aplicaciones biol&oacute;gicas y opto-qu&iacute;micas como puedan ser sistemas <em>Point-of-Care <\/em>para diagn&oacute;stico <em>In-Vitro<\/em>, sistemas para an&aacute;lisis y diagn&oacute;stico el l&iacute;quidos, chips y micro-chips para sistemas de detecci&oacute;n y para aplicaciones <em>body-on-a-chip.<\/em> Para alcanzar este objetivo nos centramos en diversas &aacute;reas de investigaci&oacute;n:\n&nbsp;\n\nSimulaci&oacute;n de estructuras micro y nano fot&oacute;nicas\nMicro-nano fabricaci&oacute;n de transductores&nbsp; en chips y biochips\nCaracterizaci&oacute;n &oacute;ptica avanzada de transductores\nDesarrollo de sistemas &oacute;ptica avanzados\nMicro y nano flu&iacute;dica\nFuncionalizaci&oacute;n y biofuncionalizaci&oacute;n de superficies\nInmunoensayos y bioqu&iacute;mica\n","parent":0,"count":12,"filter":"raw","term_order":"0"}],"infraestructura":[],"ods":[{"term_id":2247,"name":"Industria, Innovaci\u00f3n e Infraestructura","slug":"industria-innovacion-e-infraestructura","term_group":0,"term_taxonomy_id":2247,"taxonomy":"ods","description":"","parent":0,"count":171,"filter":"raw","term_order":"0"},{"term_id":2235,"name":"Producci\u00f3n y Consumo Responsables","slug":"produccion-y-consumo-responsables","term_group":0,"term_taxonomy_id":2235,"taxonomy":"ods","description":"","parent":0,"count":18,"filter":"raw","term_order":"0"},{"term_id":2271,"name":"Salud y Bienestar","slug":"salud-y-bienestar","term_group":0,"term_taxonomy_id":2271,"taxonomy":"ods","description":"","parent":0,"count":59,"filter":"raw","term_order":"0"}],"origen":[{"term_id":196,"name":"Infraestructuras, Instalaci\u00f3n, Equipo","slug":"infraestructuras","term_group":0,"term_taxonomy_id":196,"taxonomy":"origen","description":"","parent":0,"count":180,"filter":"raw","term_order":"0"}],"familia_tax":false,"quien_tax":false,"donde_tax":false,"year":"2021-01-01","contacto":"Centro Tecnolog\u00eda Biom\u00e9dica\r\nCampus Montegancedo de la Universidad Polit\u00e9cnica de Madrid\r\nCrta. M-40, Km 38\r\n28223 Pozuelo de Alarc\u00f3n","telefono":"910679312","pagina_web":"http:\/\/gofb-upm.es\/scientific-and-technological-services\/","email":"info.gofb@gmail.com","id_ficha_portal":"274","video":"","adjuntos":false,"adjuntos_portal":"","inf":false,"departamento":"","acf":[],"lang":"es","translation":{"es":10227,"en":10231},"_links":{"self":[{"href":"https:\/\/www.upm.es\/recursosidi\/wp-json\/wp\/v2\/product\/10227"}],"collection":[{"href":"https:\/\/www.upm.es\/recursosidi\/wp-json\/wp\/v2\/product"}],"about":[{"href":"https:\/\/www.upm.es\/recursosidi\/wp-json\/wp\/v2\/types\/product"}],"wp:featuredmedia":[{"embeddable":true,"href":"https:\/\/www.upm.es\/recursosidi\/wp-json\/wp\/v2\/media\/10224"}],"wp:attachment":[{"href":"https:\/\/www.upm.es\/recursosidi\/wp-json\/wp\/v2\/media?parent=10227"}],"wp:term":[{"taxonomy":"product_cat","embeddable":true,"href":"https:\/\/www.upm.es\/recursosidi\/wp-json\/wp\/v2\/product_cat?post=10227"},{"taxonomy":"product_tag","embeddable":true,"href":"https:\/\/www.upm.es\/recursosidi\/wp-json\/wp\/v2\/product_tag?post=10227"},{"taxonomy":"comunidad_upm","embeddable":true,"href":"https:\/\/www.upm.es\/recursosidi\/wp-json\/wp\/v2\/comunidades-upm?post=10227"},{"taxonomy":"quien","embeddable":true,"href":"https:\/\/www.upm.es\/recursosidi\/wp-json\/wp\/v2\/quien?post=10227"},{"taxonomy":"mapa","embeddable":true,"href":"https:\/\/www.upm.es\/recursosidi\/wp-json\/wp\/v2\/mapa?post=10227"},{"taxonomy":"disponibilidad","embeddable":true,"href":"https:\/\/www.upm.es\/recursosidi\/wp-json\/wp\/v2\/disponibilidad?post=10227"},{"taxonomy":"donde","embeddable":true,"href":"https:\/\/www.upm.es\/recursosidi\/wp-json\/wp\/v2\/donde?post=10227"},{"taxonomy":"infraestructura","embeddable":true,"href":"https:\/\/www.upm.es\/recursosidi\/wp-json\/wp\/v2\/infraestructura?post=10227"},{"taxonomy":"ods","embeddable":true,"href":"https:\/\/www.upm.es\/recursosidi\/wp-json\/wp\/v2\/ods?post=10227"},{"taxonomy":"origen","embeddable":true,"href":"https:\/\/www.upm.es\/recursosidi\/wp-json\/wp\/v2\/origen?post=10227"}],"curies":[{"name":"wp","href":"https:\/\/api.w.org\/{rel}","templated":true}]}}