{"id":10231,"date":"2022-07-27T12:27:45","date_gmt":"2022-07-27T10:27:45","guid":{"rendered":"https:\/\/www.upm.es\/recursosidi\/offers-resources\/sin categor\u00eda\/micro-volume-deposit-using-cnc\/"},"modified":"2022-07-27T12:27:47","modified_gmt":"2022-07-27T10:27:47","slug":"micro-volume-deposit-using-cnc","status":"publish","type":"product","link":"https:\/\/www.upm.es\/recursosidi\/en\/offers-resources\/technological-scientific-services\/services-technological-scientific-services\/micro-volume-deposit-using-cnc\/","title":{"rendered":"MICRO-VOLUME DEPOSIT USING CNC"},"content":{"rendered":"<h2>Scientific and technology services<\/h2>\n<h4>Micro-volume deposit using CNC<br \/>\n                <!--  tarifado --><br \/>\n            <\/h4>\n<p>KEY WORDS: micro-volume, numerical control, robot, incubation, deposit, pipetting<\/p>\n<hr \/>\n<h4>Description of the services offered<br \/>\n                <!-- y tarifas --><br \/>\n            <\/h4>\n<p>Quantitative, contactless, automated drip dispenser system which allows repeatability in detection kit pipetting with no contamination between samples with a humidity and temperature-controlled atmosphere.<\/p>\n<p>It is controlled using the Link2020 program which uses AcSys software on a computer.<br \/>\n                <!-- Recuerda que estas tarifas ser\u00e1n las oficiales aprobadas en Consejo de Direcci\u00f3n y Consejo Social. -->\n            <\/p>\n<hr \/>\n<h4>Needs requested and applications<\/h4>\n<p>The lack of reagents, or the high costs, of may proteins and antibodies make the deposit of micro-volumetric samples necessary. The BioDot robot enables quantitative pipetting of these samples, and control of the position they are deposited in.<\/p>\n<hr \/>\n<h4>Sector or area of application<\/h4>\n<p>Clinical analysis, biochemical laboratories<\/p>\n<hr \/>\n<h4>Equipment description<\/h4>\n<p>The BioDot trading house robot has the following technical features:<br \/>\u00bf Gasifier: Yes.<br \/>\u00bf Coupled vacuum pump: Yes<br \/>\u00bf Drip volume range: from nanolitres to millilitres.<br \/>\u00bf Humidity and temperature control: Yes.<br \/>\u00bf Humidifier: Yes.<br \/>\u00bf Number of heads: 1.<br \/>\u00bf P96 panel: Yes.<br \/>\u00bf Syringe capacity: 250 ml.<\/p>\n<hr \/>\n<h4>Request for service<\/h4>\n<p>Contact by e-mail, putting \u00bfPROVISION OF SERVICE\u00bf in the subject, and the service in question with an approximate description of what is required and the time line in the body of the e-mail. <br \/>Contact e-mails: <span rel=\"61313830a2311f31bb3118315f310f31c6312431ac3103319e31343197312f31b23124309b313831b431\" class=\"cryptex \" style=\"\"><span class=\"CryptexImg ctxZ5zl9HoVnZNEqzBxjsG0JnLi0uIUNxOYBTvRE3cwReE\"><\/span><\/span> or <span rel=\"613138309b311631c9312131a6312a30ca311f31b83137319831343197313831af310f3178313e31b7313b3182313431a431\" class=\"cryptex \" style=\"\"><span class=\"CryptexImg ctxRF8ZoT4XTy1M2NiT3l6jBlSkihRczS9MpsP31WotjE4\"><\/span><\/span><\/p>\n<hr \/>\n<div class=\"pdfprnt-buttons pdfprnt-buttons-product pdfprnt-bottom-left\"><a href=\"https:\/\/www.upm.es\/recursosidi\/wp-json\/wp\/v2\/product\/10231?print=pdf\" class=\"pdfprnt-button pdfprnt-button-pdf\" target=\"_blank\"><span class=\"pdfprnt-button-title pdfprnt-button-pdf-title\">Descargar ficha<\/span><\/a><\/div>","protected":false},"excerpt":{"rendered":"<p>Micro-volumetric drip deposit using a numerical control robot<\/p>\n","protected":false},"featured_media":10228,"template":"","meta":{"_acf_changed":false},"product_cat":[2403],"product_tag":[7556,7554,7549,7551,7558,3454],"comunidades-upm":[],"quien":[],"mapa":[{"term_id":76,"name":"Bioeconomy, Biotechnology and Food Systems","slug":"bioeconomy-biotechnology-food_systems","term_group":0,"term_taxonomy_id":76,"taxonomy":"mapa","description":"","parent":0,"count":24,"filter":"raw","term_order":"5"},{"term_id":38,"name":"Health and Wellbeing","slug":"health-and-wellbeing","term_group":0,"term_taxonomy_id":38,"taxonomy":"mapa","description":"","parent":0,"count":51,"filter":"raw","term_order":"18"},{"term_id":75,"name":"Industry, Materials and Circular Economy","slug":"industry-materials-circular_economy","term_group":0,"term_taxonomy_id":75,"taxonomy":"mapa","description":"","parent":0,"count":87,"filter":"raw","term_order":"14"}],"disponibilidad":[{"term_id":204,"name":"Disponible","slug":"disponible","term_group":0,"term_taxonomy_id":204,"taxonomy":"disponibilidad","description":"","parent":0,"count":110,"filter":"raw","term_order":"0"}],"donde":[{"term_id":1780,"name":"Center for Biomedical Technology","slug":"en_center-for-biomedical-technology","term_group":0,"term_taxonomy_id":1780,"taxonomy":"donde","description":"","parent":0,"count":56,"filter":"raw","term_order":"0"},{"term_id":556,"name":"Centro de Tecnolog\u00eda Biom\u00e9dica (CTB)","slug":"centro-de-tecnologia-biomedica-ctb","term_group":0,"term_taxonomy_id":556,"taxonomy":"donde","description":"","parent":0,"count":84,"filter":"raw","term_order":"0"},{"term_id":652,"name":"Grupo de \u00d3ptica F\u00f3tonica y Biofot\u00f3nica (GOFB)","slug":"grupo-de-optica-fotonica-y-biofotonica-gofb","term_group":0,"term_taxonomy_id":652,"taxonomy":"donde","description":"Nuestro objetivo principal es investigar y desarrollar sistemas &oacute;pticos y fot&oacute;nicos para aplicaciones biol&oacute;gicas y opto-qu&iacute;micas como puedan ser sistemas <em>Point-of-Care <\/em>para diagn&oacute;stico <em>In-Vitro<\/em>, sistemas para an&aacute;lisis y diagn&oacute;stico el l&iacute;quidos, chips y micro-chips para sistemas de detecci&oacute;n y para aplicaciones <em>body-on-a-chip.<\/em> Para alcanzar este objetivo nos centramos en diversas &aacute;reas de investigaci&oacute;n:\n&nbsp;\n\nSimulaci&oacute;n de estructuras micro y nano fot&oacute;nicas\nMicro-nano fabricaci&oacute;n de transductores&nbsp; en chips y biochips\nCaracterizaci&oacute;n &oacute;ptica avanzada de transductores\nDesarrollo de sistemas &oacute;ptica avanzados\nMicro y nano flu&iacute;dica\nFuncionalizaci&oacute;n y biofuncionalizaci&oacute;n de superficies\nInmunoensayos y bioqu&iacute;mica\n","parent":0,"count":15,"filter":"raw","term_order":"0"},{"term_id":1872,"name":"Photonic and Biophotonic Optics Group (GOFB)","slug":"en_photonic-and-biophotonic-optics-group-gofb","term_group":0,"term_taxonomy_id":1872,"taxonomy":"donde","description":"Nuestro objetivo principal es investigar y desarrollar sistemas &oacute;pticos y fot&oacute;nicos para aplicaciones biol&oacute;gicas y opto-qu&iacute;micas como puedan ser sistemas <em>Point-of-Care <\/em>para diagn&oacute;stico <em>In-Vitro<\/em>, sistemas para an&aacute;lisis y diagn&oacute;stico el l&iacute;quidos, chips y micro-chips para sistemas de detecci&oacute;n y para aplicaciones <em>body-on-a-chip.<\/em> Para alcanzar este objetivo nos centramos en diversas &aacute;reas de investigaci&oacute;n:\n&nbsp;\n\nSimulaci&oacute;n de estructuras micro y nano fot&oacute;nicas\nMicro-nano fabricaci&oacute;n de transductores&nbsp; en chips y biochips\nCaracterizaci&oacute;n &oacute;ptica avanzada de transductores\nDesarrollo de sistemas &oacute;ptica avanzados\nMicro y nano flu&iacute;dica\nFuncionalizaci&oacute;n y biofuncionalizaci&oacute;n de superficies\nInmunoensayos y bioqu&iacute;mica\n","parent":0,"count":12,"filter":"raw","term_order":"0"}],"infraestructura":[],"ods":[{"term_id":2273,"name":"Good Health and Well-Being","slug":"good-health-and-well-being","term_group":0,"term_taxonomy_id":2273,"taxonomy":"ods","description":"","parent":0,"count":54,"filter":"raw","term_order":"0"},{"term_id":2249,"name":"Industry, Innovation and Infrastructure","slug":"industry-innovation-and-infrastructure","term_group":0,"term_taxonomy_id":2249,"taxonomy":"ods","description":"","parent":0,"count":129,"filter":"raw","term_order":"0"},{"term_id":2237,"name":"Responsible Consumption and Production","slug":"responsible-consumption-and-production","term_group":0,"term_taxonomy_id":2237,"taxonomy":"ods","description":"","parent":0,"count":15,"filter":"raw","term_order":"0"}],"origen":[{"term_id":196,"name":"Infraestructuras, Instalaci\u00f3n, Equipo","slug":"infraestructuras","term_group":0,"term_taxonomy_id":196,"taxonomy":"origen","description":"","parent":0,"count":180,"filter":"raw","term_order":"0"}],"familia_tax":false,"quien_tax":false,"donde_tax":false,"year":"2021-01-01","contacto":"Centro Tecnolog\u00eda Biom\u00e9dica\r\nCampus Montegancedo de la Universidad Polit\u00e9cnica de Madrid\r\nCrta. M-40, Km 38\r\n28223 Pozuelo de Alarc\u00f3n","telefono":"910679312","pagina_web":"http:\/\/gofb-upm.es\/scientific-and-technological-services\/","email":"info.gofb@gmail.com","id_ficha_portal":"274","video":"","adjuntos":false,"adjuntos_portal":"","inf":false,"departamento":"","acf":[],"lang":"en","translation":{"en":10231,"es":10227},"_links":{"self":[{"href":"https:\/\/www.upm.es\/recursosidi\/wp-json\/wp\/v2\/product\/10231"}],"collection":[{"href":"https:\/\/www.upm.es\/recursosidi\/wp-json\/wp\/v2\/product"}],"about":[{"href":"https:\/\/www.upm.es\/recursosidi\/wp-json\/wp\/v2\/types\/product"}],"wp:featuredmedia":[{"embeddable":true,"href":"https:\/\/www.upm.es\/recursosidi\/wp-json\/wp\/v2\/media\/10228"}],"wp:attachment":[{"href":"https:\/\/www.upm.es\/recursosidi\/wp-json\/wp\/v2\/media?parent=10231"}],"wp:term":[{"taxonomy":"product_cat","embeddable":true,"href":"https:\/\/www.upm.es\/recursosidi\/wp-json\/wp\/v2\/product_cat?post=10231"},{"taxonomy":"product_tag","embeddable":true,"href":"https:\/\/www.upm.es\/recursosidi\/wp-json\/wp\/v2\/product_tag?post=10231"},{"taxonomy":"comunidad_upm","embeddable":true,"href":"https:\/\/www.upm.es\/recursosidi\/wp-json\/wp\/v2\/comunidades-upm?post=10231"},{"taxonomy":"quien","embeddable":true,"href":"https:\/\/www.upm.es\/recursosidi\/wp-json\/wp\/v2\/quien?post=10231"},{"taxonomy":"mapa","embeddable":true,"href":"https:\/\/www.upm.es\/recursosidi\/wp-json\/wp\/v2\/mapa?post=10231"},{"taxonomy":"disponibilidad","embeddable":true,"href":"https:\/\/www.upm.es\/recursosidi\/wp-json\/wp\/v2\/disponibilidad?post=10231"},{"taxonomy":"donde","embeddable":true,"href":"https:\/\/www.upm.es\/recursosidi\/wp-json\/wp\/v2\/donde?post=10231"},{"taxonomy":"infraestructura","embeddable":true,"href":"https:\/\/www.upm.es\/recursosidi\/wp-json\/wp\/v2\/infraestructura?post=10231"},{"taxonomy":"ods","embeddable":true,"href":"https:\/\/www.upm.es\/recursosidi\/wp-json\/wp\/v2\/ods?post=10231"},{"taxonomy":"origen","embeddable":true,"href":"https:\/\/www.upm.es\/recursosidi\/wp-json\/wp\/v2\/origen?post=10231"}],"curies":[{"name":"wp","href":"https:\/\/api.w.org\/{rel}","templated":true}]}}