{"id":10235,"date":"2022-07-27T12:28:13","date_gmt":"2022-07-27T10:28:13","guid":{"rendered":"https:\/\/www.upm.es\/recursosidi\/offers-resources\/sin categor\u00eda\/ebsd-detector-for-crystallographic-analysis-of-metal-samples\/"},"modified":"2022-07-27T12:28:16","modified_gmt":"2022-07-27T10:28:16","slug":"ebsd-detector-for-crystallographic-analysis-of-metal-samples","status":"publish","type":"product","link":"https:\/\/www.upm.es\/recursosidi\/en\/offers-resources\/technological-scientific-services\/services-technological-scientific-services\/ebsd-detector-for-crystallographic-analysis-of-metal-samples\/","title":{"rendered":"EBSD detector for crystallographic analysis of metal samples"},"content":{"rendered":"<h2>EBSD detector for crystallographic analysis of metal samples<\/h2>\n<hr \/>\n<h4>Equipment description<\/h4>\n<p>Bruker Quantax EBSD 400i detector with active detection areas from 10mm2 to 100mm2. Native resolution of at least 640&#215;4380 pixels, preferred resolution 1600&#215;1200 pixels.<\/p>\n<p>\n                <strong>Team personnel<\/strong>\n            <\/p>\n<p>Head researcher (Daniel Barba Cancho), operators\/associate researchers (Maria Vega Aguirre Cebri\u00e1n, Nuria Martin Piris and Jorge Jimenez Aguirre).<\/p>\n<hr \/>\n<h4>Description of the services offered<br \/>\n                <!-- y tarifas --><br \/>\n            <\/h4>\n<ul>\n<li>EBSD analysis of metal samples<\/li>\n<\/ul>\n<hr \/>\n<h4>Sector or area of application<\/h4>\n<p>Applications extend to the aerospace, biomedical and energy industries, amongst others.<\/p>\n<hr \/>\n<h4>Request for service<\/h4>\n<p>Send a service request by e-mail to <span style='text-decoration: underline'><span rel=\"7c313130b3311431a73135319f31413175312031ad314131a5310b31bb312831a7313331a2310b31a3310530b9312331b63120309e312231\" class=\"cryptex \" style=\"\"><span class=\"CryptexImg ctxMzmqWJx7P2B_Nh5M768m2mklN1jrkr88gKjX_TsNqlk\"><\/span><\/span><\/span>\n            <\/p>\n<div class=\"pdfprnt-buttons pdfprnt-buttons-product pdfprnt-bottom-left\"><a href=\"https:\/\/www.upm.es\/recursosidi\/wp-json\/wp\/v2\/product\/10235?print=pdf\" class=\"pdfprnt-button pdfprnt-button-pdf\" target=\"_blank\"><span class=\"pdfprnt-button-title pdfprnt-button-pdf-title\">Descargar ficha<\/span><\/a><\/div>","protected":false},"excerpt":{"rendered":"<p>Bruker Quantax EBSD 400i detector with active detection areas from 10mm2 to 100mm2. Native resolution of at least 640&#215;4380 pixels, preferred resolution 1600&#215;1200 pixels.<\/p>\n","protected":false},"featured_media":10234,"template":"","meta":{"_acf_changed":false},"product_cat":[2403],"product_tag":[4503,6297,7562],"comunidades-upm":[],"quien":[],"mapa":[{"term_id":41,"name":"Climate, Energy and Mobility","slug":"climate-energy-mobility","term_group":0,"term_taxonomy_id":41,"taxonomy":"mapa","description":"","parent":0,"count":60,"filter":"raw","term_order":"10"},{"term_id":38,"name":"Health and Wellbeing","slug":"health-and-wellbeing","term_group":0,"term_taxonomy_id":38,"taxonomy":"mapa","description":"","parent":0,"count":51,"filter":"raw","term_order":"18"},{"term_id":75,"name":"Industry, Materials and Circular Economy","slug":"industry-materials-circular_economy","term_group":0,"term_taxonomy_id":75,"taxonomy":"mapa","description":"","parent":0,"count":87,"filter":"raw","term_order":"14"},{"term_id":2407,"name":"Science For Engineering and Architecture","slug":"science-for-engineering-and-architecture","term_group":0,"term_taxonomy_id":2407,"taxonomy":"mapa","description":"","parent":0,"count":34,"filter":"raw","term_order":"8"},{"term_id":36,"name":"Security, Defense and Disaster-Resilience","slug":"security-defense-disaster_resilience","term_group":0,"term_taxonomy_id":36,"taxonomy":"mapa","description":"","parent":0,"count":17,"filter":"raw","term_order":"19"},{"term_id":40,"name":"Space and Earth Observation","slug":"space_earth_observation","term_group":0,"term_taxonomy_id":40,"taxonomy":"mapa","description":"","parent":0,"count":10,"filter":"raw","term_order":"11"}],"disponibilidad":[{"term_id":205,"name":"Consultar disponibilidad","slug":"consultar","term_group":0,"term_taxonomy_id":205,"taxonomy":"disponibilidad","description":"","parent":0,"count":290,"filter":"raw","term_order":"0"}],"donde":[{"term_id":1566,"name":"Advanced Structural Materials and Nanomaterials","slug":"en_advanced-structural-materials-and-nanomaterials","term_group":0,"term_taxonomy_id":1566,"taxonomy":"donde","description":"Llevamos m&aacute;s de 20 a&ntilde;os desarrollando numerosas t&eacute;cnicas experimentales con las que podemos estudiar y caracterizar casi cualquier tipo de material y geometr&iacute;a en una variedad muy amplia de condiciones de servicio.\n&nbsp;\nNuestras l&iacute;neas de investigaci&oacute;n se pueden resumir en:\n&nbsp;\n\nMateriales compuestos\nMateriales para la seguridad\nBiomateriales estructurales\nIntegridad y seguridad estructural\nMateriales para la construcci&oacute;n\nNanomateriales\n","parent":0,"count":22,"filter":"raw","term_order":"0"},{"term_id":342,"name":"Materiales Estructurales Avanzados y Nanomateriales","slug":"materiales-estructurales-avanzados-y-nanomateriales","term_group":0,"term_taxonomy_id":342,"taxonomy":"donde","description":"Llevamos m&aacute;s de 20 a&ntilde;os desarrollando numerosas t&eacute;cnicas experimentales con las que podemos estudiar y caracterizar casi cualquier tipo de material y geometr&iacute;a en una variedad muy amplia de condiciones de servicio.\n&nbsp;\nNuestras l&iacute;neas de investigaci&oacute;n se pueden resumir en:\n&nbsp;\n\nMateriales compuestos\nMateriales para la seguridad\nBiomateriales estructurales\nIntegridad y seguridad estructural\nMateriales para la construcci&oacute;n\nNanomateriales\n","parent":0,"count":32,"filter":"raw","term_order":"0"}],"infraestructura":[],"ods":[{"term_id":2257,"name":"Affordable and Clean Energy","slug":"affordable-and-clean-energy","term_group":0,"term_taxonomy_id":2257,"taxonomy":"ods","description":"","parent":0,"count":31,"filter":"raw","term_order":"0"},{"term_id":2233,"name":"Climate Action","slug":"climate-action","term_group":0,"term_taxonomy_id":2233,"taxonomy":"ods","description":"","parent":0,"count":64,"filter":"raw","term_order":"0"},{"term_id":2249,"name":"Industry, Innovation and Infrastructure","slug":"industry-innovation-and-infrastructure","term_group":0,"term_taxonomy_id":2249,"taxonomy":"ods","description":"","parent":0,"count":129,"filter":"raw","term_order":"0"}],"origen":[{"term_id":196,"name":"Infraestructuras, Instalaci\u00f3n, Equipo","slug":"infraestructuras","term_group":0,"term_taxonomy_id":196,"taxonomy":"origen","description":"","parent":0,"count":180,"filter":"raw","term_order":"0"}],"familia_tax":false,"quien_tax":false,"donde_tax":false,"year":"2021-01-01","contacto":"Plaza Cardenal Cisneros 3,\r\nEscuela T\u00e9cnica Superior de Ingenier\u00eda Aeron\u00e1utica y del Espacio","telefono":"910675711","pagina_web":"https:\/\/blogs.upm.es\/elciamit\/","email":"ciamit.aeroespacial@upm.es","id_ficha_portal":"368","video":"","adjuntos":false,"adjuntos_portal":"","inf":false,"departamento":"","acf":[],"lang":"en","translation":{"en":10235,"es":10233},"_links":{"self":[{"href":"https:\/\/www.upm.es\/recursosidi\/wp-json\/wp\/v2\/product\/10235"}],"collection":[{"href":"https:\/\/www.upm.es\/recursosidi\/wp-json\/wp\/v2\/product"}],"about":[{"href":"https:\/\/www.upm.es\/recursosidi\/wp-json\/wp\/v2\/types\/product"}],"wp:featuredmedia":[{"embeddable":true,"href":"https:\/\/www.upm.es\/recursosidi\/wp-json\/wp\/v2\/media\/10234"}],"wp:attachment":[{"href":"https:\/\/www.upm.es\/recursosidi\/wp-json\/wp\/v2\/media?parent=10235"}],"wp:term":[{"taxonomy":"product_cat","embeddable":true,"href":"https:\/\/www.upm.es\/recursosidi\/wp-json\/wp\/v2\/product_cat?post=10235"},{"taxonomy":"product_tag","embeddable":true,"href":"https:\/\/www.upm.es\/recursosidi\/wp-json\/wp\/v2\/product_tag?post=10235"},{"taxonomy":"comunidad_upm","embeddable":true,"href":"https:\/\/www.upm.es\/recursosidi\/wp-json\/wp\/v2\/comunidades-upm?post=10235"},{"taxonomy":"quien","embeddable":true,"href":"https:\/\/www.upm.es\/recursosidi\/wp-json\/wp\/v2\/quien?post=10235"},{"taxonomy":"mapa","embeddable":true,"href":"https:\/\/www.upm.es\/recursosidi\/wp-json\/wp\/v2\/mapa?post=10235"},{"taxonomy":"disponibilidad","embeddable":true,"href":"https:\/\/www.upm.es\/recursosidi\/wp-json\/wp\/v2\/disponibilidad?post=10235"},{"taxonomy":"donde","embeddable":true,"href":"https:\/\/www.upm.es\/recursosidi\/wp-json\/wp\/v2\/donde?post=10235"},{"taxonomy":"infraestructura","embeddable":true,"href":"https:\/\/www.upm.es\/recursosidi\/wp-json\/wp\/v2\/infraestructura?post=10235"},{"taxonomy":"ods","embeddable":true,"href":"https:\/\/www.upm.es\/recursosidi\/wp-json\/wp\/v2\/ods?post=10235"},{"taxonomy":"origen","embeddable":true,"href":"https:\/\/www.upm.es\/recursosidi\/wp-json\/wp\/v2\/origen?post=10235"}],"curies":[{"name":"wp","href":"https:\/\/api.w.org\/{rel}","templated":true}]}}