{"id":10237,"date":"2022-07-27T12:28:26","date_gmt":"2022-07-27T10:28:26","guid":{"rendered":"https:\/\/www.upm.es\/recursosidi\/offers-resources\/sin categor\u00eda\/ensayos-de-pilas-de-combustible-y-electrolizadores\/"},"modified":"2022-07-27T12:28:34","modified_gmt":"2022-07-27T10:28:34","slug":"ensayos-de-pilas-de-combustible-y-electrolizadores","status":"publish","type":"product","link":"https:\/\/www.upm.es\/recursosidi\/offers-resources\/servicios-cientifico-tecnologico\/servicios-servicios-cientifico-tecnologico\/ensayos-de-pilas-de-combustible-y-electrolizadores\/","title":{"rendered":"Ensayos de pilas de combustible y electrolizadores"},"content":{"rendered":"<h4>Ensayos para desarrollo de pilas de combustible y electrolizadores<\/h4>\n<hr \/>\n<h4>Descripci&oacute;n de los servicios que se ofrecen <!-- y tarifas --><\/h4>\n<p>Desde PiCoHiMA se ofrece una amplia gama de ensayos aplicables al desarrollo tanto de pilas de combustible y electrolizadores como de sus componentes principales (electrodos, membranas y placas bipolares). Ensayos de curva de polarizaci&oacute;n. Ensayos de caracterizaci&oacute;n electroqu&iacute;mica como ciclovoltametr&iacute;as, cronoamperometr&iacute;as o voltametr&iacute;as de barrido lineal y an&aacute;lisis de respuesta en frecuencia de impedancias. Determinaci&oacute;n de crossover.<!-- Recuerda que estas tarifas ser\u00e1n las oficiales aprobadas en Consejo de Direcci\u00f3n y Consejo Social. --><\/p>\n<hr \/>\n<h4>Necesidades demandadas y aplicaciones<\/h4>\n<p>El desarrollo y fabricaci&oacute;n de pilas de combustible y electrolizadores es un campo de la tecnolog&iacute;a complejo y en constante evoluci&oacute;n. La necesidad de reducir la carga de los catalizadores o aumentar el rendimiento son s&oacute;lo dos objetivos a los que los centros de investigaci&oacute;n y empresas del sector dedican gran parte de sus esfuerzos de investigaci&oacute;n y desarrollo. Todos estos desarrollos necesitan ser probados a distintas escalas, desde la escala de laboratorio de cada uno de los componentes a la escala de prototipo de los conjuntos finales. Estas pruebas necesitan de equipo y conocimientos especializados para poder interpretar correctamente los resultados y proponer mejoras en caso necesario. PiCoHiMA cuenta con el equipamiento y conocimientos necesarios para realizar estos ensayos. As&iacute;, PiCoHiMA ofrece a centros de investigaci&oacute;n y empresas su experiencia en este campo permitiendo un ahorro de tiempo considerable.<\/p>\n<hr \/>\n<h4>Sector o &aacute;rea de aplicaci&oacute;n<\/h4>\n<ul>\n<li>Desarrollo y fabricaci&oacute;n de electrodos para pilas de combustible y electrolizadores<\/li>\n<li>Desarrollo y fabricaci&oacute;n de placas bipolares para pilas de combustible y electrolizadores<\/li>\n<li>Desarrollo y fabricaci&oacute;n pilas de combustible PEMFC y DMFC<\/li>\n<li>Desarrollo y fabricaci&oacute;n de electrolizadores alcalinos AE y PEME<\/li>\n<\/ul>\n<hr \/>\n<h4>Competencias diferenciales<\/h4>\n<p>La estructura econ&oacute;mico-financiera del Grupo PiCoHiMA hace que pueda realizar trabajos de caracterizaci&oacute;n y ensayo de pilas de combustible y electrolizadores a un coste muy competitivo. El constante trabajo de investigaci&oacute;n en este &aacute;mbito hace que se cuente con una amplia experiencia y conocimientos completamente actualizados.<\/p>\n<hr \/>\n<h4>Referencias previas de prestaci&oacute;n<\/h4>\n<p>PiCoHiMA ha participado junto con la Universidad Polit&eacute;cnica de Valencia, con el CSIC e INTA y con la Universidad Rovira i Virgili de Tarragona en proyectos del Plan Estatal de generaci&oacute;n de conocimiento y de la Comunidad de Madrid (ENE2007-67584-C03-03ALT, ENE2011-28735-C02-02, S2013MAE-2975, ENE2014-53734-C2-2-R y ENE2017-86711-C3-2-R). Entre otras actividades, PiCoHiMA ha sido responsable del estudio y desarrollo de electrodos, de materiales para componentes de las pilas de combustible, y del ensayo y caracterizaci&oacute;n de los electrodos y membranas para pilas de combustible de metanol directo desarrollados en dichos proyectos.<\/p>\n<hr \/>\n<h4>Descripci&oacute;n del equipamiento<\/h4>\n<p>En PiCoHiMa se cuenta con el siguiente equipamiento:<\/p>\n<ul>\n<li>Laboratorios:\n<ul>\n<li>Laboratorio de Pilas de Combustible de la ETSIN<\/li>\n<li>Laboratorio de Pilas de Combustible y Combustibles Alternativos de la ETSIN<\/li>\n<li>Laboratorio de Motores Alternativos de la ESTIAE<\/li>\n<\/ul>\n<\/li>\n<li>Equipos:\n<ul>\n<li>Monoceldas de pilas de combustible para el ensayo de MEAs<\/li>\n<li>Bancos de ensayos de pilas de combustible y electrolizador de alcohol directo con capacidad para simular condiciones ambientales<\/li>\n<li>Equipos para fabricar piezas y preparar muestras: tornos, fresadoras CNC, prensas termostatizadas, impresoras 3D y otras herramientas<\/li>\n<li>Equipos para fabricar y preparar electrodos mediante electrodep&oacute;sito, dep&oacute;sito qu&iacute;mico, evaporaci&oacute;n electr&oacute;nica y sputtering<\/li>\n<li>Equipos para caracterizar electrodos, MEAs y stacks: analizadores de respuesta en frecuencia, potenciostato-galvanostato, ultramicrobalanzas y microscopios &oacute;pticos<\/li>\n<\/ul>\n<\/li>\n<li>Software:\n<ul>\n<li>Dise&ntilde;o y simulaci&oacute;n: Rhinoceros, AutoCAD, SolidWorks, CATIA, ANSYS<\/li>\n<li>Arquitectura Naval: MAXSURF, MARS<\/li>\n<li>CFD: OpenFOAM<\/li>\n<li>Ingenier&iacute;a: MATLAB, SIMULINK<\/li>\n<li>Termodin&aacute;mica: REFPROP<\/li>\n<li>Pilas de combustible: Aero-Marine DMFC Designer&reg;, MedPEM&reg;<\/li>\n<\/ul>\n<\/li>\n<\/ul>\n<hr \/>\n<h4>Solicitud del servicio<\/h4>\n<p>Para solicitar este servicio, p&oacute;ngase en contacto con la Investigadora Responsable del Grupo Profesora Teresa J. Leo a trav&eacute;s de su correo electr&oacute;nico (<a href=\"mailto:<span rel=\"62313830ae311431b4312931ae311a3171311c31be313f316b311f31b6313d3198310931ba313331c1311b30b0313631\" class=\"cryptex \" style=\"\"><span class=\"CryptexImg ctxAojb-zeokJkjn1I7AVOMcb5VS1ULE0e8lJQKV4Bnzos\"><\/span><\/span>\"><span rel=\"62313830ae311431b4312931ae311a3171311c31be313f316b311f31b6313d3198310931ba313331c1311b30b0313631\" class=\"cryptex \" style=\"\"><span class=\"CryptexImg ctxAojb-zeokJkjn1I7AVOMcb5VS1ULE0e8lJQKV4Bnzos\"><\/span><\/span><\/a>) o a trav&eacute;s del formulario de contacto en la web de PiCoHiMA(<a href=\"https:\/\/blogs.upm.es\/picohima\/\">https:\/\/blogs.upm.es\/picohima\/<\/a>).<\/p>\n<div class=\"pdfprnt-buttons pdfprnt-buttons-product pdfprnt-bottom-left\"><a href=\"https:\/\/www.upm.es\/recursosidi\/wp-json\/wp\/v2\/product\/10237?print=pdf\" class=\"pdfprnt-button pdfprnt-button-pdf\" target=\"_blank\"><span class=\"pdfprnt-button-title pdfprnt-button-pdf-title\">Descargar ficha<\/span><\/a><\/div>","protected":false},"excerpt":{"rendered":"<p>Ensayos de curva de polarizaci\u00f3n. Ensayos de caracterizaci\u00f3n electroqu\u00edmica como ciclovoltametr\u00edas, cronoamperometr\u00edas o voltametr\u00edas de barrido lineal y an\u00e1lisis de respuesta en frecuencia de impedancias. Ensayos de crossover.<\/p>\n","protected":false},"featured_media":10236,"template":"","meta":{"_acf_changed":false},"product_cat":[2395],"product_tag":[4520,4517,4518,4519,4516,2543,4512,4513,4515,4511,4514],"comunidades-upm":[],"quien":[],"mapa":[{"term_id":133,"name":"Clima, Energ\u00eda y Movilidad","slug":"clima-energia-movilidad","term_group":0,"term_taxonomy_id":133,"taxonomy":"mapa","description":"","parent":0,"count":129,"filter":"raw","term_order":"9"}],"disponibilidad":[{"term_id":204,"name":"Disponible","slug":"disponible","term_group":0,"term_taxonomy_id":204,"taxonomy":"disponibilidad","description":"","parent":0,"count":110,"filter":"raw","term_order":"0"}],"donde":[{"term_id":1880,"name":"Fuel Cells, Hydrogen Technology and Alternative Engines","slug":"en_fuel-cells-hydrogen-technology-and-alternative-engines","term_group":0,"term_taxonomy_id":1880,"taxonomy":"donde","description":"","parent":0,"count":11,"filter":"raw","term_order":"0"},{"term_id":660,"name":"Pilas de Combustible, Tecnolog\u00eda del Hidr\u00f3geno y Motores Alternativos","slug":"pilas-de-combustible-tecnologia-del-hidrogeno-y-motores-alternativos","term_group":0,"term_taxonomy_id":660,"taxonomy":"donde","description":"","parent":0,"count":11,"filter":"raw","term_order":"0"}],"infraestructura":[],"ods":[{"term_id":2255,"name":"Energ\u00eda Asequible y no Contaminante","slug":"energia-asequible-y-no-contaminante","term_group":0,"term_taxonomy_id":2255,"taxonomy":"ods","description":"","parent":0,"count":34,"filter":"raw","term_order":"0"}],"origen":[{"term_id":196,"name":"Infraestructuras, Instalaci\u00f3n, Equipo","slug":"infraestructuras","term_group":0,"term_taxonomy_id":196,"taxonomy":"origen","description":"","parent":0,"count":180,"filter":"raw","term_order":"0"}],"familia_tax":false,"quien_tax":false,"donde_tax":false,"year":"2017-01-01","contacto":"Escuela T\u00e9cnica Superior de Ingenieros Navales; Avenida de la Memoria, 4; 28040, Madrid; Espa\u00f1a","telefono":"910676267","pagina_web":"https:\/\/blogs.upm.es\/picohima\/en\/","email":"teresa.leo.mena@upm.es","id_ficha_portal":"385","video":"","adjuntos":false,"adjuntos_portal":"","inf":false,"departamento":"","acf":[],"lang":"es","translation":{"es":10237,"en":10239},"_links":{"self":[{"href":"https:\/\/www.upm.es\/recursosidi\/wp-json\/wp\/v2\/product\/10237"}],"collection":[{"href":"https:\/\/www.upm.es\/recursosidi\/wp-json\/wp\/v2\/product"}],"about":[{"href":"https:\/\/www.upm.es\/recursosidi\/wp-json\/wp\/v2\/types\/product"}],"wp:featuredmedia":[{"embeddable":true,"href":"https:\/\/www.upm.es\/recursosidi\/wp-json\/wp\/v2\/media\/10236"}],"wp:attachment":[{"href":"https:\/\/www.upm.es\/recursosidi\/wp-json\/wp\/v2\/media?parent=10237"}],"wp:term":[{"taxonomy":"product_cat","embeddable":true,"href":"https:\/\/www.upm.es\/recursosidi\/wp-json\/wp\/v2\/product_cat?post=10237"},{"taxonomy":"product_tag","embeddable":true,"href":"https:\/\/www.upm.es\/recursosidi\/wp-json\/wp\/v2\/product_tag?post=10237"},{"taxonomy":"comunidad_upm","embeddable":true,"href":"https:\/\/www.upm.es\/recursosidi\/wp-json\/wp\/v2\/comunidades-upm?post=10237"},{"taxonomy":"quien","embeddable":true,"href":"https:\/\/www.upm.es\/recursosidi\/wp-json\/wp\/v2\/quien?post=10237"},{"taxonomy":"mapa","embeddable":true,"href":"https:\/\/www.upm.es\/recursosidi\/wp-json\/wp\/v2\/mapa?post=10237"},{"taxonomy":"disponibilidad","embeddable":true,"href":"https:\/\/www.upm.es\/recursosidi\/wp-json\/wp\/v2\/disponibilidad?post=10237"},{"taxonomy":"donde","embeddable":true,"href":"https:\/\/www.upm.es\/recursosidi\/wp-json\/wp\/v2\/donde?post=10237"},{"taxonomy":"infraestructura","embeddable":true,"href":"https:\/\/www.upm.es\/recursosidi\/wp-json\/wp\/v2\/infraestructura?post=10237"},{"taxonomy":"ods","embeddable":true,"href":"https:\/\/www.upm.es\/recursosidi\/wp-json\/wp\/v2\/ods?post=10237"},{"taxonomy":"origen","embeddable":true,"href":"https:\/\/www.upm.es\/recursosidi\/wp-json\/wp\/v2\/origen?post=10237"}],"curies":[{"name":"wp","href":"https:\/\/api.w.org\/{rel}","templated":true}]}}