{"id":10270,"date":"2022-07-27T12:30:18","date_gmt":"2022-07-27T10:30:18","guid":{"rendered":"https:\/\/www.upm.es\/recursosidi\/offers-resources\/sin categor\u00eda\/fabricacion-de-laminas-delgadas\/"},"modified":"2022-07-27T12:30:24","modified_gmt":"2022-07-27T10:30:24","slug":"fabricacion-de-laminas-delgadas","status":"publish","type":"product","link":"https:\/\/www.upm.es\/recursosidi\/offers-resources\/servicios-cientifico-tecnologico\/servicios-servicios-cientifico-tecnologico\/fabricacion-de-laminas-delgadas\/","title":{"rendered":"Fabricaci\u00f3n de L\u00e1minas Delgadas"},"content":{"rendered":"<h2>Servicios cient&iacute;fico &#8211; tecnol&oacute;gicos<\/h2>\n<h4>Fabricaci&oacute;n de L&aacute;minas Delgadas<!--  tarifado --><\/h4>\n<p>KEYWORDS: l&aacute;minas delgadas, spin-coating, revestimiento, nano y micro fabricaci&oacute;n<\/p>\n<hr \/>\n<h4>Descripci&oacute;n de los servicios que se ofrecen <!-- y tarifas --><\/h4>\n<p>Fabricaci&oacute;n de l&aacute;minas delgadas mediante la t&eacute;cnica de spin-coating. El equipamiento del que se dispone ofrece la posibilidad de depositar l&aacute;minas de espesores delgados controlados (nan&oacute;metros y micr&oacute;metros) de materiales en su estado l&iacute;quido (resinas, fotorresinas, pol&iacute;meros&hellip;).<!-- Recuerda que estas tarifas ser\u00e1n las oficiales aprobadas en Consejo de Direcci\u00f3n y Consejo Social. --><\/p>\n<hr \/>\n<h4>Necesidades demandadas y aplicaciones<\/h4>\n<p>Los motivos por los cu&aacute;les se realizan dep&oacute;sitos de l&aacute;minas delgadas son varios: dotar de un acabado espec&iacute;fico a un material, hacer uso de las propiedades &oacute;pticas que ofrecen las l&aacute;minas delgadas, revestimiento de superficies&hellip;<\/p>\n<hr \/>\n<h4>Sector o &aacute;rea de aplicaci&oacute;n<\/h4>\n<p>Micro y nano fabricaci&oacute;n<\/p>\n<hr \/>\n<h4>Competencias diferenciales<\/h4>\n<p>Dada a la versatilidad del equipo de fabricaci&oacute;n del que se dispone, permite innovar con m&uacute;ltiples materiales. Adem&aacute;s, complementando este equipo con el resto de instrumentos de caracterizaci&oacute;n &oacute;ptica, la fabricaci&oacute;n puede ser supervisada en todo momento.&nbsp;<\/p>\n<hr \/>\n<p>&nbsp;<\/p>\n<h4>Descripci&oacute;n del equipamiento<\/h4>\n<p>M&aacute;quina spin-coating de la casa comercial Laurell. Dentro de sus caracter&iacute;sticas t&eacute;cnicas, este equipo permite alcanzar revoluciones de hasta 6000 rpm. Los par&aacute;metros tanto de la velocidad de revoluci&oacute;n como el tiempo y curva de aceleraci&oacute;n son programables. Adem&aacute;s de ello, todo el proceso de fabricaci&oacute;n se realiza dentro de una sala limpia y una campana qu&iacute;mica que permite la extracci&oacute;n de los disolventes evaporados que genera el proceso.<\/p>\n<hr \/>\n<h4>Solicitud del servicio<\/h4>\n<p>Contactar v&iacute;a mail indicando en el asunto &ldquo;PRESTACI&Oacute;N DE SERVICIO&rdquo; y en el cuerpo del e-mail el servicio del que se trata y una descripci&oacute;n aproximada de lo que se quiere realizar y tiempo necesario.&nbsp;<br \/>Mails de contacto: <span rel=\"87311b309d313231ba31213173312b31bf312831b231063199311331b9311a319c312c30ad313831b131\" class=\"cryptex \" style=\"\"><span class=\"CryptexImg ctxZ5zl9HoVnZNEqzBxjsG0JnLi0uIUNxOYBTvRE3cwReE\"><\/span><\/span> o <span rel=\"87311b3096312931c8312a31ba310e30c3312331be313a3193311331b9312331993107318a313e31b431283167312c31cc31\" class=\"cryptex \" style=\"\"><span class=\"CryptexImg ctxRF8ZoT4XTy1M2NiT3l6jBlSkihRczS9MpsP31WotjE4\"><\/span><\/span><\/p>\n<hr \/>\n<div class=\"pdfprnt-buttons pdfprnt-buttons-product pdfprnt-bottom-left\"><a href=\"https:\/\/www.upm.es\/recursosidi\/wp-json\/wp\/v2\/product\/10270?print=pdf\" class=\"pdfprnt-button pdfprnt-button-pdf\" target=\"_blank\"><span class=\"pdfprnt-button-title pdfprnt-button-pdf-title\">Descargar ficha<\/span><\/a><\/div>","protected":false},"excerpt":{"rendered":"<p>Fabricaci\u00f3n de l\u00e1minas delgadas mediante la t\u00e9cnica de spin-coating. El equipamiento del que se dispone ofrece la posibilidad de depositar l\u00e1minas de espesores delgados controlados (nan\u00f3metros y micr\u00f3metros) de materiales en su estado l\u00edquido (resinas, fotorresinas, pol\u00edmeros\u00bf). <\/p>\n","protected":false},"featured_media":10268,"template":"","meta":{"_acf_changed":false},"product_cat":[2395],"product_tag":[2672,3445,3442,3441,3444,3443],"comunidades-upm":[],"quien":[],"mapa":[{"term_id":137,"name":"Bioeconom\u00eda, Biotecnolog\u00eda y Sistemas Alimentarios","slug":"bioeconomia-biotecnologia-sistemas_alimentarios","term_group":0,"term_taxonomy_id":137,"taxonomy":"mapa","description":"","parent":0,"count":45,"filter":"raw","term_order":"6"},{"term_id":2405,"name":"Ciencia para la ingenier\u00eda y la arquitectura","slug":"ciencia-para-ingenieria-y-arquitectura","term_group":0,"term_taxonomy_id":2405,"taxonomy":"mapa","description":"","parent":0,"count":127,"filter":"raw","term_order":"7"},{"term_id":141,"name":"Innovaci\u00f3n Social, Ciencia Abierta, Gobernanza, y Ciencias de la Educaci\u00f3n","slug":"innovacion_social-ciencia_abierta-gobernanza-ciencia-educacion","term_group":0,"term_taxonomy_id":141,"taxonomy":"mapa","description":"","parent":0,"count":14,"filter":"raw","term_order":"15"}],"disponibilidad":[{"term_id":204,"name":"Disponible","slug":"disponible","term_group":0,"term_taxonomy_id":204,"taxonomy":"disponibilidad","description":"","parent":0,"count":110,"filter":"raw","term_order":"0"}],"donde":[{"term_id":1780,"name":"Center for Biomedical Technology","slug":"en_center-for-biomedical-technology","term_group":0,"term_taxonomy_id":1780,"taxonomy":"donde","description":"","parent":0,"count":56,"filter":"raw","term_order":"0"},{"term_id":556,"name":"Centro de Tecnolog\u00eda Biom\u00e9dica (CTB)","slug":"centro-de-tecnologia-biomedica-ctb","term_group":0,"term_taxonomy_id":556,"taxonomy":"donde","description":"","parent":0,"count":84,"filter":"raw","term_order":"0"},{"term_id":652,"name":"Grupo de \u00d3ptica F\u00f3tonica y Biofot\u00f3nica (GOFB)","slug":"grupo-de-optica-fotonica-y-biofotonica-gofb","term_group":0,"term_taxonomy_id":652,"taxonomy":"donde","description":"Nuestro objetivo principal es investigar y desarrollar sistemas &oacute;pticos y fot&oacute;nicos para aplicaciones biol&oacute;gicas y opto-qu&iacute;micas como puedan ser sistemas <em>Point-of-Care <\/em>para diagn&oacute;stico <em>In-Vitro<\/em>, sistemas para an&aacute;lisis y diagn&oacute;stico el l&iacute;quidos, chips y micro-chips para sistemas de detecci&oacute;n y para aplicaciones <em>body-on-a-chip.<\/em> Para alcanzar este objetivo nos centramos en diversas &aacute;reas de investigaci&oacute;n:\n&nbsp;\n\nSimulaci&oacute;n de estructuras micro y nano fot&oacute;nicas\nMicro-nano fabricaci&oacute;n de transductores&nbsp; en chips y biochips\nCaracterizaci&oacute;n &oacute;ptica avanzada de transductores\nDesarrollo de sistemas &oacute;ptica avanzados\nMicro y nano flu&iacute;dica\nFuncionalizaci&oacute;n y biofuncionalizaci&oacute;n de superficies\nInmunoensayos y bioqu&iacute;mica\n","parent":0,"count":15,"filter":"raw","term_order":"0"},{"term_id":1872,"name":"Photonic and Biophotonic Optics Group (GOFB)","slug":"en_photonic-and-biophotonic-optics-group-gofb","term_group":0,"term_taxonomy_id":1872,"taxonomy":"donde","description":"Nuestro objetivo principal es investigar y desarrollar sistemas &oacute;pticos y fot&oacute;nicos para aplicaciones biol&oacute;gicas y opto-qu&iacute;micas como puedan ser sistemas <em>Point-of-Care <\/em>para diagn&oacute;stico <em>In-Vitro<\/em>, sistemas para an&aacute;lisis y diagn&oacute;stico el l&iacute;quidos, chips y micro-chips para sistemas de detecci&oacute;n y para aplicaciones <em>body-on-a-chip.<\/em> Para alcanzar este objetivo nos centramos en diversas &aacute;reas de investigaci&oacute;n:\n&nbsp;\n\nSimulaci&oacute;n de estructuras micro y nano fot&oacute;nicas\nMicro-nano fabricaci&oacute;n de transductores&nbsp; en chips y biochips\nCaracterizaci&oacute;n &oacute;ptica avanzada de transductores\nDesarrollo de sistemas &oacute;ptica avanzados\nMicro y nano flu&iacute;dica\nFuncionalizaci&oacute;n y biofuncionalizaci&oacute;n de superficies\nInmunoensayos y bioqu&iacute;mica\n","parent":0,"count":12,"filter":"raw","term_order":"0"}],"infraestructura":[],"ods":[{"term_id":2231,"name":"Acci\u00f3n por el Clima","slug":"accion-por-el-clima","term_group":0,"term_taxonomy_id":2231,"taxonomy":"ods","description":"","parent":0,"count":67,"filter":"raw","term_order":"0"},{"term_id":2214,"name":"Alianzas para Lograr los Objetivos","slug":"alianzas-para-lograr-los-objetivos","term_group":0,"term_taxonomy_id":2214,"taxonomy":"ods","description":"","parent":0,"count":4,"filter":"raw","term_order":"0"},{"term_id":2267,"name":"Educaci\u00f3n de Calidad","slug":"educacion-de-calidad","term_group":0,"term_taxonomy_id":2267,"taxonomy":"ods","description":"","parent":0,"count":14,"filter":"raw","term_order":"0"},{"term_id":2247,"name":"Industria, Innovaci\u00f3n e Infraestructura","slug":"industria-innovacion-e-infraestructura","term_group":0,"term_taxonomy_id":2247,"taxonomy":"ods","description":"","parent":0,"count":171,"filter":"raw","term_order":"0"},{"term_id":2235,"name":"Producci\u00f3n y Consumo Responsables","slug":"produccion-y-consumo-responsables","term_group":0,"term_taxonomy_id":2235,"taxonomy":"ods","description":"","parent":0,"count":18,"filter":"raw","term_order":"0"}],"origen":[{"term_id":196,"name":"Infraestructuras, Instalaci\u00f3n, Equipo","slug":"infraestructuras","term_group":0,"term_taxonomy_id":196,"taxonomy":"origen","description":"","parent":0,"count":180,"filter":"raw","term_order":"0"}],"familia_tax":false,"quien_tax":false,"donde_tax":false,"year":"2021-01-01","contacto":"Centro de Tecnolog\u00eda Biom\u00e9dica\r\nCampus Montegancedo de la Universidad Polit\u00e9cnica de Madrid\r\nCrta. M-40, Km 38\r\n28223 Pozuelo de Alarc\u00f3n","telefono":"910679312","pagina_web":"http:\/\/gofb-upm.es\/spin-coater\/","email":"info.gofb@gmail.com","id_ficha_portal":"268","video":"","adjuntos":false,"adjuntos_portal":"","inf":false,"departamento":"","acf":[],"lang":"es","translation":{"es":10270,"en":10273},"_links":{"self":[{"href":"https:\/\/www.upm.es\/recursosidi\/wp-json\/wp\/v2\/product\/10270"}],"collection":[{"href":"https:\/\/www.upm.es\/recursosidi\/wp-json\/wp\/v2\/product"}],"about":[{"href":"https:\/\/www.upm.es\/recursosidi\/wp-json\/wp\/v2\/types\/product"}],"wp:featuredmedia":[{"embeddable":true,"href":"https:\/\/www.upm.es\/recursosidi\/wp-json\/wp\/v2\/media\/10268"}],"wp:attachment":[{"href":"https:\/\/www.upm.es\/recursosidi\/wp-json\/wp\/v2\/media?parent=10270"}],"wp:term":[{"taxonomy":"product_cat","embeddable":true,"href":"https:\/\/www.upm.es\/recursosidi\/wp-json\/wp\/v2\/product_cat?post=10270"},{"taxonomy":"product_tag","embeddable":true,"href":"https:\/\/www.upm.es\/recursosidi\/wp-json\/wp\/v2\/product_tag?post=10270"},{"taxonomy":"comunidad_upm","embeddable":true,"href":"https:\/\/www.upm.es\/recursosidi\/wp-json\/wp\/v2\/comunidades-upm?post=10270"},{"taxonomy":"quien","embeddable":true,"href":"https:\/\/www.upm.es\/recursosidi\/wp-json\/wp\/v2\/quien?post=10270"},{"taxonomy":"mapa","embeddable":true,"href":"https:\/\/www.upm.es\/recursosidi\/wp-json\/wp\/v2\/mapa?post=10270"},{"taxonomy":"disponibilidad","embeddable":true,"href":"https:\/\/www.upm.es\/recursosidi\/wp-json\/wp\/v2\/disponibilidad?post=10270"},{"taxonomy":"donde","embeddable":true,"href":"https:\/\/www.upm.es\/recursosidi\/wp-json\/wp\/v2\/donde?post=10270"},{"taxonomy":"infraestructura","embeddable":true,"href":"https:\/\/www.upm.es\/recursosidi\/wp-json\/wp\/v2\/infraestructura?post=10270"},{"taxonomy":"ods","embeddable":true,"href":"https:\/\/www.upm.es\/recursosidi\/wp-json\/wp\/v2\/ods?post=10270"},{"taxonomy":"origen","embeddable":true,"href":"https:\/\/www.upm.es\/recursosidi\/wp-json\/wp\/v2\/origen?post=10270"}],"curies":[{"name":"wp","href":"https:\/\/api.w.org\/{rel}","templated":true}]}}