{"id":10275,"date":"2022-07-27T12:30:35","date_gmt":"2022-07-27T10:30:35","guid":{"rendered":"https:\/\/www.upm.es\/recursosidi\/offers-resources\/sin categor\u00eda\/fertilizacion-nitrogenada-y-sostenibilidad\/"},"modified":"2022-07-27T12:30:40","modified_gmt":"2022-07-27T10:30:40","slug":"fertilizacion-nitrogenada-y-sostenibilidad","status":"publish","type":"product","link":"https:\/\/www.upm.es\/recursosidi\/offers-resources\/servicios-cientifico-tecnologico\/servicios-servicios-cientifico-tecnologico\/fertilizacion-nitrogenada-y-sostenibilidad\/","title":{"rendered":"FERTILIZACI\u00d3N NITROGENADA  Y SOSTENIBILIDAD"},"content":{"rendered":"<h2>Manejo de la fertilizaci&oacute;n nitrogenada para reducir emisiones<\/h2>\n<hr \/>\n<h4>Descripci&oacute;n de los servicios que se ofrecen <!-- y tarifas --><\/h4>\n<ol>\n<li>Desarrollo de ensayos en condiciones reales de explotaci&oacute;n agr&iacute;cola<\/li>\n<li>Obtenci&oacute;n de curva de emisi&oacute;n de GEI y NOx, bajo diferentes f&oacute;rmulas de fertilizantes y sistemas de riegos con sistemas de medida autom&aacute;ticos in situ.<\/li>\n<li><em> <\/em>Realizaci&oacute;n de ensayos con 15N para cuantificar procesos del ciclo de NCuantificaci&oacute;n de la volatilizaci&oacute;n de NH3 a trav&eacute;s de t&eacute;cnicas micrometereol&oacute;gicas.<\/li>\n<li>Optimizaci&oacute;n del manejo de fertilizantes (inorg&aacute;nicos y org&aacute;nicos)&nbsp;<\/li>\n<\/ol>\n<hr \/>\n<h4>Necesidades demandadas y aplicaciones<\/h4>\n<p>La adaptaci&oacute;n del sector agrario al Pacto Verde Europeo obliga a mejorar la eficiencia del uso de recursos en los sistemas agrarios en la pr&oacute;xima d&eacute;cada (2030). Desde el Grupo de Investigaci&oacute;n COAPA realizamos informes y consultor&iacute;as especializadas sobre emisi&oacute;n de gases de efecto invernadero y otros gases contaminantes en suelo agr&iacute;colas (NH3 y NOx) y acompa&ntilde;amos en el dise&ntilde;o y revisi&oacute;n de estudios de investigaci&oacute;n industrial orientados a construir soluciones innovaci&oacute;n, aportamos instalaciones, equipos y recursos humanos para el desarrollo de estudios y ensayos de productos, buscando siempre la mejor forma de proteger los resultados de investigaci&oacute;n.<\/p>\n<hr \/>\n<h4>Sector o &aacute;rea de aplicaci&oacute;n<\/h4>\n<p>Empresas de fertilizantes<\/p>\n<hr \/>\n<h4>Competencias diferenciales<\/h4>\n<p>El Grupo COAPA est&aacute; compuesto por 11 investigadores doctores, 3 investigadores en formaci&oacute;n y 2 t&eacute;cnicos y est&aacute; liderado por el Catedr&aacute;tico Antonio Vallejo. Los servicios son realizados por personal espec&iacute;fico con alta cualificaci&oacute;n t&eacute;cnica e investigadora en estrategias de mitigaci&oacute;n de emisiones basadas en pr&aacute;cticas agr&iacute;colas (manejo de la fertilizaci&oacute;n nitrogenada, uso de inhibidores de la nitrificaci&oacute;n y ureasa, riego, interacci&oacute;n riego-fertilizaci&oacute;n, rotaci&oacute;n de cultivos), manejo de sistemas autom&aacute;ticos de medida de gases en campo (NOx, NH3, N2O) y gesti&oacute;n de datos (c&oacute;digos para almacenamiento, estudio y an&aacute;lisis estad&iacute;stico de datos), lo que garantiza una alta calidad en los servicios que ofrece el grupo.<\/p>\n<p>Visita la web del grupo en: <a href=\"https:\/\/ceigram.upm.es\/grupos-de-investigacion\/contaminacion-de-agrosistemas-por-practicas-agricolas-coapa\/\">https:\/\/ceigram.upm.es\/grupos-de-investigacion\/contaminacion-de-agrosistemas-por-practicas-agricolas-coapa\/<\/a><\/p>\n<hr \/>\n<h4>Referencias previas de prestaci&oacute;n<\/h4>\n<p>En los &uacute;ltimos 5 a&ntilde;os, el grupo ha participado 16 proyectos con empresas, fundaciones y asociaciones del sector de fertilizantes y asociaciones de productores; y dirigido 5 proyectos nacionales, 4 proyectos internacionales (<a href=\"https:\/\/agrogreensudoe.org\/\">AgroGreen-SUDOE<\/a>, <a href=\"http:\/\/www.inms.international\/\">Towards INMS<\/a>,<strong> <\/strong>International Atomic Energy Agency, International Institute for Applied Systems Analysis) y coordinado dos regional (<a href=\"https:\/\/www.agrisost.org\/\">AGRISOST<\/a>) en los que se han utilizado las tecnolog&iacute;as descritas en esta oferta.<\/p>\n<p><strong>Empresas con las que ha trabajado el grupo: <\/strong>Fertinagro Biotech S.L.&cedil; Eurochem Agro Iberia S.L.; Real Academia de Ingenier&iacute;a (RAING); Fundaci&oacute;n Biodiversidad<strong>&nbsp;<\/strong><\/p>\n<p><strong>Centros p&uacute;blicos de investigaci&oacute;n colaboradores: <\/strong>Centro de Investigaci&oacute;n y Tecnolog&iacute;a Agroalimentaria de Arag&oacute;n, Centro de Ciencias medioambientales-CSIC, Centro IFAPA (Junta de Andaluc&iacute;a),<\/p>\n<hr \/>\n<h4>Descripci&oacute;n del equipamiento<\/h4>\n<p><strong>Equipamiento del grupo COAPA para realizar medidas de emisiones contaminantes en sistemas agr&iacute;colas<\/strong>: Equipo de medida de NOx y NH3 para medida con c&aacute;maras abiertas (manual), ambos basados en quimioluminiscencia, instrumento para la medici&oacute;n de O3 basado en quimioluminiscencia, un juego de 90 muestreadores para la medici&oacute;n de NH3 mediante t&eacute;cnicas micrometereol&oacute;gicas, anem&oacute;metro s&oacute;nico, analizador CRDS para N2O, CH4, H2O vapor y CO2 (Picarro G2308 con sistema autom&aacute;tico de 15 c&aacute;maras), laboratorio de campo climatizado (8 m2), sistema de medici&oacute;n de NOx basado en quimioluminiscencia conectado a un sistema de 15 c&aacute;maras autom&aacute;ticas para medici&oacute;n in situ, veh&iacute;culo todoterreno (Suzuki Grand Vitara) con carro adaptado para instalaci&oacute;n de equipos de medida, analizador elemental &#8211; Leco TruMac CN y TOCN Analytik Jena 3100.<\/p>\n<hr \/>\n<h4>Solicitud del servicio<\/h4>\n<p>La <strong>solicitud <\/strong>del servicio se realizar&aacute; poni&eacute;ndose en contacto con el responsable cient&iacute;fico <strong>Dr.<em> <\/em><\/strong><strong>Antonio Vallejo<\/strong><strong> <\/strong>a trav&eacute;s del correo <a href=\"mailto:<span rel=\"68312a30a6313331ae313c31ad312c31b1312830c7310b31af313531bb312731c4311830b4311731a13115309c313a31\" class=\"cryptex \" style=\"\"><span class=\"CryptexImg ctxwZNqx0c-h_4LNMdh4tSGKg96sjETXWiUq-BXg-YvELI\"><\/span><\/span>\"><span rel=\"68312a30a6313331ae313c31ad312c31b1312830c7310b31af313531bb312731c4311830b4311731a13115309c313a31\" class=\"cryptex \" style=\"\"><span class=\"CryptexImg ctxwZNqx0c-h_4LNMdh4tSGKg96sjETXWiUq-BXg-YvELI\"><\/span><\/span><\/a> o con el Equipo de Gesti&oacute;n de Investigaci&oacute;n e Innovaci&oacute;n del CEIGRAM a trav&eacute;s del correo <a href=\"mailto:<span rel=\"68312a30a8312a31a3313431b1312431af312830b6311e31b6313231b7311e31b7311830b4311731a13115309c313a31\" class=\"cryptex \" style=\"\"><span class=\"CryptexImg ctxjA_b4RpR5RVqPON0xMCFZ_W3TXTESC8a_r71oHVn5LI\"><\/span><\/span>\"><span rel=\"68312a30a8312a31a3313431b1312431af312830b6311e31b6313231b7311e31b7311830b4311731a13115309c313a31\" class=\"cryptex \" style=\"\"><span class=\"CryptexImg ctxjA_b4RpR5RVqPON0xMCFZ_W3TXTESC8a_r71oHVn5LI\"><\/span><\/span><\/a><\/p>\n<hr \/>\n<div class=\"pdfprnt-buttons pdfprnt-buttons-product pdfprnt-bottom-left\"><a href=\"https:\/\/www.upm.es\/recursosidi\/wp-json\/wp\/v2\/product\/10275?print=pdf\" class=\"pdfprnt-button pdfprnt-button-pdf\" target=\"_blank\"><span class=\"pdfprnt-button-title pdfprnt-button-pdf-title\">Descargar ficha<\/span><\/a><\/div>","protected":false},"excerpt":{"rendered":"<p>Tecnolog\u00edas que permiten reducir las emisiones contaminantes de sistemas agr\u00edcolas basadas en el manejo de la fertilizaci\u00f3n nitrogenada y riego, el uso de inhibidores de la nitrificaci\u00f3n y ureasa, el manejo de sistemas autom\u00e1ticos de medida de gases en campo (NOx, NH3, N2O) y la gesti\u00f3n de datos.<\/p>\n","protected":false},"featured_media":10274,"template":"","meta":{"_acf_changed":false},"product_cat":[2395],"product_tag":[3794,3790,3796,3795,3797,3800,3798,3799,3791,3792,3793],"comunidades-upm":[],"quien":[],"mapa":[{"term_id":139,"name":"Agricultura, silvicultura, recursos naturales, usos de la tierra y crecimiento azul","slug":"agricultura-silvicultura-recursos_naturales-usos_tierra-crecimiento_azul","term_group":0,"term_taxonomy_id":139,"taxonomy":"mapa","description":"","parent":0,"count":43,"filter":"raw","term_order":"2"},{"term_id":133,"name":"Clima, Energ\u00eda y Movilidad","slug":"clima-energia-movilidad","term_group":0,"term_taxonomy_id":133,"taxonomy":"mapa","description":"","parent":0,"count":129,"filter":"raw","term_order":"9"},{"term_id":126,"name":"Tecnolog\u00edas digitales, Inteligencia Artificial, ciberseguridad, 5G, rob\u00f3tica","slug":"tecnologias_digitales-ai-ciberseguridad-5g-robotica","term_group":0,"term_taxonomy_id":126,"taxonomy":"mapa","description":"","parent":0,"count":194,"filter":"raw","term_order":"23"}],"disponibilidad":[{"term_id":204,"name":"Disponible","slug":"disponible","term_group":0,"term_taxonomy_id":204,"taxonomy":"disponibilidad","description":"","parent":0,"count":110,"filter":"raw","term_order":"0"}],"donde":[{"term_id":1782,"name":"Agricultural Environmental Risk Management Research and Study Centre (CEIGRAM). Joint UPM-ENESA-AGROSEGURO Centre","slug":"en_agricultural-environmental-risk-management-research-and-study-centre-ceigram-joint-upm-enesa-agroseguro-centre","term_group":0,"term_taxonomy_id":1782,"taxonomy":"donde","description":"","parent":0,"count":9,"filter":"raw","term_order":"0"},{"term_id":558,"name":"Centro de Estudios e Investigaci\u00f3n para la Gesti\u00f3n de Riesgos Agrarios y Medioambientales (CEIGRAM). Centro Mixto UPM-AGROSEGURO-ENESA","slug":"centro-de-estudios-e-investigacion-para-la-gestion-de-riesgos-agrarios-y-medioambientales-ceigram-centro-mixto-upm-agroseguro-enesa","term_group":0,"term_taxonomy_id":558,"taxonomy":"donde","description":"","parent":0,"count":12,"filter":"raw","term_order":"0"},{"term_id":334,"name":"Contaminaci\u00f3n de agroecosistemas por las pr\u00e1cticas agr\u00edcolas","slug":"contaminacion-de-agroecosistemas-por-las-practicas-agricolas","term_group":0,"term_taxonomy_id":334,"taxonomy":"donde","description":"En el periodo 1990-2000 el grupo centr&oacute; su actividad en el lavado de nitrato por pr&aacute;cticas agr&iacute;colas y en la evaluaci&oacute;n del balance de nitr&oacute;geno. Desde el 2000 el grupo ampli&oacute; su l&iacute;nea hacia la &ldquo;Evaluaci&oacute;n de emisiones de gases de efecto invernadero en suelos&rdquo;, que ocupa una parte importante de las actividades del grupo y que le ha dado gran reconocimiento a nivel internacional. Nuestros art&iacute;culos han servido de base para avanzar en las estrategias de mitigaci&oacute;n de emisiones de &oacute;xidos de nitr&oacute;geno y tambi&eacute;n de amoniaco en suelos de cultivo.\n&nbsp;\nEn los &uacute;ltimos 20 a&ntilde;os y de forma ininterrumpida el investigador principal del grupo ha mantenido proyectos del plan nacional (&aacute;rea de gricultura) y concretamente en esta l&iacute;nea. Tambi&eacute;n hemos participado en diferentes consorcios europeos y firmado numerosos contratos con empresas del sector de fertilizantes (como Fertiberia, Agrotain, K + S Plus Iberia, Koch Agronomic Services y EuroChem Agro Iberica) que han generado una parte importante de la financiaci&oacute;n de la investigaci&oacute;n. Algunos miembros del grupo mantienen activa la l&iacute;nea de micronutrientes con zinc en la que tambi&eacute;n han obtenido numerosas publicaciones.","parent":0,"count":2,"filter":"raw","term_order":"0"},{"term_id":1558,"name":"Contamination of agroecosystems caused by agricultural practices","slug":"en_contamination-of-agroecosystems-caused-by-agricultural-practices","term_group":0,"term_taxonomy_id":1558,"taxonomy":"donde","description":"En el periodo 1990-2000 el grupo centr&oacute; su actividad en el lavado de nitrato por pr&aacute;cticas agr&iacute;colas y en la evaluaci&oacute;n del balance de nitr&oacute;geno. Desde el 2000 el grupo ampli&oacute; su l&iacute;nea hacia la &ldquo;Evaluaci&oacute;n de emisiones de gases de efecto invernadero en suelos&rdquo;, que ocupa una parte importante de las actividades del grupo y que le ha dado gran reconocimiento a nivel internacional. Nuestros art&iacute;culos han servido de base para avanzar en las estrategias de mitigaci&oacute;n de emisiones de &oacute;xidos de nitr&oacute;geno y tambi&eacute;n de amoniaco en suelos de cultivo.\n&nbsp;\nEn los &uacute;ltimos 20 a&ntilde;os y de forma ininterrumpida el investigador principal del grupo ha mantenido proyectos del plan nacional (&aacute;rea de gricultura) y concretamente en esta l&iacute;nea. Tambi&eacute;n hemos participado en diferentes consorcios europeos y firmado numerosos contratos con empresas del sector de fertilizantes (como Fertiberia, Agrotain, K + S Plus Iberia, Koch Agronomic Services y EuroChem Agro Iberica) que han generado una parte importante de la financiaci&oacute;n de la investigaci&oacute;n. Algunos miembros del grupo mantienen activa la l&iacute;nea de micronutrientes con zinc en la que tambi&eacute;n han obtenido numerosas publicaciones.","parent":0,"count":2,"filter":"raw","term_order":"0"}],"infraestructura":[],"ods":[{"term_id":2231,"name":"Acci\u00f3n por el Clima","slug":"accion-por-el-clima","term_group":0,"term_taxonomy_id":2231,"taxonomy":"ods","description":"","parent":0,"count":67,"filter":"raw","term_order":"0"},{"term_id":2235,"name":"Producci\u00f3n y Consumo Responsables","slug":"produccion-y-consumo-responsables","term_group":0,"term_taxonomy_id":2235,"taxonomy":"ods","description":"","parent":0,"count":18,"filter":"raw","term_order":"0"}],"origen":[{"term_id":196,"name":"Infraestructuras, Instalaci\u00f3n, Equipo","slug":"infraestructuras","term_group":0,"term_taxonomy_id":196,"taxonomy":"origen","description":"","parent":0,"count":180,"filter":"raw","term_order":"0"}],"familia_tax":false,"quien_tax":false,"donde_tax":false,"year":"2015-01-01","contacto":"CEIGRAM C\/ Senda del Rey 13 Campus Sur de pr\u00e1cticas E.T.S. de Ingenier\u00eda Agron\u00f3mica, Alimentaria y de Biosistemas. Madrid 28040, Espa\u00f1a.","telefono":"910671134","pagina_web":"https:\/\/ceigram.upm.es\/oferta\/sostenibilidad-de-la-fertilizacion-nitrogenada\/ ","email":"antonio.vallejo@upm.es","id_ficha_portal":"320","video":"","adjuntos":false,"adjuntos_portal":"","inf":false,"departamento":"","acf":[],"lang":"es","translation":{"es":10275,"en":10277},"_links":{"self":[{"href":"https:\/\/www.upm.es\/recursosidi\/wp-json\/wp\/v2\/product\/10275"}],"collection":[{"href":"https:\/\/www.upm.es\/recursosidi\/wp-json\/wp\/v2\/product"}],"about":[{"href":"https:\/\/www.upm.es\/recursosidi\/wp-json\/wp\/v2\/types\/product"}],"wp:featuredmedia":[{"embeddable":true,"href":"https:\/\/www.upm.es\/recursosidi\/wp-json\/wp\/v2\/media\/10274"}],"wp:attachment":[{"href":"https:\/\/www.upm.es\/recursosidi\/wp-json\/wp\/v2\/media?parent=10275"}],"wp:term":[{"taxonomy":"product_cat","embeddable":true,"href":"https:\/\/www.upm.es\/recursosidi\/wp-json\/wp\/v2\/product_cat?post=10275"},{"taxonomy":"product_tag","embeddable":true,"href":"https:\/\/www.upm.es\/recursosidi\/wp-json\/wp\/v2\/product_tag?post=10275"},{"taxonomy":"comunidad_upm","embeddable":true,"href":"https:\/\/www.upm.es\/recursosidi\/wp-json\/wp\/v2\/comunidades-upm?post=10275"},{"taxonomy":"quien","embeddable":true,"href":"https:\/\/www.upm.es\/recursosidi\/wp-json\/wp\/v2\/quien?post=10275"},{"taxonomy":"mapa","embeddable":true,"href":"https:\/\/www.upm.es\/recursosidi\/wp-json\/wp\/v2\/mapa?post=10275"},{"taxonomy":"disponibilidad","embeddable":true,"href":"https:\/\/www.upm.es\/recursosidi\/wp-json\/wp\/v2\/disponibilidad?post=10275"},{"taxonomy":"donde","embeddable":true,"href":"https:\/\/www.upm.es\/recursosidi\/wp-json\/wp\/v2\/donde?post=10275"},{"taxonomy":"infraestructura","embeddable":true,"href":"https:\/\/www.upm.es\/recursosidi\/wp-json\/wp\/v2\/infraestructura?post=10275"},{"taxonomy":"ods","embeddable":true,"href":"https:\/\/www.upm.es\/recursosidi\/wp-json\/wp\/v2\/ods?post=10275"},{"taxonomy":"origen","embeddable":true,"href":"https:\/\/www.upm.es\/recursosidi\/wp-json\/wp\/v2\/origen?post=10275"}],"curies":[{"name":"wp","href":"https:\/\/api.w.org\/{rel}","templated":true}]}}