{"id":10277,"date":"2022-07-27T12:30:38","date_gmt":"2022-07-27T10:30:38","guid":{"rendered":"https:\/\/www.upm.es\/recursosidi\/offers-resources\/sin categor\u00eda\/nitrogen-fertilisation-and-sustainability\/"},"modified":"2022-07-27T12:30:39","modified_gmt":"2022-07-27T10:30:39","slug":"nitrogen-fertilisation-and-sustainability","status":"publish","type":"product","link":"https:\/\/www.upm.es\/recursosidi\/en\/offers-resources\/technological-scientific-services\/services-technological-scientific-services\/nitrogen-fertilisation-and-sustainability\/","title":{"rendered":"NITROGEN FERTILISATION AND SUSTAINABILITY"},"content":{"rendered":"<h2>Handling nitrogen fertilisation to reduce emissions<\/h2>\n<hr \/>\n<h4>Description of the services offered<br \/>\n                <!-- y tarifas --><br \/>\n            <\/h4>\n<ol>\n<li>Developing tests under real farming conditions<\/li>\n<li>Obtaining the GHG and NOx emission curve under various fertiliser formulas and irrigation systems with automatic measuring systems in-situ.<\/li>\n<li>\n                    <em \/>Carrying out tests with 15N to quantify processes in the N Quantification cycle of NH3 volatilisation using micro-meteorological techniques.<\/li>\n<li>Optimisation of fertiliser handling (inorganic and organic)<\/li>\n<\/ol>\n<hr \/>\n<h4>Needs requested and applications<\/h4>\n<p>The agricultural industry\u00bfs adaptation to the European Green Deal compels improvement to efficiency in the use of resources in agricultural systems over the next decade (2030). At the COAPA Research Group we do specialist reports and consultancy on greenhouse gas emissions and other contaminant gases on agricultural land (NH3 and NOx) and we help in designing and reviewing industrial research studies aimed at constructing innovative solutions. We provide facilities, equipment and human resources to carry out product studies and testing, and always seek the best way to protect the research results.<\/p>\n<hr \/>\n<h4>Sector or area of application<\/h4>\n<p>Fertiliser companies<\/p>\n<hr \/>\n<h4>Differential skills<\/h4>\n<p>The COAPA Group consists of 11 doctorate researchers, 3 trainee researchers and 2 technicians and is led by the Senior Lecturer, Antonio Vallejo. The services are carried out by specific staff with high technical and research qualifications in agriculture-based emission mitigation strategies (nitrogen fertiliser handling, use of nitrification and urease inhibitors, irrigation-fertilisation interaction and crop rotation), handling automatic gas measurement systems in the field (NOx, NH3, N2O) and data management (storage codes, data study and statistical analysis), which ensure the high quality of the services the group offers.<\/p>\n<p>Visit the group&#8217;s web site: <a href='https:\/\/ceigram.upm.es\/grupos-de-investigacion\/contaminacion-de-agrosistemas-por-practicas-agricolas-coapa\/'>https:\/\/ceigram.upm.es\/grupos-de-investigacion\/contaminacion-de-agrosistemas-por-practicas-agricolas-coapa\/<\/a>\n            <\/p>\n<hr \/>\n<h4>Previous references for provision of services<\/h4>\n<p>Over the past 5 years, the group has taken part in 16 projects with companies, foundations and associations in the fertiliser industry and associations of producers, and directed 5 Spanish projects and 4 international projects (<a href='https:\/\/agrogreensudoe.org\/'>AgroGreen-SUDOE<\/a>, <a href='http:\/\/www.inms.international\/'>Towards INMS<\/a>,<strong \/>International Atomic Energy Agency, International Institute for Applied Systems Analysis). It has also coordinated two regional projects (<a href='https:\/\/www.agrisost.org\/'>AGRISOST<\/a>) using the technology set out in this offer.<\/p>\n<p>\n                <strong>Enterprises the group has worked with: <\/strong>Fertinagro Biotech S.L.\u00bf Eurochem Agro Iberia S.L.; Real Academia de Ingenier\u00eda (RAING); Fundaci\u00f3n Biodiversidad<strong \/>\n            <\/p>\n<p>\n                <strong>Collaborating public research centres: <\/strong>Centro de Investigaci\u00f3n y Tecnolog\u00eda Agroalimentaria de Arag\u00f3n, Centro de Ciencias medioambientales-CSIC, Centro IFAPA (Andalusia Local Government)<\/p>\n<hr \/>\n<h4>Equipment description<\/h4>\n<p>\n                <strong>COAPA group&#8217;s equipment for taking measurements of polluting emissions in agricultural systems<\/strong>: Equipment for measuring NOx and NH3 for open chamber measurement (manual), both based on chemiluminescence; a chemiluminescence-based instrument for measuring O3; a set of 90 samplers for measuring NH3 using micro-meteorological techniques; sonic anemometer; CRDS analyser for N2O, CH4, H2O vapour and CO2 (Picarro G2308 with automatic 15 chamber system); air-conditioned field laboratory (8 m2); chemiluminescence-based NOx measuring system connected to a 15 chamber automatic measuring system in-situ; a 4&#215;4 vehicle (Suzuki Grand Vitara) with a trailer adapted for installation of measuring equipment; and an element analyser &#8211; Leco TruMac CN and TOCN Analytik Jena 3100.<\/p>\n<hr \/>\n<h4>Request for service<\/h4>\n<p>A <strong>request <\/strong>for service can be made by contacting the science officer <strong>Dr.<em \/><br \/>\n                <\/strong><br \/>\n                <strong>Antonio Vallejo<\/strong><br \/>\n                <strong \/>via the e-mail <a href='mailto:<span rel=\"6a31383097313731bf313f31b4311931b0312b30b4310e31a9311d31b9311d31c5310831a6312b31a33111309b313b31\" class=\"cryptex \" style=\"\"><span class=\"CryptexImg ctxwZNqx0c-h_4LNMdh4tSGKg96sjETXWiUq-BXg-YvELI\"><\/span><\/span>'><span rel=\"6a31383097313731bf313f31b4311931b0312b30b4310e31a9311d31b9311d31c5310831a6312b31a33111309b313b31\" class=\"cryptex \" style=\"\"><span class=\"CryptexImg ctxwZNqx0c-h_4LNMdh4tSGKg96sjETXWiUq-BXg-YvELI\"><\/span><\/span><\/a> or the CEIGRAM Research and Innovation Management Team, via the e-mail <a href='mailto:<span rel=\"6a31383099312e31b4313731b8311131ae312b30a3312131b0311a31b5311431b8310831a6312b31a33111309b313b31\" class=\"cryptex \" style=\"\"><span class=\"CryptexImg ctxjA_b4RpR5RVqPON0xMCFZ_W3TXTESC8a_r71oHVn5LI\"><\/span><\/span>'><span rel=\"6a31383099312e31b4313731b8311131ae312b30a3312131b0311a31b5311431b8310831a6312b31a33111309b313b31\" class=\"cryptex \" style=\"\"><span class=\"CryptexImg ctxjA_b4RpR5RVqPON0xMCFZ_W3TXTESC8a_r71oHVn5LI\"><\/span><\/span><\/a>\n            <\/p>\n<hr \/>\n<div class=\"pdfprnt-buttons pdfprnt-buttons-product pdfprnt-bottom-left\"><a href=\"https:\/\/www.upm.es\/recursosidi\/wp-json\/wp\/v2\/product\/10277?print=pdf\" class=\"pdfprnt-button pdfprnt-button-pdf\" target=\"_blank\"><span class=\"pdfprnt-button-title pdfprnt-button-pdf-title\">Descargar ficha<\/span><\/a><\/div>","protected":false},"excerpt":{"rendered":"<p>Technology that enables polluting emissions from agricultural systems to be reduced based on handling nitrogen fertiliser and irrigation, the use of nitrification and urease inhibitors, handling automatic gas measurement systems (NOx, NH3 and N20) in the field and data management.<\/p>\n","protected":false},"featured_media":10276,"template":"","meta":{"_acf_changed":false},"product_cat":[2403],"product_tag":[7627,7623,7639,7633,7635,7637,7625,7631,7619,7629,7621],"comunidades-upm":[],"quien":[],"mapa":[{"term_id":77,"name":"Agriculture, Forestry, Natural Resources, Land Use and Blue Growth","slug":"agriculture-forestry-natural_resources-land-use-blue_growth","term_group":0,"term_taxonomy_id":77,"taxonomy":"mapa","description":"","parent":0,"count":20,"filter":"raw","term_order":"1"},{"term_id":41,"name":"Climate, Energy and Mobility","slug":"climate-energy-mobility","term_group":0,"term_taxonomy_id":41,"taxonomy":"mapa","description":"","parent":0,"count":60,"filter":"raw","term_order":"10"},{"term_id":37,"name":"Digital Technologies, Artificial Intelligence, Cybersecurity, 5G, Robotics","slug":"digital_technologies-ai-cybersecurity-5g-robotics","term_group":0,"term_taxonomy_id":37,"taxonomy":"mapa","description":"","parent":0,"count":83,"filter":"raw","term_order":"24"}],"disponibilidad":[{"term_id":204,"name":"Disponible","slug":"disponible","term_group":0,"term_taxonomy_id":204,"taxonomy":"disponibilidad","description":"","parent":0,"count":110,"filter":"raw","term_order":"0"}],"donde":[{"term_id":1782,"name":"Agricultural Environmental Risk Management Research and Study Centre (CEIGRAM). Joint UPM-ENESA-AGROSEGURO Centre","slug":"en_agricultural-environmental-risk-management-research-and-study-centre-ceigram-joint-upm-enesa-agroseguro-centre","term_group":0,"term_taxonomy_id":1782,"taxonomy":"donde","description":"","parent":0,"count":9,"filter":"raw","term_order":"0"},{"term_id":558,"name":"Centro de Estudios e Investigaci\u00f3n para la Gesti\u00f3n de Riesgos Agrarios y Medioambientales (CEIGRAM). Centro Mixto UPM-AGROSEGURO-ENESA","slug":"centro-de-estudios-e-investigacion-para-la-gestion-de-riesgos-agrarios-y-medioambientales-ceigram-centro-mixto-upm-agroseguro-enesa","term_group":0,"term_taxonomy_id":558,"taxonomy":"donde","description":"","parent":0,"count":12,"filter":"raw","term_order":"0"},{"term_id":334,"name":"Contaminaci\u00f3n de agroecosistemas por las pr\u00e1cticas agr\u00edcolas","slug":"contaminacion-de-agroecosistemas-por-las-practicas-agricolas","term_group":0,"term_taxonomy_id":334,"taxonomy":"donde","description":"En el periodo 1990-2000 el grupo centr&oacute; su actividad en el lavado de nitrato por pr&aacute;cticas agr&iacute;colas y en la evaluaci&oacute;n del balance de nitr&oacute;geno. Desde el 2000 el grupo ampli&oacute; su l&iacute;nea hacia la &ldquo;Evaluaci&oacute;n de emisiones de gases de efecto invernadero en suelos&rdquo;, que ocupa una parte importante de las actividades del grupo y que le ha dado gran reconocimiento a nivel internacional. Nuestros art&iacute;culos han servido de base para avanzar en las estrategias de mitigaci&oacute;n de emisiones de &oacute;xidos de nitr&oacute;geno y tambi&eacute;n de amoniaco en suelos de cultivo.\n&nbsp;\nEn los &uacute;ltimos 20 a&ntilde;os y de forma ininterrumpida el investigador principal del grupo ha mantenido proyectos del plan nacional (&aacute;rea de gricultura) y concretamente en esta l&iacute;nea. Tambi&eacute;n hemos participado en diferentes consorcios europeos y firmado numerosos contratos con empresas del sector de fertilizantes (como Fertiberia, Agrotain, K + S Plus Iberia, Koch Agronomic Services y EuroChem Agro Iberica) que han generado una parte importante de la financiaci&oacute;n de la investigaci&oacute;n. Algunos miembros del grupo mantienen activa la l&iacute;nea de micronutrientes con zinc en la que tambi&eacute;n han obtenido numerosas publicaciones.","parent":0,"count":2,"filter":"raw","term_order":"0"},{"term_id":1558,"name":"Contamination of agroecosystems caused by agricultural practices","slug":"en_contamination-of-agroecosystems-caused-by-agricultural-practices","term_group":0,"term_taxonomy_id":1558,"taxonomy":"donde","description":"En el periodo 1990-2000 el grupo centr&oacute; su actividad en el lavado de nitrato por pr&aacute;cticas agr&iacute;colas y en la evaluaci&oacute;n del balance de nitr&oacute;geno. Desde el 2000 el grupo ampli&oacute; su l&iacute;nea hacia la &ldquo;Evaluaci&oacute;n de emisiones de gases de efecto invernadero en suelos&rdquo;, que ocupa una parte importante de las actividades del grupo y que le ha dado gran reconocimiento a nivel internacional. Nuestros art&iacute;culos han servido de base para avanzar en las estrategias de mitigaci&oacute;n de emisiones de &oacute;xidos de nitr&oacute;geno y tambi&eacute;n de amoniaco en suelos de cultivo.\n&nbsp;\nEn los &uacute;ltimos 20 a&ntilde;os y de forma ininterrumpida el investigador principal del grupo ha mantenido proyectos del plan nacional (&aacute;rea de gricultura) y concretamente en esta l&iacute;nea. Tambi&eacute;n hemos participado en diferentes consorcios europeos y firmado numerosos contratos con empresas del sector de fertilizantes (como Fertiberia, Agrotain, K + S Plus Iberia, Koch Agronomic Services y EuroChem Agro Iberica) que han generado una parte importante de la financiaci&oacute;n de la investigaci&oacute;n. Algunos miembros del grupo mantienen activa la l&iacute;nea de micronutrientes con zinc en la que tambi&eacute;n han obtenido numerosas publicaciones.","parent":0,"count":2,"filter":"raw","term_order":"0"}],"infraestructura":[],"ods":[{"term_id":2233,"name":"Climate Action","slug":"climate-action","term_group":0,"term_taxonomy_id":2233,"taxonomy":"ods","description":"","parent":0,"count":64,"filter":"raw","term_order":"0"},{"term_id":2237,"name":"Responsible Consumption and Production","slug":"responsible-consumption-and-production","term_group":0,"term_taxonomy_id":2237,"taxonomy":"ods","description":"","parent":0,"count":15,"filter":"raw","term_order":"0"}],"origen":[{"term_id":196,"name":"Infraestructuras, Instalaci\u00f3n, Equipo","slug":"infraestructuras","term_group":0,"term_taxonomy_id":196,"taxonomy":"origen","description":"","parent":0,"count":180,"filter":"raw","term_order":"0"}],"familia_tax":false,"quien_tax":false,"donde_tax":false,"year":"2015-01-01","contacto":"CEIGRAM C\/ Senda del Rey 13 Campus Sur de pr\u00e1cticas E.T.S. de Ingenier\u00eda Agron\u00f3mica, Alimentaria y de Biosistemas. Madrid 28040, Espa\u00f1a.","telefono":"910671134","pagina_web":"https:\/\/ceigram.upm.es\/oferta\/sostenibilidad-de-la-fertilizacion-nitrogenada\/ ","email":"antonio.vallejo@upm.es","id_ficha_portal":"320","video":"","adjuntos":false,"adjuntos_portal":"","inf":false,"departamento":"","acf":[],"lang":"en","translation":{"en":10277,"es":10275},"_links":{"self":[{"href":"https:\/\/www.upm.es\/recursosidi\/wp-json\/wp\/v2\/product\/10277"}],"collection":[{"href":"https:\/\/www.upm.es\/recursosidi\/wp-json\/wp\/v2\/product"}],"about":[{"href":"https:\/\/www.upm.es\/recursosidi\/wp-json\/wp\/v2\/types\/product"}],"wp:featuredmedia":[{"embeddable":true,"href":"https:\/\/www.upm.es\/recursosidi\/wp-json\/wp\/v2\/media\/10276"}],"wp:attachment":[{"href":"https:\/\/www.upm.es\/recursosidi\/wp-json\/wp\/v2\/media?parent=10277"}],"wp:term":[{"taxonomy":"product_cat","embeddable":true,"href":"https:\/\/www.upm.es\/recursosidi\/wp-json\/wp\/v2\/product_cat?post=10277"},{"taxonomy":"product_tag","embeddable":true,"href":"https:\/\/www.upm.es\/recursosidi\/wp-json\/wp\/v2\/product_tag?post=10277"},{"taxonomy":"comunidad_upm","embeddable":true,"href":"https:\/\/www.upm.es\/recursosidi\/wp-json\/wp\/v2\/comunidades-upm?post=10277"},{"taxonomy":"quien","embeddable":true,"href":"https:\/\/www.upm.es\/recursosidi\/wp-json\/wp\/v2\/quien?post=10277"},{"taxonomy":"mapa","embeddable":true,"href":"https:\/\/www.upm.es\/recursosidi\/wp-json\/wp\/v2\/mapa?post=10277"},{"taxonomy":"disponibilidad","embeddable":true,"href":"https:\/\/www.upm.es\/recursosidi\/wp-json\/wp\/v2\/disponibilidad?post=10277"},{"taxonomy":"donde","embeddable":true,"href":"https:\/\/www.upm.es\/recursosidi\/wp-json\/wp\/v2\/donde?post=10277"},{"taxonomy":"infraestructura","embeddable":true,"href":"https:\/\/www.upm.es\/recursosidi\/wp-json\/wp\/v2\/infraestructura?post=10277"},{"taxonomy":"ods","embeddable":true,"href":"https:\/\/www.upm.es\/recursosidi\/wp-json\/wp\/v2\/ods?post=10277"},{"taxonomy":"origen","embeddable":true,"href":"https:\/\/www.upm.es\/recursosidi\/wp-json\/wp\/v2\/origen?post=10277"}],"curies":[{"name":"wp","href":"https:\/\/api.w.org\/{rel}","templated":true}]}}