{"id":10283,"date":"2022-07-27T12:30:53","date_gmt":"2022-07-27T10:30:53","guid":{"rendered":"https:\/\/www.upm.es\/recursosidi\/offers-resources\/sin categor\u00eda\/fotolitografia-por-proyeccion-de-mascara-en-el-uv\/"},"modified":"2022-07-27T12:31:07","modified_gmt":"2022-07-27T10:31:07","slug":"fotolitografia-por-proyeccion-de-mascara-en-el-uv","status":"publish","type":"product","link":"https:\/\/www.upm.es\/recursosidi\/offers-resources\/servicios-cientifico-tecnologico\/servicios-servicios-cientifico-tecnologico\/fotolitografia-por-proyeccion-de-mascara-en-el-uv\/","title":{"rendered":"Fotolitograf\u00eda por Proyecci\u00f3n de M\u00e1scara en el UV"},"content":{"rendered":"<h2>Servicios cient&iacute;fico &#8211; tecnol&oacute;gicos<\/h2>\n<h4>Fotolitograf&iacute;a por Proyecci&oacute;n de M&aacute;scara en el UV<!--  tarifado --><\/h4>\n<p>KEYWORDS: micro fabricaci&oacute;n, nano fabricaci&oacute;n, litograf&iacute;a, fotolitograf&iacute;a.<\/p>\n<hr \/>\n<h4>Descripci&oacute;n de los servicios que se ofrecen <!-- y tarifas --><\/h4>\n<p>La m&aacute;quina de fotolitograf&iacute;a disponible fabrica microestructuras a nivel de oblea mediante la proyecci&oacute;n de m&aacute;scara. El equipo en cuesti&oacute;n cuenta con una alineadora de m&aacute;scaras que permite la fabricaci&oacute;n de estructuras compuestas por multicapas. Adem&aacute;s de la m&aacute;quina se dispone de placas calefactoras para el curado de la fotorresina y una campana de flujo laminar que evita la contaminaci&oacute;n y suciedad sobre las obleas.<br \/>El servicio prestado puede ser adaptado a las necesidades de quien lo demande, diferenciando el servicio en diferentes procesos:&nbsp;<br \/>&bull; &nbsp; &nbsp;Fotolitograf&iacute;a y revelado<br \/>&bull; &nbsp; &nbsp;Dep&oacute;sito de fotorresina, fotolitograf&iacute;a y revelado<br \/>&bull; &nbsp; &nbsp;Dep&oacute;sito de fotorresina, caracterizaci&oacute;n del espesor, fotolitograf&iacute;a y revelado<br \/>Tambi&eacute;n se ofrece el alquiler de una m&aacute;scara de litograf&iacute;a o el dise&ntilde;o y fabricaci&oacute;n de una ad hoc.&nbsp;<br \/><!-- Recuerda que estas tarifas ser\u00e1n las oficiales aprobadas en Consejo de Direcci\u00f3n y Consejo Social. --><\/p>\n<hr \/>\n<h4>Necesidades demandadas y aplicaciones<\/h4>\n<p>La integraci&oacute;n y miniaturizaci&oacute;n est&aacute; a la orden del d&iacute;a. Mediante la fotolitograf&iacute;a se pueden integrar m&uacute;ltiples estructuras de varias capas en un solo circuito.&nbsp;<\/p>\n<hr \/>\n<h4>Sector o &aacute;rea de aplicaci&oacute;n<\/h4>\n<p>Micro y nano fabricaci&oacute;n<\/p>\n<hr \/>\n<h4>Competencias diferenciales<\/h4>\n<p>Este equipo de fabricaci&oacute;n permite innovar con m&uacute;ltiples materiales y geometr&iacute;as. Gracias al microscopio que incluye permite posicionarse con gran precisi&oacute;n sobre estructuras previamente fabricadas. Adem&aacute;s, complementando este equipo con el resto de instrumentos de caracterizaci&oacute;n &oacute;ptica, la fabricaci&oacute;n puede ser supervisada en todo momento.<\/p>\n<hr \/>\n<p>&nbsp;<\/p>\n<h4>Descripci&oacute;n del equipamiento<\/h4>\n<p>M&aacute;quina de fotolitograf&iacute;a por proyecci&oacute;n de m&aacute;scara MA-6 de la casa comercial S&Uuml;SS MicroTec GmbH. &nbsp;La exposici&oacute;n de luz ultravioleta se realiza a trav&eacute;s de una l&aacute;mpara de vapor de mercurio cuyos picos de emisi&oacute;n son principalmente: 435.8 nm (g-line), 404.7 nm (h-line) y 365.4 nm (i-line). La litograf&iacute;a se puede hacer tanto para obleas de 6&rdquo; como para sustratos de menor tama&ntilde;o.&nbsp;<br \/>Por otra parte, se dispone de un stock de m&aacute;scaras de litograf&iacute;a que puede alquilarse:&nbsp;<br \/>&bull; &nbsp; &nbsp;M&aacute;scara para Chips de 65 celdas de 200um (6&#8243;).<br \/>&bull; &nbsp; &nbsp;M&aacute;scara para Chips de 65 celdas de 100um (6&#8243;).<br \/>&bull; &nbsp; &nbsp;M&aacute;scara para Chips de 16 celdas de 200um (4&#8243;).<br \/>&bull; &nbsp; &nbsp;M&aacute;scara para Chips de 3 celdas de 100um (4&#8243;). M&aacute;scara negativa y positiva.<br \/>&bull; &nbsp; &nbsp;M&aacute;scara para Chips de 3 celdas de 200um (4&#8243;). M&aacute;scara negativa y positiva.<br \/>&bull; &nbsp; &nbsp;M&aacute;scara para Chips de 3 celdas de 800um (4&#8243;).&nbsp;<br \/>&bull; &nbsp; &nbsp;Varias m&aacute;scaras con patrones diferentes, para referencias o temas de investigaci&oacute;n.<\/p>\n<p><img fetchpriority=\"high\" decoding=\"async\" src=\"\/recursosidi\/wp-content\/uploads_kairos\/ficha_270\/IMG1621347675763\" alt=\"\" width=\"960\" height=\"720\" \/><\/p>\n<hr \/>\n<h4>Solicitud del servicio<\/h4>\n<p>Contactar v&iacute;a mail indicando en el asunto &ldquo;PRESTACI&Oacute;N DE SERVICIO&rdquo; y en el cuerpo del e-mail el servicio del que se trata y una descripci&oacute;n aproximada de lo que se quiere realizar y tiempo necesario.&nbsp;<br \/>Mails de contacto: <span rel=\"69311a30a0311b319a313a317e312931bd310e3195310730a831383196311f31ae311b30bd313031bb31\" class=\"cryptex \" style=\"\"><span class=\"CryptexImg ctxZ5zl9HoVnZNEqzBxjsG0JnLi0uIUNxOYBTvRE3cwReE\"><\/span><\/span> o <span rel=\"69311a3099311231a8314331c5311030c1310931a1312d31a231383196312831ab3118319a313631be31223185312f31a531\" class=\"cryptex \" style=\"\"><span class=\"CryptexImg ctxRF8ZoT4XTy1M2NiT3l6jBlSkihRczS9MpsP31WotjE4\"><\/span><\/span><\/p>\n<hr \/>\n<div class=\"pdfprnt-buttons pdfprnt-buttons-product pdfprnt-bottom-left\"><a href=\"https:\/\/www.upm.es\/recursosidi\/wp-json\/wp\/v2\/product\/10283?print=pdf\" class=\"pdfprnt-button pdfprnt-button-pdf\" target=\"_blank\"><span class=\"pdfprnt-button-title pdfprnt-button-pdf-title\">Descargar ficha<\/span><\/a><\/div>","protected":false},"excerpt":{"rendered":"<p>Nano y micro fabricaci\u00f3n mediante la t\u00e9cnica de fotolitograf\u00eda por proyecci\u00f3n de m\u00e1scara para fotorresinas sensibles al ultravioleta. <\/p>\n","protected":false},"featured_media":10278,"template":"","meta":{"_acf_changed":false},"product_cat":[2395],"product_tag":[3468,2592,3442,3441],"comunidades-upm":[],"quien":[],"mapa":[{"term_id":137,"name":"Bioeconom\u00eda, Biotecnolog\u00eda y Sistemas Alimentarios","slug":"bioeconomia-biotecnologia-sistemas_alimentarios","term_group":0,"term_taxonomy_id":137,"taxonomy":"mapa","description":"","parent":0,"count":45,"filter":"raw","term_order":"6"},{"term_id":2405,"name":"Ciencia para la ingenier\u00eda y la arquitectura","slug":"ciencia-para-ingenieria-y-arquitectura","term_group":0,"term_taxonomy_id":2405,"taxonomy":"mapa","description":"","parent":0,"count":127,"filter":"raw","term_order":"7"},{"term_id":135,"name":"Industria, materiales y econom\u00eda circular","slug":"industria-materiales-economia_circular","term_group":0,"term_taxonomy_id":135,"taxonomy":"mapa","description":"","parent":0,"count":165,"filter":"raw","term_order":"13"},{"term_id":141,"name":"Innovaci\u00f3n Social, Ciencia Abierta, Gobernanza, y Ciencias de la Educaci\u00f3n","slug":"innovacion_social-ciencia_abierta-gobernanza-ciencia-educacion","term_group":0,"term_taxonomy_id":141,"taxonomy":"mapa","description":"","parent":0,"count":14,"filter":"raw","term_order":"15"}],"disponibilidad":[{"term_id":204,"name":"Disponible","slug":"disponible","term_group":0,"term_taxonomy_id":204,"taxonomy":"disponibilidad","description":"","parent":0,"count":110,"filter":"raw","term_order":"0"}],"donde":[{"term_id":1780,"name":"Center for Biomedical Technology","slug":"en_center-for-biomedical-technology","term_group":0,"term_taxonomy_id":1780,"taxonomy":"donde","description":"","parent":0,"count":56,"filter":"raw","term_order":"0"},{"term_id":556,"name":"Centro de Tecnolog\u00eda Biom\u00e9dica (CTB)","slug":"centro-de-tecnologia-biomedica-ctb","term_group":0,"term_taxonomy_id":556,"taxonomy":"donde","description":"","parent":0,"count":84,"filter":"raw","term_order":"0"},{"term_id":652,"name":"Grupo de \u00d3ptica F\u00f3tonica y Biofot\u00f3nica (GOFB)","slug":"grupo-de-optica-fotonica-y-biofotonica-gofb","term_group":0,"term_taxonomy_id":652,"taxonomy":"donde","description":"Nuestro objetivo principal es investigar y desarrollar sistemas &oacute;pticos y fot&oacute;nicos para aplicaciones biol&oacute;gicas y opto-qu&iacute;micas como puedan ser sistemas <em>Point-of-Care <\/em>para diagn&oacute;stico <em>In-Vitro<\/em>, sistemas para an&aacute;lisis y diagn&oacute;stico el l&iacute;quidos, chips y micro-chips para sistemas de detecci&oacute;n y para aplicaciones <em>body-on-a-chip.<\/em> Para alcanzar este objetivo nos centramos en diversas &aacute;reas de investigaci&oacute;n:\n&nbsp;\n\nSimulaci&oacute;n de estructuras micro y nano fot&oacute;nicas\nMicro-nano fabricaci&oacute;n de transductores&nbsp; en chips y biochips\nCaracterizaci&oacute;n &oacute;ptica avanzada de transductores\nDesarrollo de sistemas &oacute;ptica avanzados\nMicro y nano flu&iacute;dica\nFuncionalizaci&oacute;n y biofuncionalizaci&oacute;n de superficies\nInmunoensayos y bioqu&iacute;mica\n","parent":0,"count":15,"filter":"raw","term_order":"0"},{"term_id":1872,"name":"Photonic and Biophotonic Optics Group (GOFB)","slug":"en_photonic-and-biophotonic-optics-group-gofb","term_group":0,"term_taxonomy_id":1872,"taxonomy":"donde","description":"Nuestro objetivo principal es investigar y desarrollar sistemas &oacute;pticos y fot&oacute;nicos para aplicaciones biol&oacute;gicas y opto-qu&iacute;micas como puedan ser sistemas <em>Point-of-Care <\/em>para diagn&oacute;stico <em>In-Vitro<\/em>, sistemas para an&aacute;lisis y diagn&oacute;stico el l&iacute;quidos, chips y micro-chips para sistemas de detecci&oacute;n y para aplicaciones <em>body-on-a-chip.<\/em> Para alcanzar este objetivo nos centramos en diversas &aacute;reas de investigaci&oacute;n:\n&nbsp;\n\nSimulaci&oacute;n de estructuras micro y nano fot&oacute;nicas\nMicro-nano fabricaci&oacute;n de transductores&nbsp; en chips y biochips\nCaracterizaci&oacute;n &oacute;ptica avanzada de transductores\nDesarrollo de sistemas &oacute;ptica avanzados\nMicro y nano flu&iacute;dica\nFuncionalizaci&oacute;n y biofuncionalizaci&oacute;n de superficies\nInmunoensayos y bioqu&iacute;mica\n","parent":0,"count":12,"filter":"raw","term_order":"0"}],"infraestructura":[],"ods":[{"term_id":2231,"name":"Acci\u00f3n por el Clima","slug":"accion-por-el-clima","term_group":0,"term_taxonomy_id":2231,"taxonomy":"ods","description":"","parent":0,"count":67,"filter":"raw","term_order":"0"},{"term_id":2239,"name":"Ciudades y Comunidades Sostenibles","slug":"ciudades-y-comunidades-sostenibles","term_group":0,"term_taxonomy_id":2239,"taxonomy":"ods","description":"","parent":0,"count":43,"filter":"raw","term_order":"0"},{"term_id":2267,"name":"Educaci\u00f3n de Calidad","slug":"educacion-de-calidad","term_group":0,"term_taxonomy_id":2267,"taxonomy":"ods","description":"","parent":0,"count":14,"filter":"raw","term_order":"0"},{"term_id":2255,"name":"Energ\u00eda Asequible y no Contaminante","slug":"energia-asequible-y-no-contaminante","term_group":0,"term_taxonomy_id":2255,"taxonomy":"ods","description":"","parent":0,"count":34,"filter":"raw","term_order":"0"},{"term_id":2247,"name":"Industria, Innovaci\u00f3n e Infraestructura","slug":"industria-innovacion-e-infraestructura","term_group":0,"term_taxonomy_id":2247,"taxonomy":"ods","description":"","parent":0,"count":171,"filter":"raw","term_order":"0"},{"term_id":2235,"name":"Producci\u00f3n y Consumo Responsables","slug":"produccion-y-consumo-responsables","term_group":0,"term_taxonomy_id":2235,"taxonomy":"ods","description":"","parent":0,"count":18,"filter":"raw","term_order":"0"}],"origen":[{"term_id":196,"name":"Infraestructuras, Instalaci\u00f3n, Equipo","slug":"infraestructuras","term_group":0,"term_taxonomy_id":196,"taxonomy":"origen","description":"","parent":0,"count":180,"filter":"raw","term_order":"0"}],"familia_tax":false,"quien_tax":false,"donde_tax":false,"year":"2021-01-01","contacto":"Centro de Tecnolog\u00eda Biom\u00e9dica\r\nCampus Montegancedo de la Universidad Polit\u00e9cnica de Madrid\r\nCrta. M-40, Km 38\r\n28223 Pozuelo de Alarc\u00f3n","telefono":"910679312","pagina_web":"http:\/\/gofb-upm.es\/ma6-photolithography\/","email":"info.gofb@gmail.com","id_ficha_portal":"270","video":"","adjuntos":false,"adjuntos_portal":"","inf":false,"departamento":"","acf":[],"lang":"es","translation":{"es":10283,"en":10289},"_links":{"self":[{"href":"https:\/\/www.upm.es\/recursosidi\/wp-json\/wp\/v2\/product\/10283"}],"collection":[{"href":"https:\/\/www.upm.es\/recursosidi\/wp-json\/wp\/v2\/product"}],"about":[{"href":"https:\/\/www.upm.es\/recursosidi\/wp-json\/wp\/v2\/types\/product"}],"wp:featuredmedia":[{"embeddable":true,"href":"https:\/\/www.upm.es\/recursosidi\/wp-json\/wp\/v2\/media\/10278"}],"wp:attachment":[{"href":"https:\/\/www.upm.es\/recursosidi\/wp-json\/wp\/v2\/media?parent=10283"}],"wp:term":[{"taxonomy":"product_cat","embeddable":true,"href":"https:\/\/www.upm.es\/recursosidi\/wp-json\/wp\/v2\/product_cat?post=10283"},{"taxonomy":"product_tag","embeddable":true,"href":"https:\/\/www.upm.es\/recursosidi\/wp-json\/wp\/v2\/product_tag?post=10283"},{"taxonomy":"comunidad_upm","embeddable":true,"href":"https:\/\/www.upm.es\/recursosidi\/wp-json\/wp\/v2\/comunidades-upm?post=10283"},{"taxonomy":"quien","embeddable":true,"href":"https:\/\/www.upm.es\/recursosidi\/wp-json\/wp\/v2\/quien?post=10283"},{"taxonomy":"mapa","embeddable":true,"href":"https:\/\/www.upm.es\/recursosidi\/wp-json\/wp\/v2\/mapa?post=10283"},{"taxonomy":"disponibilidad","embeddable":true,"href":"https:\/\/www.upm.es\/recursosidi\/wp-json\/wp\/v2\/disponibilidad?post=10283"},{"taxonomy":"donde","embeddable":true,"href":"https:\/\/www.upm.es\/recursosidi\/wp-json\/wp\/v2\/donde?post=10283"},{"taxonomy":"infraestructura","embeddable":true,"href":"https:\/\/www.upm.es\/recursosidi\/wp-json\/wp\/v2\/infraestructura?post=10283"},{"taxonomy":"ods","embeddable":true,"href":"https:\/\/www.upm.es\/recursosidi\/wp-json\/wp\/v2\/ods?post=10283"},{"taxonomy":"origen","embeddable":true,"href":"https:\/\/www.upm.es\/recursosidi\/wp-json\/wp\/v2\/origen?post=10283"}],"curies":[{"name":"wp","href":"https:\/\/api.w.org\/{rel}","templated":true}]}}