{"id":10292,"date":"2022-07-27T12:31:17","date_gmt":"2022-07-27T10:31:17","guid":{"rendered":"https:\/\/www.upm.es\/recursosidi\/offers-resources\/sin categor\u00eda\/impresion-3-d\/"},"modified":"2022-07-27T12:31:26","modified_gmt":"2022-07-27T10:31:26","slug":"impresion-3-d","status":"publish","type":"product","link":"https:\/\/www.upm.es\/recursosidi\/offers-resources\/servicios-cientifico-tecnologico\/servicios-servicios-cientifico-tecnologico\/impresion-3-d\/","title":{"rendered":"Impresi\u00f3n 3-D"},"content":{"rendered":"<h2>Servicios cient&iacute;fico &#8211; tecnol&oacute;gicos<\/h2>\n<h4>Impresi&oacute;n 3-D<!--  tarifado --><\/h4>\n<p>KEYWORDS: fabricaci&oacute;n, impresi&oacute;n 3-D, PLA, ABS, filamento, extrusi&oacute;n, dise&ntilde;o.<\/p>\n<hr \/>\n<h4>Descripci&oacute;n de los servicios que se ofrecen <!-- y tarifas --><\/h4>\n<p>Impresi&oacute;n 3-D mediante la t&eacute;cnica de extrusi&oacute;n de pl&aacute;sticos. &Eacute;sta es realizada a partir de dise&ntilde;os precargados mediante programas de CAD. Dentro del servicio de impresi&oacute;n tambi&eacute;n se ofrece el servicio de dise&ntilde;o del prototipo a imprimir.<!-- Recuerda que estas tarifas ser\u00e1n las oficiales aprobadas en Consejo de Direcci\u00f3n y Consejo Social. --><\/p>\n<hr \/>\n<h4>Necesidades demandadas y aplicaciones<\/h4>\n<p>Uso principal para prototipado de piezas de pl&aacute;stico para set-up experimentales. Posibilidad de impresi&oacute;n en varios materiales.<\/p>\n<hr \/>\n<h4>Sector o &aacute;rea de aplicaci&oacute;n<\/h4>\n<p>Dise&ntilde;o industrial y fabricaci&oacute;n.<\/p>\n<hr \/>\n<h4>Descripci&oacute;n del equipamiento<\/h4>\n<p>La m&aacute;quina es una impresora 3-D Ultimaker 2 de la marca Ultimaker con las siguientes especificaciones t&eacute;cnicas:&nbsp;<\/p>\n<p>&bull; &nbsp; &nbsp;Volumen de impresi&oacute;n: 223 &times; 223 &times; 205 mm<br \/>&bull; &nbsp; &nbsp;Boquillas intercambiables (0.25, 0.4, 0.6 y 0.8 mm)<br \/>&bull; &nbsp; &nbsp;Calentador de 35W<br \/>&bull; &nbsp; &nbsp;Flujo de aire optimizado<br \/>&bull; &nbsp; &nbsp;Feeder mecanizado<br \/>&bull; &nbsp; &nbsp;Plataforma de impresi&oacute;n calefactada de cristal<br \/>&bull; &nbsp; &nbsp;Gran volumen de impresi&oacute;n<br \/>&bull; &nbsp; &nbsp;Resoluci&oacute;n de capa de 600 a 20 micras<br \/>&bull; &nbsp; &nbsp;Se pueden usar filamentos de terceros (ABS, PLA, PETG, NYLON&hellip;)<\/p>\n<hr \/>\n<h4>Solicitud del servicio<\/h4>\n<p>Contactar v&iacute;a mail indicando en el asunto &ldquo;PRESTACI&Oacute;N DE SERVICIO&rdquo; y en el cuerpo del e-mail el servicio del que se trata y una descripci&oacute;n aproximada de lo que se quiere realizar y tiempo necesario.<\/p>\n<p>Mails de contacto: <a href=\"mailto:<span rel=\"72311530b1311f319f3125315f312631bb311131bc310531c1312831b2311731af311c3097313e31c731\" class=\"cryptex \" style=\"\"><span class=\"CryptexImg ctxZ5zl9HoVnZNEqzBxjsG0JnLi0uIUNxOYBTvRE3cwReE\"><\/span><\/span>\"><span rel=\"72311530b1311f319f3125315f312631bb311131bc310531c1312831b2311731af311c3097313e31c731\" class=\"cryptex \" style=\"\"><span class=\"CryptexImg ctxZ5zl9HoVnZNEqzBxjsG0JnLi0uIUNxOYBTvRE3cwReE\"><\/span><\/span><\/a> o <a href=\"mailto:<span rel=\"72311530aa311631ad312e31a6311330bf310c31c8313931bb312831b2312031ac31173174314431ca31333172312031ac31\" class=\"cryptex \" style=\"\"><span class=\"CryptexImg ctxRF8ZoT4XTy1M2NiT3l6jBlSkihRczS9MpsP31WotjE4\"><\/span><\/span>\"><span rel=\"72311530aa311631ad312e31a6311330bf310c31c8313931bb312831b2312031ac31173174314431ca31333172312031ac31\" class=\"cryptex \" style=\"\"><span class=\"CryptexImg ctxRF8ZoT4XTy1M2NiT3l6jBlSkihRczS9MpsP31WotjE4\"><\/span><\/span><\/a><\/p>\n<hr \/>\n<div class=\"pdfprnt-buttons pdfprnt-buttons-product pdfprnt-bottom-left\"><a href=\"https:\/\/www.upm.es\/recursosidi\/wp-json\/wp\/v2\/product\/10292?print=pdf\" class=\"pdfprnt-button pdfprnt-button-pdf\" target=\"_blank\"><span class=\"pdfprnt-button-title pdfprnt-button-pdf-title\">Descargar ficha<\/span><\/a><\/div>","protected":false},"excerpt":{"rendered":"<p>Fabricaci\u00f3n mediante impresora 3-D<\/p>\n","protected":false},"featured_media":10290,"template":"","meta":{"_acf_changed":false},"product_cat":[2395],"product_tag":[3460,3463,3462,2672,3461,3458,3459],"comunidades-upm":[],"quien":[],"mapa":[{"term_id":137,"name":"Bioeconom\u00eda, Biotecnolog\u00eda y Sistemas Alimentarios","slug":"bioeconomia-biotecnologia-sistemas_alimentarios","term_group":0,"term_taxonomy_id":137,"taxonomy":"mapa","description":"","parent":0,"count":45,"filter":"raw","term_order":"6"},{"term_id":2405,"name":"Ciencia para la ingenier\u00eda y la arquitectura","slug":"ciencia-para-ingenieria-y-arquitectura","term_group":0,"term_taxonomy_id":2405,"taxonomy":"mapa","description":"","parent":0,"count":127,"filter":"raw","term_order":"7"},{"term_id":135,"name":"Industria, materiales y econom\u00eda circular","slug":"industria-materiales-economia_circular","term_group":0,"term_taxonomy_id":135,"taxonomy":"mapa","description":"","parent":0,"count":165,"filter":"raw","term_order":"13"},{"term_id":141,"name":"Innovaci\u00f3n Social, Ciencia Abierta, Gobernanza, y Ciencias de la Educaci\u00f3n","slug":"innovacion_social-ciencia_abierta-gobernanza-ciencia-educacion","term_group":0,"term_taxonomy_id":141,"taxonomy":"mapa","description":"","parent":0,"count":14,"filter":"raw","term_order":"15"}],"disponibilidad":[{"term_id":204,"name":"Disponible","slug":"disponible","term_group":0,"term_taxonomy_id":204,"taxonomy":"disponibilidad","description":"","parent":0,"count":110,"filter":"raw","term_order":"0"}],"donde":[{"term_id":1780,"name":"Center for Biomedical Technology","slug":"en_center-for-biomedical-technology","term_group":0,"term_taxonomy_id":1780,"taxonomy":"donde","description":"","parent":0,"count":56,"filter":"raw","term_order":"0"},{"term_id":556,"name":"Centro de Tecnolog\u00eda Biom\u00e9dica (CTB)","slug":"centro-de-tecnologia-biomedica-ctb","term_group":0,"term_taxonomy_id":556,"taxonomy":"donde","description":"","parent":0,"count":84,"filter":"raw","term_order":"0"},{"term_id":652,"name":"Grupo de \u00d3ptica F\u00f3tonica y Biofot\u00f3nica (GOFB)","slug":"grupo-de-optica-fotonica-y-biofotonica-gofb","term_group":0,"term_taxonomy_id":652,"taxonomy":"donde","description":"Nuestro objetivo principal es investigar y desarrollar sistemas &oacute;pticos y fot&oacute;nicos para aplicaciones biol&oacute;gicas y opto-qu&iacute;micas como puedan ser sistemas <em>Point-of-Care <\/em>para diagn&oacute;stico <em>In-Vitro<\/em>, sistemas para an&aacute;lisis y diagn&oacute;stico el l&iacute;quidos, chips y micro-chips para sistemas de detecci&oacute;n y para aplicaciones <em>body-on-a-chip.<\/em> Para alcanzar este objetivo nos centramos en diversas &aacute;reas de investigaci&oacute;n:\n&nbsp;\n\nSimulaci&oacute;n de estructuras micro y nano fot&oacute;nicas\nMicro-nano fabricaci&oacute;n de transductores&nbsp; en chips y biochips\nCaracterizaci&oacute;n &oacute;ptica avanzada de transductores\nDesarrollo de sistemas &oacute;ptica avanzados\nMicro y nano flu&iacute;dica\nFuncionalizaci&oacute;n y biofuncionalizaci&oacute;n de superficies\nInmunoensayos y bioqu&iacute;mica\n","parent":0,"count":15,"filter":"raw","term_order":"0"},{"term_id":1872,"name":"Photonic and Biophotonic Optics Group (GOFB)","slug":"en_photonic-and-biophotonic-optics-group-gofb","term_group":0,"term_taxonomy_id":1872,"taxonomy":"donde","description":"Nuestro objetivo principal es investigar y desarrollar sistemas &oacute;pticos y fot&oacute;nicos para aplicaciones biol&oacute;gicas y opto-qu&iacute;micas como puedan ser sistemas <em>Point-of-Care <\/em>para diagn&oacute;stico <em>In-Vitro<\/em>, sistemas para an&aacute;lisis y diagn&oacute;stico el l&iacute;quidos, chips y micro-chips para sistemas de detecci&oacute;n y para aplicaciones <em>body-on-a-chip.<\/em> Para alcanzar este objetivo nos centramos en diversas &aacute;reas de investigaci&oacute;n:\n&nbsp;\n\nSimulaci&oacute;n de estructuras micro y nano fot&oacute;nicas\nMicro-nano fabricaci&oacute;n de transductores&nbsp; en chips y biochips\nCaracterizaci&oacute;n &oacute;ptica avanzada de transductores\nDesarrollo de sistemas &oacute;ptica avanzados\nMicro y nano flu&iacute;dica\nFuncionalizaci&oacute;n y biofuncionalizaci&oacute;n de superficies\nInmunoensayos y bioqu&iacute;mica\n","parent":0,"count":12,"filter":"raw","term_order":"0"}],"infraestructura":[],"ods":[{"term_id":2239,"name":"Ciudades y Comunidades Sostenibles","slug":"ciudades-y-comunidades-sostenibles","term_group":0,"term_taxonomy_id":2239,"taxonomy":"ods","description":"","parent":0,"count":43,"filter":"raw","term_order":"0"},{"term_id":2267,"name":"Educaci\u00f3n de Calidad","slug":"educacion-de-calidad","term_group":0,"term_taxonomy_id":2267,"taxonomy":"ods","description":"","parent":0,"count":14,"filter":"raw","term_order":"0"},{"term_id":2247,"name":"Industria, Innovaci\u00f3n e Infraestructura","slug":"industria-innovacion-e-infraestructura","term_group":0,"term_taxonomy_id":2247,"taxonomy":"ods","description":"","parent":0,"count":171,"filter":"raw","term_order":"0"},{"term_id":2235,"name":"Producci\u00f3n y Consumo Responsables","slug":"produccion-y-consumo-responsables","term_group":0,"term_taxonomy_id":2235,"taxonomy":"ods","description":"","parent":0,"count":18,"filter":"raw","term_order":"0"}],"origen":[{"term_id":196,"name":"Infraestructuras, Instalaci\u00f3n, Equipo","slug":"infraestructuras","term_group":0,"term_taxonomy_id":196,"taxonomy":"origen","description":"","parent":0,"count":180,"filter":"raw","term_order":"0"}],"familia_tax":false,"quien_tax":false,"donde_tax":false,"year":"2021-01-01","contacto":"Centro de Tecnolog\u00eda Biom\u00e9dica\r\nCampus Montengancedo Universidad Polit\u00e9cnica de Madrid\r\nCarretera M-40, Km 38\r\n28223 Pozuelo de Alarc\u00f3n","telefono":"910679312","pagina_web":"http:\/\/gofb-upm.es\/scientific-and-technological-services\/","email":"info.gofb@gmail.com","id_ficha_portal":"272","video":"","adjuntos":false,"adjuntos_portal":"","inf":false,"departamento":"","acf":[],"lang":"es","translation":{"es":10292,"en":10295},"_links":{"self":[{"href":"https:\/\/www.upm.es\/recursosidi\/wp-json\/wp\/v2\/product\/10292"}],"collection":[{"href":"https:\/\/www.upm.es\/recursosidi\/wp-json\/wp\/v2\/product"}],"about":[{"href":"https:\/\/www.upm.es\/recursosidi\/wp-json\/wp\/v2\/types\/product"}],"wp:featuredmedia":[{"embeddable":true,"href":"https:\/\/www.upm.es\/recursosidi\/wp-json\/wp\/v2\/media\/10290"}],"wp:attachment":[{"href":"https:\/\/www.upm.es\/recursosidi\/wp-json\/wp\/v2\/media?parent=10292"}],"wp:term":[{"taxonomy":"product_cat","embeddable":true,"href":"https:\/\/www.upm.es\/recursosidi\/wp-json\/wp\/v2\/product_cat?post=10292"},{"taxonomy":"product_tag","embeddable":true,"href":"https:\/\/www.upm.es\/recursosidi\/wp-json\/wp\/v2\/product_tag?post=10292"},{"taxonomy":"comunidad_upm","embeddable":true,"href":"https:\/\/www.upm.es\/recursosidi\/wp-json\/wp\/v2\/comunidades-upm?post=10292"},{"taxonomy":"quien","embeddable":true,"href":"https:\/\/www.upm.es\/recursosidi\/wp-json\/wp\/v2\/quien?post=10292"},{"taxonomy":"mapa","embeddable":true,"href":"https:\/\/www.upm.es\/recursosidi\/wp-json\/wp\/v2\/mapa?post=10292"},{"taxonomy":"disponibilidad","embeddable":true,"href":"https:\/\/www.upm.es\/recursosidi\/wp-json\/wp\/v2\/disponibilidad?post=10292"},{"taxonomy":"donde","embeddable":true,"href":"https:\/\/www.upm.es\/recursosidi\/wp-json\/wp\/v2\/donde?post=10292"},{"taxonomy":"infraestructura","embeddable":true,"href":"https:\/\/www.upm.es\/recursosidi\/wp-json\/wp\/v2\/infraestructura?post=10292"},{"taxonomy":"ods","embeddable":true,"href":"https:\/\/www.upm.es\/recursosidi\/wp-json\/wp\/v2\/ods?post=10292"},{"taxonomy":"origen","embeddable":true,"href":"https:\/\/www.upm.es\/recursosidi\/wp-json\/wp\/v2\/origen?post=10292"}],"curies":[{"name":"wp","href":"https:\/\/api.w.org\/{rel}","templated":true}]}}