{"id":10297,"date":"2022-07-27T12:31:47","date_gmt":"2022-07-27T10:31:47","guid":{"rendered":"https:\/\/www.upm.es\/recursosidi\/offers-resources\/sin categor\u00eda\/impresora-makerbot-method-x-3d-printer-carbon-fiber-edition\/"},"modified":"2022-07-27T12:32:07","modified_gmt":"2022-07-27T10:32:07","slug":"impresora-makerbot-method-x-3d-printer-carbon-fiber-edition","status":"publish","type":"product","link":"https:\/\/www.upm.es\/recursosidi\/offers-resources\/servicios-cientifico-tecnologico\/servicios-servicios-cientifico-tecnologico\/impresora-makerbot-method-x-3d-printer-carbon-fiber-edition\/","title":{"rendered":"Impresora Makerbot METHOD X 3D Printer \u00bf Carbon Fiber Edition"},"content":{"rendered":"<h2>Impresora Makerbot METHOD X 3D Printer &ndash; Carbon Fiber Edition<\/h2>\n<hr \/>\n<h4>Descripci&oacute;n de los servicios que se ofrecen <!-- y tarifas --><\/h4>\n<ul>\n<li>Preparaci&oacute;n de archivos y dise&ntilde;o para impresi&oacute;n 3D<\/li>\n<li>Fabricaci&oacute;n aditiva de componentes y muestras<\/li>\n<\/ul>\n<hr \/>\n<h4>Sector o &aacute;rea de aplicaci&oacute;n<\/h4>\n<p>Las aplicaciones se extienden a los sectores aeroespacial, biom&eacute;dico y energ&iacute;a entre otros.<\/p>\n<hr \/>\n<h4>Descripci&oacute;n del equipamiento<\/h4>\n<p>Impresora 3D de filamento para prototipado<\/p>\n<p><strong>Personal Asociado al Equipo<\/strong><\/p>\n<p>Investigador responsable (Mar&iacute;a Jes&uacute;s Casati), investigadores asociados (Ricardo Callado).<\/p>\n<hr \/>\n<h4>Solicitud del servicio<\/h4>\n<p>Env&iacute;o de solicitud de servicio al correo <span style=\"text-decoration: underline\"><span rel=\"6d311c30b931243198311931c331383171312b319c314031ba311a31a6311931a1311c31af311931b1311030ba313f31be31093099311e31\" class=\"cryptex \" style=\"\"><span class=\"CryptexImg ctxMzmqWJx7P2B_Nh5M768m2mklN1jrkr88gKjX_TsNqlk\"><\/span><\/span><\/span><\/p>\n<div class=\"pdfprnt-buttons pdfprnt-buttons-product pdfprnt-bottom-left\"><a href=\"https:\/\/www.upm.es\/recursosidi\/wp-json\/wp\/v2\/product\/10297?print=pdf\" class=\"pdfprnt-button pdfprnt-button-pdf\" target=\"_blank\"><span class=\"pdfprnt-button-title pdfprnt-button-pdf-title\">Descargar ficha<\/span><\/a><\/div>","protected":false},"excerpt":{"rendered":"<p> Impresora 3D de filamento para prototipado <\/p>\n","protected":false},"featured_media":10296,"template":"","meta":{"_acf_changed":false},"product_cat":[2395],"product_tag":[4508,4510,4509],"comunidades-upm":[],"quien":[],"mapa":[{"term_id":2405,"name":"Ciencia para la ingenier\u00eda y la arquitectura","slug":"ciencia-para-ingenieria-y-arquitectura","term_group":0,"term_taxonomy_id":2405,"taxonomy":"mapa","description":"","parent":0,"count":127,"filter":"raw","term_order":"7"},{"term_id":135,"name":"Industria, materiales y econom\u00eda circular","slug":"industria-materiales-economia_circular","term_group":0,"term_taxonomy_id":135,"taxonomy":"mapa","description":"","parent":0,"count":165,"filter":"raw","term_order":"13"},{"term_id":126,"name":"Tecnolog\u00edas digitales, Inteligencia Artificial, ciberseguridad, 5G, rob\u00f3tica","slug":"tecnologias_digitales-ai-ciberseguridad-5g-robotica","term_group":0,"term_taxonomy_id":126,"taxonomy":"mapa","description":"","parent":0,"count":194,"filter":"raw","term_order":"23"}],"disponibilidad":[{"term_id":204,"name":"Disponible","slug":"disponible","term_group":0,"term_taxonomy_id":204,"taxonomy":"disponibilidad","description":"","parent":0,"count":110,"filter":"raw","term_order":"0"}],"donde":[{"term_id":1566,"name":"Advanced Structural Materials and Nanomaterials","slug":"en_advanced-structural-materials-and-nanomaterials","term_group":0,"term_taxonomy_id":1566,"taxonomy":"donde","description":"Llevamos m&aacute;s de 20 a&ntilde;os desarrollando numerosas t&eacute;cnicas experimentales con las que podemos estudiar y caracterizar casi cualquier tipo de material y geometr&iacute;a en una variedad muy amplia de condiciones de servicio.\n&nbsp;\nNuestras l&iacute;neas de investigaci&oacute;n se pueden resumir en:\n&nbsp;\n\nMateriales compuestos\nMateriales para la seguridad\nBiomateriales estructurales\nIntegridad y seguridad estructural\nMateriales para la construcci&oacute;n\nNanomateriales\n","parent":0,"count":22,"filter":"raw","term_order":"0"},{"term_id":342,"name":"Materiales Estructurales Avanzados y Nanomateriales","slug":"materiales-estructurales-avanzados-y-nanomateriales","term_group":0,"term_taxonomy_id":342,"taxonomy":"donde","description":"Llevamos m&aacute;s de 20 a&ntilde;os desarrollando numerosas t&eacute;cnicas experimentales con las que podemos estudiar y caracterizar casi cualquier tipo de material y geometr&iacute;a en una variedad muy amplia de condiciones de servicio.\n&nbsp;\nNuestras l&iacute;neas de investigaci&oacute;n se pueden resumir en:\n&nbsp;\n\nMateriales compuestos\nMateriales para la seguridad\nBiomateriales estructurales\nIntegridad y seguridad estructural\nMateriales para la construcci&oacute;n\nNanomateriales\n","parent":0,"count":32,"filter":"raw","term_order":"0"}],"infraestructura":[],"ods":[{"term_id":2247,"name":"Industria, Innovaci\u00f3n e Infraestructura","slug":"industria-innovacion-e-infraestructura","term_group":0,"term_taxonomy_id":2247,"taxonomy":"ods","description":"","parent":0,"count":171,"filter":"raw","term_order":"0"}],"origen":[{"term_id":196,"name":"Infraestructuras, Instalaci\u00f3n, Equipo","slug":"infraestructuras","term_group":0,"term_taxonomy_id":196,"taxonomy":"origen","description":"","parent":0,"count":180,"filter":"raw","term_order":"0"}],"familia_tax":false,"quien_tax":false,"donde_tax":false,"year":"2021-01-01","contacto":"Plaza Cardenal Cisneros 3,\r\nEscuela T\u00e9cnica Superior de Ingenier\u00eda Aeron\u00e1utica y del Espacio","telefono":"910675711","pagina_web":"https:\/\/blogs.upm.es\/elciamit\/","email":"ciamit.aeroespacial@upm.es","id_ficha_portal":"378","video":"","adjuntos":false,"adjuntos_portal":"","inf":false,"departamento":"","acf":[],"lang":"es","translation":{"es":10297,"en":10299},"_links":{"self":[{"href":"https:\/\/www.upm.es\/recursosidi\/wp-json\/wp\/v2\/product\/10297"}],"collection":[{"href":"https:\/\/www.upm.es\/recursosidi\/wp-json\/wp\/v2\/product"}],"about":[{"href":"https:\/\/www.upm.es\/recursosidi\/wp-json\/wp\/v2\/types\/product"}],"wp:featuredmedia":[{"embeddable":true,"href":"https:\/\/www.upm.es\/recursosidi\/wp-json\/wp\/v2\/media\/10296"}],"wp:attachment":[{"href":"https:\/\/www.upm.es\/recursosidi\/wp-json\/wp\/v2\/media?parent=10297"}],"wp:term":[{"taxonomy":"product_cat","embeddable":true,"href":"https:\/\/www.upm.es\/recursosidi\/wp-json\/wp\/v2\/product_cat?post=10297"},{"taxonomy":"product_tag","embeddable":true,"href":"https:\/\/www.upm.es\/recursosidi\/wp-json\/wp\/v2\/product_tag?post=10297"},{"taxonomy":"comunidad_upm","embeddable":true,"href":"https:\/\/www.upm.es\/recursosidi\/wp-json\/wp\/v2\/comunidades-upm?post=10297"},{"taxonomy":"quien","embeddable":true,"href":"https:\/\/www.upm.es\/recursosidi\/wp-json\/wp\/v2\/quien?post=10297"},{"taxonomy":"mapa","embeddable":true,"href":"https:\/\/www.upm.es\/recursosidi\/wp-json\/wp\/v2\/mapa?post=10297"},{"taxonomy":"disponibilidad","embeddable":true,"href":"https:\/\/www.upm.es\/recursosidi\/wp-json\/wp\/v2\/disponibilidad?post=10297"},{"taxonomy":"donde","embeddable":true,"href":"https:\/\/www.upm.es\/recursosidi\/wp-json\/wp\/v2\/donde?post=10297"},{"taxonomy":"infraestructura","embeddable":true,"href":"https:\/\/www.upm.es\/recursosidi\/wp-json\/wp\/v2\/infraestructura?post=10297"},{"taxonomy":"ods","embeddable":true,"href":"https:\/\/www.upm.es\/recursosidi\/wp-json\/wp\/v2\/ods?post=10297"},{"taxonomy":"origen","embeddable":true,"href":"https:\/\/www.upm.es\/recursosidi\/wp-json\/wp\/v2\/origen?post=10297"}],"curies":[{"name":"wp","href":"https:\/\/api.w.org\/{rel}","templated":true}]}}