{"id":10332,"date":"2022-07-27T12:35:17","date_gmt":"2022-07-27T10:35:17","guid":{"rendered":"https:\/\/www.upm.es\/recursosidi\/offers-resources\/sin categor\u00eda\/litografia-optica-de-alta-resolucion\/"},"modified":"2022-07-27T12:36:01","modified_gmt":"2022-07-27T10:36:01","slug":"litografia-optica-de-alta-resolucion","status":"publish","type":"product","link":"https:\/\/www.upm.es\/recursosidi\/offers-resources\/servicios-cientifico-tecnologico\/servicios-servicios-cientifico-tecnologico\/litografia-optica-de-alta-resolucion\/","title":{"rendered":"Litograf\u00eda \u00f3ptica de alta resoluci\u00f3n"},"content":{"rendered":"<h4>Litograf&iacute;a de alta resoluci&oacute;n<!--  tarifado --><\/h4>\n<p>Equipamiento que permite litografiar todo tipo de motivos sobre resinas positivas como negativas sobre obleas de hasta 4 pulgadas.&nbsp; Los motivos a realizar pueden llegar a ser de 500nm gracias a su lampara ultravioleta de 240 nm.<\/p>\n<h4>Descripci&oacute;n de los servicios que se ofrecen <!-- y tarifas --><\/h4>\n<p>-Desarrollo de litografias con mascaras convencionales sobre obleas o substratos planos. Dise&ntilde;o de mascara espec&iacute;fica para una aplicaci&oacute;n. Litografia tanto positiva como negativa.&nbsp; Contacto de dispositivos mediante litograf&iacute;a<!-- Recuerda que estas tarifas ser\u00e1n las oficiales aprobadas en Consejo de Direcci\u00f3n y Consejo Social. --><\/p>\n<p>&#8211; Formaci&oacute;n en el uso de t&eacute;cnicas litogr&aacute;ficas&nbsp;<\/p>\n<hr \/>\n<h4>Necesidades demandadas y aplicaciones<\/h4>\n<p>Este tipo de servicio se aplica para realizar dispositvos de 0,5 micras a pocos mil&iacute;metros. Las aplicaciones son muy variadas dependiendo del dispositivo a fabricar<\/p>\n<hr \/>\n<h4>Sector o &aacute;rea de aplicaci&oacute;n<\/h4>\n<p>Electr&oacute;nica, &oacute;ptica, optoelectr&oacute;nica, dispositivos magn&eacute;ticos<\/p>\n<hr \/>\n<h4>Competencias diferenciales<\/h4>\n<p>El equipo de litografia se encuentra dentro de una Sala Blanca que esta certificada como ICTS. Esto implica una calidad del aire muy elevada con pocas part&iacute;culas contaminantes gracias a sus filtros HEPA.&nbsp; Los t&eacute;cnicos de la Sala Blanca tienen una gran experiencia en el dise&ntilde;o de m&aacute;scaras como en litografia sobre diferentes materiales, as&iacute; como interconexi&oacute;n entre dispositivos.<\/p>\n<hr \/>\n<h4>Referencias previas de prestaci&oacute;n<\/h4>\n<p>&nbsp;<\/p>\n<hr \/>\n<h4>D&oacute;nde se ubica<\/h4>\n<p>ISOM. E.T.S.I.Telecomunicaciones<\/p>\n<hr \/>\n<h4>Solicitud del servicio<\/h4>\n<blockquote class=\"wp-embedded-content\" data-secret=\"ICXbq0NONM\"><p><a href=\"http:\/\/www.isom.upm.es\/protocolo-de-acceso\/\">Protocolo de Acceso<\/a><\/p><\/blockquote>\n<p><iframe class=\"wp-embedded-content\" sandbox=\"allow-scripts\" security=\"restricted\" style=\"position: absolute; clip: rect(1px, 1px, 1px, 1px);\" title=\"&#171;Protocolo de Acceso&#187; &#8212; ISOM_web\" src=\"http:\/\/www.isom.upm.es\/protocolo-de-acceso\/embed\/#?secret=ICXbq0NONM\" data-secret=\"ICXbq0NONM\" width=\"600\" height=\"338\" frameborder=\"0\" marginwidth=\"0\" marginheight=\"0\" scrolling=\"no\"><\/iframe><\/p>\n<hr \/>\n<div class=\"pdfprnt-buttons pdfprnt-buttons-product pdfprnt-bottom-left\"><a href=\"https:\/\/www.upm.es\/recursosidi\/wp-json\/wp\/v2\/product\/10332?print=pdf\" class=\"pdfprnt-button pdfprnt-button-pdf\" target=\"_blank\"><span class=\"pdfprnt-button-title pdfprnt-button-pdf-title\">Descargar ficha<\/span><\/a><\/div>","protected":false},"excerpt":{"rendered":"<p>Servicio Cient\u00edfico-Tecnol\u00f3gico del ISOM enmarcado en el \u00e1rea de investigaci\u00f3n de t\u00e9cnicas de procesado<\/p>\n","protected":false},"featured_media":10330,"template":"","meta":{"_acf_changed":false},"product_cat":[2395],"product_tag":[4491,4490,2428,2562,3950],"comunidades-upm":[],"quien":[],"mapa":[{"term_id":2405,"name":"Ciencia para la ingenier\u00eda y la arquitectura","slug":"ciencia-para-ingenieria-y-arquitectura","term_group":0,"term_taxonomy_id":2405,"taxonomy":"mapa","description":"","parent":0,"count":127,"filter":"raw","term_order":"7"},{"term_id":135,"name":"Industria, materiales y econom\u00eda circular","slug":"industria-materiales-economia_circular","term_group":0,"term_taxonomy_id":135,"taxonomy":"mapa","description":"","parent":0,"count":165,"filter":"raw","term_order":"13"},{"term_id":126,"name":"Tecnolog\u00edas digitales, Inteligencia Artificial, ciberseguridad, 5G, rob\u00f3tica","slug":"tecnologias_digitales-ai-ciberseguridad-5g-robotica","term_group":0,"term_taxonomy_id":126,"taxonomy":"mapa","description":"","parent":0,"count":194,"filter":"raw","term_order":"23"}],"disponibilidad":[{"term_id":204,"name":"Disponible","slug":"disponible","term_group":0,"term_taxonomy_id":204,"taxonomy":"disponibilidad","description":"","parent":0,"count":110,"filter":"raw","term_order":"0"}],"donde":[{"term_id":442,"name":"Grupo de Dispositivos Semiconductores del ISOM","slug":"grupo-de-dispositivos-semiconductores-del-isom","term_group":0,"term_taxonomy_id":442,"taxonomy":"donde","description":"L&iacute;neas de investigaci&oacute;n e innovaci&oacute;n:  \n\n<strong>OPTOELECTR&Oacute;NICA: <\/strong>L&aacute;seres. Matrices de nanoLEDs. Micro y nanocavidades. C&eacute;lulas solares. MOEMS.\n\n\n<strong>SISTEMAS CON SENSORES &Oacute;PTICOS: <\/strong>Fotodetecci&oacute;n de UV y VIS. Fotodetecci&oacute;n multiespectral en el IR. Sensores basados en heterouniones. Nanofot&oacute;nica integrada.\n\n\n<strong>MICROSISTEMAS Y NANOTECNOLOG&Iacute;A: <\/strong>Transistores HEMT. NanoFETs. Dispositivos de ondas ac&uacute;sticas. Micro\/nanosistemas electr&oacute;mec&aacute;nicos (MEMS y NEMS). Efectos plasm&oacute;nicos. Dispositivos &nbsp;de grafeno.\n\n\n<strong>SIMULACI&Oacute;N DE MATERIALES NO MET&Aacute;LICOS: <\/strong>Simulaci&oacute;n de materiales. Monte Carlo. Materiales nanoestructurados\n\n&nbsp;","parent":0,"count":28,"filter":"raw","term_order":"0"},{"term_id":244,"name":"Instituto Universitario de Sistemas Optoelectr\u00f3nicos y Microtecnolog\u00eda (ISOM)","slug":"instituto-universitario-de-sistemas-optoelectronicos-y-microtecnologia-isom","term_group":0,"term_taxonomy_id":244,"taxonomy":"donde","description":"","parent":0,"count":33,"filter":"raw","term_order":"0"},{"term_id":1666,"name":"ISOM Semiconductor Devices Group","slug":"en_isom-semiconductor-devices-group","term_group":0,"term_taxonomy_id":1666,"taxonomy":"donde","description":"L&iacute;neas de investigaci&oacute;n e innovaci&oacute;n:  \n\n<strong>OPTOELECTR&Oacute;NICA: <\/strong>L&aacute;seres. Matrices de nanoLEDs. Micro y nanocavidades. C&eacute;lulas solares. MOEMS.\n\n\n<strong>SISTEMAS CON SENSORES &Oacute;PTICOS: <\/strong>Fotodetecci&oacute;n de UV y VIS. Fotodetecci&oacute;n multiespectral en el IR. Sensores basados en heterouniones. Nanofot&oacute;nica integrada.\n\n\n<strong>MICROSISTEMAS Y NANOTECNOLOG&Iacute;A: <\/strong>Transistores HEMT. NanoFETs. Dispositivos de ondas ac&uacute;sticas. Micro\/nanosistemas electr&oacute;mec&aacute;nicos (MEMS y NEMS). Efectos plasm&oacute;nicos. Dispositivos &nbsp;de grafeno.\n\n\n<strong>SIMULACI&Oacute;N DE MATERIALES NO MET&Aacute;LICOS: <\/strong>Simulaci&oacute;n de materiales. Monte Carlo. Materiales nanoestructurados\n\n&nbsp;","parent":0,"count":28,"filter":"raw","term_order":"0"},{"term_id":1468,"name":"University Optoelectronics and Microtechnology Systems Institute","slug":"en_university-optoelectronics-and-microtechnology-systems-institute","term_group":0,"term_taxonomy_id":1468,"taxonomy":"donde","description":"","parent":0,"count":29,"filter":"raw","term_order":"0"}],"infraestructura":[],"ods":[{"term_id":2255,"name":"Energ\u00eda Asequible y no Contaminante","slug":"energia-asequible-y-no-contaminante","term_group":0,"term_taxonomy_id":2255,"taxonomy":"ods","description":"","parent":0,"count":34,"filter":"raw","term_order":"0"},{"term_id":2247,"name":"Industria, Innovaci\u00f3n e Infraestructura","slug":"industria-innovacion-e-infraestructura","term_group":0,"term_taxonomy_id":2247,"taxonomy":"ods","description":"","parent":0,"count":171,"filter":"raw","term_order":"0"}],"origen":[{"term_id":196,"name":"Infraestructuras, Instalaci\u00f3n, Equipo","slug":"infraestructuras","term_group":0,"term_taxonomy_id":196,"taxonomy":"origen","description":"","parent":0,"count":180,"filter":"raw","term_order":"0"}],"familia_tax":false,"quien_tax":false,"donde_tax":false,"year":"2015-01-01","contacto":"Universidad Polit\u00e9cnica de Madrid E. T. S. I. Telecomunicaci\u00f3n (U. P. M.) Edificio L\u00f3pez Ara\u00fajo, Avenida Complutense, 30 28040 Madrid, Espa\u00f1a","telefono":"910672593","pagina_web":"http:\/\/www.isom.upm.es\/inicio\/","email":"manuel.abuin@upm.es","id_ficha_portal":"126","video":"","adjuntos":false,"adjuntos_portal":"","inf":false,"departamento":"","acf":[],"lang":"es","translation":{"es":10332,"en":10341},"_links":{"self":[{"href":"https:\/\/www.upm.es\/recursosidi\/wp-json\/wp\/v2\/product\/10332"}],"collection":[{"href":"https:\/\/www.upm.es\/recursosidi\/wp-json\/wp\/v2\/product"}],"about":[{"href":"https:\/\/www.upm.es\/recursosidi\/wp-json\/wp\/v2\/types\/product"}],"wp:featuredmedia":[{"embeddable":true,"href":"https:\/\/www.upm.es\/recursosidi\/wp-json\/wp\/v2\/media\/10330"}],"wp:attachment":[{"href":"https:\/\/www.upm.es\/recursosidi\/wp-json\/wp\/v2\/media?parent=10332"}],"wp:term":[{"taxonomy":"product_cat","embeddable":true,"href":"https:\/\/www.upm.es\/recursosidi\/wp-json\/wp\/v2\/product_cat?post=10332"},{"taxonomy":"product_tag","embeddable":true,"href":"https:\/\/www.upm.es\/recursosidi\/wp-json\/wp\/v2\/product_tag?post=10332"},{"taxonomy":"comunidad_upm","embeddable":true,"href":"https:\/\/www.upm.es\/recursosidi\/wp-json\/wp\/v2\/comunidades-upm?post=10332"},{"taxonomy":"quien","embeddable":true,"href":"https:\/\/www.upm.es\/recursosidi\/wp-json\/wp\/v2\/quien?post=10332"},{"taxonomy":"mapa","embeddable":true,"href":"https:\/\/www.upm.es\/recursosidi\/wp-json\/wp\/v2\/mapa?post=10332"},{"taxonomy":"disponibilidad","embeddable":true,"href":"https:\/\/www.upm.es\/recursosidi\/wp-json\/wp\/v2\/disponibilidad?post=10332"},{"taxonomy":"donde","embeddable":true,"href":"https:\/\/www.upm.es\/recursosidi\/wp-json\/wp\/v2\/donde?post=10332"},{"taxonomy":"infraestructura","embeddable":true,"href":"https:\/\/www.upm.es\/recursosidi\/wp-json\/wp\/v2\/infraestructura?post=10332"},{"taxonomy":"ods","embeddable":true,"href":"https:\/\/www.upm.es\/recursosidi\/wp-json\/wp\/v2\/ods?post=10332"},{"taxonomy":"origen","embeddable":true,"href":"https:\/\/www.upm.es\/recursosidi\/wp-json\/wp\/v2\/origen?post=10332"}],"curies":[{"name":"wp","href":"https:\/\/api.w.org\/{rel}","templated":true}]}}