{"id":10353,"date":"2022-07-27T12:36:29","date_gmt":"2022-07-27T10:36:29","guid":{"rendered":"https:\/\/www.upm.es\/recursosidi\/offers-resources\/sin categor\u00eda\/thickness-measurement-and-optical-profiling-of-thin-films\/"},"modified":"2022-07-27T12:36:31","modified_gmt":"2022-07-27T10:36:31","slug":"thickness-measurement-and-optical-profiling-of-thin-films","status":"publish","type":"product","link":"https:\/\/www.upm.es\/recursosidi\/en\/offers-resources\/technological-scientific-services\/services-technological-scientific-services\/thickness-measurement-and-optical-profiling-of-thin-films\/","title":{"rendered":"Thickness measurement and optical profiling of thin films"},"content":{"rendered":"<h2>Scientific and technology services<\/h2>\n<h4>Thickness measurement and optical profiling of thin films<br \/>\n                <!--  tarifado --><br \/>\n            <\/h4>\n<p \/>\n<h4>Description of the services offered<br \/>\n                <!-- y tarifas --><br \/>\n            <\/h4>\n<p>Micro and nanometric thickness measurement using thin film reflectance spectra. At the same time, profiling the refractive index of the material forming the film.<\/p>\n<p \/>\n<h4>Needs requested and applications<\/h4>\n<p>Many applications using thin films require specific thicknesses, which is why it is essential to profile them. At the same time, calculating an unknown material&#8217;s refractive index can give information about it, and also serve for profiling and optical simulations that need to be carried out on the material.<\/p>\n<hr \/>\n<h4>Sector or area of application<\/h4>\n<p>Micro and nano production. Optical profiling.<\/p>\n<hr \/>\n<h4>Differential skills<\/h4>\n<p>The equipment used for this service give highly competitive precision measurement, when compared to that available on the market. Furthermore, due to the use of microscope objective lenses, if is possible to measure micrometric areas.<\/p>\n<hr \/>\n<p \/>\n<h4>Equipment description<\/h4>\n<p>The facilities have different equipment for thin film optical profiling. From the simplest to the most sophisticated. One or the other is offered, depending on the applicant.<\/p>\n<p>\n                <strong>Dispersive spectrometer<\/strong>: F20-UV, made by Filmetrics, which is capable of measuring semi-transparent film thicknesses of up to 20 \u00bfm in reflection. In this case, the spectral window covered is 200 to 1,100 nm, as Filmetrics uses two lamps at the same time \u00bfone is deuterium and the other is halogen. The equipment&#8217;s resolution is 1 nm and the diameter of the beam in the measurement can be 200 \u00bfm or 2 mm. The measurements are processed using the FilMeasure proprietary system, using measuring formulae depending on the type of measurement to be carried out.<\/p>\n<ul>\n<li>Optical objective lenses: 4x<\/li>\n<li>Beam size: large beam (1 mm), reduced beam (200 mm)<\/li>\n<li>Light source: white light lamp for measurements in VIS-NIR; Possibility of using a UV lamp.<\/li>\n<li>Power source: Electrical connection.<\/li>\n<li>Signal acquisition: Spectrometer.<\/li>\n<li>Extras: Calibration wafer of silicon oxide on silicon. Reference silicon wafer.<\/li>\n<li>General use of the equipment using the FilMeasure proprietary software.<\/li>\n<\/ul>\n<p>\n                <img alt='' height='384' src='https:\/\/i.ibb.co\/qg4M7Mh\/FILMETRICS.png' width='288' \/>\n            <\/p>\n<p>\n                <strong>Fourier Transform Infrared and Visible Spectrometer FTIR-VIS:<\/strong> The system has a Michelson interferometer: The measurement obtained is from an interferogram (X, or abscissa, axis contains the various longitudes of the mirror and the ordinates contain the intensity collected by a detector) converted, using Fourier Transform, into a simple reflective or transmission spectrum in the near visible-infrared and medium infrared range. Having previously carried out a simple spectrum of a substrate, when the sample\u00bfs simple spectrum is divided by the reference spectrum, the material&#8217;s spectrum is obtained. The equipment is made by Bruker, and uses a tungsten filament that emits near-infrared light and a halogen lamp for the visible. It has a very wide spectral range (from 28000 cm<sup>-1<\/sup> up to 15 cm<sup>-1<\/sup>) and a minimum resolution of 0.5 cm<sup>-1<\/sup>. The apparatus is connected to a Hyperion 1000 microscope made by the same company, with various objective lenses and magnifications, and a micro-positioning system.<\/p>\n<ul>\n<li>Optical objective lenses: 4x\/15x\/36x\/40x<\/li>\n<li>Light source: white light lamp for measurements in VIS-NIR; medium-infrared lamp.<\/li>\n<li>Power source: Electrical connection.<\/li>\n<li>Signal acquisition: Various photodetectors (Si, GaP). Obtains the spectroscopic signal with Fourier transform.<\/li>\n<li>Extras: photomultiplier for the macro function, possibility of external source.<\/li>\n<li>General use of the equipment using the OPUS proprietary software.<\/li>\n<\/ul>\n<p>\n                <img alt='' src='\/i.ibb.co\/BHDkRPM\/FTIR-baja-resol.jpg' \/><br \/>\n                <img alt='' height='249' src='https:\/\/i.ibb.co\/BHDkRPM\/FTIR-baja-resol.jpg' width='331' \/>\n            <\/p>\n<p>\n                <strong>Ellipsometry (N-GAUGE):<\/strong> The ngauge equipment enables reflectometry measurements to be taken depending on the angle of incidence and polarisation on wafers or chips, in sub-micrometric areas, due to the incorporation of a high numerical aperture microscope objective lens (Objective 150, NA 0.95). The measurements can be used to measure the thicknesses and optical properties of materials in thin layers, using the equipment\u00bfs software controller. It can also be used as a conventional optical microscope, via the software controlling one of the cameras (visible light camera).<\/p>\n<ul>\n<li>Optical objective lenses: 5x, 20x, 50x, 150x.<\/li>\n<li>Light source: 637 nm laser, white light lamp for the microscope function.<\/li>\n<li>Power source: Electrical connection.<\/li>\n<li>Signal acquisition: high resolution monochrome camera, visible spectrum camera for the microscope function.<\/li>\n<\/ul>\n<p>\n                <img alt='' height='419' src='https:\/\/i.ibb.co\/VCbY208\/n-gauge-baja-resol.jpg' width='279' \/>\n            <\/p>\n<hr \/>\n<h4>Request for service<\/h4>\n<p>Contact by e-mail, putting \u00bfPROVISION OF SERVICE\u00bf in the subject, and the service in question with an approximate description of what is required and the time line in the body of the e-mail.<\/p>\n<p>Contact e-mails: <a href='mailto:<span rel=\"65313530a4311c31bd312c3172312731a9311331b0310f31b7312a3194311631b2312b30ae311e31b831\" class=\"cryptex \" style=\"\"><span class=\"CryptexImg ctxZ5zl9HoVnZNEqzBxjsG0JnLi0uIUNxOYBTvRE3cwReE\"><\/span><\/span>'><span rel=\"65313530a4311c31bd312c3172312731a9311331b0310f31b7312a3194311631b2312b30ae311e31b831\" class=\"cryptex \" style=\"\"><span class=\"CryptexImg ctxZ5zl9HoVnZNEqzBxjsG0JnLi0uIUNxOYBTvRE3cwReE\"><\/span><\/span><\/a> or <a href='mailto:<span rel=\"653135307d311331cb313531b9311230ad310e31bc314331b1312a3194311f31af3108318b312431bb3128316e310f31a531\" class=\"cryptex \" style=\"\"><span class=\"CryptexImg ctx371SbuyzjLy4ZCKuk_QCKRsKtT-QLncX1MmdIFqjkaY\"><\/span><\/span>'><span rel=\"653135309d311331cb313531b9311230ad310e31bc314331b1312a3194311f31af3108318b312431bb3128316e310f31a531\" class=\"cryptex \" style=\"\"><span class=\"CryptexImg ctxRF8ZoT4XTy1M2NiT3l6jBlSkihRczS9MpsP31WotjE4\"><\/span><\/span><\/a>\n            <\/p>\n<p \/>\n<div class=\"pdfprnt-buttons pdfprnt-buttons-product pdfprnt-bottom-left\"><a href=\"https:\/\/www.upm.es\/recursosidi\/wp-json\/wp\/v2\/product\/10353?print=pdf\" class=\"pdfprnt-button pdfprnt-button-pdf\" target=\"_blank\"><span class=\"pdfprnt-button-title pdfprnt-button-pdf-title\">Descargar ficha<\/span><\/a><\/div>","protected":false},"excerpt":{"rendered":"<p>Use of optical profiling equipment to measure thin film thicknesses and refractive index.<\/p>\n","protected":false},"featured_media":10350,"template":"","meta":{"_acf_changed":false},"product_cat":[2403],"product_tag":[7614,7494,7711,7715,7713],"comunidades-upm":[],"quien":[],"mapa":[{"term_id":76,"name":"Bioeconomy, Biotechnology and Food Systems","slug":"bioeconomy-biotechnology-food_systems","term_group":0,"term_taxonomy_id":76,"taxonomy":"mapa","description":"","parent":0,"count":24,"filter":"raw","term_order":"5"},{"term_id":38,"name":"Health and Wellbeing","slug":"health-and-wellbeing","term_group":0,"term_taxonomy_id":38,"taxonomy":"mapa","description":"","parent":0,"count":51,"filter":"raw","term_order":"18"},{"term_id":75,"name":"Industry, Materials and Circular Economy","slug":"industry-materials-circular_economy","term_group":0,"term_taxonomy_id":75,"taxonomy":"mapa","description":"","parent":0,"count":87,"filter":"raw","term_order":"14"},{"term_id":2407,"name":"Science For Engineering and Architecture","slug":"science-for-engineering-and-architecture","term_group":0,"term_taxonomy_id":2407,"taxonomy":"mapa","description":"","parent":0,"count":34,"filter":"raw","term_order":"8"}],"disponibilidad":[{"term_id":204,"name":"Disponible","slug":"disponible","term_group":0,"term_taxonomy_id":204,"taxonomy":"disponibilidad","description":"","parent":0,"count":110,"filter":"raw","term_order":"0"}],"donde":[{"term_id":1780,"name":"Center for Biomedical Technology","slug":"en_center-for-biomedical-technology","term_group":0,"term_taxonomy_id":1780,"taxonomy":"donde","description":"","parent":0,"count":56,"filter":"raw","term_order":"0"},{"term_id":556,"name":"Centro de Tecnolog\u00eda Biom\u00e9dica (CTB)","slug":"centro-de-tecnologia-biomedica-ctb","term_group":0,"term_taxonomy_id":556,"taxonomy":"donde","description":"","parent":0,"count":84,"filter":"raw","term_order":"0"},{"term_id":652,"name":"Grupo de \u00d3ptica F\u00f3tonica y Biofot\u00f3nica (GOFB)","slug":"grupo-de-optica-fotonica-y-biofotonica-gofb","term_group":0,"term_taxonomy_id":652,"taxonomy":"donde","description":"Nuestro objetivo principal es investigar y desarrollar sistemas &oacute;pticos y fot&oacute;nicos para aplicaciones biol&oacute;gicas y opto-qu&iacute;micas como puedan ser sistemas <em>Point-of-Care <\/em>para diagn&oacute;stico <em>In-Vitro<\/em>, sistemas para an&aacute;lisis y diagn&oacute;stico el l&iacute;quidos, chips y micro-chips para sistemas de detecci&oacute;n y para aplicaciones <em>body-on-a-chip.<\/em> Para alcanzar este objetivo nos centramos en diversas &aacute;reas de investigaci&oacute;n:\n&nbsp;\n\nSimulaci&oacute;n de estructuras micro y nano fot&oacute;nicas\nMicro-nano fabricaci&oacute;n de transductores&nbsp; en chips y biochips\nCaracterizaci&oacute;n &oacute;ptica avanzada de transductores\nDesarrollo de sistemas &oacute;ptica avanzados\nMicro y nano flu&iacute;dica\nFuncionalizaci&oacute;n y biofuncionalizaci&oacute;n de superficies\nInmunoensayos y bioqu&iacute;mica\n","parent":0,"count":15,"filter":"raw","term_order":"0"},{"term_id":1872,"name":"Photonic and Biophotonic Optics Group (GOFB)","slug":"en_photonic-and-biophotonic-optics-group-gofb","term_group":0,"term_taxonomy_id":1872,"taxonomy":"donde","description":"Nuestro objetivo principal es investigar y desarrollar sistemas &oacute;pticos y fot&oacute;nicos para aplicaciones biol&oacute;gicas y opto-qu&iacute;micas como puedan ser sistemas <em>Point-of-Care <\/em>para diagn&oacute;stico <em>In-Vitro<\/em>, sistemas para an&aacute;lisis y diagn&oacute;stico el l&iacute;quidos, chips y micro-chips para sistemas de detecci&oacute;n y para aplicaciones <em>body-on-a-chip.<\/em> Para alcanzar este objetivo nos centramos en diversas &aacute;reas de investigaci&oacute;n:\n&nbsp;\n\nSimulaci&oacute;n de estructuras micro y nano fot&oacute;nicas\nMicro-nano fabricaci&oacute;n de transductores&nbsp; en chips y biochips\nCaracterizaci&oacute;n &oacute;ptica avanzada de transductores\nDesarrollo de sistemas &oacute;ptica avanzados\nMicro y nano flu&iacute;dica\nFuncionalizaci&oacute;n y biofuncionalizaci&oacute;n de superficies\nInmunoensayos y bioqu&iacute;mica\n","parent":0,"count":12,"filter":"raw","term_order":"0"}],"infraestructura":[],"ods":[{"term_id":2261,"name":"Clean Water and Sanitation","slug":"clean-water-and-sanitation","term_group":0,"term_taxonomy_id":2261,"taxonomy":"ods","description":"","parent":0,"count":10,"filter":"raw","term_order":"0"},{"term_id":2273,"name":"Good Health and Well-Being","slug":"good-health-and-well-being","term_group":0,"term_taxonomy_id":2273,"taxonomy":"ods","description":"","parent":0,"count":54,"filter":"raw","term_order":"0"},{"term_id":2249,"name":"Industry, Innovation and Infrastructure","slug":"industry-innovation-and-infrastructure","term_group":0,"term_taxonomy_id":2249,"taxonomy":"ods","description":"","parent":0,"count":129,"filter":"raw","term_order":"0"},{"term_id":2237,"name":"Responsible Consumption and Production","slug":"responsible-consumption-and-production","term_group":0,"term_taxonomy_id":2237,"taxonomy":"ods","description":"","parent":0,"count":15,"filter":"raw","term_order":"0"}],"origen":[{"term_id":196,"name":"Infraestructuras, Instalaci\u00f3n, Equipo","slug":"infraestructuras","term_group":0,"term_taxonomy_id":196,"taxonomy":"origen","description":"","parent":0,"count":180,"filter":"raw","term_order":"0"}],"familia_tax":false,"quien_tax":false,"donde_tax":false,"year":"2021-01-01","contacto":"Centro de Tecnolog\u00eda Biom\u00e9dica\r\nCampus Cient\u00edfico Tecnol\u00f3gico de Montegancedo\r\nUniversidad Polit\u00e9cnica de Madrid\r\nCtra M-40 km 38\r\n28223\r\nPozuelo de Alarc\u00f3n","telefono":"910679311","pagina_web":"http:\/\/gofb-upm.es\/scientific-and-technological-services\/","email":"info.gofb@gmail.com","id_ficha_portal":"254","video":"","adjuntos":false,"adjuntos_portal":"","inf":false,"departamento":"","acf":[],"lang":"en","translation":{"en":10353,"es":10349},"_links":{"self":[{"href":"https:\/\/www.upm.es\/recursosidi\/wp-json\/wp\/v2\/product\/10353"}],"collection":[{"href":"https:\/\/www.upm.es\/recursosidi\/wp-json\/wp\/v2\/product"}],"about":[{"href":"https:\/\/www.upm.es\/recursosidi\/wp-json\/wp\/v2\/types\/product"}],"wp:featuredmedia":[{"embeddable":true,"href":"https:\/\/www.upm.es\/recursosidi\/wp-json\/wp\/v2\/media\/10350"}],"wp:attachment":[{"href":"https:\/\/www.upm.es\/recursosidi\/wp-json\/wp\/v2\/media?parent=10353"}],"wp:term":[{"taxonomy":"product_cat","embeddable":true,"href":"https:\/\/www.upm.es\/recursosidi\/wp-json\/wp\/v2\/product_cat?post=10353"},{"taxonomy":"product_tag","embeddable":true,"href":"https:\/\/www.upm.es\/recursosidi\/wp-json\/wp\/v2\/product_tag?post=10353"},{"taxonomy":"comunidad_upm","embeddable":true,"href":"https:\/\/www.upm.es\/recursosidi\/wp-json\/wp\/v2\/comunidades-upm?post=10353"},{"taxonomy":"quien","embeddable":true,"href":"https:\/\/www.upm.es\/recursosidi\/wp-json\/wp\/v2\/quien?post=10353"},{"taxonomy":"mapa","embeddable":true,"href":"https:\/\/www.upm.es\/recursosidi\/wp-json\/wp\/v2\/mapa?post=10353"},{"taxonomy":"disponibilidad","embeddable":true,"href":"https:\/\/www.upm.es\/recursosidi\/wp-json\/wp\/v2\/disponibilidad?post=10353"},{"taxonomy":"donde","embeddable":true,"href":"https:\/\/www.upm.es\/recursosidi\/wp-json\/wp\/v2\/donde?post=10353"},{"taxonomy":"infraestructura","embeddable":true,"href":"https:\/\/www.upm.es\/recursosidi\/wp-json\/wp\/v2\/infraestructura?post=10353"},{"taxonomy":"ods","embeddable":true,"href":"https:\/\/www.upm.es\/recursosidi\/wp-json\/wp\/v2\/ods?post=10353"},{"taxonomy":"origen","embeddable":true,"href":"https:\/\/www.upm.es\/recursosidi\/wp-json\/wp\/v2\/origen?post=10353"}],"curies":[{"name":"wp","href":"https:\/\/api.w.org\/{rel}","templated":true}]}}