{"id":10356,"date":"2022-07-27T12:36:46","date_gmt":"2022-07-27T10:36:46","guid":{"rendered":"https:\/\/www.upm.es\/recursosidi\/offers-resources\/sin categor\u00eda\/modelo-de-laboratorio-de-nanosatelite\/"},"modified":"2022-07-27T12:37:06","modified_gmt":"2022-07-27T10:37:06","slug":"modelo-de-laboratorio-de-nanosatelite","status":"publish","type":"product","link":"https:\/\/www.upm.es\/recursosidi\/offers-resources\/servicios-cientifico-tecnologico\/servicios-servicios-cientifico-tecnologico\/modelo-de-laboratorio-de-nanosatelite\/","title":{"rendered":"Modelo de laboratorio de nanosat\u00e9lite"},"content":{"rendered":"<p><strong>Sat&eacute;lite Educativo<\/strong><\/p>\n<p><strong>ESAT<\/strong><\/p>\n<p>ESAT es un sat&eacute;lite educativo que tiene como objetivo convertirse en la herramienta perfecta para la capacitaci&oacute;n pr&aacute;ctica en ingenier&iacute;a espacial en todos los niveles. Los usuarios potenciales van desde escuelas primarias, donde se persigue el desarrollo de habilidades STEM, hasta cursos universitarios de ingenier&iacute;a y de empresas de ingenier&iacute;a. Para todos ellos, este simulador de sat&eacute;lite realista ofrece una amplia variedad de actividades educativas.<\/p>\n<p>ESAT ha sido desarrollado de una manera que permite a los usuarios expandirlo, lo que facilita su construcci&oacute;n. Los usuarios de ESAT pueden integrar y probar sus propios desarrollos, tanto de software como de hardware, lo que permite compartir e intercambiar nuevas ideas y colaborar en nuevos desarrollos. Para lograr este objetivo, se proporcionan las interfaces del subsistema, junto con el c&oacute;digo fuente abierto de ESAT que se ha desarrollado utilizando un entorno de programaci&oacute;n de c&oacute;digo abierto.<\/p>\n<p>El uso de ESAT no solo brinda a los estudiantes la oportunidad de experimentar el desempe&ntilde;o real de los diferentes subsistemas en un sat&eacute;lite y la interacci&oacute;n entre ellos, lo que refuerza sus conocimientos te&oacute;ricos, sino que tambi&eacute;n permite la implementaci&oacute;n de una educaci&oacute;n basada en la pr&aacute;ctica, haciendo que los estudiantes el centro del proceso educativo.<\/p>\n<p><strong>Aplicaciones<\/strong><\/p>\n<p>-Ense&ntilde;anza: El ESAT es una herramienta ideal para la realizaci&oacute;n de pr&aacute;cticas en entornos universitarios y empresariales donde se requiera familiarizarse con el dise&ntilde;o y el funcionamiento de un CubeSAT.<\/p>\n<p>-Investigaci&oacute;n: El ESAT permite a los estudiantes y desarrolladores dise&ntilde;ar y probar prototipos de subsistemas software y hardware de forma f&aacute;cil en un entorno controlado y conocido en tierra.<\/p>\n<p><strong>Ventajas competitivas<\/strong><\/p>\n<p>&#8211; El software de a bordo est&aacute; desarrollado en el entorno de Arduino, siendo posible su integraci&oacute;n y personalizaci&oacute;n de forma f&aacute;cil con otros ejemplos y programas desarrollados en este entorno.<\/p>\n<p>-Tanto el ESAT como su segmento de tierra est&aacute;n desarrollados usando c&oacute;digo abierto y libre, lo que permite al usuario realizar las modificaciones y personalizaciones que desee y considere oportunas.<\/p>\n<p>-El equipamiento de apoyo en tierra posibilita simular varias condiciones de espacio como la libertad de rotaci&oacute;n en el eje Z, el campo magn&eacute;tico o la iluminaci&oacute;n solar.<\/p>\n<p>-El uso de comunicaciones inal&aacute;mbricas permite una gran libertad de movimientos una vez montado en la mesa giratoria.<\/p>\n<p>-Es posible usar una topolog&iacute;a de conexi&oacute;n de m&uacute;ltiples ESAT a un solo servidor y con m&uacute;ltiples estaciones de trabajo (clientes), pudiendo controlar y supervisar todas los dispositivos desde un solo puesto de control.<\/p>\n<p>-Su dise&ntilde;o modular permite extraer las placas de los subsistemas y trabajar con cada una de ellas de forma independiente, as&iacute; como realizar las modificaciones que se deseen. Asimismo, el uso de piezas impresas en 3D permite su fabricaci&oacute;n y reemplazo de forma f&aacute;cil y sencilla, as&iacute; como su posterior reciclaje.<\/p>\n<p>&nbsp;<\/p>\n<p><strong>Ubicaci&oacute;n<\/strong><\/p>\n<p><strong>E-USOC<\/strong>&nbsp;(&nbsp;<strong>Centro Espa&ntilde;ol de Operaciones y Soporte al Usuario<\/strong>&nbsp;) es un centro de&nbsp;<a href=\"https:\/\/en.wikipedia.org\/wiki\/Polytechnic_University_of_Madrid\">la Universidad Polit&eacute;cnica de Madrid<\/a>&nbsp;(&nbsp;<strong>UPM<\/strong>&nbsp;) especializado en actividades de Investigaci&oacute;n y Desarrollo (&nbsp;<a href=\"https:\/\/en.wikipedia.org\/wiki\/R%26D\">I + D<\/a>&nbsp;) en los campos de la ciencia y la tecnolog&iacute;a espacial.&nbsp;En nombre de la Agencia Espacial Europea,&nbsp;<a href=\"https:\/\/en.wikipedia.org\/wiki\/E-USOC#cite_note-1\"><sup>[1]<\/sup><\/a>&nbsp;el centro ofrece la asistencia necesaria para la preparaci&oacute;n, ejecuci&oacute;n y an&aacute;lisis post-vuelo de experimentos espaciales relacionados con el&nbsp;<a href=\"https:\/\/en.wikipedia.org\/wiki\/Fluid_Science_Laboratory\">Laboratorio de Ciencias de Fluidos<\/a>&nbsp;a bordo de la&nbsp;<a href=\"https:\/\/en.wikipedia.org\/wiki\/International_Space_Station\">Estaci&oacute;n Espacial Internacional<\/a>&nbsp;.<\/p>\n<p>E-USOC es el punto de contacto para los equipos de usuarios espa&ntilde;oles que desarrollan experimentos que requieren un entorno de microgravedad, como la&nbsp;<a href=\"https:\/\/en.wikipedia.org\/wiki\/International_Space_Station\">Estaci&oacute;n Espacial Internacional<\/a>&nbsp;,&nbsp;misiones&nbsp;<a href=\"https:\/\/en.wikipedia.org\/wiki\/Space_Shuttle\">del transbordador espacial<\/a>&nbsp;, vuelos parab&oacute;licos, etc.<\/p>\n<p>Otro objetivo de E-USOC es proporcionar informaci&oacute;n y promover actividades en el campo de las ciencias espaciales y la mec&aacute;nica de fluidos, brindando apoyo t&eacute;cnico y operativo a investigadores y grupos de investigaci&oacute;n que desean realizar experimentos en entornos de microgravedad o ciencia espacial relacionada.<\/p>\n<p>La sede se encuentra en el Campus de Montegancedo, un parque tecnol&oacute;gico y de investigaci&oacute;n de la&nbsp;<a href=\"https:\/\/en.wikipedia.org\/wiki\/Polytechnic_University_of_Madrid\">Universidad Polit&eacute;cnica de Madrid<\/a>&nbsp;(UPM).&nbsp;Este edificio est&aacute; ubicado en las afueras al oeste de Madrid, en la localidad de Pozuelo de Alarc&oacute;n.<\/p>\n<p>&nbsp;<\/p>\n<p>&nbsp;<\/p>\n<div class=\"pdfprnt-buttons pdfprnt-buttons-product pdfprnt-bottom-left\"><a href=\"https:\/\/www.upm.es\/recursosidi\/wp-json\/wp\/v2\/product\/10356?print=pdf\" class=\"pdfprnt-button pdfprnt-button-pdf\" target=\"_blank\"><span class=\"pdfprnt-button-title pdfprnt-button-pdf-title\">Descargar ficha<\/span><\/a><\/div>","protected":false},"excerpt":{"rendered":"<p>Dise\u00f1o, fabricaci\u00f3n y validaci\u00f3n de un modelo de laboratorio de nanosat\u00e9lite con un grado de libertad en actitud<\/p>\n","protected":false},"featured_media":10354,"template":"","meta":{"_acf_changed":false},"product_cat":[2395],"product_tag":[2648,2649,2566],"comunidades-upm":[],"quien":[],"mapa":[{"term_id":2405,"name":"Ciencia para la ingenier\u00eda y la arquitectura","slug":"ciencia-para-ingenieria-y-arquitectura","term_group":0,"term_taxonomy_id":2405,"taxonomy":"mapa","description":"","parent":0,"count":127,"filter":"raw","term_order":"7"},{"term_id":128,"name":"Espacio y Observaci\u00f3n de la Tierra","slug":"espacio-observacion_tierra","term_group":0,"term_taxonomy_id":128,"taxonomy":"mapa","description":"","parent":0,"count":19,"filter":"raw","term_order":"12"}],"disponibilidad":[{"term_id":204,"name":"Disponible","slug":"disponible","term_group":0,"term_taxonomy_id":204,"taxonomy":"disponibilidad","description":"","parent":0,"count":110,"filter":"raw","term_order":"0"}],"donde":[{"term_id":1514,"name":"Aerospace Sciences and Operations","slug":"en_aerospace-sciences-and-operations","term_group":0,"term_taxonomy_id":1514,"taxonomy":"donde","description":"Los resultados de nuestro trabajo responden a proyectos relacionados con las siguientes l&iacute;neas de investigaci&oacute;n:\n&nbsp;\n\nAerodin&aacute;mica Num&eacute;rica&nbsp;&nbsp;\nOperaciones Espaciales&nbsp;&nbsp;\nCargas de Pago Cient&iacute;ficas en Veh&iacute;culos Espaciales&nbsp;&nbsp;\nF&iacute;sica de Fluidos en Microgravedad&nbsp;&nbsp;\nVeh&iacute;culos Aeroespaciales&nbsp;\nDin&aacute;mica de superficies fluidas vibradas en microgravedad\nEfectos termocapilares en la din&aacute;mica de materiales con cambio de fase (PCMs) en microgravedad\n\n&nbsp;\nEstructura y estabilidad&nbsp; de micro-gotas l&iacute;quidas encapsuladas","parent":0,"count":4,"filter":"raw","term_order":"0"},{"term_id":618,"name":"Centro de Investigaci\u00f3n en Simulaci\u00f3n Computacional (CCS)","slug":"centro-de-investigacion-en-simulacion-computacional-ccs","term_group":0,"term_taxonomy_id":618,"taxonomy":"donde","description":"","parent":0,"count":27,"filter":"raw","term_order":"0"},{"term_id":290,"name":"Ciencias y Operaciones Aeroespaciales","slug":"ciencias-y-operaciones-aeroespaciales","term_group":0,"term_taxonomy_id":290,"taxonomy":"donde","description":"Los resultados de nuestro trabajo responden a proyectos relacionados con las siguientes l&iacute;neas de investigaci&oacute;n:\n&nbsp;\n\nAerodin&aacute;mica Num&eacute;rica&nbsp;&nbsp;\nOperaciones Espaciales&nbsp;&nbsp;\nCargas de Pago Cient&iacute;ficas en Veh&iacute;culos Espaciales&nbsp;&nbsp;\nF&iacute;sica de Fluidos en Microgravedad&nbsp;&nbsp;\nVeh&iacute;culos Aeroespaciales&nbsp;\nDin&aacute;mica de superficies fluidas vibradas en microgravedad\nEfectos termocapilares en la din&aacute;mica de materiales con cambio de fase (PCMs) en microgravedad\n\n&nbsp;\nEstructura y estabilidad&nbsp; de micro-gotas l&iacute;quidas encapsuladas","parent":0,"count":4,"filter":"raw","term_order":"0"},{"term_id":1840,"name":"Computer Simulation Research Centre","slug":"en_computer-simulation-research-centre","term_group":0,"term_taxonomy_id":1840,"taxonomy":"donde","description":"","parent":0,"count":17,"filter":"raw","term_order":"0"}],"infraestructura":[],"ods":[{"term_id":2267,"name":"Educaci\u00f3n de Calidad","slug":"educacion-de-calidad","term_group":0,"term_taxonomy_id":2267,"taxonomy":"ods","description":"","parent":0,"count":14,"filter":"raw","term_order":"0"},{"term_id":2247,"name":"Industria, Innovaci\u00f3n e Infraestructura","slug":"industria-innovacion-e-infraestructura","term_group":0,"term_taxonomy_id":2247,"taxonomy":"ods","description":"","parent":0,"count":171,"filter":"raw","term_order":"0"}],"origen":[{"term_id":196,"name":"Infraestructuras, Instalaci\u00f3n, Equipo","slug":"infraestructuras","term_group":0,"term_taxonomy_id":196,"taxonomy":"origen","description":"","parent":0,"count":180,"filter":"raw","term_order":"0"}],"familia_tax":false,"quien_tax":false,"donde_tax":false,"year":"2017-01-01","contacto":"E-USOC, Edificio CIDA Campus de Montegancedo , 28223 Pozuelo de Alarc\u00f3n","telefono":"910679058","pagina_web":"https:\/\/www.eusoc.upm.es\/","email":"vmedina@eusoc.upm.es","id_ficha_portal":"131","video":"","adjuntos":false,"adjuntos_portal":"https:\/\/www.upm.es\/recursosidi\/wp-content\/uploads_kairos\/ficha_131\/ficha_131_doc_3.pdf","inf":false,"departamento":"","acf":[],"lang":"es","translation":{"es":10356,"en":10361},"_links":{"self":[{"href":"https:\/\/www.upm.es\/recursosidi\/wp-json\/wp\/v2\/product\/10356"}],"collection":[{"href":"https:\/\/www.upm.es\/recursosidi\/wp-json\/wp\/v2\/product"}],"about":[{"href":"https:\/\/www.upm.es\/recursosidi\/wp-json\/wp\/v2\/types\/product"}],"wp:featuredmedia":[{"embeddable":true,"href":"https:\/\/www.upm.es\/recursosidi\/wp-json\/wp\/v2\/media\/10354"}],"wp:attachment":[{"href":"https:\/\/www.upm.es\/recursosidi\/wp-json\/wp\/v2\/media?parent=10356"}],"wp:term":[{"taxonomy":"product_cat","embeddable":true,"href":"https:\/\/www.upm.es\/recursosidi\/wp-json\/wp\/v2\/product_cat?post=10356"},{"taxonomy":"product_tag","embeddable":true,"href":"https:\/\/www.upm.es\/recursosidi\/wp-json\/wp\/v2\/product_tag?post=10356"},{"taxonomy":"comunidad_upm","embeddable":true,"href":"https:\/\/www.upm.es\/recursosidi\/wp-json\/wp\/v2\/comunidades-upm?post=10356"},{"taxonomy":"quien","embeddable":true,"href":"https:\/\/www.upm.es\/recursosidi\/wp-json\/wp\/v2\/quien?post=10356"},{"taxonomy":"mapa","embeddable":true,"href":"https:\/\/www.upm.es\/recursosidi\/wp-json\/wp\/v2\/mapa?post=10356"},{"taxonomy":"disponibilidad","embeddable":true,"href":"https:\/\/www.upm.es\/recursosidi\/wp-json\/wp\/v2\/disponibilidad?post=10356"},{"taxonomy":"donde","embeddable":true,"href":"https:\/\/www.upm.es\/recursosidi\/wp-json\/wp\/v2\/donde?post=10356"},{"taxonomy":"infraestructura","embeddable":true,"href":"https:\/\/www.upm.es\/recursosidi\/wp-json\/wp\/v2\/infraestructura?post=10356"},{"taxonomy":"ods","embeddable":true,"href":"https:\/\/www.upm.es\/recursosidi\/wp-json\/wp\/v2\/ods?post=10356"},{"taxonomy":"origen","embeddable":true,"href":"https:\/\/www.upm.es\/recursosidi\/wp-json\/wp\/v2\/origen?post=10356"}],"curies":[{"name":"wp","href":"https:\/\/api.w.org\/{rel}","templated":true}]}}