{"id":10366,"date":"2022-07-27T12:37:15","date_gmt":"2022-07-27T10:37:15","guid":{"rendered":"https:\/\/www.upm.es\/recursosidi\/offers-resources\/sin categor\u00eda\/prueba-combinada-densiometria-osea-y-prueba-de-esfuerzo\/"},"modified":"2022-07-27T12:37:30","modified_gmt":"2022-07-27T10:37:30","slug":"prueba-combinada-densiometria-osea-y-prueba-de-esfuerzo","status":"publish","type":"product","link":"https:\/\/www.upm.es\/recursosidi\/offers-resources\/servicios-cientifico-tecnologico\/servicios-servicios-cientifico-tecnologico\/prueba-combinada-densiometria-osea-y-prueba-de-esfuerzo\/","title":{"rendered":"Prueba combinada: densiometr\u00eda \u00f3sea y prueba de esfuerzo"},"content":{"rendered":"<h2>Laboratorio de Fisiolog&iacute;a del Esfuerzo (LFE)<\/h2>\n<h4>Prueba combinada: DXA + Prueba de esfuerzo<br \/><!--  tarifado --><\/h4>\n<p>En el LFE se realizan pruebas combinadas de DXA y prueba de esfuerzo. La densitometr&iacute;a &oacute;sea, conocida como DXA, permite valorar la densidad mineral &oacute;sea y la composici&oacute;n corporal; mientras que la prueba de esfuerzo permite realizar una valoraci&oacute;n de la respuesta cardiaca y respiratoria al ejercicio f&iacute;sico. Tras la realizaci&oacute;n de estas pruebas se entrega un informe detallado de los resultados que es explicado tanto por el equipo m&eacute;dico, como por el equipo de t&eacute;cnicos profesionales del entrenamiento.<\/p>\n<hr \/>\n<h4>Descripci&oacute;n de los servicios que se ofrecen <!-- y tarifas --><\/h4>\n<p>El DXA es una prueba de rayos X, no invasiva, que permite obtener una imagen para medir la densidad mineral &oacute;sea y valorar la salud de los huesos; as&iacute; como medir la masa grasa y masa libre de grasa informando de la composici&oacute;n corporal.&nbsp;<\/p>\n<p>Las pruebas de esfuerzo del LFE son pruebas directas, ya que se realizan con an&aacute;lisis de gases respiratorios (ergoespirometr&iacute;as). &nbsp;Adem&aacute;s, durante toda la valoraci&oacute;n se eval&uacute;a la respuesta cardiaca mediante electrocardiograma (ECG). Estas pruebas se pueden realizar corriendo en tapiz rodante o pedaleando en cicloerg&oacute;metro.<\/p>\n<p>Una vez realizada la prueba, se entrega el informe al usuario y se le explican de forma sencilla los resultados obtenidos, tanto desde el punto de vista m&eacute;dico como deportivo.<\/p>\n<p><!-- Recuerda que estas tarifas ser\u00e1n las oficiales aprobadas en Consejo de Direcci\u00f3n y Consejo Social. --><\/p>\n<hr \/>\n<h4>Necesidades demandadas y aplicaciones<\/h4>\n<p>Actualmente hay una gran necesidad de este servicio, tanto por parte de la poblaci&oacute;n que comienza a entrenar, como de la que ya es practicante habitual de ejercicio f&iacute;sico. Poder practicar con garant&iacute;as de seguridad ejercicio f&iacute;sico es una necesidad social, que &uacute;nicamente puede cubrirse con valoraciones cardiorrespiratorias al ejercicio como una prueba de esfuerzo.&nbsp;<\/p>\n<p>Tras realizar una prueba de esfuerzo de estas caracter&iacute;sticas uno puede saber si la respuesta de su organismo al ejercicio es normal o si hay alguna anomal&iacute;a que necesita ser estudiada con m&aacute;s profundidad. Tambi&eacute;n puede saber hasta qu&eacute; intensidad puede llegar sin que la respuesta sea perjudicial o an&oacute;mala.<\/p>\n<p>Con el DXA se puede conocer el estado de los huesos y si hay riesgo de osteoporosis, adem&aacute;s de obtener datos muy interesantes de composici&oacute;n corporal, que a d&iacute;a de hoy son imprescindibles para los programas de tratamiento de sobrepeso y obesidad.<\/p>\n<hr \/>\n<h4>Sector o &aacute;rea de aplicaci&oacute;n<\/h4>\n<p>Toda la poblaci&oacute;n practicante de ejercicio f&iacute;sico independientemente del nivel de pr&aacute;ctica o experiencia.<\/p>\n<hr \/>\n<h4>Competencias diferenciales<\/h4>\n<p>La principal caracter&iacute;stica diferencial de nuestro servicio es la atenci&oacute;n por parte de un equipo multidisciplinar que realizar&aacute; no solamente una evaluaci&oacute;n m&eacute;dica, sino tambi&eacute;n una valoraci&oacute;n deportiva destacando los principales resultados a tener en cuenta para la programaci&oacute;n del entrenamiento.<\/p>\n<p>Adem&aacute;s el informe de valoraci&oacute;n se entrega nada m&aacute;s finalizar la prueba de esfuerzo.<\/p>\n<hr \/>\n<h4>Referencias previas de prestaci&oacute;n<\/h4>\n<p>Multitud de federaciones deportivas, clubes deportivos, asociaciones deportivas, etc., han utilizado nuestros servicios.<\/p>\n<hr \/>\n<h4>D&oacute;nde se ubica<\/h4>\n<p>Las pruebas se realizan en el LABORATORIO DE FISIOLOG&Iacute;A DEL ESFUERZO (LFE) (6&ordm; Planta) de la Facultad de Ciencias de la Actividad F&iacute;sica y del Deporte (INEF) de la Universidad Polit&eacute;cnica de Madrid.<\/p>\n<p>El LFE cuenta con todo el equipamiento necesario para llevar a cabo estas pruebas: densit&oacute;metro &oacute;seo, analizadores de gases, ECG, tapiz rodante, cicloerg&oacute;metro, etc.<\/p>\n<hr \/>\n<h4>Solicitud del servicio<\/h4>\n<p><strong>A trav&eacute;s de nuestra web: https:\/\/laboratoriofisiologiainef.es\/<\/strong><\/p>\n<p>Nuestros correos electr&oacute;nicos: <span rel=\"7e311130b8312631a8312030ba314331a8312b3199311d31c8312d317e313c3199313131b9313031b2312f31a3312931c1311330a1312431bb311631a1311f30b0313d31b931\" class=\"cryptex \" style=\"\"><span class=\"CryptexImg ctxAlWWuTZHOxE66BJwJ5Rc8_kZvf3v13swor3ciTEdatc\"><\/span><\/span><span style=\"font-size: 10.5pt;font-family: 'Arial',sans-serif;color: black;background: white\">&nbsp;\/&nbsp;<\/span><a href=\"mailto:<span rel=\"7e311130b8312631a8312131c7312c31b7312831a8311d31c4310a30b6313531a4312131b5313331b2312a319d31233176311631a8311c31c0311330aa312331ba310430b1313831\" class=\"cryptex \" style=\"\"><span class=\"CryptexImg ctxmvYRoIM4qu0RwpQFmRRhHd1RmFbW8CFfx--5LT78XPc\"><\/span><\/span>\"><span rel=\"7e311130b8312631a8312131c7312c31b7312831a8311d31c4310a30b6313531a4312131b5313331b2312a319d31233176311631a8311c31c0311330aa312331ba310430b1313831\" class=\"cryptex \" style=\"\"><span class=\"CryptexImg ctxmvYRoIM4qu0RwpQFmRRhHd1RmFbW8CFfx--5LT78XPc\"><\/span><\/span><\/a><\/p>\n<p>Web institucional: https:\/\/www.inef.upm.es\/Facultad\/Laboratorios\/LaboratorioFisiologia\/Pruebas%20de%20esfuerzo%20externas<\/p>\n<hr \/>\n<div class=\"pdfprnt-buttons pdfprnt-buttons-product pdfprnt-bottom-left\"><a href=\"https:\/\/www.upm.es\/recursosidi\/wp-json\/wp\/v2\/product\/10366?print=pdf\" class=\"pdfprnt-button pdfprnt-button-pdf\" target=\"_blank\"><span class=\"pdfprnt-button-title pdfprnt-button-pdf-title\">Descargar ficha<\/span><\/a><\/div>","protected":false},"excerpt":{"rendered":"<p>La densitometr\u00eda \u00f3sea (DXA) permite valorar la salud \u00f3sea y la composici\u00f3n corporal.<br \/>\nLa prueba de esfuerzo estudia la respuesta cardiaca y respiratoria al ejercicio f\u00edsico, valorando la condici\u00f3n f\u00edsica y la respuesta del organismo al esfuerzo f\u00edsico. <\/p>\n","protected":false},"featured_media":10362,"template":"","meta":{"_acf_changed":false},"product_cat":[2395],"product_tag":[3775,3801,3779,3802,3777,3778,3773,3774,3776],"comunidades-upm":[],"quien":[],"mapa":[{"term_id":122,"name":"Salud y bienestar","slug":"salud-y-bienestar","term_group":0,"term_taxonomy_id":122,"taxonomy":"mapa","description":"","parent":0,"count":105,"filter":"raw","term_order":"17"}],"disponibilidad":[{"term_id":204,"name":"Disponible","slug":"disponible","term_group":0,"term_taxonomy_id":204,"taxonomy":"disponibilidad","description":"","parent":0,"count":110,"filter":"raw","term_order":"0"}],"donde":[{"term_id":552,"name":"Grupo de Investigaci\u00f3n del Laboratorio de Fisiolog\u00eda del Esfuerzo.","slug":"grupo-de-investigacion-del-laboratorio-de-fisiologia-del-esfuerzo","term_group":0,"term_taxonomy_id":552,"taxonomy":"donde","description":"Los miembros del grupo llevan a cabo su trabajo desarrollando las siguientes <strong>l&iacute;neas de investigaci&oacute;n<\/strong>:\n&nbsp;\n\nLesiones en el entrenamiento.\nInfluencias gen&eacute;ticas sobre la respuesta y adaptaci&oacute;n del organismo al ejercicio y al entrenamiento.\nEntrenamiento con cargas en poblaciones especiales.\nControl cardiovascular mediante programas de ejercicio f&iacute;sico.\nRespuesta del organismo durante esfuerzos de larga duraci&oacute;n.\nProgramas de Nutrici&oacute;n y Actividad F&iacute;sica para el tratamiento de la Obesidad.\n","parent":0,"count":5,"filter":"raw","term_order":"0"},{"term_id":1776,"name":"Physiology of Exercise Laboratory Research Group","slug":"en_physiology-of-exercise-laboratory-research-group","term_group":0,"term_taxonomy_id":1776,"taxonomy":"donde","description":"Los miembros del grupo llevan a cabo su trabajo desarrollando las siguientes <strong>l&iacute;neas de investigaci&oacute;n<\/strong>:\n&nbsp;\n\nLesiones en el entrenamiento.\nInfluencias gen&eacute;ticas sobre la respuesta y adaptaci&oacute;n del organismo al ejercicio y al entrenamiento.\nEntrenamiento con cargas en poblaciones especiales.\nControl cardiovascular mediante programas de ejercicio f&iacute;sico.\nRespuesta del organismo durante esfuerzos de larga duraci&oacute;n.\nProgramas de Nutrici&oacute;n y Actividad F&iacute;sica para el tratamiento de la Obesidad.\n","parent":0,"count":5,"filter":"raw","term_order":"0"}],"infraestructura":[],"ods":[{"term_id":2271,"name":"Salud y Bienestar","slug":"salud-y-bienestar","term_group":0,"term_taxonomy_id":2271,"taxonomy":"ods","description":"","parent":0,"count":59,"filter":"raw","term_order":"0"}],"origen":[{"term_id":196,"name":"Infraestructuras, Instalaci\u00f3n, Equipo","slug":"infraestructuras","term_group":0,"term_taxonomy_id":196,"taxonomy":"origen","description":"","parent":0,"count":180,"filter":"raw","term_order":"0"}],"familia_tax":false,"quien_tax":false,"donde_tax":false,"year":"2018-01-01","contacto":"Facultad de Ciencias de la Actividad F\u00edsica y del Deporte (INEF). Laboratorio de Fisiolog\u00eda del Esfuerzo.\r\nMart\u00edn Fierro, 7.\r\n28040 MADRID","telefono":"910677988","pagina_web":"https:\/\/laboratoriofisiologiainef.es\/","email":"laboratorio.fisiologia.inef@upm.es","id_ficha_portal":"149","video":"https:\/\/www.youtube.com\/watch?v=w_bYy5CStYw","adjuntos":false,"adjuntos_portal":"","inf":false,"departamento":"","acf":[],"lang":"es","translation":{"es":10366,"en":10373},"_links":{"self":[{"href":"https:\/\/www.upm.es\/recursosidi\/wp-json\/wp\/v2\/product\/10366"}],"collection":[{"href":"https:\/\/www.upm.es\/recursosidi\/wp-json\/wp\/v2\/product"}],"about":[{"href":"https:\/\/www.upm.es\/recursosidi\/wp-json\/wp\/v2\/types\/product"}],"wp:featuredmedia":[{"embeddable":true,"href":"https:\/\/www.upm.es\/recursosidi\/wp-json\/wp\/v2\/media\/10362"}],"wp:attachment":[{"href":"https:\/\/www.upm.es\/recursosidi\/wp-json\/wp\/v2\/media?parent=10366"}],"wp:term":[{"taxonomy":"product_cat","embeddable":true,"href":"https:\/\/www.upm.es\/recursosidi\/wp-json\/wp\/v2\/product_cat?post=10366"},{"taxonomy":"product_tag","embeddable":true,"href":"https:\/\/www.upm.es\/recursosidi\/wp-json\/wp\/v2\/product_tag?post=10366"},{"taxonomy":"comunidad_upm","embeddable":true,"href":"https:\/\/www.upm.es\/recursosidi\/wp-json\/wp\/v2\/comunidades-upm?post=10366"},{"taxonomy":"quien","embeddable":true,"href":"https:\/\/www.upm.es\/recursosidi\/wp-json\/wp\/v2\/quien?post=10366"},{"taxonomy":"mapa","embeddable":true,"href":"https:\/\/www.upm.es\/recursosidi\/wp-json\/wp\/v2\/mapa?post=10366"},{"taxonomy":"disponibilidad","embeddable":true,"href":"https:\/\/www.upm.es\/recursosidi\/wp-json\/wp\/v2\/disponibilidad?post=10366"},{"taxonomy":"donde","embeddable":true,"href":"https:\/\/www.upm.es\/recursosidi\/wp-json\/wp\/v2\/donde?post=10366"},{"taxonomy":"infraestructura","embeddable":true,"href":"https:\/\/www.upm.es\/recursosidi\/wp-json\/wp\/v2\/infraestructura?post=10366"},{"taxonomy":"ods","embeddable":true,"href":"https:\/\/www.upm.es\/recursosidi\/wp-json\/wp\/v2\/ods?post=10366"},{"taxonomy":"origen","embeddable":true,"href":"https:\/\/www.upm.es\/recursosidi\/wp-json\/wp\/v2\/origen?post=10366"}],"curies":[{"name":"wp","href":"https:\/\/api.w.org\/{rel}","templated":true}]}}