{"id":10377,"date":"2022-07-27T12:37:57","date_gmt":"2022-07-27T10:37:57","guid":{"rendered":"https:\/\/www.upm.es\/recursosidi\/offers-resources\/sin categor\u00eda\/servicio-de-analisis-quimico-de-aguas\/"},"modified":"2022-07-27T12:38:37","modified_gmt":"2022-07-27T10:38:37","slug":"servicio-de-analisis-quimico-de-aguas","status":"publish","type":"product","link":"https:\/\/www.upm.es\/recursosidi\/offers-resources\/servicios-cientifico-tecnologico\/servicios-servicios-cientifico-tecnologico\/servicio-de-analisis-quimico-de-aguas\/","title":{"rendered":"Servicio de An\u00e1lisis Qu\u00edmico de Aguas"},"content":{"rendered":"<h2>Servicios cient&iacute;fico &#8211; tecnol&oacute;gicos<\/h2>\n<h4>An&aacute;lisis qu&iacute;mico de aguas de riego <!--  tarifado --><\/h4>\n<p>Se realizar&aacute;n determinaciones anal&iacute;ticas encaminadas a determinar la calidad (qu&iacute;mica) de aguas de riego, conforme a los m&eacute;todos oficiales de Ministerio de Agricultura (MAPA, 1994).<\/p>\n<hr \/>\n<h4>Descripci&oacute;n de los servicios que se ofrecen <!-- y tarifas --><\/h4>\n<p>Determinaci&oacute;n de la calidad de aguas de riego:<\/p>\n<ul>\n<li><em>Determinaci&oacute;n del contenido en Sodio, Potasio, Calcio y Magnesio.<\/em><\/li>\n<li><em>Determinaci&oacute;n del contenido en cloruros.<\/em><\/li>\n<li><em>Determinaci&oacute;n del contenido en sulfatos.<\/em><\/li>\n<li>An&aacute;lisis completo. Adem&aacute;s de los anteriores an&aacute;lisis, se incluye la determinaci&oacute;n del <em>pH, conductividad el&eacute;ctrica, contenido en carbonatos y bicarbonatos,<\/em> conforme a los m&eacute;todos oficiales de an&aacute;lisis del Ministerio de Agricultura (MAPA, 1994).<\/li>\n<\/ul>\n<hr \/>\n<h4>Necesidades demandadas y aplicaciones<\/h4>\n<p>Agricultores, a nivel particular o empresas, gestores y mantenedores de espacios verdes (jardines, campos de golf y otros espacios deportivos) y otras personas o empresas que realizan una gesti&oacute;n sostenible del suelo.<\/p>\n<hr \/>\n<h4>Sector o &aacute;rea de aplicaci&oacute;n<\/h4>\n<p>Agricultura, Jardiner&iacute;a<\/p>\n<hr \/>\n<h4>D&oacute;nde se ubica<\/h4>\n<p>Los laboratorios est&aacute;n ubicados en la primera planta del Edificio Agr&iacute;colas de la Escuela T&eacute;cnica Superior de Ingenier&iacute;a Agron&oacute;mica, Alimentaria y de Biosistemas.<\/p>\n<p>&nbsp;<\/p>\n<div class=\"pdfprnt-buttons pdfprnt-buttons-product pdfprnt-bottom-left\"><a href=\"https:\/\/www.upm.es\/recursosidi\/wp-json\/wp\/v2\/product\/10377?print=pdf\" class=\"pdfprnt-button pdfprnt-button-pdf\" target=\"_blank\"><span class=\"pdfprnt-button-title pdfprnt-button-pdf-title\">Descargar ficha<\/span><\/a><\/div>","protected":false},"excerpt":{"rendered":"<p>Este laboratorio tiene entre sus objetivos proporcionar infraestructura qu\u00edmica a colectivos interesados en la gesti\u00f3n del agua de riego.<\/p>\n","protected":false},"featured_media":10374,"template":"","meta":{"_acf_changed":false},"product_cat":[2395],"product_tag":[2625,2651],"comunidades-upm":[],"quien":[],"mapa":[{"term_id":139,"name":"Agricultura, silvicultura, recursos naturales, usos de la tierra y crecimiento azul","slug":"agricultura-silvicultura-recursos_naturales-usos_tierra-crecimiento_azul","term_group":0,"term_taxonomy_id":139,"taxonomy":"mapa","description":"","parent":0,"count":43,"filter":"raw","term_order":"2"}],"disponibilidad":[{"term_id":204,"name":"Disponible","slug":"disponible","term_group":0,"term_taxonomy_id":204,"taxonomy":"disponibilidad","description":"","parent":0,"count":110,"filter":"raw","term_order":"0"}],"donde":[{"term_id":42,"name":"UPM","slug":"upm","term_group":0,"term_taxonomy_id":42,"taxonomy":"donde","description":"Universidad Polit\u00e9cnica de Madrid\r\nHTML \"Lorem ipsum dolor sit amet, consectetur adipiscing elit, sed do eiusmod tempor incididunt ut labore et dolore magna aliqua. Ut enim ad minim veniam, quis nostrud exercitation ullamco laboris nisi ut aliquip ex ea commodo consequat. Duis aute irure dolor in reprehenderit in voluptate velit esse cillum dolore eu fugiat nulla pariatur. Excepteur sint occaecat cupidatat non proident, sunt in culpa qui officia deserunt mollit anim id est laborum.\"","parent":0,"count":146,"filter":"raw","term_order":"0"}],"infraestructura":[],"ods":[{"term_id":2231,"name":"Acci\u00f3n por el Clima","slug":"accion-por-el-clima","term_group":0,"term_taxonomy_id":2231,"taxonomy":"ods","description":"","parent":0,"count":67,"filter":"raw","term_order":"0"},{"term_id":2259,"name":"Agua Limpia y Saneamiento","slug":"agua-limpia-y-saneamiento","term_group":0,"term_taxonomy_id":2259,"taxonomy":"ods","description":"","parent":0,"count":11,"filter":"raw","term_order":"0"}],"origen":[{"term_id":196,"name":"Infraestructuras, Instalaci\u00f3n, Equipo","slug":"infraestructuras","term_group":0,"term_taxonomy_id":196,"taxonomy":"origen","description":"","parent":0,"count":180,"filter":"raw","term_order":"0"}],"familia_tax":false,"quien_tax":false,"donde_tax":false,"year":"2006-01-01","contacto":"Laboratorio de Qu\u00edmica Agr\u00edcola y T\u00e9cnicas Anal\u00edticas Instrumentales. E.T.S. de Ingenier\u00eda Agron\u00f3mica, Alimentaria y de Biosistemas - Edificio Agr\u00edcolas. Avda Puerta de Hierro, 2. 28040 Madrid","telefono":"913363715","pagina_web":"https:\/\/www.agrisost.org\/participantes\/lab-212-laboratorio-edafologia-tecnicas-analiticas-instrumentales\/","email":"estrella.revenga@upm.es","id_ficha_portal":"180","video":"","adjuntos":false,"adjuntos_portal":"","inf":false,"departamento":"","acf":[],"lang":"es","translation":{"es":10377,"en":10389},"_links":{"self":[{"href":"https:\/\/www.upm.es\/recursosidi\/wp-json\/wp\/v2\/product\/10377"}],"collection":[{"href":"https:\/\/www.upm.es\/recursosidi\/wp-json\/wp\/v2\/product"}],"about":[{"href":"https:\/\/www.upm.es\/recursosidi\/wp-json\/wp\/v2\/types\/product"}],"wp:featuredmedia":[{"embeddable":true,"href":"https:\/\/www.upm.es\/recursosidi\/wp-json\/wp\/v2\/media\/10374"}],"wp:attachment":[{"href":"https:\/\/www.upm.es\/recursosidi\/wp-json\/wp\/v2\/media?parent=10377"}],"wp:term":[{"taxonomy":"product_cat","embeddable":true,"href":"https:\/\/www.upm.es\/recursosidi\/wp-json\/wp\/v2\/product_cat?post=10377"},{"taxonomy":"product_tag","embeddable":true,"href":"https:\/\/www.upm.es\/recursosidi\/wp-json\/wp\/v2\/product_tag?post=10377"},{"taxonomy":"comunidad_upm","embeddable":true,"href":"https:\/\/www.upm.es\/recursosidi\/wp-json\/wp\/v2\/comunidades-upm?post=10377"},{"taxonomy":"quien","embeddable":true,"href":"https:\/\/www.upm.es\/recursosidi\/wp-json\/wp\/v2\/quien?post=10377"},{"taxonomy":"mapa","embeddable":true,"href":"https:\/\/www.upm.es\/recursosidi\/wp-json\/wp\/v2\/mapa?post=10377"},{"taxonomy":"disponibilidad","embeddable":true,"href":"https:\/\/www.upm.es\/recursosidi\/wp-json\/wp\/v2\/disponibilidad?post=10377"},{"taxonomy":"donde","embeddable":true,"href":"https:\/\/www.upm.es\/recursosidi\/wp-json\/wp\/v2\/donde?post=10377"},{"taxonomy":"infraestructura","embeddable":true,"href":"https:\/\/www.upm.es\/recursosidi\/wp-json\/wp\/v2\/infraestructura?post=10377"},{"taxonomy":"ods","embeddable":true,"href":"https:\/\/www.upm.es\/recursosidi\/wp-json\/wp\/v2\/ods?post=10377"},{"taxonomy":"origen","embeddable":true,"href":"https:\/\/www.upm.es\/recursosidi\/wp-json\/wp\/v2\/origen?post=10377"}],"curies":[{"name":"wp","href":"https:\/\/api.w.org\/{rel}","templated":true}]}}