{"id":10389,"date":"2022-07-27T12:38:26","date_gmt":"2022-07-27T10:38:26","guid":{"rendered":"https:\/\/www.upm.es\/recursosidi\/offers-resources\/sin categor\u00eda\/water-chemical-analysis-service\/"},"modified":"2022-07-27T12:38:36","modified_gmt":"2022-07-27T10:38:36","slug":"water-chemical-analysis-service","status":"publish","type":"product","link":"https:\/\/www.upm.es\/recursosidi\/en\/offers-resources\/technological-scientific-services\/services-technological-scientific-services\/water-chemical-analysis-service\/","title":{"rendered":"Water Chemical Analysis Service"},"content":{"rendered":"<h2>Scientific and technology services<\/h2>\n<h4>Chemical analysis of irrigation water<br \/>\n                <!--  tarifado --><br \/>\n            <\/h4>\n<p>Analytical determinations are made in order to determine the (chemical) quality of irrigation water, in accordance with the official Ministry of Agriculture methods (MAPA 1994).<\/p>\n<hr \/>\n<h4>Description of the services offered<br \/>\n                <!-- y tarifas --><br \/>\n            <\/h4>\n<p>Determining irrigation water quality:<\/p>\n<ul>\n<li>\n                    <em>Determining Sodium, Potassium, Calcium and Magnesium content.<\/em>\n                <\/li>\n<li>\n                    <em>Determining chloride content.<\/em>\n                <\/li>\n<li>\n                    <em>Determining sulphate content.<\/em>\n                <\/li>\n<li>Complete analysis. In addition to the analyses above, <em>pH, electrical conductivity, and carbonate and bicarbonate<\/em> content determination is included, in accordance with the official Ministry of Agriculture analysis methods (MAPA 1994).<\/li>\n<\/ul>\n<hr \/>\n<h4>Needs requested and applications<\/h4>\n<p>Farmers, whether individuals or companies, green space managers and maintainers (gardens, golf courses and other sports spaces) and other people or companies doing sustainable land management.<\/p>\n<hr \/>\n<h4>Sector or area of application<\/h4>\n<p>Agriculture, Gardening<\/p>\n<hr \/>\n<h4>Where it is<\/h4>\n<p>The laboratories are on the first floor of Edificio Agr\u00edcolas at the Higher Technical School for Agronomy, Food and Biosystems Engineering.<\/p>\n<p \/>\n<div class=\"pdfprnt-buttons pdfprnt-buttons-product pdfprnt-bottom-left\"><a href=\"https:\/\/www.upm.es\/recursosidi\/wp-json\/wp\/v2\/product\/10389?print=pdf\" class=\"pdfprnt-button pdfprnt-button-pdf\" target=\"_blank\"><span class=\"pdfprnt-button-title pdfprnt-button-pdf-title\">Descargar ficha<\/span><\/a><\/div>","protected":false},"excerpt":{"rendered":"<p>Amongst others, the aim of the laboratory is to provide a chemical infrastructure to groups interested in irrigation water management.<\/p>\n","protected":false},"featured_media":10386,"template":"","meta":{"_acf_changed":false},"product_cat":[2403],"product_tag":[7741,7739],"comunidades-upm":[],"quien":[],"mapa":[{"term_id":77,"name":"Agriculture, Forestry, Natural Resources, Land Use and Blue Growth","slug":"agriculture-forestry-natural_resources-land-use-blue_growth","term_group":0,"term_taxonomy_id":77,"taxonomy":"mapa","description":"","parent":0,"count":20,"filter":"raw","term_order":"1"}],"disponibilidad":[{"term_id":204,"name":"Disponible","slug":"disponible","term_group":0,"term_taxonomy_id":204,"taxonomy":"disponibilidad","description":"","parent":0,"count":110,"filter":"raw","term_order":"0"}],"donde":[{"term_id":42,"name":"UPM","slug":"upm","term_group":0,"term_taxonomy_id":42,"taxonomy":"donde","description":"Universidad Polit\u00e9cnica de Madrid\r\nHTML \"Lorem ipsum dolor sit amet, consectetur adipiscing elit, sed do eiusmod tempor incididunt ut labore et dolore magna aliqua. Ut enim ad minim veniam, quis nostrud exercitation ullamco laboris nisi ut aliquip ex ea commodo consequat. Duis aute irure dolor in reprehenderit in voluptate velit esse cillum dolore eu fugiat nulla pariatur. Excepteur sint occaecat cupidatat non proident, sunt in culpa qui officia deserunt mollit anim id est laborum.\"","parent":0,"count":146,"filter":"raw","term_order":"0"}],"infraestructura":[],"ods":[{"term_id":2261,"name":"Clean Water and Sanitation","slug":"clean-water-and-sanitation","term_group":0,"term_taxonomy_id":2261,"taxonomy":"ods","description":"","parent":0,"count":10,"filter":"raw","term_order":"0"},{"term_id":2233,"name":"Climate Action","slug":"climate-action","term_group":0,"term_taxonomy_id":2233,"taxonomy":"ods","description":"","parent":0,"count":64,"filter":"raw","term_order":"0"}],"origen":[{"term_id":196,"name":"Infraestructuras, Instalaci\u00f3n, Equipo","slug":"infraestructuras","term_group":0,"term_taxonomy_id":196,"taxonomy":"origen","description":"","parent":0,"count":180,"filter":"raw","term_order":"0"}],"familia_tax":false,"quien_tax":false,"donde_tax":false,"year":"2006-01-01","contacto":"Laboratorio de Qu\u00edmica Agr\u00edcola y T\u00e9cnicas Anal\u00edticas Instrumentales. E.T.S. de Ingenier\u00eda Agron\u00f3mica, Alimentaria y de Biosistemas - Edificio Agr\u00edcolas. Avda Puerta de Hierro, 2. 28040 Madrid","telefono":"913363715","pagina_web":"https:\/\/www.agrisost.org\/participantes\/lab-212-laboratorio-edafologia-tecnicas-analiticas-instrumentales\/","email":"estrella.revenga@upm.es","id_ficha_portal":"180","video":"","adjuntos":false,"adjuntos_portal":"","inf":false,"departamento":"","acf":[],"lang":"en","translation":{"en":10389,"es":10377},"_links":{"self":[{"href":"https:\/\/www.upm.es\/recursosidi\/wp-json\/wp\/v2\/product\/10389"}],"collection":[{"href":"https:\/\/www.upm.es\/recursosidi\/wp-json\/wp\/v2\/product"}],"about":[{"href":"https:\/\/www.upm.es\/recursosidi\/wp-json\/wp\/v2\/types\/product"}],"wp:featuredmedia":[{"embeddable":true,"href":"https:\/\/www.upm.es\/recursosidi\/wp-json\/wp\/v2\/media\/10386"}],"wp:attachment":[{"href":"https:\/\/www.upm.es\/recursosidi\/wp-json\/wp\/v2\/media?parent=10389"}],"wp:term":[{"taxonomy":"product_cat","embeddable":true,"href":"https:\/\/www.upm.es\/recursosidi\/wp-json\/wp\/v2\/product_cat?post=10389"},{"taxonomy":"product_tag","embeddable":true,"href":"https:\/\/www.upm.es\/recursosidi\/wp-json\/wp\/v2\/product_tag?post=10389"},{"taxonomy":"comunidad_upm","embeddable":true,"href":"https:\/\/www.upm.es\/recursosidi\/wp-json\/wp\/v2\/comunidades-upm?post=10389"},{"taxonomy":"quien","embeddable":true,"href":"https:\/\/www.upm.es\/recursosidi\/wp-json\/wp\/v2\/quien?post=10389"},{"taxonomy":"mapa","embeddable":true,"href":"https:\/\/www.upm.es\/recursosidi\/wp-json\/wp\/v2\/mapa?post=10389"},{"taxonomy":"disponibilidad","embeddable":true,"href":"https:\/\/www.upm.es\/recursosidi\/wp-json\/wp\/v2\/disponibilidad?post=10389"},{"taxonomy":"donde","embeddable":true,"href":"https:\/\/www.upm.es\/recursosidi\/wp-json\/wp\/v2\/donde?post=10389"},{"taxonomy":"infraestructura","embeddable":true,"href":"https:\/\/www.upm.es\/recursosidi\/wp-json\/wp\/v2\/infraestructura?post=10389"},{"taxonomy":"ods","embeddable":true,"href":"https:\/\/www.upm.es\/recursosidi\/wp-json\/wp\/v2\/ods?post=10389"},{"taxonomy":"origen","embeddable":true,"href":"https:\/\/www.upm.es\/recursosidi\/wp-json\/wp\/v2\/origen?post=10389"}],"curies":[{"name":"wp","href":"https:\/\/api.w.org\/{rel}","templated":true}]}}