{"id":10405,"date":"2022-07-27T12:39:14","date_gmt":"2022-07-27T10:39:14","guid":{"rendered":"https:\/\/www.upm.es\/recursosidi\/offers-resources\/sin categor\u00eda\/chemical-analysis-service-for-other-determinations\/"},"modified":"2022-07-27T12:39:27","modified_gmt":"2022-07-27T10:39:27","slug":"chemical-analysis-service-for-other-determinations","status":"publish","type":"product","link":"https:\/\/www.upm.es\/recursosidi\/en\/offers-resources\/technological-scientific-services\/services-technological-scientific-services\/chemical-analysis-service-for-other-determinations\/","title":{"rendered":"Chemical Analysis Service for other determinations"},"content":{"rendered":"<h4>Other analytical determinations for other matrices<br \/>\n                <!--  tarifado --><br \/>\n            <\/h4>\n<p>By using different equipment and techniques, it is possible to quantify the total Carbon in solid samples (0.5 &#8211; 1 g) and liquid samples (soil extracts, water and leachates), as well as various types of Nitrogen in solid (total) or liquid (nitrate, ammonia or combined total) samples in soil extracts, water and leachates.<\/p>\n<hr \/>\n<h4>Description of the services offered<br \/>\n                <!-- y tarifas --><br \/>\n            <\/h4>\n<p>Determinations in soil extracts, water and leachates:<\/p>\n<ul>\n<li>Determining NO<sub>3<\/sub><br \/>\n                    <sup>&#8211;<\/sup>, NH<sub>4<\/sub><br \/>\n                    <sup>+<\/sup> using Flow Injection spectroscopy (Keeney and Nelson, 1982)<\/li>\n<li>Determining total organic and inorganic carbon (TOC) (IR Detector)<\/li>\n<li>Determining total combined nitrogen (TN<sub>b<\/sub>) (Chemiluminescence Detector)<\/li>\n<\/ul>\n<p>Determining soil, substrate, plant and food solid macrosamples:<\/p>\n<ul>\n<li>Determining <em>Carbon <\/em>(IR Detector)<\/li>\n<li>Determining total Nitrogen (Thermal Conductivity Detector) using the Dumas method.<\/li>\n<\/ul>\n<p>Determining fertilisers:<\/p>\n<ul>\n<li>Determining total nitrogen (Kjeldhal method or Dumas method)<\/li>\n<li>Determining total phosphorus (Gravimetry) or assimilable phosphorus (Olsen method)<\/li>\n<li>Determining Potassium, Calcium and Magnesium content.<\/li>\n<li>Determining micro-nutrients: Iron, Manganese, Copper and Zinc.<\/li>\n<\/ul>\n<hr \/>\n<h4>Needs requested and applications<\/h4>\n<p>Green space managers and maintainers (gardens, golf courses and other sports spaces) and other people or companies doing sustainable land management.<\/p>\n<p>Research groups.<\/p>\n<hr \/>\n<h4>Sector or area of application<\/h4>\n<p>Agriculture, food<\/p>\n<hr \/>\n<hr \/>\n<h4>Where it is<\/h4>\n<p>The laboratories are on the first floor of Edificio Agr\u00edcolas at the Higher Technical School for Agronomy, Food and Biosystems Engineering.<\/p>\n<p>To analyse the nitrate content in soil extracts, water and leachates, a Futura model segmented flow analyser made by Alliance is available, while for determining the ammonium ion content there is a Perkin-Elmer FIAS-400 Flow injection Spectrophotometer, along with a Perkin-Elmer Lambda 25 spectrophotometer.<\/p>\n<p>Analytik Jena Multi CN 3100 instrumentation is used to determine the total Carbon (TOC) and combined total Nitrogen (TN<sub>b<\/sub>) in soil extracts.<\/p>\n<p>Leco Trumac CN instrumentation is used to determine the total Carbon and total Nitrogen in soil macrosamples.<\/p>\n<hr \/>\n<div class=\"pdfprnt-buttons pdfprnt-buttons-product pdfprnt-bottom-left\"><a href=\"https:\/\/www.upm.es\/recursosidi\/wp-json\/wp\/v2\/product\/10405?print=pdf\" class=\"pdfprnt-button pdfprnt-button-pdf\" target=\"_blank\"><span class=\"pdfprnt-button-title pdfprnt-button-pdf-title\">Descargar ficha<\/span><\/a><\/div>","protected":false},"excerpt":{"rendered":"<p>These determinations make it possible to quantify the total carbon and different nitrogen species in other matrices.<\/p>\n","protected":false},"featured_media":10403,"template":"","meta":{"_acf_changed":false},"product_cat":[2403],"product_tag":[7748,7741,6292,7756,7744,7746,7761,7752,7754,2658,7758,7750],"comunidades-upm":[],"quien":[],"mapa":[{"term_id":77,"name":"Agriculture, Forestry, Natural Resources, Land Use and Blue Growth","slug":"agriculture-forestry-natural_resources-land-use-blue_growth","term_group":0,"term_taxonomy_id":77,"taxonomy":"mapa","description":"","parent":0,"count":20,"filter":"raw","term_order":"1"}],"disponibilidad":[{"term_id":204,"name":"Disponible","slug":"disponible","term_group":0,"term_taxonomy_id":204,"taxonomy":"disponibilidad","description":"","parent":0,"count":110,"filter":"raw","term_order":"0"}],"donde":[{"term_id":42,"name":"UPM","slug":"upm","term_group":0,"term_taxonomy_id":42,"taxonomy":"donde","description":"Universidad Polit\u00e9cnica de Madrid\r\nHTML \"Lorem ipsum dolor sit amet, consectetur adipiscing elit, sed do eiusmod tempor incididunt ut labore et dolore magna aliqua. Ut enim ad minim veniam, quis nostrud exercitation ullamco laboris nisi ut aliquip ex ea commodo consequat. Duis aute irure dolor in reprehenderit in voluptate velit esse cillum dolore eu fugiat nulla pariatur. Excepteur sint occaecat cupidatat non proident, sunt in culpa qui officia deserunt mollit anim id est laborum.\"","parent":0,"count":146,"filter":"raw","term_order":"0"}],"infraestructura":[],"ods":[{"term_id":2261,"name":"Clean Water and Sanitation","slug":"clean-water-and-sanitation","term_group":0,"term_taxonomy_id":2261,"taxonomy":"ods","description":"","parent":0,"count":10,"filter":"raw","term_order":"0"},{"term_id":2233,"name":"Climate Action","slug":"climate-action","term_group":0,"term_taxonomy_id":2233,"taxonomy":"ods","description":"","parent":0,"count":64,"filter":"raw","term_order":"0"}],"origen":[{"term_id":196,"name":"Infraestructuras, Instalaci\u00f3n, Equipo","slug":"infraestructuras","term_group":0,"term_taxonomy_id":196,"taxonomy":"origen","description":"","parent":0,"count":180,"filter":"raw","term_order":"0"}],"familia_tax":false,"quien_tax":false,"donde_tax":false,"year":"2012-01-01","contacto":"Laboratorio de Qu\u00edmica Agr\u00edcola y T\u00e9cnicas Anal\u00edticas Instrumentales. E.T.S. de Ingenier\u00eda Agron\u00f3mica, Alimentaria y de Biosistemas - Edificio Agr\u00edcolas. Avda Puerta de Hierro, 2. 28040 Madrid","telefono":"913363715","pagina_web":"https:\/\/www.agrisost.org\/participantes\/lab-212-laboratorio-edafologia-tecnicas-analiticas-instrumentales\/","email":"estrella.revenga@upm.es","id_ficha_portal":"181","video":"","adjuntos":false,"adjuntos_portal":"","inf":false,"departamento":"","acf":[],"lang":"en","translation":{"en":10405,"es":10392},"_links":{"self":[{"href":"https:\/\/www.upm.es\/recursosidi\/wp-json\/wp\/v2\/product\/10405"}],"collection":[{"href":"https:\/\/www.upm.es\/recursosidi\/wp-json\/wp\/v2\/product"}],"about":[{"href":"https:\/\/www.upm.es\/recursosidi\/wp-json\/wp\/v2\/types\/product"}],"wp:featuredmedia":[{"embeddable":true,"href":"https:\/\/www.upm.es\/recursosidi\/wp-json\/wp\/v2\/media\/10403"}],"wp:attachment":[{"href":"https:\/\/www.upm.es\/recursosidi\/wp-json\/wp\/v2\/media?parent=10405"}],"wp:term":[{"taxonomy":"product_cat","embeddable":true,"href":"https:\/\/www.upm.es\/recursosidi\/wp-json\/wp\/v2\/product_cat?post=10405"},{"taxonomy":"product_tag","embeddable":true,"href":"https:\/\/www.upm.es\/recursosidi\/wp-json\/wp\/v2\/product_tag?post=10405"},{"taxonomy":"comunidad_upm","embeddable":true,"href":"https:\/\/www.upm.es\/recursosidi\/wp-json\/wp\/v2\/comunidades-upm?post=10405"},{"taxonomy":"quien","embeddable":true,"href":"https:\/\/www.upm.es\/recursosidi\/wp-json\/wp\/v2\/quien?post=10405"},{"taxonomy":"mapa","embeddable":true,"href":"https:\/\/www.upm.es\/recursosidi\/wp-json\/wp\/v2\/mapa?post=10405"},{"taxonomy":"disponibilidad","embeddable":true,"href":"https:\/\/www.upm.es\/recursosidi\/wp-json\/wp\/v2\/disponibilidad?post=10405"},{"taxonomy":"donde","embeddable":true,"href":"https:\/\/www.upm.es\/recursosidi\/wp-json\/wp\/v2\/donde?post=10405"},{"taxonomy":"infraestructura","embeddable":true,"href":"https:\/\/www.upm.es\/recursosidi\/wp-json\/wp\/v2\/infraestructura?post=10405"},{"taxonomy":"ods","embeddable":true,"href":"https:\/\/www.upm.es\/recursosidi\/wp-json\/wp\/v2\/ods?post=10405"},{"taxonomy":"origen","embeddable":true,"href":"https:\/\/www.upm.es\/recursosidi\/wp-json\/wp\/v2\/origen?post=10405"}],"curies":[{"name":"wp","href":"https:\/\/api.w.org\/{rel}","templated":true}]}}