{"id":10410,"date":"2022-07-27T12:39:57","date_gmt":"2022-07-27T10:39:57","guid":{"rendered":"https:\/\/www.upm.es\/recursosidi\/offers-resources\/sin categor\u00eda\/servicio-de-analisis-quimico-de-suelos\/"},"modified":"2022-07-27T12:40:51","modified_gmt":"2022-07-27T10:40:51","slug":"servicio-de-analisis-quimico-de-suelos","status":"publish","type":"product","link":"https:\/\/www.upm.es\/recursosidi\/offers-resources\/servicios-cientifico-tecnologico\/servicios-servicios-cientifico-tecnologico\/servicio-de-analisis-quimico-de-suelos\/","title":{"rendered":"Servicio de An\u00e1lisis Qu\u00edmico de Suelos"},"content":{"rendered":"<h2>Servicios cient&iacute;fico &#8211; tecnol&oacute;gicos<\/h2>\n<h4>An&aacute;lisis qu&iacute;mico de suelos <!--  tarifado --><\/h4>\n<p>Se realizar&aacute;n determinaciones anal&iacute;ticas encaminadas a determinar la fertilidad (principalmente, qu&iacute;mica) de suelos, conforme a los m&eacute;todos oficiales de Ministerio de Agricultura (MAPA, 1994).<\/p>\n<hr \/>\n<h4>An&aacute;lisis de suelos<br \/><!-- y tarifas --><\/h4>\n<p>Determinaci&oacute;n de la fertilidad de un suelo:<\/p>\n<ul>\n<li><em>Materia org&aacute;nica por oxidaci&oacute;n (MAPA, 1994)<br \/><\/em><\/li>\n<li><em>Nitr&oacute;geno (m&eacute;todo Kjeldhal) (MAPA, 1994)<br \/><\/em><\/li>\n<li><em>Cationes de cambio: Sodio, Potasio, Calcio y Magnesio, extraidos con acetato de amonio (MAPA)<\/em><\/li>\n<li><em>F&oacute;sforo asimilable (soluble en bicarbonato) (MAPA, 1994)<\/em><\/li>\n<li><em>Textura<\/em> (M&eacute;todo Dens&iacute;metro de Bouyoucos) (MAPA, 1994)<\/li>\n<li>An&aacute;lisis completo de fertilidad. Adem&aacute;s de los anteriores an&aacute;lisis,incluye la determinaci&oacute;n <em>pH<\/em>&nbsp; (relaci&oacute;n suelo\/agua 1\/2,5), <em>Prueba previa de salinidad<\/em> (relaci&oacute;n suelo\/agua 1:5), <em>Caliza activa <\/em>(% CaCO<sub>3<\/sub>) conforme a los m&eacute;todos oficiales de an&aacute;lisis del Ministerio de Agricultura (MAPA, 1994) y <em>Carbonatos totales<\/em> (% CaCO<sub>3<\/sub>) seg&uacute;n norma UNE 103-200-93.<\/li>\n<\/ul>\n<hr \/>\n<h4>Necesidades demandadas y aplicaciones<\/h4>\n<p>Agricultores, a nivel particular o empresas, gestores y mantenedores de espacios verdes (jardines, campos de golf y otros espacios deportivos) y otras personas o empresas que realizan una gesti&oacute;n sostenible del suelo.<\/p>\n<hr \/>\n<h4>Sector o &aacute;rea de aplicaci&oacute;n<\/h4>\n<p>Agricultura, Jardiner&iacute;a.<\/p>\n<hr \/>\n<h4>D&oacute;nde se ubica<\/h4>\n<p>Los laboratorios est&aacute;n ubicados en la primera planta del Edificio Agr&iacute;colas de la Escuela T&eacute;cnica Superior de Ingenier&iacute;a Agron&oacute;mica, Alimentaria y de Biosistemas.<\/p>\n<p>La determinaciones m&aacute;s frecuentes encaminadas a la caracterizaci&oacute;n f&iacute;sico-qu&iacute;mica de los suelos y en concreto, a la determinaci&oacute;n de la fertilidad del suelo, se realiza en el laboratorio de Qu&iacute;mica Agr&iacute;cola que dispone de:<\/p>\n<ul>\n<li>Valorador autom&aacute;tico Titrino \/Crison.<\/li>\n<li>Equipo Crison GLP 22\/ Electrodos selectivos de NO3- y Cl-<\/li>\n<li>Calc&iacute;metro Ejkelkamp<\/li>\n<li>Bateria y equipo destilador Kjeldhal<\/li>\n<li>Agitadores de brazos, horizontales, rotatorios.<strong><br \/><\/strong><\/li>\n<\/ul>\n<p>Las determinaciones de cationes de cambio y capacidad de intercambio cati&oacute;nico se realiza en el laboratorio de t&eacute;cnicas anal&iacute;ticas instrumentales, utiliz&aacute;ndose un equipo de Absorci&oacute;n At&oacute;mica PerKin-Elmer AAnalyst 200.<\/p>\n<div class=\"pdfprnt-buttons pdfprnt-buttons-product pdfprnt-bottom-left\"><a href=\"https:\/\/www.upm.es\/recursosidi\/wp-json\/wp\/v2\/product\/10410?print=pdf\" class=\"pdfprnt-button pdfprnt-button-pdf\" target=\"_blank\"><span class=\"pdfprnt-button-title pdfprnt-button-pdf-title\">Descargar ficha<\/span><\/a><\/div>","protected":false},"excerpt":{"rendered":"<p>Este laboratorio tiene entre sus objetivos proporcionar infraestructura qu\u00edmica a colectivos interesados en la gesti\u00f3n del suelo.<\/p>\n","protected":false},"featured_media":10406,"template":"","meta":{"_acf_changed":false},"product_cat":[2395],"product_tag":[2651,2660,2621],"comunidades-upm":[],"quien":[],"mapa":[{"term_id":139,"name":"Agricultura, silvicultura, recursos naturales, usos de la tierra y crecimiento azul","slug":"agricultura-silvicultura-recursos_naturales-usos_tierra-crecimiento_azul","term_group":0,"term_taxonomy_id":139,"taxonomy":"mapa","description":"","parent":0,"count":43,"filter":"raw","term_order":"2"}],"disponibilidad":[{"term_id":204,"name":"Disponible","slug":"disponible","term_group":0,"term_taxonomy_id":204,"taxonomy":"disponibilidad","description":"","parent":0,"count":110,"filter":"raw","term_order":"0"}],"donde":[{"term_id":42,"name":"UPM","slug":"upm","term_group":0,"term_taxonomy_id":42,"taxonomy":"donde","description":"Universidad Polit\u00e9cnica de Madrid\r\nHTML \"Lorem ipsum dolor sit amet, consectetur adipiscing elit, sed do eiusmod tempor incididunt ut labore et dolore magna aliqua. Ut enim ad minim veniam, quis nostrud exercitation ullamco laboris nisi ut aliquip ex ea commodo consequat. Duis aute irure dolor in reprehenderit in voluptate velit esse cillum dolore eu fugiat nulla pariatur. Excepteur sint occaecat cupidatat non proident, sunt in culpa qui officia deserunt mollit anim id est laborum.\"","parent":0,"count":145,"filter":"raw","term_order":"0"}],"infraestructura":[],"ods":[{"term_id":2231,"name":"Acci\u00f3n por el Clima","slug":"accion-por-el-clima","term_group":0,"term_taxonomy_id":2231,"taxonomy":"ods","description":"","parent":0,"count":67,"filter":"raw","term_order":"0"},{"term_id":2259,"name":"Agua Limpia y Saneamiento","slug":"agua-limpia-y-saneamiento","term_group":0,"term_taxonomy_id":2259,"taxonomy":"ods","description":"","parent":0,"count":11,"filter":"raw","term_order":"0"}],"origen":[{"term_id":196,"name":"Infraestructuras, Instalaci\u00f3n, Equipo","slug":"infraestructuras","term_group":0,"term_taxonomy_id":196,"taxonomy":"origen","description":"","parent":0,"count":180,"filter":"raw","term_order":"0"}],"familia_tax":false,"quien_tax":false,"donde_tax":false,"year":"2006-01-01","contacto":"Laboratorio de Qu\u00edmica Agr\u00edcola y T\u00e9cnicas Anal\u00edticas Instrumentales. E.T.S. de Ingenier\u00eda Agron\u00f3mica, Alimentaria y de Biosistemas - Edificio Agr\u00edcolas. Avda Puerta de Hierro, 2. 28040 Madrid","telefono":"913363715","pagina_web":"https:\/\/www.agrisost.org\/participantes\/lab-212-laboratorio-edafologia-tecnicas-analiticas-instrumentales\/","email":"estrella.revenga@upm.es","id_ficha_portal":"178","video":"","adjuntos":false,"adjuntos_portal":"","inf":false,"departamento":"","acf":[],"lang":"es","translation":{"es":10410,"en":10427},"_links":{"self":[{"href":"https:\/\/www.upm.es\/recursosidi\/wp-json\/wp\/v2\/product\/10410"}],"collection":[{"href":"https:\/\/www.upm.es\/recursosidi\/wp-json\/wp\/v2\/product"}],"about":[{"href":"https:\/\/www.upm.es\/recursosidi\/wp-json\/wp\/v2\/types\/product"}],"wp:featuredmedia":[{"embeddable":true,"href":"https:\/\/www.upm.es\/recursosidi\/wp-json\/wp\/v2\/media\/10406"}],"wp:attachment":[{"href":"https:\/\/www.upm.es\/recursosidi\/wp-json\/wp\/v2\/media?parent=10410"}],"wp:term":[{"taxonomy":"product_cat","embeddable":true,"href":"https:\/\/www.upm.es\/recursosidi\/wp-json\/wp\/v2\/product_cat?post=10410"},{"taxonomy":"product_tag","embeddable":true,"href":"https:\/\/www.upm.es\/recursosidi\/wp-json\/wp\/v2\/product_tag?post=10410"},{"taxonomy":"comunidad_upm","embeddable":true,"href":"https:\/\/www.upm.es\/recursosidi\/wp-json\/wp\/v2\/comunidades-upm?post=10410"},{"taxonomy":"quien","embeddable":true,"href":"https:\/\/www.upm.es\/recursosidi\/wp-json\/wp\/v2\/quien?post=10410"},{"taxonomy":"mapa","embeddable":true,"href":"https:\/\/www.upm.es\/recursosidi\/wp-json\/wp\/v2\/mapa?post=10410"},{"taxonomy":"disponibilidad","embeddable":true,"href":"https:\/\/www.upm.es\/recursosidi\/wp-json\/wp\/v2\/disponibilidad?post=10410"},{"taxonomy":"donde","embeddable":true,"href":"https:\/\/www.upm.es\/recursosidi\/wp-json\/wp\/v2\/donde?post=10410"},{"taxonomy":"infraestructura","embeddable":true,"href":"https:\/\/www.upm.es\/recursosidi\/wp-json\/wp\/v2\/infraestructura?post=10410"},{"taxonomy":"ods","embeddable":true,"href":"https:\/\/www.upm.es\/recursosidi\/wp-json\/wp\/v2\/ods?post=10410"},{"taxonomy":"origen","embeddable":true,"href":"https:\/\/www.upm.es\/recursosidi\/wp-json\/wp\/v2\/origen?post=10410"}],"curies":[{"name":"wp","href":"https:\/\/api.w.org\/{rel}","templated":true}]}}