{"id":10429,"date":"2022-07-27T12:40:57","date_gmt":"2022-07-27T10:40:57","guid":{"rendered":"https:\/\/www.upm.es\/recursosidi\/offers-resources\/sin categor\u00eda\/servicio-de-animalario-sa-ctb\/"},"modified":"2022-07-27T12:41:01","modified_gmt":"2022-07-27T10:41:01","slug":"servicio-de-animalario-sa-ctb","status":"publish","type":"product","link":"https:\/\/www.upm.es\/recursosidi\/offers-resources\/servicios-cientifico-tecnologico\/servicios-servicios-cientifico-tecnologico\/servicio-de-animalario-sa-ctb\/","title":{"rendered":"SERVICIO DE ANIMALARIO (SA-CTB)"},"content":{"rendered":"<h4>SERVICIO DE ANIMALARIO<!--  tarifado --><\/h4>\n<p>El animalario del Centro de Tecnolog&iacute;a Biom&eacute;dica (CTB) es un centro autorizado por la Direcci&oacute;n General de Agricultura y Ganader&iacute;a de la Comunidad de Madrid como centro de usuario y cr&iacute;a de diferentes especies de roedores, con el n&uacute;mero ES280790002070. Asimismo, posee autorizaci&oacute;n de la misma direcci&oacute;n general con n&uacute;mero A\/ES\/17\/I-04 de fecha 23\/03\/2017 para el desarrollo de actividades de utilizaci&oacute;n confinada con organismos modificados gen&eacute;ticamente de riesgo nulo o insignificante (tipo l).<\/p>\n<p>El uso de estas instalaciones y sus prestaciones se desarrollan bajo la Directiva del Parlamento Europeo y el Consejo 2010\/63\/UE y regulados en Espa&ntilde;a por el Real Decreto 53\/2013 de 1 de febrero, por el que se establecen las normas b&aacute;sicas aplicables para la protecci&oacute;n de los animales utilizados en experimentaci&oacute;n y otros fines cient&iacute;ficos, incluyendo la docencia, la Ley 32\/2007, de 7 de noviembre y a nivel auton&oacute;mico por el Decreto 176\/1997 que regula el registro de Actividades Econ&oacute;mico-Pecuarias de la Comunidad de Madrid.<\/p>\n<hr \/>\n<h4>Descripci&oacute;n de los servicios que se ofrecen <!-- y tarifas --><\/h4>\n<p>Los servicios ofertados son:<\/p>\n<p>-Alojamiento y gesti&oacute;n de colonias<\/p>\n<p>-Suministro de animales<\/p>\n<p>-Alquiler de equipos y servicios experimentales<\/p>\n<p>El Animalario pondr&aacute; a disposici&oacute;n de los interesados los Procedimientos de Trabajo de los diferentes equipos y t&eacute;cnicas disponibles en el Animalario.<br \/>El manejo de los animales de laboratorio se realizar&aacute; teniendo en cuenta los principios b&aacute;sicos:<br \/>&#8211; Evitar el sufrimiento innecesario de los animales.<br \/>&#8211; Evitar riesgos del manipulador.<br \/>La manipulaci&oacute;n de los animales de laboratorio se llevar&aacute; a cabo de acuerdo con la tecnolog&iacute;a espec&iacute;fica para cada especie, y siempre dentro de las normativas legales vigentes, por personal competente y autorizado legalmente.<\/p>\n<p>Cat&aacute;logo de especies alojadas:<br \/>1. Ratones modificados gen&eacute;ticamente 5xFAD, para emular la enfermedad de Alzheimer.<br \/>2. Ratones modificados gen&eacute;ticamente que expresan la prote&iacute;na fluorescente verde (EGFP).<br \/>3. Ratones silvestres de fondo gen&eacute;tico CD-1<br \/>4. Ratones silvestres de fondo gen&eacute;tico C57Bl6<br \/>Otras especies que se pueden alojar:<br \/>En la actualidad, dadas las dimensiones y el espacio disponible en el animalario, y que esta instalaci&oacute;n ha sido tambi&eacute;n homologada para el desarrollo de actividades de utilizaci&oacute;n confinada con organismos modificados gen&eacute;ticamente de riesgo nulo, s&oacute;lo se prev&eacute; la cr&iacute;a, estabulaci&oacute;n y uso de ratones silvestres o\/y modificados gen&eacute;ticamente.<br \/><!-- Recuerda que estas tarifas ser\u00e1n las oficiales aprobadas en Consejo de Direcci\u00f3n y Consejo Social. --><\/p>\n<hr \/>\n<h4>Necesidades demandadas y aplicaciones<\/h4>\n<p>El objetivo del Animalario del CTB consiste en facilitar a la comunidad universitaria y a otros centros de investigaci&oacute;n o usuarios externos, las instalaciones, material y equipamiento necesarios para el desarrollo de proyectos de investigaci&oacute;n y\/o tareas docentes que precisen la utilizaci&oacute;n de animales de experimentaci&oacute;n, previa autorizaci&oacute;n del Comit&eacute; de &Eacute;tica de la Universidad Polit&eacute;cnica de Madrid y del &oacute;rgano habilitado correspondiente de la Comunidad de Madrid.<\/p>\n<hr \/>\n<h4>Sector o &aacute;rea de aplicaci&oacute;n<\/h4>\n<p>Investigaci&oacute;n<\/p>\n<hr \/>\n<h4>Competencias diferenciales<\/h4>\n<p>Las prestaciones ofrecidas en el animalario son la estabulaci&oacute;n\/alojamiento de animales, el suministro de animales, el alquiler de equipos y los servicios experimentales.<\/p>\n<ol>\n<li><strong> Alojamiento y gesti&oacute;n de colonias<\/strong><\/li>\n<\/ol>\n<p>El animalario facilitar&aacute; a los investigadores el alojamiento de animales en cubetas con acceso libre a comida y agua, en r&eacute;gimen de estabulaci&oacute;n convencional, con cambios peri&oacute;dicos de pienso, viruta, control de salud y vigilancia peri&oacute;dicas, en entornos de enriquecimiento ambiental e incluyendo la eutanasia de los animales, previa notificaci&oacute;n al investigador, cuando sea necesario (criterios de punto final).<\/p>\n<p>En el caso de organismos modificados gen&eacute;ticamente el animalario no ofrece servicios de genotipado de animales.<\/p>\n<ol start=\"2\">\n<li><strong> Suministro de animales<\/strong><\/li>\n<\/ol>\n<p>El animalario podr&aacute; suministrar a los investigadores y de forma regular, en funci&oacute;n de las necesidades y estado de las colonias, animales silvestres (ratones) de dos cepas distintas ampliamente utilizadas en experimentaci&oacute;n animal, cepas C57Bl6 y cepa CD-1. Los animales ser&aacute;n suministrados a los investigadores para estudios concretos, y el animalario facilitar&aacute; su alojamiento y cuidado en cubetas durante el periodo de estudio. Estas prestaciones podr&aacute;n ser extendidas a los animales modificados gen&eacute;ticamente (OMGs) que actualmente se encuentran declarados y albergados en el animalario y cuentan con autorizaci&oacute;n del Ministerio de Agricultura y Pesca, Alimentaci&oacute;n y medio ambiente de fecha 15 de febrero de 2017. Estos OMGs podr&aacute;n ser suministrados a otros investigadores previa autorizaci&oacute;n del investigador principal responsables de cada tipo de OMG declarado. La incorporaci&oacute;n de nuevos OMGs por parte de investigadores del CTB o externos a &eacute;l deber&aacute; ser estudiada por la direcci&oacute;n del CTB. En caso de ser autorizada, en todo caso y tal y como dispone el art&iacute;culo 17.1 del Real Decreto 178\/2004 se deber&aacute; llevar a cabo una evaluaci&oacute;n de riesgo para la salud humana y el medio ambiente que se mantendr&aacute; en un registro interno que deber&aacute; ser facilitado al &oacute;rgano competente si &eacute;ste lo solicita.<\/p>\n<ol start=\"3\">\n<li><strong> Alquiler de equipos y servicios experimentales<\/strong><\/li>\n<\/ol>\n<p>Para facilitar la labor de los investigadores con los animales albergados en el animalario, el animalario podr&aacute; ofrecer los siguientes servicios:<\/p>\n<p>a) Alquiler de equipos (anestesia, eutanasia, bomba para fijaci&oacute;n de tejidos)<\/p>\n<p>b) Servicios quir&uacute;rgicos: administraci&oacute;n de anestesia; fijaci&oacute;n de tejidos y &oacute;rganos; inoculaciones intravenosa e intraperitoneal; extracci&oacute;n de sangre, tejidos y &oacute;rganos; extracci&oacute;n de embriones; Disecci&oacute;n de tejidos y &oacute;rganos.<\/p>\n<hr \/>\n<h4>Referencias previas de prestaci&oacute;n<\/h4>\n<p>El SA-CTB presta sus servicios a numerosos grupos de investigaci&oacute;n del centro. Adem&aacute;s, sus instalaciones han sido utilizadas en proyectos de investigaci&oacute;n que requieren experimentaci&oacute;n animal en colaboraci&oacute;n con diferentes universidades, hospitales y el CSIC<\/p>\n<hr \/>\n<h4>Descripci&oacute;n del equipamiento<\/h4>\n<p>EL SA-CTB est&aacute; dotado con todo el material necesario para el mantenimiento y estabulaci&oacute;n de las colonias de animales (CD1 y C57Bl6) y de las diferentes colonias de animales transg&eacute;nicos. Cuenta para ello con numerosos racks, cubetas y todo el equipamiento necesario para su limpieza y esterilizaci&oacute;n.<\/p>\n<p>El animalario del CTB tiene una superficie de 55 m&sup2;; la superficie interior &uacute;til total es de 30m&sup2;, distribuidos de la siguiente forma:<br \/>&#8211; Dos zonas independientes para la estabulaci&oacute;n de roedores.<br \/>&#8211; Zona de cuarentena.<br \/>&#8211; Vest&iacute;bulo.<br \/>&#8211; Peque&ntilde;o almac&eacute;n con capacidad de fungibles para una semana de funcionamiento.<br \/>&#8211; Zona experimental de laboratorio para quir&oacute;fano y estudios de comportamiento.<br \/>&#8211; Zona de instalaciones.<\/p>\n<p>La instalaci&oacute;n proporciona un ambiente controlado para los animales, con control peri&oacute;dico de dieta, agua, temperatura, aire, ciclo de luz\/oscuridad natural, condiciones de vivienda y manejo, adem&aacute;s del control de la calidad microbiol&oacute;gica<br \/>y gen&eacute;tica de los animales utilizados en la experimentaci&oacute;n rutinaria y ex&aacute;menes sanitarios peri&oacute;dicos.<\/p>\n<p>&nbsp;<\/p>\n<hr \/>\n<h4>Solicitud del servicio<\/h4>\n<p>Para ser usuario del animalario del CTB ser&aacute; necesario cumplir las siguientes tres condiciones:<\/p>\n<p>Condici&oacute;n-1. Estar debidamente acreditado por la autoridad competente seg&uacute;n la Orden ECC\/566\/2015 y contar con la capacitaci&oacute;n en los conocimientos y destrezas necesarios para desempe&ntilde;ar de manera aut&oacute;noma (sin supervisi&oacute;n) alguna de las funciones siguientes en relaci&oacute;n a los animales de experimentaci&oacute;n:<\/p>\n<p>-Cuidado de los animales<\/p>\n<p>-Eutanasia de los animales<\/p>\n<p>-Realizaci&oacute;n de los procedimientos<\/p>\n<p>-Dise&ntilde;o de los procedimientos<\/p>\n<p>-Asunci&oacute;n de la responsabilidad de la supervisi&oacute;n &ldquo;in situ&rdquo; del bienestar y cuidado de los animales El reconocimiento de la capacitaci&oacute;n es un requisito indispensable para realizar las funciones indicadas de manera aut&oacute;noma y debe ser otorgada por la autoridad competente atendiendo a la Disposici&oacute;n transitoria primera de la Orden ECC\/566\/2015 que establece el reconocimiento de las categor&iacute;as y las funciones que puede asumir cada categor&iacute;a. Tambi&eacute;n podr&aacute;n ser usuarios del animalario, aquellas personas que hayan superado un curso te&oacute;rico reconocido de los m&oacute;dulos de cada funci&oacute;n\/capacitaci&oacute;n. En este caso, estas personas podr&aacute;n comenzar a trabajar previamente a obtener la capacitaci&oacute;n, pero bajo la supervisi&oacute;n de una persona del centro de trabajo. La capacitaci&oacute;n se obtendr&aacute; cuando el solicitante haya adquirido las habilidades para trabajar de forma aut&oacute;noma, es decir, haya superado el periodo de supervisi&oacute;n, y as&iacute; lo certifique el centro tal y como indica la Orden ECC\/566\/2015.<\/p>\n<p>Condici&oacute;n-2. Ser&aacute; necesario justificar documentalmente que las actividades queva a realizar el usuario se desarrollen en el marco de un proyecto que cuente con la correspondiente autorizaci&oacute;n de la Comunidad de Madrid (Autorizaci&oacute;n PROEX) para realizar dicho proyecto en el animalario del CTB, atendiendo a la legislaci&oacute;n vigente (RD 1201\/2005).<\/p>\n<p>Condici&oacute;n-3. En todo caso, para ser usuario del animalario se deber&aacute; contar con autorizaci&oacute;n de la direcci&oacute;n del centro. Dicha autorizaci&oacute;n estar&aacute; supeditada al Plan Director del centro y a sus intereses estrat&eacute;gicos, cient&iacute;ficos y tecnol&oacute;gicos. Los investigadores del CTB o de otras entidades p&uacute;blicas o privadas que deseen ser usuarios y acceder a los servicios del animalario deber&aacute;n solicitarlo mediante correo electr&oacute;nico al RESPONSABLE DE SERVICIOS DEL CTB (<span rel=\"883139309f312431a6312431bd311731aa312331c0310d30ad31223195310f3193313031a2311430b4311b31c2311630b3313e31\" class=\"cryptex \" style=\"\"><span class=\"CryptexImg ctxx9jIIJdgj2g1dmJ4WjQrNyBMKlOtkIKgRKRK3Z4x0PA\"><\/span><\/span>)<\/p>\n<p>Cada solicitud deber&aacute; ir a acompa&ntilde;ada de la siguiente documentaci&oacute;n:<\/p>\n<p>-Una memoria de investigaci&oacute;n que constar&aacute; de los siguientes apartados:<\/p>\n<p>T&iacute;tulo y resumen (300 palabras)<\/p>\n<p>Objetivos e hip&oacute;tesis (una p&aacute;gina)<\/p>\n<p>Dise&ntilde;o experimental (una p&aacute;gina)<\/p>\n<p>Cronograma (una p&aacute;gina), indicando fechas sugeridas de comienzo y fin.<\/p>\n<p>Recursos para la realizaci&oacute;n del proyecto (una p&aacute;gina)<\/p>\n<p>-Autorizaci&oacute;n de la Comunidad de Madrid (n&uacute;mero de PROEX) para realizar dicha investigaci&oacute;n en el animalario del CTB<\/p>\n<p>-Justificaci&oacute;n documental de las capacitaciones del usuario para realizar algunas de las funciones recogidas en la Orden ECC\/566\/2015<\/p>\n<p>-Justificaci&oacute;n documental de haber solicitado u obtenido fondos para la realizaci&oacute;n del estudio<\/p>\n<p>La viabilidad de las solicitudes y su organizaci&oacute;n temporal ser&aacute; evaluada por una comisi&oacute;n presidida por el RESPONSABLE CIENT&Iacute;FICO DEL SERVICIO (<span rel=\"883139309f311c31a2312831bf3120316f311b31c1313331c4310f319f313431aa310430a3313231a1312730ca312c31bb310730b7312d31\" class=\"cryptex \" style=\"\"><span class=\"CryptexImg ctxUneqN_r7skipQ8j77N9_Dc6FfrPa92V035lWppWu-vw\"><\/span><\/span>) y formada, adem&aacute;s, por el RESPONSABLE DE BIENESTAR ANIMAL Y BIOSEGURIDAD DE LA INSTALACI&Oacute;N y un investigador del CTB perteneciente al COMIT&Eacute; DE BIOSEGURIDAD. Los calendarios y las fechas asignadas a cada experimento ser&aacute;n p&uacute;blicos y podr&aacute;n consultarse por cualquier investigador en la p&aacute;gina web del CTB.<\/p>\n<p>Los usuarios deber&aacute;n respetar y conocer los procedimientos establecidos y hacer buen uso de las instalaciones.<\/p>\n<p>M&aacute;s informaci&oacute;n en: http:\/\/www.ctb.upm.es\/core-facilities\/<\/p>\n<hr \/>\n<div class=\"pdfprnt-buttons pdfprnt-buttons-product pdfprnt-bottom-left\"><a href=\"https:\/\/www.upm.es\/recursosidi\/wp-json\/wp\/v2\/product\/10429?print=pdf\" class=\"pdfprnt-button pdfprnt-button-pdf\" target=\"_blank\"><span class=\"pdfprnt-button-title pdfprnt-button-pdf-title\">Descargar ficha<\/span><\/a><\/div>","protected":false},"excerpt":{"rendered":"<p>El animalario del Centro de Tecnolog\u00eda Biom\u00e9dica (CTB) es un centro autorizado por la Comunidad de Madrid como centro de cr\u00eda y<br \/>\nestabulaci\u00f3n de diferentes especies de roedores incluyendo organismos modificados gen\u00e9ticamente de tipo I<\/p>\n","protected":false},"featured_media":10428,"template":"","meta":{"_acf_changed":false},"product_cat":[2395],"product_tag":[3694,3691,3692,3693,3696,3695,3697],"comunidades-upm":[],"quien":[],"mapa":[{"term_id":122,"name":"Salud y bienestar","slug":"salud-y-bienestar","term_group":0,"term_taxonomy_id":122,"taxonomy":"mapa","description":"","parent":0,"count":105,"filter":"raw","term_order":"17"}],"disponibilidad":[{"term_id":205,"name":"Consultar disponibilidad","slug":"consultar","term_group":0,"term_taxonomy_id":205,"taxonomy":"disponibilidad","description":"","parent":0,"count":290,"filter":"raw","term_order":"0"}],"donde":[{"term_id":1566,"name":"Advanced Structural Materials and Nanomaterials","slug":"en_advanced-structural-materials-and-nanomaterials","term_group":0,"term_taxonomy_id":1566,"taxonomy":"donde","description":"Llevamos m&aacute;s de 20 a&ntilde;os desarrollando numerosas t&eacute;cnicas experimentales con las que podemos estudiar y caracterizar casi cualquier tipo de material y geometr&iacute;a en una variedad muy amplia de condiciones de servicio.\n&nbsp;\nNuestras l&iacute;neas de investigaci&oacute;n se pueden resumir en:\n&nbsp;\n\nMateriales compuestos\nMateriales para la seguridad\nBiomateriales estructurales\nIntegridad y seguridad estructural\nMateriales para la construcci&oacute;n\nNanomateriales\n","parent":0,"count":22,"filter":"raw","term_order":"0"},{"term_id":1780,"name":"Center for Biomedical Technology","slug":"en_center-for-biomedical-technology","term_group":0,"term_taxonomy_id":1780,"taxonomy":"donde","description":"","parent":0,"count":56,"filter":"raw","term_order":"0"},{"term_id":556,"name":"Centro de Tecnolog\u00eda Biom\u00e9dica (CTB)","slug":"centro-de-tecnologia-biomedica-ctb","term_group":0,"term_taxonomy_id":556,"taxonomy":"donde","description":"","parent":0,"count":84,"filter":"raw","term_order":"0"},{"term_id":342,"name":"Materiales Estructurales Avanzados y Nanomateriales","slug":"materiales-estructurales-avanzados-y-nanomateriales","term_group":0,"term_taxonomy_id":342,"taxonomy":"donde","description":"Llevamos m&aacute;s de 20 a&ntilde;os desarrollando numerosas t&eacute;cnicas experimentales con las que podemos estudiar y caracterizar casi cualquier tipo de material y geometr&iacute;a en una variedad muy amplia de condiciones de servicio.\n&nbsp;\nNuestras l&iacute;neas de investigaci&oacute;n se pueden resumir en:\n&nbsp;\n\nMateriales compuestos\nMateriales para la seguridad\nBiomateriales estructurales\nIntegridad y seguridad estructural\nMateriales para la construcci&oacute;n\nNanomateriales\n","parent":0,"count":32,"filter":"raw","term_order":"0"}],"infraestructura":[],"ods":[{"term_id":2271,"name":"Salud y Bienestar","slug":"salud-y-bienestar","term_group":0,"term_taxonomy_id":2271,"taxonomy":"ods","description":"","parent":0,"count":59,"filter":"raw","term_order":"0"}],"origen":[{"term_id":196,"name":"Infraestructuras, Instalaci\u00f3n, Equipo","slug":"infraestructuras","term_group":0,"term_taxonomy_id":196,"taxonomy":"origen","description":"","parent":0,"count":180,"filter":"raw","term_order":"0"}],"familia_tax":false,"quien_tax":false,"donde_tax":false,"year":"2012-01-01","contacto":"Centro de Tecnolog\u00eda Biom\u00e9dica\r\nUniversidad Polit\u00e9cnica de Madrid, \r\nCampus de Montegancedo, \r\nPozuelo de Alarc\u00f3n, 28223, Madrid","telefono":"910679262","pagina_web":"http:\/\/www.ctb.upm.es\/core-facilities\/","email":"direccion.ctb@ctb.upm.es","id_ficha_portal":"307","video":"","adjuntos":false,"adjuntos_portal":"","inf":false,"departamento":"","acf":[],"lang":"es","translation":{"es":10429,"en":10431},"_links":{"self":[{"href":"https:\/\/www.upm.es\/recursosidi\/wp-json\/wp\/v2\/product\/10429"}],"collection":[{"href":"https:\/\/www.upm.es\/recursosidi\/wp-json\/wp\/v2\/product"}],"about":[{"href":"https:\/\/www.upm.es\/recursosidi\/wp-json\/wp\/v2\/types\/product"}],"wp:featuredmedia":[{"embeddable":true,"href":"https:\/\/www.upm.es\/recursosidi\/wp-json\/wp\/v2\/media\/10428"}],"wp:attachment":[{"href":"https:\/\/www.upm.es\/recursosidi\/wp-json\/wp\/v2\/media?parent=10429"}],"wp:term":[{"taxonomy":"product_cat","embeddable":true,"href":"https:\/\/www.upm.es\/recursosidi\/wp-json\/wp\/v2\/product_cat?post=10429"},{"taxonomy":"product_tag","embeddable":true,"href":"https:\/\/www.upm.es\/recursosidi\/wp-json\/wp\/v2\/product_tag?post=10429"},{"taxonomy":"comunidad_upm","embeddable":true,"href":"https:\/\/www.upm.es\/recursosidi\/wp-json\/wp\/v2\/comunidades-upm?post=10429"},{"taxonomy":"quien","embeddable":true,"href":"https:\/\/www.upm.es\/recursosidi\/wp-json\/wp\/v2\/quien?post=10429"},{"taxonomy":"mapa","embeddable":true,"href":"https:\/\/www.upm.es\/recursosidi\/wp-json\/wp\/v2\/mapa?post=10429"},{"taxonomy":"disponibilidad","embeddable":true,"href":"https:\/\/www.upm.es\/recursosidi\/wp-json\/wp\/v2\/disponibilidad?post=10429"},{"taxonomy":"donde","embeddable":true,"href":"https:\/\/www.upm.es\/recursosidi\/wp-json\/wp\/v2\/donde?post=10429"},{"taxonomy":"infraestructura","embeddable":true,"href":"https:\/\/www.upm.es\/recursosidi\/wp-json\/wp\/v2\/infraestructura?post=10429"},{"taxonomy":"ods","embeddable":true,"href":"https:\/\/www.upm.es\/recursosidi\/wp-json\/wp\/v2\/ods?post=10429"},{"taxonomy":"origen","embeddable":true,"href":"https:\/\/www.upm.es\/recursosidi\/wp-json\/wp\/v2\/origen?post=10429"}],"curies":[{"name":"wp","href":"https:\/\/api.w.org\/{rel}","templated":true}]}}