{"id":10455,"date":"2022-07-27T12:43:13","date_gmt":"2022-07-27T10:43:13","guid":{"rendered":"https:\/\/www.upm.es\/recursosidi\/offers-resources\/sin categor\u00eda\/wafer-cutting-service\/"},"modified":"2022-07-27T12:43:23","modified_gmt":"2022-07-27T10:43:23","slug":"wafer-cutting-service","status":"publish","type":"product","link":"https:\/\/www.upm.es\/recursosidi\/en\/offers-resources\/technological-scientific-services\/services-technological-scientific-services\/wafer-cutting-service\/","title":{"rendered":"Wafer cutting service"},"content":{"rendered":"<h4>Diamond disc cutter<\/h4>\n<hr \/>\n<h4>Description of the services offered<br \/>\n                <!-- y tarifas --><br \/>\n            <\/h4>\n<p>Silicon, or other material, wafer cutting into different pieces with the geometry desired by ISOM&#8217;s technicians.<br \/>\n                <!-- Recuerda que estas tarifas ser\u00e1n las oficiales aprobadas en Consejo de Direcci\u00f3n y Consejo Social. -->\n            <\/p>\n<p>Training external clients to use the cutter. The possibility of cutting their own samples.<\/p>\n<hr \/>\n<h4>Needs requested and applications<\/h4>\n<p>The use of an entire wafer is not necessary to optimise production processes. The wafer can be divided into more manageable pieces with the desired geometry using the cutter.<\/p>\n<hr \/>\n<h4>Sector or area of application<\/h4>\n<p>Electronics, optics, optoelectronics<\/p>\n<hr \/>\n<h4>Differential skills<\/h4>\n<p>It is a professional cutter with numerical control that enables precise cuts to be made, even with sizes of only a few millimetres.<\/p>\n<hr \/>\n<h4>Previous references for provision of services<\/h4>\n<p \/>\n<hr \/>\n<h4>Where it is<\/h4>\n<p>ISOM. HTSE for Telecommunications<\/p>\n<hr \/>\n<h4>Request for service<\/h4>\n<blockquote class=\"wp-embedded-content\" data-secret=\"FljFwoH1hs\"><p><a href=\"http:\/\/www.isom.upm.es\/protocolo-de-acceso\/\">Protocolo de Acceso<\/a><\/p><\/blockquote>\n<p><iframe class=\"wp-embedded-content\" sandbox=\"allow-scripts\" security=\"restricted\" style=\"position: absolute; clip: rect(1px, 1px, 1px, 1px);\" title=\"&#171;Protocolo de Acceso&#187; &#8212; ISOM_web\" src=\"http:\/\/www.isom.upm.es\/protocolo-de-acceso\/embed\/#?secret=FljFwoH1hs\" data-secret=\"FljFwoH1hs\" width=\"600\" height=\"338\" frameborder=\"0\" marginwidth=\"0\" marginheight=\"0\" scrolling=\"no\"><\/iframe><\/p>\n<hr \/>\n<div class=\"pdfprnt-buttons pdfprnt-buttons-product pdfprnt-bottom-left\"><a href=\"https:\/\/www.upm.es\/recursosidi\/wp-json\/wp\/v2\/product\/10455?print=pdf\" class=\"pdfprnt-button pdfprnt-button-pdf\" target=\"_blank\"><span class=\"pdfprnt-button-title pdfprnt-button-pdf-title\">Descargar ficha<\/span><\/a><\/div>","protected":false},"excerpt":{"rendered":"<p>ISOM Science and Technology Service within the framework of the field of processing techniques research.<\/p>\n","protected":false},"featured_media":10453,"template":"","meta":{"_acf_changed":false},"product_cat":[2403],"product_tag":[7790,7784],"comunidades-upm":[],"quien":[],"mapa":[{"term_id":75,"name":"Industry, Materials and Circular Economy","slug":"industry-materials-circular_economy","term_group":0,"term_taxonomy_id":75,"taxonomy":"mapa","description":"","parent":0,"count":87,"filter":"raw","term_order":"14"}],"disponibilidad":[{"term_id":204,"name":"Disponible","slug":"disponible","term_group":0,"term_taxonomy_id":204,"taxonomy":"disponibilidad","description":"","parent":0,"count":110,"filter":"raw","term_order":"0"}],"donde":[{"term_id":442,"name":"Grupo de Dispositivos Semiconductores del ISOM","slug":"grupo-de-dispositivos-semiconductores-del-isom","term_group":0,"term_taxonomy_id":442,"taxonomy":"donde","description":"L&iacute;neas de investigaci&oacute;n e innovaci&oacute;n:  \n\n<strong>OPTOELECTR&Oacute;NICA: <\/strong>L&aacute;seres. Matrices de nanoLEDs. Micro y nanocavidades. C&eacute;lulas solares. MOEMS.\n\n\n<strong>SISTEMAS CON SENSORES &Oacute;PTICOS: <\/strong>Fotodetecci&oacute;n de UV y VIS. Fotodetecci&oacute;n multiespectral en el IR. Sensores basados en heterouniones. Nanofot&oacute;nica integrada.\n\n\n<strong>MICROSISTEMAS Y NANOTECNOLOG&Iacute;A: <\/strong>Transistores HEMT. NanoFETs. Dispositivos de ondas ac&uacute;sticas. Micro\/nanosistemas electr&oacute;mec&aacute;nicos (MEMS y NEMS). Efectos plasm&oacute;nicos. Dispositivos &nbsp;de grafeno.\n\n\n<strong>SIMULACI&Oacute;N DE MATERIALES NO MET&Aacute;LICOS: <\/strong>Simulaci&oacute;n de materiales. Monte Carlo. Materiales nanoestructurados\n\n&nbsp;","parent":0,"count":28,"filter":"raw","term_order":"0"},{"term_id":244,"name":"Instituto Universitario de Sistemas Optoelectr\u00f3nicos y Microtecnolog\u00eda (ISOM)","slug":"instituto-universitario-de-sistemas-optoelectronicos-y-microtecnologia-isom","term_group":0,"term_taxonomy_id":244,"taxonomy":"donde","description":"","parent":0,"count":33,"filter":"raw","term_order":"0"},{"term_id":1666,"name":"ISOM Semiconductor Devices Group","slug":"en_isom-semiconductor-devices-group","term_group":0,"term_taxonomy_id":1666,"taxonomy":"donde","description":"L&iacute;neas de investigaci&oacute;n e innovaci&oacute;n:  \n\n<strong>OPTOELECTR&Oacute;NICA: <\/strong>L&aacute;seres. Matrices de nanoLEDs. Micro y nanocavidades. C&eacute;lulas solares. MOEMS.\n\n\n<strong>SISTEMAS CON SENSORES &Oacute;PTICOS: <\/strong>Fotodetecci&oacute;n de UV y VIS. Fotodetecci&oacute;n multiespectral en el IR. Sensores basados en heterouniones. Nanofot&oacute;nica integrada.\n\n\n<strong>MICROSISTEMAS Y NANOTECNOLOG&Iacute;A: <\/strong>Transistores HEMT. NanoFETs. Dispositivos de ondas ac&uacute;sticas. Micro\/nanosistemas electr&oacute;mec&aacute;nicos (MEMS y NEMS). Efectos plasm&oacute;nicos. Dispositivos &nbsp;de grafeno.\n\n\n<strong>SIMULACI&Oacute;N DE MATERIALES NO MET&Aacute;LICOS: <\/strong>Simulaci&oacute;n de materiales. Monte Carlo. Materiales nanoestructurados\n\n&nbsp;","parent":0,"count":28,"filter":"raw","term_order":"0"},{"term_id":1468,"name":"University Optoelectronics and Microtechnology Systems Institute","slug":"en_university-optoelectronics-and-microtechnology-systems-institute","term_group":0,"term_taxonomy_id":1468,"taxonomy":"donde","description":"","parent":0,"count":29,"filter":"raw","term_order":"0"}],"infraestructura":[],"ods":[{"term_id":2249,"name":"Industry, Innovation and Infrastructure","slug":"industry-innovation-and-infrastructure","term_group":0,"term_taxonomy_id":2249,"taxonomy":"ods","description":"","parent":0,"count":129,"filter":"raw","term_order":"0"}],"origen":[{"term_id":196,"name":"Infraestructuras, Instalaci\u00f3n, Equipo","slug":"infraestructuras","term_group":0,"term_taxonomy_id":196,"taxonomy":"origen","description":"","parent":0,"count":180,"filter":"raw","term_order":"0"}],"familia_tax":false,"quien_tax":false,"donde_tax":false,"year":"2015-01-01","contacto":"ISOM, Universidad Polit\u00e9cnica de Madrid, E.T.S.I. Telecomunicaci\u00f3n. Edificio L\u00f3pez Ara\u00fajo, Avenida Complutense","telefono":"910672593","pagina_web":"http:\/\/www.isom.upm.es\/inicio\/","email":"manuel.abuin@upm.es","id_ficha_portal":"153","video":"","adjuntos":false,"adjuntos_portal":"","inf":false,"departamento":"","acf":[],"lang":"en","translation":{"en":10455,"es":10446},"_links":{"self":[{"href":"https:\/\/www.upm.es\/recursosidi\/wp-json\/wp\/v2\/product\/10455"}],"collection":[{"href":"https:\/\/www.upm.es\/recursosidi\/wp-json\/wp\/v2\/product"}],"about":[{"href":"https:\/\/www.upm.es\/recursosidi\/wp-json\/wp\/v2\/types\/product"}],"wp:featuredmedia":[{"embeddable":true,"href":"https:\/\/www.upm.es\/recursosidi\/wp-json\/wp\/v2\/media\/10453"}],"wp:attachment":[{"href":"https:\/\/www.upm.es\/recursosidi\/wp-json\/wp\/v2\/media?parent=10455"}],"wp:term":[{"taxonomy":"product_cat","embeddable":true,"href":"https:\/\/www.upm.es\/recursosidi\/wp-json\/wp\/v2\/product_cat?post=10455"},{"taxonomy":"product_tag","embeddable":true,"href":"https:\/\/www.upm.es\/recursosidi\/wp-json\/wp\/v2\/product_tag?post=10455"},{"taxonomy":"comunidad_upm","embeddable":true,"href":"https:\/\/www.upm.es\/recursosidi\/wp-json\/wp\/v2\/comunidades-upm?post=10455"},{"taxonomy":"quien","embeddable":true,"href":"https:\/\/www.upm.es\/recursosidi\/wp-json\/wp\/v2\/quien?post=10455"},{"taxonomy":"mapa","embeddable":true,"href":"https:\/\/www.upm.es\/recursosidi\/wp-json\/wp\/v2\/mapa?post=10455"},{"taxonomy":"disponibilidad","embeddable":true,"href":"https:\/\/www.upm.es\/recursosidi\/wp-json\/wp\/v2\/disponibilidad?post=10455"},{"taxonomy":"donde","embeddable":true,"href":"https:\/\/www.upm.es\/recursosidi\/wp-json\/wp\/v2\/donde?post=10455"},{"taxonomy":"infraestructura","embeddable":true,"href":"https:\/\/www.upm.es\/recursosidi\/wp-json\/wp\/v2\/infraestructura?post=10455"},{"taxonomy":"ods","embeddable":true,"href":"https:\/\/www.upm.es\/recursosidi\/wp-json\/wp\/v2\/ods?post=10455"},{"taxonomy":"origen","embeddable":true,"href":"https:\/\/www.upm.es\/recursosidi\/wp-json\/wp\/v2\/origen?post=10455"}],"curies":[{"name":"wp","href":"https:\/\/api.w.org\/{rel}","templated":true}]}}