{"id":10458,"date":"2022-07-27T12:43:31","date_gmt":"2022-07-27T10:43:31","guid":{"rendered":"https:\/\/www.upm.es\/recursosidi\/offers-resources\/sin categor\u00eda\/servicio-de-cultivos-celulares-del-ctb-scc-ctb\/"},"modified":"2022-07-27T12:43:35","modified_gmt":"2022-07-27T10:43:35","slug":"servicio-de-cultivos-celulares-del-ctb-scc-ctb","status":"publish","type":"product","link":"https:\/\/www.upm.es\/recursosidi\/offers-resources\/servicios-cientifico-tecnologico\/servicios-servicios-cientifico-tecnologico\/servicio-de-cultivos-celulares-del-ctb-scc-ctb\/","title":{"rendered":"SERVICIO DE CULTIVOS CELULARES DEL CTB (SCC-CTB)"},"content":{"rendered":"<h2><strong>SERVICIO DE CULTIVOS CELULARES DEL CTB (SCC-CTB)<\/strong><\/h2>\n<p>&nbsp;<\/p>\n<hr \/>\n<h4>Descripci&oacute;n de los servicios que se ofrecen <!-- y tarifas --><\/h4>\n<p>El CTB cuenta con una unidad de Cultivos Celulares dotada con infraestructura suficiente para la realizaci&oacute;n de experimentaci&oacute;n con diferentes modelos de l&iacute;neas celulares de origen animal incluyendo las l&iacute;neas celulares de origen humano. Tambi&eacute;n dispone de todo el equipamiento necesario para lavado y esterilizaci&oacute;n del material.<\/p>\n<p>Para la gesti&oacute;n del riesgo biol&oacute;gico en el laboratorio se han tenido en cuenta las recomendaciones de la UNE-CWA 16393:2014 y la CWA 15793:2008.<\/p>\n<p>La Unidad se compone de un &aacute;rea de experimentaci&oacute;n formada por varios laboratorios: un laboratorio de nivel de contenci&oacute;n biol&oacute;gica 1 (NCB1), un laboratorio de nivel de contenci&oacute;n biol&oacute;gica 2 (NCB2) y una zona de lavado com&uacute;n a los dos. A todos los laboratorios se accede mediante el uso de tarjeta electr&oacute;nica previa autorizaci&oacute;n del responsable del laboratorio.<\/p>\n<p><!-- Recuerda que estas tarifas ser\u00e1n las oficiales aprobadas en Consejo de Direcci\u00f3n y Consejo Social. --><\/p>\n<hr \/>\n<h4>Necesidades demandadas y aplicaciones<\/h4>\n<p>El objetivo principal de la Unidad de Cultivos Celulares es dar apoyo a la investigaci&oacute;n en el CTB, facilitando la labor de los profesionales que forman parte de este centro, as&iacute; como proporcionar servicios y asistencia en esta &aacute;rea de trabajo a los organismos externos interesados.<\/p>\n<p>La Unidad de Cultivos Celulares cuenta con cabinas de flujo laminar de seguridad biol&oacute;gica (CSB) tipo II adecuadas para realizar y mantener cultivos de l&iacute;neas celulares de diferentes or&iacute;genes, incluidas las l&iacute;neas celulares de origen humano (Laboratorio NCB2). Por lo tanto en sus instalaciones se puede trabajar con cultivos primarios obtenidos de animales y l&iacute;neas celulares de origen animal (Laboratorio NCB1), incluidas las de origen humano (Laboratorio NCB2).<\/p>\n<hr \/>\n<h4>Sector o &aacute;rea de aplicaci&oacute;n<\/h4>\n<p>Investigaci&oacute;n biom&eacute;dica<\/p>\n<hr \/>\n<h4>Competencias diferenciales<\/h4>\n<p>La Unidad cuenta con cabinas de flujo laminar de seguridad biol&oacute;gica (CSB) tipo II adecuadas para garantizar la esterilidad en la zona de trabajo y proteger al investigador de posibles agentes pat&oacute;genos manipulados en su interior. Tambi&eacute;n est&aacute; dotada con incubadores que permiten el mantenimiento de las condiciones de temperatura, humedad y concentraci&oacute;n de CO2 controladas, congelador, frigor&iacute;fico, autoclave, centr&iacute;fuga y ba&ntilde;os termost&aacute;ticos. Dispone adem&aacute;s, de todo el equipamiento necesario para lavado y esterilizaci&oacute;n del material de trabajo.<\/p>\n<p>El personal t&eacute;cnico de la unidad realiza un estricto control del buen funcionamiento y mantenimiento preventivo tanto de los equipos como de las instalaciones en general, para lo que se han elaborado protocolos espec&iacute;ficos de funcionamiento. Diariamente se revisan los par&aacute;metros de presi&oacute;n de CO2, humedad y temperatura de los incubadores, el flujo laminar de las cabinas, la temperatura de los frigor&iacute;ficos y los congeladores, as&iacute; como otros indicadores relevantes.<\/p>\n<p>En este laboratorio se podr&aacute; trabajar con cultivos celulares que puedan transmitir microorganismos pertenecientes exclusivamente a los grupos de riesgo 1 y 2, seg&uacute;n la clasificaci&oacute;n realizada por la Directiva 93\/88EEC, Oct., 1993: (http:\/\/www.biosafetyeurope.eu\/d20public_300309.pdf) y el Real Decreto 664\/1997de 12 de mayo, sobre la protecci&oacute;n de los trabajadores contra los riesgos relacionados con la exposici&oacute;n a agentes biol&oacute;gicos, en los que se establece como Grupo de riesgo 1 (riesgo individual y poblacional escaso o nulo) a los microorganismos que tienen pocas probabilidades de provocar enfermedades en el ser humano y como Grupo de riesgo 2 (riesgo individual moderado, riesgo poblacional bajo) a los agentes pat&oacute;genos que pueden provocar enfermedades humanas o animales pero que tienen pocas probabilidades de entra&ntilde;ar un riesgo grave para el personal de laboratorio, la poblaci&oacute;n, el ganado o el medio ambiente. En este caso la exposici&oacute;n en el laboratorio puede provocar una infecci&oacute;n grave, pero existen medidas preventivas y terap&eacute;uticas eficaces y el riesgo de propagaci&oacute;n es limitado.<\/p>\n<p>&nbsp;<\/p>\n<hr \/>\n<h4>Referencias previas de prestaci&oacute;n<\/h4>\n<p>El SCC-CTB ha sido utilizado por numerosos investigadores del propio centro que realizan sus trabajos de investigaci&oacute;n utilizando modelos celulares para analizar el crecimiento de c&eacute;lulas sobre biomateriales o la toxicidad de nanopart&iacute;culas en terapias anti-tumorales. Utilizando para ello ensayos de viabilidad, proliferaci&oacute;n y diferenciaci&oacute;n celular, disponibles en el SCC-CTB. Al mismo tiempo las colaboraciones con grupos externos han sido numerosas e incluyen a centros de investigaci&oacute;n y universidades nacionales, as&iacute; como colaboraciones con grupos de investigaci&oacute;n de la UPM<\/p>\n<hr \/>\n<h4>Descripci&oacute;n del equipamiento<\/h4>\n<p>La experimentaci&oacute;n basada en el uso de cultivos celulares requiere una serie de condiciones para su &oacute;ptima realizaci&oacute;n, como son el mantenimiento de un entorno as&eacute;ptico, la estricta monitorizaci&oacute;n de los equipos que conforman la unidad y la evaluaci&oacute;n constante de los cultivos para evitar contaminaciones con agentes pat&oacute;genos, as&iacute; como la correcta criopreservaci&oacute;n de las l&iacute;neas celulares.<\/p>\n<p>Especificaciones t&eacute;cnicas del equipamiento disponible:<\/p>\n<p>Laboratorio de Cultivos Celulares. Nivel de Contenci&oacute;n Biol&oacute;gica 1 (NCB1)<\/p>\n<ul>\n<li>2 Cabinas de flujo laminar vertical CSB-II Nuaire, que garantizan tanto la ausencia de contaminaci&oacute;n del producto en la zona de trabajo como la m&aacute;s alta protecci&oacute;n del operador y del medio ambiente.<\/li>\n<li>2 aspiradores de vac&iacute;o Integra Vacusafe conectados a las cabinas de flujo laminar que permite la retirada segura de cualquier medio de cultivo<\/li>\n<li>1 Cabina de flujo laminar horizontal TELSTAR que proporciona la m&aacute;xima seguridad al producto.<\/li>\n<li>2 Incubadores de CO2 Thermo, con sensor de infrarrojos y camisa de agua de 80L, para el mantenimiento de los cultivos celulares<\/li>\n<li>1 Incubador CO2 peque&ntilde;o Lab-Line para el mantenimiento de los cultivos celulares<\/li>\n<li>1 centr&iacute;fuga refrigerada Rotina (Hettich)<\/li>\n<\/ul>\n<p>Laboratorio de Cultivos Celulares. Nivel de Contenci&oacute;n Biol&oacute;gica 2 (NCB2)<\/p>\n<ul>\n<li>2 Cabinas de Seguridad Biol&oacute;gica Clase II A2 Marca: NUAIRE, que garantizan tanto la ausencia de contaminaci&oacute;n del producto en la zona de trabajo como la m&aacute;s alta protecci&oacute;n del operador y del medio ambiente.<\/li>\n<li>Incubador CO2 Marca: ThermoScientific Modelo: 3111 Serie II Water Jacket con sensor de infrarrojos y camisa de agua de 80L, para el mantenimiento de los cultivos celulares.<\/li>\n<li>Centr&iacute;fuga Marca HERMLE, Modelo : Z306<\/li>\n<li>Microscopio Marca Olympus, Modelo IX71<\/li>\n<li>Autoclave Marca Sturch<\/li>\n<li>L&aacute;mparas UV-C Philips TUV T8, 36W SLV\/6<\/li>\n<\/ul>\n<p>.<\/p>\n<hr \/>\n<h4>Solicitud del servicio<\/h4>\n<p>Para m&aacute;s informaci&oacute;n sobre la solicitud y condiciones de uso de este servicio visitar la p&aacute;gina web del CTB en el enlace: http:\/\/www.ctb.upm.es\/core-facilities\/<\/p>\n<hr \/>\n<div class=\"pdfprnt-buttons pdfprnt-buttons-product pdfprnt-bottom-left\"><a href=\"https:\/\/www.upm.es\/recursosidi\/wp-json\/wp\/v2\/product\/10458?print=pdf\" class=\"pdfprnt-button pdfprnt-button-pdf\" target=\"_blank\"><span class=\"pdfprnt-button-title pdfprnt-button-pdf-title\">Descargar ficha<\/span><\/a><\/div>","protected":false},"excerpt":{"rendered":"<p>El CTB cuenta con una unidad de Cultivos Celulares dotada con infraestructura suficiente para la realizaci\u00f3n de experimentaci\u00f3n con diferentes modelos de l\u00edneas celulares de origen animal incluyendo las l\u00edneas celulares de origen humano.<\/p>\n","protected":false},"featured_media":10456,"template":"","meta":{"_acf_changed":false},"product_cat":[2395],"product_tag":[3700,3701,3699,3698],"comunidades-upm":[],"quien":[],"mapa":[{"term_id":122,"name":"Salud y bienestar","slug":"salud-y-bienestar","term_group":0,"term_taxonomy_id":122,"taxonomy":"mapa","description":"","parent":0,"count":105,"filter":"raw","term_order":"17"}],"disponibilidad":[{"term_id":205,"name":"Consultar disponibilidad","slug":"consultar","term_group":0,"term_taxonomy_id":205,"taxonomy":"disponibilidad","description":"","parent":0,"count":290,"filter":"raw","term_order":"0"}],"donde":[{"term_id":1566,"name":"Advanced Structural Materials and Nanomaterials","slug":"en_advanced-structural-materials-and-nanomaterials","term_group":0,"term_taxonomy_id":1566,"taxonomy":"donde","description":"Llevamos m&aacute;s de 20 a&ntilde;os desarrollando numerosas t&eacute;cnicas experimentales con las que podemos estudiar y caracterizar casi cualquier tipo de material y geometr&iacute;a en una variedad muy amplia de condiciones de servicio.\n&nbsp;\nNuestras l&iacute;neas de investigaci&oacute;n se pueden resumir en:\n&nbsp;\n\nMateriales compuestos\nMateriales para la seguridad\nBiomateriales estructurales\nIntegridad y seguridad estructural\nMateriales para la construcci&oacute;n\nNanomateriales\n","parent":0,"count":22,"filter":"raw","term_order":"0"},{"term_id":1780,"name":"Center for Biomedical Technology","slug":"en_center-for-biomedical-technology","term_group":0,"term_taxonomy_id":1780,"taxonomy":"donde","description":"","parent":0,"count":56,"filter":"raw","term_order":"0"},{"term_id":556,"name":"Centro de Tecnolog\u00eda Biom\u00e9dica (CTB)","slug":"centro-de-tecnologia-biomedica-ctb","term_group":0,"term_taxonomy_id":556,"taxonomy":"donde","description":"","parent":0,"count":84,"filter":"raw","term_order":"0"},{"term_id":342,"name":"Materiales Estructurales Avanzados y Nanomateriales","slug":"materiales-estructurales-avanzados-y-nanomateriales","term_group":0,"term_taxonomy_id":342,"taxonomy":"donde","description":"Llevamos m&aacute;s de 20 a&ntilde;os desarrollando numerosas t&eacute;cnicas experimentales con las que podemos estudiar y caracterizar casi cualquier tipo de material y geometr&iacute;a en una variedad muy amplia de condiciones de servicio.\n&nbsp;\nNuestras l&iacute;neas de investigaci&oacute;n se pueden resumir en:\n&nbsp;\n\nMateriales compuestos\nMateriales para la seguridad\nBiomateriales estructurales\nIntegridad y seguridad estructural\nMateriales para la construcci&oacute;n\nNanomateriales\n","parent":0,"count":32,"filter":"raw","term_order":"0"}],"infraestructura":[],"ods":[{"term_id":2271,"name":"Salud y Bienestar","slug":"salud-y-bienestar","term_group":0,"term_taxonomy_id":2271,"taxonomy":"ods","description":"","parent":0,"count":59,"filter":"raw","term_order":"0"}],"origen":[{"term_id":196,"name":"Infraestructuras, Instalaci\u00f3n, Equipo","slug":"infraestructuras","term_group":0,"term_taxonomy_id":196,"taxonomy":"origen","description":"","parent":0,"count":180,"filter":"raw","term_order":"0"}],"familia_tax":false,"quien_tax":false,"donde_tax":false,"year":"2015-01-01","contacto":"Centro de Tecnolog\u00eda Biom\u00e9dica\r\nUniversidad Polit\u00e9cnica de Madrid\r\nCampus de Montegancedo\r\nPozuelo de Alarc\u00f3n, 28223 Madrid","telefono":"910679262","pagina_web":"http:\/\/www.ctb.upm.es\/core-facilities\/","email":"direccion.ctb@ctb.upm.es","id_ficha_portal":"309","video":"","adjuntos":false,"adjuntos_portal":"","inf":false,"departamento":"","acf":[],"lang":"es","translation":{"es":10458,"en":10461},"_links":{"self":[{"href":"https:\/\/www.upm.es\/recursosidi\/wp-json\/wp\/v2\/product\/10458"}],"collection":[{"href":"https:\/\/www.upm.es\/recursosidi\/wp-json\/wp\/v2\/product"}],"about":[{"href":"https:\/\/www.upm.es\/recursosidi\/wp-json\/wp\/v2\/types\/product"}],"wp:featuredmedia":[{"embeddable":true,"href":"https:\/\/www.upm.es\/recursosidi\/wp-json\/wp\/v2\/media\/10456"}],"wp:attachment":[{"href":"https:\/\/www.upm.es\/recursosidi\/wp-json\/wp\/v2\/media?parent=10458"}],"wp:term":[{"taxonomy":"product_cat","embeddable":true,"href":"https:\/\/www.upm.es\/recursosidi\/wp-json\/wp\/v2\/product_cat?post=10458"},{"taxonomy":"product_tag","embeddable":true,"href":"https:\/\/www.upm.es\/recursosidi\/wp-json\/wp\/v2\/product_tag?post=10458"},{"taxonomy":"comunidad_upm","embeddable":true,"href":"https:\/\/www.upm.es\/recursosidi\/wp-json\/wp\/v2\/comunidades-upm?post=10458"},{"taxonomy":"quien","embeddable":true,"href":"https:\/\/www.upm.es\/recursosidi\/wp-json\/wp\/v2\/quien?post=10458"},{"taxonomy":"mapa","embeddable":true,"href":"https:\/\/www.upm.es\/recursosidi\/wp-json\/wp\/v2\/mapa?post=10458"},{"taxonomy":"disponibilidad","embeddable":true,"href":"https:\/\/www.upm.es\/recursosidi\/wp-json\/wp\/v2\/disponibilidad?post=10458"},{"taxonomy":"donde","embeddable":true,"href":"https:\/\/www.upm.es\/recursosidi\/wp-json\/wp\/v2\/donde?post=10458"},{"taxonomy":"infraestructura","embeddable":true,"href":"https:\/\/www.upm.es\/recursosidi\/wp-json\/wp\/v2\/infraestructura?post=10458"},{"taxonomy":"ods","embeddable":true,"href":"https:\/\/www.upm.es\/recursosidi\/wp-json\/wp\/v2\/ods?post=10458"},{"taxonomy":"origen","embeddable":true,"href":"https:\/\/www.upm.es\/recursosidi\/wp-json\/wp\/v2\/origen?post=10458"}],"curies":[{"name":"wp","href":"https:\/\/api.w.org\/{rel}","templated":true}]}}