{"id":10463,"date":"2022-07-27T12:43:42","date_gmt":"2022-07-27T10:43:42","guid":{"rendered":"https:\/\/www.upm.es\/recursosidi\/offers-resources\/sin categor\u00eda\/servicio-de-densitometria-osea-dxa\/"},"modified":"2022-07-27T12:43:55","modified_gmt":"2022-07-27T10:43:55","slug":"servicio-de-densitometria-osea-dxa","status":"publish","type":"product","link":"https:\/\/www.upm.es\/recursosidi\/offers-resources\/servicios-cientifico-tecnologico\/servicios-servicios-cientifico-tecnologico\/servicio-de-densitometria-osea-dxa\/","title":{"rendered":"Servicio de densitometr\u00eda \u00f3sea (DXA)"},"content":{"rendered":"<h2>Laboratorio de Fisiolog&iacute;a del Esfuerzo (LFE)<\/h2>\n<h4>Densitometr&iacute;a &oacute;sea (DXA)<!--  tarifado --><\/h4>\n<p>La densitometr&iacute;a &oacute;sea, conocida como DXA, permite valorar la densidad mineral &oacute;sea y la composici&oacute;n corporal. Tras la realizaci&oacute;n de esta prueba se entrega un informe detallado de los resultados que es explicado tanto por el equipo m&eacute;dico, como por el equipo de t&eacute;cnicos profesionales del entrenamiento.<\/p>\n<hr \/>\n<h4>Descripci&oacute;n de los servicios que se ofrecen <!-- y tarifas --><\/h4>\n<p>El DXA es una prueba de rayos X, no invasiva, que permite obtener una imagen para medir la densidad mineral &oacute;sea y valorar la salud de los huesos; as&iacute; como medir la masa grasa y masa libre de grasa informando de la composici&oacute;n corporal.&nbsp;<\/p>\n<p>Una vez realizada la prueba, se entrega el informe al usuario y se le explican de forma sencilla los resultados obtenidos, tanto desde el punto de vista m&eacute;dico como deportivo.<\/p>\n<p><!-- Recuerda que estas tarifas ser\u00e1n las oficiales aprobadas en Consejo de Direcci\u00f3n y Consejo Social. --><\/p>\n<hr \/>\n<h4>Necesidades demandadas y aplicaciones<\/h4>\n<p>Con el DXA se puede conocer el estado de los huesos y si hay riesgo de osteoporosis, adem&aacute;s de obtener datos muy interesantes de composici&oacute;n corporal, que a d&iacute;a de hoy son imprescindibles para los programas de tratamiento de sobrepeso y obesidad.<\/p>\n<hr \/>\n<h4>Sector o &aacute;rea de aplicaci&oacute;n<\/h4>\n<p>Toda la poblaci&oacute;n en general.<\/p>\n<hr \/>\n<h4>Competencias diferenciales<\/h4>\n<p>La principal caracter&iacute;stica diferencial de nuestro servicio es la atenci&oacute;n por parte de un equipo multidisciplinar que realizar&aacute; no solamente una evaluaci&oacute;n m&eacute;dica, sino tambi&eacute;n una valoraci&oacute;n deportiva destacando los principales resultados a tener en cuenta para la programaci&oacute;n del entrenamiento.<\/p>\n<p>Adem&aacute;s el informe de valoraci&oacute;n se entrega nada m&aacute;s finalizar la prueba.<\/p>\n<hr \/>\n<h4>Referencias previas de prestaci&oacute;n<\/h4>\n<p>Multitud de federaciones deportivas, clubes deportivos, asociaciones deportivas, etc., han utilizado nuestros servicios.<\/p>\n<hr \/>\n<h4>D&oacute;nde se ubica<\/h4>\n<p>Las pruebas se realizan en el LABORATORIO DE FISIOLOG&Iacute;A DEL ESFUERZO (LFE) (6&ordm; Planta) de la Facultad de Ciencias de la Actividad F&iacute;sica y del Deporte (INEF) de la Universidad Polit&eacute;cnica de Madrid.<\/p>\n<p>El LFE cuenta con todo el equipamiento necesario para llevar a cabo estas pruebas: densit&oacute;metro &oacute;seo, analizadores de gases, ECG, tapiz rodante, cicloerg&oacute;metro, etc.<\/p>\n<hr \/>\n<h4>Solicitud del servicio<\/h4>\n<p>Nuestros correos electr&oacute;nicos: <span rel=\"89312d30bd310d31b9311630a6312831a7312431b1313531a73128316e313631b5314931b0312831a9313431c8313431bd310530b63124319a311731ba312c30bb312131be31\" class=\"cryptex \" style=\"\"><span class=\"CryptexImg ctxAlWWuTZHOxE66BJwJ5Rc8_kZvf3v13swor3ciTEdatc\"><\/span><\/span><span style=\"font-size: 10.5pt;font-family: 'Arial',sans-serif;color: black;background: white\">&nbsp;\/&nbsp;<\/span><a href=\"mailto:<span rel=\"89312d30bd310d31b9312b31b3311131b6312131c0313531a3310f30a6312f31c0313931ac312b31a9312f31c2312e3172312431bd311c319f311230c3311631c5312030b6311f31\" class=\"cryptex \" style=\"\"><span class=\"CryptexImg ctxmvYRoIM4qu0RwpQFmRRhHd1RmFbW8CFfx--5LT78XPc\"><\/span><\/span>\"><span rel=\"89312d30bd310d31b9312b31b3311131b6312131c0313531a3310f30a6312f31c0313931ac312b31a9312f31c2312e3172312431bd311c319f311230c3311631c5312030b6311f31\" class=\"cryptex \" style=\"\"><span class=\"CryptexImg ctxmvYRoIM4qu0RwpQFmRRhHd1RmFbW8CFfx--5LT78XPc\"><\/span><\/span><\/a><\/p>\n<p><span style=\"color: #626262\">Nuestra web: https:\/\/laboratoriofisiologiainef.es\/<\/span><\/p>\n<p>Web institucional: https:\/\/www.inef.upm.es\/Facultad\/Laboratorios\/LaboratorioFisiologia\/Pruebas%20de%20esfuerzo%20externas<\/p>\n<hr \/>\n<div class=\"pdfprnt-buttons pdfprnt-buttons-product pdfprnt-bottom-left\"><a href=\"https:\/\/www.upm.es\/recursosidi\/wp-json\/wp\/v2\/product\/10463?print=pdf\" class=\"pdfprnt-button pdfprnt-button-pdf\" target=\"_blank\"><span class=\"pdfprnt-button-title pdfprnt-button-pdf-title\">Descargar ficha<\/span><\/a><\/div>","protected":false},"excerpt":{"rendered":"<p>La densitometr\u00eda \u00f3sea, conocida como DXA, es una prueba que permite valorar la densidad mineral \u00f3sea y la composici\u00f3n corporal.<\/p>\n","protected":false},"featured_media":10462,"template":"","meta":{"_acf_changed":false},"product_cat":[2395],"product_tag":[3801,3802,3803,3805,3804],"comunidades-upm":[],"quien":[],"mapa":[{"term_id":122,"name":"Salud y bienestar","slug":"salud-y-bienestar","term_group":0,"term_taxonomy_id":122,"taxonomy":"mapa","description":"","parent":0,"count":105,"filter":"raw","term_order":"17"}],"disponibilidad":[{"term_id":205,"name":"Consultar disponibilidad","slug":"consultar","term_group":0,"term_taxonomy_id":205,"taxonomy":"disponibilidad","description":"","parent":0,"count":290,"filter":"raw","term_order":"0"}],"donde":[{"term_id":552,"name":"Grupo de Investigaci\u00f3n del Laboratorio de Fisiolog\u00eda del Esfuerzo.","slug":"grupo-de-investigacion-del-laboratorio-de-fisiologia-del-esfuerzo","term_group":0,"term_taxonomy_id":552,"taxonomy":"donde","description":"Los miembros del grupo llevan a cabo su trabajo desarrollando las siguientes <strong>l&iacute;neas de investigaci&oacute;n<\/strong>:\n&nbsp;\n\nLesiones en el entrenamiento.\nInfluencias gen&eacute;ticas sobre la respuesta y adaptaci&oacute;n del organismo al ejercicio y al entrenamiento.\nEntrenamiento con cargas en poblaciones especiales.\nControl cardiovascular mediante programas de ejercicio f&iacute;sico.\nRespuesta del organismo durante esfuerzos de larga duraci&oacute;n.\nProgramas de Nutrici&oacute;n y Actividad F&iacute;sica para el tratamiento de la Obesidad.\n","parent":0,"count":5,"filter":"raw","term_order":"0"},{"term_id":1776,"name":"Physiology of Exercise Laboratory Research Group","slug":"en_physiology-of-exercise-laboratory-research-group","term_group":0,"term_taxonomy_id":1776,"taxonomy":"donde","description":"Los miembros del grupo llevan a cabo su trabajo desarrollando las siguientes <strong>l&iacute;neas de investigaci&oacute;n<\/strong>:\n&nbsp;\n\nLesiones en el entrenamiento.\nInfluencias gen&eacute;ticas sobre la respuesta y adaptaci&oacute;n del organismo al ejercicio y al entrenamiento.\nEntrenamiento con cargas en poblaciones especiales.\nControl cardiovascular mediante programas de ejercicio f&iacute;sico.\nRespuesta del organismo durante esfuerzos de larga duraci&oacute;n.\nProgramas de Nutrici&oacute;n y Actividad F&iacute;sica para el tratamiento de la Obesidad.\n","parent":0,"count":5,"filter":"raw","term_order":"0"}],"infraestructura":[],"ods":[{"term_id":2271,"name":"Salud y Bienestar","slug":"salud-y-bienestar","term_group":0,"term_taxonomy_id":2271,"taxonomy":"ods","description":"","parent":0,"count":59,"filter":"raw","term_order":"0"}],"origen":[{"term_id":196,"name":"Infraestructuras, Instalaci\u00f3n, Equipo","slug":"infraestructuras","term_group":0,"term_taxonomy_id":196,"taxonomy":"origen","description":"","parent":0,"count":180,"filter":"raw","term_order":"0"}],"familia_tax":false,"quien_tax":false,"donde_tax":false,"year":"2012-01-01","contacto":"Facultad de Ciencias de la Actividad F\u00edsica y del Deporte (INEF). Laboratorio de Fisiolog\u00eda del Esfuerzo. \r\nMart\u00edn Fierro, 7. \r\n28040 MADRID","telefono":"910677988","pagina_web":"https:\/\/laboratoriofisiologiainef.es\/","email":"laboratorio.fisiologia.inef@upm.es","id_ficha_portal":"148","video":"https:\/\/www.youtube.com\/watch?v=HbiB4QEHxmA&#038;t=35s","adjuntos":false,"adjuntos_portal":"","inf":false,"departamento":"","acf":[],"lang":"es","translation":{"es":10463,"en":10467},"_links":{"self":[{"href":"https:\/\/www.upm.es\/recursosidi\/wp-json\/wp\/v2\/product\/10463"}],"collection":[{"href":"https:\/\/www.upm.es\/recursosidi\/wp-json\/wp\/v2\/product"}],"about":[{"href":"https:\/\/www.upm.es\/recursosidi\/wp-json\/wp\/v2\/types\/product"}],"wp:featuredmedia":[{"embeddable":true,"href":"https:\/\/www.upm.es\/recursosidi\/wp-json\/wp\/v2\/media\/10462"}],"wp:attachment":[{"href":"https:\/\/www.upm.es\/recursosidi\/wp-json\/wp\/v2\/media?parent=10463"}],"wp:term":[{"taxonomy":"product_cat","embeddable":true,"href":"https:\/\/www.upm.es\/recursosidi\/wp-json\/wp\/v2\/product_cat?post=10463"},{"taxonomy":"product_tag","embeddable":true,"href":"https:\/\/www.upm.es\/recursosidi\/wp-json\/wp\/v2\/product_tag?post=10463"},{"taxonomy":"comunidad_upm","embeddable":true,"href":"https:\/\/www.upm.es\/recursosidi\/wp-json\/wp\/v2\/comunidades-upm?post=10463"},{"taxonomy":"quien","embeddable":true,"href":"https:\/\/www.upm.es\/recursosidi\/wp-json\/wp\/v2\/quien?post=10463"},{"taxonomy":"mapa","embeddable":true,"href":"https:\/\/www.upm.es\/recursosidi\/wp-json\/wp\/v2\/mapa?post=10463"},{"taxonomy":"disponibilidad","embeddable":true,"href":"https:\/\/www.upm.es\/recursosidi\/wp-json\/wp\/v2\/disponibilidad?post=10463"},{"taxonomy":"donde","embeddable":true,"href":"https:\/\/www.upm.es\/recursosidi\/wp-json\/wp\/v2\/donde?post=10463"},{"taxonomy":"infraestructura","embeddable":true,"href":"https:\/\/www.upm.es\/recursosidi\/wp-json\/wp\/v2\/infraestructura?post=10463"},{"taxonomy":"ods","embeddable":true,"href":"https:\/\/www.upm.es\/recursosidi\/wp-json\/wp\/v2\/ods?post=10463"},{"taxonomy":"origen","embeddable":true,"href":"https:\/\/www.upm.es\/recursosidi\/wp-json\/wp\/v2\/origen?post=10463"}],"curies":[{"name":"wp","href":"https:\/\/api.w.org\/{rel}","templated":true}]}}