{"id":10491,"date":"2022-07-27T12:45:34","date_gmt":"2022-07-27T10:45:34","guid":{"rendered":"https:\/\/www.upm.es\/recursosidi\/offers-resources\/sin categor\u00eda\/industrial-additive-manufacturing-industrial-3d-printing-service\/"},"modified":"2022-07-27T12:45:36","modified_gmt":"2022-07-27T10:45:36","slug":"industrial-additive-manufacturing-industrial-3d-printing-service","status":"publish","type":"product","link":"https:\/\/www.upm.es\/recursosidi\/en\/offers-resources\/technological-scientific-services\/services-technological-scientific-services\/industrial-additive-manufacturing-industrial-3d-printing-service\/","title":{"rendered":"Industrial Additive Manufacturing\/Industrial 3D Printing Service"},"content":{"rendered":"<h2>Industrial Additive Manufacturing\/Industrial 3D Printing Service<\/h2>\n<h4>\n                <strong>Description<\/strong><br \/>\n            <\/h4>\n<p>Specialist additive manufacturing\/3D printing in plastics services aimed at industry, with metal additive manufacturing to be added soon<\/p>\n<p>The <strong>Stratasys Fortus 450m<\/strong>c FDM technology (Fused Deposition Modelling) printer makes it possible to produce exact prototypes, tough production tools and end-use parts under project. The FDM technology uses the same tried and validated thermoplastic materials as can be found in traditional manufacturing processes. From soft clamp tools to ESD-capable special tools, which makes it a valid solution for plastics additive manufacturing with industrial production capacity.<\/p>\n<h4>\n                <strong>Needs requested<\/strong><br \/>\n            <\/h4>\n<p>\n                <strong>R&amp;D units, laboratories and start-ups<\/strong> associated with the UPM, along with private companies, are offered the chance to <strong>validate<\/strong> their <strong>research results<\/strong> with the production of physical prototype pieces or systems, including pre-series, according to the client\u00bfs specifications and plans.<\/p>\n<h4>\n                <strong>Location<\/strong><br \/>\n            <\/h4>\n<p>The service is offered by the R&amp;D Prototypes Construction Scientific Service at the Manufacturing Engineering (ME) Laboratory. The facilities are at the Higher Technical School for Industrial Engineers. C\/ Jose Guti\u00e9rrez Abascal 2. 28006 Madrid.<\/p>\n<h4>\n                <strong>Request for service<\/strong><br \/>\n            <\/h4>\n<p>A request for the service can be made by getting in contact <em>via the<\/em><br \/>\n                <a href='http:\/\/fabricacion.industriales.upm.es\/fabricacion-prototipos\/'>fabricacion.industriales.upm.es<\/a> web site. The applicant will be asked for technical and scientific information enabling the pieces to be produced to be assessed.<\/p>\n<div class=\"pdfprnt-buttons pdfprnt-buttons-product pdfprnt-bottom-left\"><a href=\"https:\/\/www.upm.es\/recursosidi\/wp-json\/wp\/v2\/product\/10491?print=pdf\" class=\"pdfprnt-button pdfprnt-button-pdf\" target=\"_blank\"><span class=\"pdfprnt-button-title pdfprnt-button-pdf-title\">Descargar ficha<\/span><\/a><\/div>","protected":false},"excerpt":{"rendered":"<p>Industrial additive manufacturing services with professional Stratasys Fortus 450mc and Ultimaker S5 machines, making plastic pieces. Metal additive manufacturing machines will be added shortly.<\/p>\n","protected":false},"featured_media":10489,"template":"","meta":{"_acf_changed":false},"product_cat":[2403],"product_tag":[7647,6339,7824,7822],"comunidades-upm":[],"quien":[],"mapa":[{"term_id":75,"name":"Industry, Materials and Circular Economy","slug":"industry-materials-circular_economy","term_group":0,"term_taxonomy_id":75,"taxonomy":"mapa","description":"","parent":0,"count":87,"filter":"raw","term_order":"14"}],"disponibilidad":[{"term_id":204,"name":"Disponible","slug":"disponible","term_group":0,"term_taxonomy_id":204,"taxonomy":"disponibilidad","description":"","parent":0,"count":110,"filter":"raw","term_order":"0"}],"donde":[{"term_id":378,"name":"Ingenier\u00eda de Fabricaci\u00f3n","slug":"ingenieria-de-fabricacion","term_group":0,"term_taxonomy_id":378,"taxonomy":"donde","description":"","parent":0,"count":21,"filter":"raw","term_order":"0"},{"term_id":1602,"name":"manufacturing engineering","slug":"en_manufacturing-engineering","term_group":0,"term_taxonomy_id":1602,"taxonomy":"donde","description":"","parent":0,"count":18,"filter":"raw","term_order":"0"}],"infraestructura":[],"ods":[{"term_id":2249,"name":"Industry, Innovation and Infrastructure","slug":"industry-innovation-and-infrastructure","term_group":0,"term_taxonomy_id":2249,"taxonomy":"ods","description":"","parent":0,"count":129,"filter":"raw","term_order":"0"}],"origen":[{"term_id":196,"name":"Infraestructuras, Instalaci\u00f3n, Equipo","slug":"infraestructuras","term_group":0,"term_taxonomy_id":196,"taxonomy":"origen","description":"","parent":0,"count":180,"filter":"raw","term_order":"0"}],"familia_tax":false,"quien_tax":false,"donde_tax":false,"year":"2022-01-01","contacto":"GRUPO DE INVESTIGACI\u00d3N INGENIER\u00cdA DE FABRICACI\u00d3N. E.T.S. DE INGENIEROS INDUSTRIALES (DEPARTAMENTO DE INGENIER\u00cdA MEC\u00c1NICA). Calle de Jos\u00e9 Guti\u00e9rrez Abascal, 2, 28006 Madrid.","telefono":"910677212","pagina_web":"http:\/\/fabricacion.industriales.upm.es\/fabricacion-aditiva-industrial\/","email":"jc.hernandez@upm.es","id_ficha_portal":"417","video":"","adjuntos":false,"adjuntos_portal":"","inf":false,"departamento":"","acf":[],"lang":"en","translation":{"en":10491,"es":10488},"_links":{"self":[{"href":"https:\/\/www.upm.es\/recursosidi\/wp-json\/wp\/v2\/product\/10491"}],"collection":[{"href":"https:\/\/www.upm.es\/recursosidi\/wp-json\/wp\/v2\/product"}],"about":[{"href":"https:\/\/www.upm.es\/recursosidi\/wp-json\/wp\/v2\/types\/product"}],"wp:featuredmedia":[{"embeddable":true,"href":"https:\/\/www.upm.es\/recursosidi\/wp-json\/wp\/v2\/media\/10489"}],"wp:attachment":[{"href":"https:\/\/www.upm.es\/recursosidi\/wp-json\/wp\/v2\/media?parent=10491"}],"wp:term":[{"taxonomy":"product_cat","embeddable":true,"href":"https:\/\/www.upm.es\/recursosidi\/wp-json\/wp\/v2\/product_cat?post=10491"},{"taxonomy":"product_tag","embeddable":true,"href":"https:\/\/www.upm.es\/recursosidi\/wp-json\/wp\/v2\/product_tag?post=10491"},{"taxonomy":"comunidad_upm","embeddable":true,"href":"https:\/\/www.upm.es\/recursosidi\/wp-json\/wp\/v2\/comunidades-upm?post=10491"},{"taxonomy":"quien","embeddable":true,"href":"https:\/\/www.upm.es\/recursosidi\/wp-json\/wp\/v2\/quien?post=10491"},{"taxonomy":"mapa","embeddable":true,"href":"https:\/\/www.upm.es\/recursosidi\/wp-json\/wp\/v2\/mapa?post=10491"},{"taxonomy":"disponibilidad","embeddable":true,"href":"https:\/\/www.upm.es\/recursosidi\/wp-json\/wp\/v2\/disponibilidad?post=10491"},{"taxonomy":"donde","embeddable":true,"href":"https:\/\/www.upm.es\/recursosidi\/wp-json\/wp\/v2\/donde?post=10491"},{"taxonomy":"infraestructura","embeddable":true,"href":"https:\/\/www.upm.es\/recursosidi\/wp-json\/wp\/v2\/infraestructura?post=10491"},{"taxonomy":"ods","embeddable":true,"href":"https:\/\/www.upm.es\/recursosidi\/wp-json\/wp\/v2\/ods?post=10491"},{"taxonomy":"origen","embeddable":true,"href":"https:\/\/www.upm.es\/recursosidi\/wp-json\/wp\/v2\/origen?post=10491"}],"curies":[{"name":"wp","href":"https:\/\/api.w.org\/{rel}","templated":true}]}}