{"id":10533,"date":"2022-07-27T12:47:07","date_gmt":"2022-07-27T10:47:07","guid":{"rendered":"https:\/\/www.upm.es\/recursosidi\/offers-resources\/sin categor\u00eda\/inspection-analysis-service-using-vision-system\/"},"modified":"2022-07-27T12:47:12","modified_gmt":"2022-07-27T10:47:12","slug":"inspection-analysis-service-using-vision-system","status":"publish","type":"product","link":"https:\/\/www.upm.es\/recursosidi\/en\/offers-resources\/technological-scientific-services\/services-technological-scientific-services\/inspection-analysis-service-using-vision-system\/","title":{"rendered":"Inspection\/Analysis service using vision system"},"content":{"rendered":"<h2>\n                <strong>Inspection\/Analysis service for pieces under a microscope<\/strong><br \/>\n            <\/h2>\n<p>\n                <strong>Description<\/strong>\n            <\/p>\n<p>Analysis, inspection and verification of pieces and tools under a 3D microscope.<\/p>\n<p>\n                <strong>Needs requested<br \/>\n                <\/strong>\n            <\/p>\n<p>\n                <strong>R&amp;D units, laboratories and start-ups<\/strong> associated with the UPM, along with private companies, are offered the chance to <strong>validate<\/strong> their <strong>research results<\/strong> with the production of physical prototype pieces or systems, including pre-series, according to the client\u00bfs specifications and plans.<\/p>\n<p>\n                <strong>References from University Research Groups and R&amp;D Centres:<br \/>\n                <\/strong>\n            <\/p>\n<ul>\n<li>Fluid mechanics. HTSIE-UPM<\/li>\n<li>Material Resistance. HTSIE-UPM<\/li>\n<li>Metallurgy. HTSIE-UPM<\/li>\n<li>Machines and Mechanisms Laboratory. HTSIE-UPM<\/li>\n<li>Physics Department. HTS for Roads, Canals and Ports. UPM<\/li>\n<\/ul>\n<p>\n                <strong>Company References<\/strong>\n            <\/p>\n<ul>\n<li>New Technologies Global System (NTGS)<\/li>\n<li>Inspiralia R&amp;D<\/li>\n<li>Betia Ingenier\u00eda<\/li>\n<li>Mecanizados Pedrera<\/li>\n<\/ul>\n<p>\n                <strong>Location<\/strong>\n            <\/p>\n<p>The service is offered by the Manufacturing Engineering (ME) Laboratory which belongs to the Community of Madrid Laboratories Network. The facilities are at the Higher Technical School for Industrial Engineers. C\/ Jose Guti\u00e9rrez Abascal 2. 28006 Madrid.<\/p>\n<p>\n                <strong>Request for service<\/strong>\n            <\/p>\n<p>A<strong> request<\/strong> for service can be made by contacting the officer Dr. Juan Carlos Hern\u00e1ndez via the e-mail <a href='mailto:<span rel=\"66311330a1311e3179312031b0312831a0312b31c4313231b93130319a312d31b431353173312631b231\" class=\"cryptex \" style=\"\"><span class=\"CryptexImg ctxl2j5PQDlq5G8_DQaM85wkp2z0KOtanP1kN1SONNalHk\"><\/span><\/span>'><span rel=\"66311330a1311e3179312031b0312831a0312b31c4313231b93130319a312d31b431353173312631b231\" class=\"cryptex \" style=\"\"><span class=\"CryptexImg ctxl2j5PQDlq5G8_DQaM85wkp2z0KOtanP1kN1SONNalHk\"><\/span><\/span><\/a>. The applicant will be asked for technical and scientific information to enable assessment of the system to be made and the work needed identified, along with the technical and human resources needed to carry it out. The rates for other services are published on this web site and on the Universidad Polit\u00e9cnica de Madrid\u00bfs web site under the heading &#8216;Prototype Production Services&#8217; <a href='\/Investigacion\/estructuras\/ServiciosCientificos'>https:\/\/www.upm.es\/Investigacion\/estructuras\/ServiciosCientificos<\/a> .<\/p>\n<div class=\"pdfprnt-buttons pdfprnt-buttons-product pdfprnt-bottom-left\"><a href=\"https:\/\/www.upm.es\/recursosidi\/wp-json\/wp\/v2\/product\/10533?print=pdf\" class=\"pdfprnt-button pdfprnt-button-pdf\" target=\"_blank\"><span class=\"pdfprnt-button-title pdfprnt-button-pdf-title\">Descargar ficha<\/span><\/a><\/div>","protected":false},"excerpt":{"rendered":"<p>Visio 200 GL microscope with Tesa digital image processing system.<\/p>\n","protected":false},"featured_media":10532,"template":"","meta":{"_acf_changed":false},"product_cat":[2403],"product_tag":[7562,7822],"comunidades-upm":[],"quien":[],"mapa":[{"term_id":75,"name":"Industry, Materials and Circular Economy","slug":"industry-materials-circular_economy","term_group":0,"term_taxonomy_id":75,"taxonomy":"mapa","description":"","parent":0,"count":87,"filter":"raw","term_order":"14"}],"disponibilidad":[{"term_id":205,"name":"Consultar disponibilidad","slug":"consultar","term_group":0,"term_taxonomy_id":205,"taxonomy":"disponibilidad","description":"","parent":0,"count":290,"filter":"raw","term_order":"0"}],"donde":[{"term_id":378,"name":"Ingenier\u00eda de Fabricaci\u00f3n","slug":"ingenieria-de-fabricacion","term_group":0,"term_taxonomy_id":378,"taxonomy":"donde","description":"","parent":0,"count":21,"filter":"raw","term_order":"0"},{"term_id":1602,"name":"manufacturing engineering","slug":"en_manufacturing-engineering","term_group":0,"term_taxonomy_id":1602,"taxonomy":"donde","description":"","parent":0,"count":18,"filter":"raw","term_order":"0"}],"infraestructura":[],"ods":[{"term_id":2249,"name":"Industry, Innovation and Infrastructure","slug":"industry-innovation-and-infrastructure","term_group":0,"term_taxonomy_id":2249,"taxonomy":"ods","description":"","parent":0,"count":129,"filter":"raw","term_order":"0"}],"origen":[{"term_id":196,"name":"Infraestructuras, Instalaci\u00f3n, Equipo","slug":"infraestructuras","term_group":0,"term_taxonomy_id":196,"taxonomy":"origen","description":"","parent":0,"count":180,"filter":"raw","term_order":"0"}],"familia_tax":false,"quien_tax":false,"donde_tax":false,"year":"2017-01-01","contacto":"GRUPO DE INVESTIGACI\u00d3N INGENIER\u00cdA DE FABRICACI\u00d3N. E.T.S. DE INGENIEROS INDUSTRIALES (DEPARTAMENTO DE INGENIER\u00cdA MEC\u00c1NICA). Calle de Jos\u00e9 Guti\u00e9rrez Abascal, 2, 28006 Madrid.","telefono":"910677212","pagina_web":"http:\/\/fabricacion.industriales.upm.es\/fabricacion-prototipos\/","email":"jc.hernandez@upm.es","id_ficha_portal":"202","video":"","adjuntos":false,"adjuntos_portal":"","inf":false,"departamento":"","acf":[],"lang":"en","translation":{"en":10533,"es":10529},"_links":{"self":[{"href":"https:\/\/www.upm.es\/recursosidi\/wp-json\/wp\/v2\/product\/10533"}],"collection":[{"href":"https:\/\/www.upm.es\/recursosidi\/wp-json\/wp\/v2\/product"}],"about":[{"href":"https:\/\/www.upm.es\/recursosidi\/wp-json\/wp\/v2\/types\/product"}],"wp:featuredmedia":[{"embeddable":true,"href":"https:\/\/www.upm.es\/recursosidi\/wp-json\/wp\/v2\/media\/10532"}],"wp:attachment":[{"href":"https:\/\/www.upm.es\/recursosidi\/wp-json\/wp\/v2\/media?parent=10533"}],"wp:term":[{"taxonomy":"product_cat","embeddable":true,"href":"https:\/\/www.upm.es\/recursosidi\/wp-json\/wp\/v2\/product_cat?post=10533"},{"taxonomy":"product_tag","embeddable":true,"href":"https:\/\/www.upm.es\/recursosidi\/wp-json\/wp\/v2\/product_tag?post=10533"},{"taxonomy":"comunidad_upm","embeddable":true,"href":"https:\/\/www.upm.es\/recursosidi\/wp-json\/wp\/v2\/comunidades-upm?post=10533"},{"taxonomy":"quien","embeddable":true,"href":"https:\/\/www.upm.es\/recursosidi\/wp-json\/wp\/v2\/quien?post=10533"},{"taxonomy":"mapa","embeddable":true,"href":"https:\/\/www.upm.es\/recursosidi\/wp-json\/wp\/v2\/mapa?post=10533"},{"taxonomy":"disponibilidad","embeddable":true,"href":"https:\/\/www.upm.es\/recursosidi\/wp-json\/wp\/v2\/disponibilidad?post=10533"},{"taxonomy":"donde","embeddable":true,"href":"https:\/\/www.upm.es\/recursosidi\/wp-json\/wp\/v2\/donde?post=10533"},{"taxonomy":"infraestructura","embeddable":true,"href":"https:\/\/www.upm.es\/recursosidi\/wp-json\/wp\/v2\/infraestructura?post=10533"},{"taxonomy":"ods","embeddable":true,"href":"https:\/\/www.upm.es\/recursosidi\/wp-json\/wp\/v2\/ods?post=10533"},{"taxonomy":"origen","embeddable":true,"href":"https:\/\/www.upm.es\/recursosidi\/wp-json\/wp\/v2\/origen?post=10533"}],"curies":[{"name":"wp","href":"https:\/\/api.w.org\/{rel}","templated":true}]}}