{"id":10542,"date":"2022-07-27T12:47:55","date_gmt":"2022-07-27T10:47:55","guid":{"rendered":"https:\/\/www.upm.es\/recursosidi\/offers-resources\/sin categor\u00eda\/servicio-de-limpieza-de-muestras\/"},"modified":"2022-07-27T12:48:43","modified_gmt":"2022-07-27T10:48:43","slug":"servicio-de-limpieza-de-muestras","status":"publish","type":"product","link":"https:\/\/www.upm.es\/recursosidi\/offers-resources\/servicios-cientifico-tecnologico\/servicios-servicios-cientifico-tecnologico\/servicio-de-limpieza-de-muestras\/","title":{"rendered":"Servicio de limpieza de muestras"},"content":{"rendered":"<h2>Limpieza de muestras para uso en electr&oacute;nica y &oacute;ptica<!--  tarifado --><\/h2>\n<hr \/>\n<h4>Descripci&oacute;n de los servicios que se ofrecen <!-- y tarifas --><\/h4>\n<p>Limpieza de muestras mediante productros qu&iacute;micos (&aacute;cidos y bases) en campanas extractoras dentro de Sala Blanca. Ultrasonidos y soplado con nitr&oacute;geno. De esa manera la superficie de la muestra queda limpia de todo tipo de contaminantes<!-- Recuerda que estas tarifas ser\u00e1n las oficiales aprobadas en Consejo de Direcci\u00f3n y Consejo Social. --><\/p>\n<hr \/>\n<h4>Necesidades demandadas y aplicaciones<\/h4>\n<p>Los procesos de limpieza de muestras son el paso inicial para realizar las dem&aacute;s t&eacute;cnicas de procesado de un dispositivo electr&oacute;nico o para inspecci&oacute;n de superficies en microscopia.<\/p>\n<hr \/>\n<h4>Sector o &aacute;rea de aplicaci&oacute;n<\/h4>\n<p>Electr&oacute;nica, &oacute;ptica y optoelectr&oacute;nica.<\/p>\n<hr \/>\n<h4>Competencias diferenciales<\/h4>\n<p>La sala blanca del ISOM est&aacute; equipada con filtros Hepa y contadores de part&iacute;culas que permiten un extremo grado de limpieza en el aire, adem&aacute;s la temperatura est&aacute; controlada.&nbsp;<\/p>\n<hr \/>\n<h4>Referencias previas de prestaci&oacute;n<\/h4>\n<hr \/>\n<h4>D&oacute;nde se ubica<\/h4>\n<p>ISOM. E.T.S.I.Telecomunicaci&oacute;n<\/p>\n<hr \/>\n<h4>Solicitud del servicio<\/h4>\n<blockquote class=\"wp-embedded-content\" data-secret=\"oKigbL0kFL\"><p><a href=\"http:\/\/www.isom.upm.es\/protocolo-de-acceso\/\">Protocolo de Acceso<\/a><\/p><\/blockquote>\n<p><iframe class=\"wp-embedded-content\" sandbox=\"allow-scripts\" security=\"restricted\" style=\"position: absolute; clip: rect(1px, 1px, 1px, 1px);\" title=\"&#171;Protocolo de Acceso&#187; &#8212; ISOM_web\" src=\"http:\/\/www.isom.upm.es\/protocolo-de-acceso\/embed\/#?secret=oKigbL0kFL\" data-secret=\"oKigbL0kFL\" width=\"600\" height=\"338\" frameborder=\"0\" marginwidth=\"0\" marginheight=\"0\" scrolling=\"no\"><\/iframe><\/p>\n<hr \/>\n<div class=\"pdfprnt-buttons pdfprnt-buttons-product pdfprnt-bottom-left\"><a href=\"https:\/\/www.upm.es\/recursosidi\/wp-json\/wp\/v2\/product\/10542?print=pdf\" class=\"pdfprnt-button pdfprnt-button-pdf\" target=\"_blank\"><span class=\"pdfprnt-button-title pdfprnt-button-pdf-title\">Descargar ficha<\/span><\/a><\/div>","protected":false},"excerpt":{"rendered":"<p>Servicio Cient\u00edfico-Tecnol\u00f3gico del ISOM enmarcado en el \u00e1rea de investigaci\u00f3n de t\u00e9cnicas de procesado<\/p>\n","protected":false},"featured_media":10540,"template":"","meta":{"_acf_changed":false},"product_cat":[2395],"product_tag":[4378,2591],"comunidades-upm":[],"quien":[],"mapa":[{"term_id":2405,"name":"Ciencia para la ingenier\u00eda y la arquitectura","slug":"ciencia-para-ingenieria-y-arquitectura","term_group":0,"term_taxonomy_id":2405,"taxonomy":"mapa","description":"","parent":0,"count":127,"filter":"raw","term_order":"7"},{"term_id":135,"name":"Industria, materiales y econom\u00eda circular","slug":"industria-materiales-economia_circular","term_group":0,"term_taxonomy_id":135,"taxonomy":"mapa","description":"","parent":0,"count":165,"filter":"raw","term_order":"13"}],"disponibilidad":[{"term_id":204,"name":"Disponible","slug":"disponible","term_group":0,"term_taxonomy_id":204,"taxonomy":"disponibilidad","description":"","parent":0,"count":110,"filter":"raw","term_order":"0"}],"donde":[{"term_id":442,"name":"Grupo de Dispositivos Semiconductores del ISOM","slug":"grupo-de-dispositivos-semiconductores-del-isom","term_group":0,"term_taxonomy_id":442,"taxonomy":"donde","description":"L&iacute;neas de investigaci&oacute;n e innovaci&oacute;n:  \n\n<strong>OPTOELECTR&Oacute;NICA: <\/strong>L&aacute;seres. Matrices de nanoLEDs. Micro y nanocavidades. C&eacute;lulas solares. MOEMS.\n\n\n<strong>SISTEMAS CON SENSORES &Oacute;PTICOS: <\/strong>Fotodetecci&oacute;n de UV y VIS. Fotodetecci&oacute;n multiespectral en el IR. Sensores basados en heterouniones. Nanofot&oacute;nica integrada.\n\n\n<strong>MICROSISTEMAS Y NANOTECNOLOG&Iacute;A: <\/strong>Transistores HEMT. NanoFETs. Dispositivos de ondas ac&uacute;sticas. Micro\/nanosistemas electr&oacute;mec&aacute;nicos (MEMS y NEMS). Efectos plasm&oacute;nicos. Dispositivos &nbsp;de grafeno.\n\n\n<strong>SIMULACI&Oacute;N DE MATERIALES NO MET&Aacute;LICOS: <\/strong>Simulaci&oacute;n de materiales. Monte Carlo. Materiales nanoestructurados\n\n&nbsp;","parent":0,"count":28,"filter":"raw","term_order":"0"},{"term_id":244,"name":"Instituto Universitario de Sistemas Optoelectr\u00f3nicos y Microtecnolog\u00eda (ISOM)","slug":"instituto-universitario-de-sistemas-optoelectronicos-y-microtecnologia-isom","term_group":0,"term_taxonomy_id":244,"taxonomy":"donde","description":"","parent":0,"count":33,"filter":"raw","term_order":"0"},{"term_id":1666,"name":"ISOM Semiconductor Devices Group","slug":"en_isom-semiconductor-devices-group","term_group":0,"term_taxonomy_id":1666,"taxonomy":"donde","description":"L&iacute;neas de investigaci&oacute;n e innovaci&oacute;n:  \n\n<strong>OPTOELECTR&Oacute;NICA: <\/strong>L&aacute;seres. Matrices de nanoLEDs. Micro y nanocavidades. C&eacute;lulas solares. MOEMS.\n\n\n<strong>SISTEMAS CON SENSORES &Oacute;PTICOS: <\/strong>Fotodetecci&oacute;n de UV y VIS. Fotodetecci&oacute;n multiespectral en el IR. Sensores basados en heterouniones. Nanofot&oacute;nica integrada.\n\n\n<strong>MICROSISTEMAS Y NANOTECNOLOG&Iacute;A: <\/strong>Transistores HEMT. NanoFETs. Dispositivos de ondas ac&uacute;sticas. Micro\/nanosistemas electr&oacute;mec&aacute;nicos (MEMS y NEMS). Efectos plasm&oacute;nicos. Dispositivos &nbsp;de grafeno.\n\n\n<strong>SIMULACI&Oacute;N DE MATERIALES NO MET&Aacute;LICOS: <\/strong>Simulaci&oacute;n de materiales. Monte Carlo. Materiales nanoestructurados\n\n&nbsp;","parent":0,"count":28,"filter":"raw","term_order":"0"},{"term_id":1468,"name":"University Optoelectronics and Microtechnology Systems Institute","slug":"en_university-optoelectronics-and-microtechnology-systems-institute","term_group":0,"term_taxonomy_id":1468,"taxonomy":"donde","description":"","parent":0,"count":29,"filter":"raw","term_order":"0"}],"infraestructura":[],"ods":[{"term_id":2247,"name":"Industria, Innovaci\u00f3n e Infraestructura","slug":"industria-innovacion-e-infraestructura","term_group":0,"term_taxonomy_id":2247,"taxonomy":"ods","description":"","parent":0,"count":171,"filter":"raw","term_order":"0"}],"origen":[{"term_id":196,"name":"Infraestructuras, Instalaci\u00f3n, Equipo","slug":"infraestructuras","term_group":0,"term_taxonomy_id":196,"taxonomy":"origen","description":"","parent":0,"count":180,"filter":"raw","term_order":"0"}],"familia_tax":false,"quien_tax":false,"donde_tax":false,"year":"2015-01-01","contacto":"ISOM, Universidad Polit\u00e9cnica de Madrid, E.T.S.I. Telecomunicaci\u00f3n. Edificio L\u00f3pez Ara\u00fajo, Avenida Complu","telefono":"910672593","pagina_web":"http:\/\/www.isom.upm.es\/inicio\/","email":"manuel.abuin@upm.es","id_ficha_portal":"155","video":"","adjuntos":false,"adjuntos_portal":"","inf":false,"departamento":"","acf":[],"lang":"es","translation":{"es":10542,"en":10551},"_links":{"self":[{"href":"https:\/\/www.upm.es\/recursosidi\/wp-json\/wp\/v2\/product\/10542"}],"collection":[{"href":"https:\/\/www.upm.es\/recursosidi\/wp-json\/wp\/v2\/product"}],"about":[{"href":"https:\/\/www.upm.es\/recursosidi\/wp-json\/wp\/v2\/types\/product"}],"wp:featuredmedia":[{"embeddable":true,"href":"https:\/\/www.upm.es\/recursosidi\/wp-json\/wp\/v2\/media\/10540"}],"wp:attachment":[{"href":"https:\/\/www.upm.es\/recursosidi\/wp-json\/wp\/v2\/media?parent=10542"}],"wp:term":[{"taxonomy":"product_cat","embeddable":true,"href":"https:\/\/www.upm.es\/recursosidi\/wp-json\/wp\/v2\/product_cat?post=10542"},{"taxonomy":"product_tag","embeddable":true,"href":"https:\/\/www.upm.es\/recursosidi\/wp-json\/wp\/v2\/product_tag?post=10542"},{"taxonomy":"comunidad_upm","embeddable":true,"href":"https:\/\/www.upm.es\/recursosidi\/wp-json\/wp\/v2\/comunidades-upm?post=10542"},{"taxonomy":"quien","embeddable":true,"href":"https:\/\/www.upm.es\/recursosidi\/wp-json\/wp\/v2\/quien?post=10542"},{"taxonomy":"mapa","embeddable":true,"href":"https:\/\/www.upm.es\/recursosidi\/wp-json\/wp\/v2\/mapa?post=10542"},{"taxonomy":"disponibilidad","embeddable":true,"href":"https:\/\/www.upm.es\/recursosidi\/wp-json\/wp\/v2\/disponibilidad?post=10542"},{"taxonomy":"donde","embeddable":true,"href":"https:\/\/www.upm.es\/recursosidi\/wp-json\/wp\/v2\/donde?post=10542"},{"taxonomy":"infraestructura","embeddable":true,"href":"https:\/\/www.upm.es\/recursosidi\/wp-json\/wp\/v2\/infraestructura?post=10542"},{"taxonomy":"ods","embeddable":true,"href":"https:\/\/www.upm.es\/recursosidi\/wp-json\/wp\/v2\/ods?post=10542"},{"taxonomy":"origen","embeddable":true,"href":"https:\/\/www.upm.es\/recursosidi\/wp-json\/wp\/v2\/origen?post=10542"}],"curies":[{"name":"wp","href":"https:\/\/api.w.org\/{rel}","templated":true}]}}