{"id":10573,"date":"2022-07-27T12:49:41","date_gmt":"2022-07-27T10:49:41","guid":{"rendered":"https:\/\/www.upm.es\/recursosidi\/offers-resources\/sin categor\u00eda\/three-dimensional-measuring-service-using-a-3d-coordinates-table\/"},"modified":"2022-07-27T12:49:47","modified_gmt":"2022-07-27T10:49:47","slug":"three-dimensional-measuring-service-using-a-3d-coordinates-table","status":"publish","type":"product","link":"https:\/\/www.upm.es\/recursosidi\/en\/offers-resources\/technological-scientific-services\/services-technological-scientific-services\/three-dimensional-measuring-service-using-a-3d-coordinates-table\/","title":{"rendered":"Three dimensional measuring service using a 3D coordinates table"},"content":{"rendered":"<h2>\n                <strong>Piece dimensional verification service<\/strong><br \/>\n            <\/h2>\n<p>\n                <strong>Description<\/strong>\n            <\/p>\n<p>Piece dimensional measurement and verification using a 3D coordinates table. Forms part of a comprehensive offer of services for <em>turnkey production of prototypes, moulds, and individual or sets of tooling made in metal or plastic that are fully operationally functional<\/em>.<\/p>\n<p>\n                <strong>Needs requested<br \/>\n                <\/strong>\n            <\/p>\n<p>\n                <strong>R&amp;D units, laboratories and start-ups<\/strong> associated with the UPM, along with private companies, are offered the chance to <strong>validate<\/strong> their <strong>research results<\/strong> with the production of physical prototype pieces or systems, including pre-series, according to the client\u00bfs specifications and plans.<\/p>\n<p>\n                <strong>References from University Research Groups and R&amp;D Centres:<br \/>\n                <\/strong>\n            <\/p>\n<ul>\n<li>CIEMAT<\/li>\n<li>Solar Energy Institute (IES)<\/li>\n<li>Automatics. HTSIE-UPM<\/li>\n<li>Electronics. HTSIE-UPM<\/li>\n<li>Thermal Engines. HTSIE-UPM<\/li>\n<li>Automotive Research Institute (INSIA)<\/li>\n<li>Central Electrotechnics Laboratory. HTSIE-UPM<\/li>\n<li>Nuclear Engineering. HTSIE-UPM<\/li>\n<li>Graphic Engineering. HTSIE-UPM<\/li>\n<li>Fluid mechanics. HTSIE-UPM<\/li>\n<li>Material Resistance. HTSIE-UPM<\/li>\n<li>Metallurgy. HTSIE-UPM<\/li>\n<li>Machines and Mechanisms Laboratory. HTSIE-UPM<\/li>\n<li>Physics Department. HTS for Roads, Canals and Ports. UPM<\/li>\n<\/ul>\n<p>\n                <strong>Company References<\/strong>\n            <\/p>\n<ul>\n<li>SIEMENS<\/li>\n<li>RENAULT<\/li>\n<li>New Technologies Global System (NTGS)<\/li>\n<li>Inspiralia R&amp;D<\/li>\n<li>Betia Ingenier\u00eda<\/li>\n<li>Mecanizados Pedrera<\/li>\n<li>INDUSHER<\/li>\n<li>Solfocus Spain<\/li>\n<\/ul>\n<p>\n                <strong>Location<\/strong>\n            <\/p>\n<p>The service is offered by the Manufacturing Engineering (ME) Laboratory which belongs to the Community of Madrid Laboratories Network. The facilities are at the Higher Technical School for Industrial Engineers. C\/ Jose Guti\u00e9rrez Abascal 2. 28006 Madrid.<\/p>\n<p>\n                <strong>Request for service<\/strong>\n            <\/p>\n<p>A<strong> request<\/strong> for service can be made by contacting the officer Dr. Juan Carlos Hern\u00e1ndez via the e-mail <a href='mailto:<span rel=\"79311830a7310e317c313731b6314231a6312c31a7312731bc31263190312a31a8311e3179311731cd31\" class=\"cryptex \" style=\"\"><span class=\"CryptexImg ctxl2j5PQDlq5G8_DQaM85wkp2z0KOtanP1kN1SONNalHk\"><\/span><\/span>'><span rel=\"79311830a7310e317c313731b6314231a6312c31a7312731bc31263190312a31a8311e3179311731cd31\" class=\"cryptex \" style=\"\"><span class=\"CryptexImg ctxl2j5PQDlq5G8_DQaM85wkp2z0KOtanP1kN1SONNalHk\"><\/span><\/span><\/a>. The applicant will be asked for technical and scientific information to enable assessment of the system to be made and the work needed identified, along with the technical and human resources needed to carry it out. The rates for other services are published on this web site and on the Universidad Polit\u00e9cnica de Madrid\u00bfs web site under the heading &#8216;Prototype Production Services&#8217; (<a href='\/Investigacion\/estructuras\/ServiciosCientificos'>https:\/\/www.upm.es\/Investigacion\/estructuras\/ServiciosCientificos<\/a>)<\/p>\n<div class=\"pdfprnt-buttons pdfprnt-buttons-product pdfprnt-bottom-left\"><a href=\"https:\/\/www.upm.es\/recursosidi\/wp-json\/wp\/v2\/product\/10573?print=pdf\" class=\"pdfprnt-button pdfprnt-button-pdf\" target=\"_blank\"><span class=\"pdfprnt-button-title pdfprnt-button-pdf-title\">Descargar ficha<\/span><\/a><\/div>","protected":false},"excerpt":{"rendered":"<p>Piece dimensional measurement and verification using a Mitutoyo Plus M544 3D coordinates table with Mcosmos v3 software.<\/p>\n","protected":false},"featured_media":10572,"template":"","meta":{"_acf_changed":false},"product_cat":[2403],"product_tag":[6371,7822],"comunidades-upm":[],"quien":[],"mapa":[{"term_id":75,"name":"Industry, Materials and Circular Economy","slug":"industry-materials-circular_economy","term_group":0,"term_taxonomy_id":75,"taxonomy":"mapa","description":"","parent":0,"count":87,"filter":"raw","term_order":"14"}],"disponibilidad":[{"term_id":205,"name":"Consultar disponibilidad","slug":"consultar","term_group":0,"term_taxonomy_id":205,"taxonomy":"disponibilidad","description":"","parent":0,"count":290,"filter":"raw","term_order":"0"}],"donde":[{"term_id":378,"name":"Ingenier\u00eda de Fabricaci\u00f3n","slug":"ingenieria-de-fabricacion","term_group":0,"term_taxonomy_id":378,"taxonomy":"donde","description":"","parent":0,"count":21,"filter":"raw","term_order":"0"},{"term_id":1602,"name":"manufacturing engineering","slug":"en_manufacturing-engineering","term_group":0,"term_taxonomy_id":1602,"taxonomy":"donde","description":"","parent":0,"count":18,"filter":"raw","term_order":"0"}],"infraestructura":[],"ods":[{"term_id":2249,"name":"Industry, Innovation and Infrastructure","slug":"industry-innovation-and-infrastructure","term_group":0,"term_taxonomy_id":2249,"taxonomy":"ods","description":"","parent":0,"count":129,"filter":"raw","term_order":"0"},{"term_id":2269,"name":"Quality Education","slug":"quality-education","term_group":0,"term_taxonomy_id":2269,"taxonomy":"ods","description":"","parent":0,"count":13,"filter":"raw","term_order":"0"}],"origen":[{"term_id":196,"name":"Infraestructuras, Instalaci\u00f3n, Equipo","slug":"infraestructuras","term_group":0,"term_taxonomy_id":196,"taxonomy":"origen","description":"","parent":0,"count":180,"filter":"raw","term_order":"0"}],"familia_tax":false,"quien_tax":false,"donde_tax":false,"year":"2017-01-01","contacto":"GRUPO DE INVESTIGACI\u00d3N INGENIER\u00cdA DE FABRICACI\u00d3N. E.T.S. DE INGENIEROS INDUSTRIALES (DEPARTAMENTO DE INGENIER\u00cdA MEC\u00c1NICA). Calle de Jos\u00e9 Guti\u00e9rrez Abascal, 2, 28006 Madrid.","telefono":"910677212","pagina_web":"http:\/\/fabricacion.industriales.upm.es\/fabricacion-prototipos\/","email":"jc.hernandez@upm.es","id_ficha_portal":"201","video":"","adjuntos":false,"adjuntos_portal":"","inf":false,"departamento":"","acf":[],"lang":"en","translation":{"en":10573,"es":10569},"_links":{"self":[{"href":"https:\/\/www.upm.es\/recursosidi\/wp-json\/wp\/v2\/product\/10573"}],"collection":[{"href":"https:\/\/www.upm.es\/recursosidi\/wp-json\/wp\/v2\/product"}],"about":[{"href":"https:\/\/www.upm.es\/recursosidi\/wp-json\/wp\/v2\/types\/product"}],"wp:featuredmedia":[{"embeddable":true,"href":"https:\/\/www.upm.es\/recursosidi\/wp-json\/wp\/v2\/media\/10572"}],"wp:attachment":[{"href":"https:\/\/www.upm.es\/recursosidi\/wp-json\/wp\/v2\/media?parent=10573"}],"wp:term":[{"taxonomy":"product_cat","embeddable":true,"href":"https:\/\/www.upm.es\/recursosidi\/wp-json\/wp\/v2\/product_cat?post=10573"},{"taxonomy":"product_tag","embeddable":true,"href":"https:\/\/www.upm.es\/recursosidi\/wp-json\/wp\/v2\/product_tag?post=10573"},{"taxonomy":"comunidad_upm","embeddable":true,"href":"https:\/\/www.upm.es\/recursosidi\/wp-json\/wp\/v2\/comunidades-upm?post=10573"},{"taxonomy":"quien","embeddable":true,"href":"https:\/\/www.upm.es\/recursosidi\/wp-json\/wp\/v2\/quien?post=10573"},{"taxonomy":"mapa","embeddable":true,"href":"https:\/\/www.upm.es\/recursosidi\/wp-json\/wp\/v2\/mapa?post=10573"},{"taxonomy":"disponibilidad","embeddable":true,"href":"https:\/\/www.upm.es\/recursosidi\/wp-json\/wp\/v2\/disponibilidad?post=10573"},{"taxonomy":"donde","embeddable":true,"href":"https:\/\/www.upm.es\/recursosidi\/wp-json\/wp\/v2\/donde?post=10573"},{"taxonomy":"infraestructura","embeddable":true,"href":"https:\/\/www.upm.es\/recursosidi\/wp-json\/wp\/v2\/infraestructura?post=10573"},{"taxonomy":"ods","embeddable":true,"href":"https:\/\/www.upm.es\/recursosidi\/wp-json\/wp\/v2\/ods?post=10573"},{"taxonomy":"origen","embeddable":true,"href":"https:\/\/www.upm.es\/recursosidi\/wp-json\/wp\/v2\/origen?post=10573"}],"curies":[{"name":"wp","href":"https:\/\/api.w.org\/{rel}","templated":true}]}}