{"id":10576,"date":"2022-07-27T12:49:53","date_gmt":"2022-07-27T10:49:53","guid":{"rendered":"https:\/\/www.upm.es\/recursosidi\/offers-resources\/sin categor\u00eda\/servicio-de-micro-y-nanofabricacion-con-laser\/"},"modified":"2022-07-27T12:50:07","modified_gmt":"2022-07-27T10:50:07","slug":"servicio-de-micro-y-nanofabricacion-con-laser","status":"publish","type":"product","link":"https:\/\/www.upm.es\/recursosidi\/offers-resources\/servicios-cientifico-tecnologico\/servicios-servicios-cientifico-tecnologico\/servicio-de-micro-y-nanofabricacion-con-laser\/","title":{"rendered":"Servicio de micro y nanofabricaci\u00f3n con l\u00e1ser"},"content":{"rendered":"<h2>&nbsp;<\/h2>\n<h4>Servicio de Micro y Nanofabricaci&oacute;n con l&aacute;ser<!--  tarifado --><\/h4>\n<p>El Servicio de Micro y Nanofabricaci&oacute;n con l&aacute;ser cuenta con todo el equipamiento necesario para el estudio, parametrizaci&oacute;n y ejecuci&oacute;n de procesos l&aacute;ser con tolerancias dimensionales en el rango micro y submicrom&eacute;trico en cualquier tipo de material.<\/p>\n<hr \/>\n<h4>Descripci&oacute;n de los servicios que se ofrecen <!-- y tarifas --><\/h4>\n<p><span style=\"font-weight: 400\">Los l&aacute;seres pulsados con anchos de pulso entre los fs y los ns son herramientas &oacute;ptimas para procesar materiales con resoluciones micro y submicrom&eacute;tricas. El control de un tiempo de interacci&oacute;n corto, junto con una apropiada selecci&oacute;n de la longitud de onda a emplear seg&uacute;n el material y una estrategia de manipulaci&oacute;n y control adecuada del haz permiten minimizar la carga t&eacute;rmica empleada en la eliminaci&oacute;n del material, de forma que se consigan esas tolerancias extremas en fabricaci&oacute;n. Por otro lado, la infraestructura disponible in situ para la caracterizaci&oacute;n procesos (SEM, confocal, Raman, etc.), da un valor a&ntilde;adido al Servicio, al poder hacer un estudio detallado mediante diferentes t&eacute;cnicas del estado del material tras el procesado. Adem&aacute;s el Centro L&aacute;ser UPM no s&oacute;lo tiene m&aacute;s de 20 a&ntilde;os de experiencia en el desarrollo de este tipo de procesos, si no que especialista en el escalado del proceso para su integraci&oacute;n en l&iacute;neas de producci&oacute;n si as&iacute; se requiere.<\/span><br \/><!-- Recuerda que estas tarifas ser\u00e1n las oficiales aprobadas en Consejo de Direcci\u00f3n y Consejo Social. --><\/p>\n<hr \/>\n<h4>Necesidades demandadas y aplicaciones<\/h4>\n<p><span style=\"font-weight: 400\">En la actualidad la infraestructura disponible permite procesar y caracterizar todo tipo de materiales. Algunos ejemplos de los procesos que se realizan habitualmente son el procesado de l&aacute;mina delgada para aplicaciones en fotovoltaica y electr&oacute;nica (aislamiento, interconexi&oacute;n, ablaci&oacute;n selectiva, estructurado). Modificaci&oacute;n de superficies para su funcionalizaci&oacute;n (estructuras jer&aacute;rquicas para control de mojabilidad, control de rugosidad de superficies para aplicaciones biom&eacute;dicas), corte de materiales para la creaci&oacute;n de m&aacute;scaras para microscop&iacute;a y fotolitograf&iacute;a, fabricaci&oacute;n de canales para dispositivos microflu&iacute;dicos mediante ablaci&oacute;n l&aacute;ser, clivado l&aacute;ser de silicio, modificaci&oacute;n superficial mediante l&aacute;ser para control de propiedades &oacute;pticas, generaci&oacute;n de estructuras peri&oacute;dicas inducidas por l&aacute;ser con resoluci&oacute;n nanom&eacute;trica para control de luz etc.<\/span><\/p>\n<hr \/>\n<h4>Sector o &aacute;rea de aplicaci&oacute;n<\/h4>\n<p><span style=\"font-weight: 400\">Los procesos de Micro y Nanofabricaci&oacute;n con l&aacute;ser son imprescindibles en el desarrollo de nuevas tecnolog&iacute;as y dispositivos en cualquier campo industrial estrat&eacute;gico, desde la energ&iacute;a a la biomedicina pasando por la automaci&oacute;n, el sector aeroespacial o el textil entre otros. Adem&aacute;s estas t&eacute;cnicas encajan de forma &oacute;ptima en la filosof&iacute;a y metodolog&iacute;as de producci&oacute;n de los entornos industriales digitalizados (Industria 4.0), por lo que se espera un crecimiento importante en el uso de esta tecnolog&iacute;a en los pr&oacute;ximos a&ntilde;os.<\/span><\/p>\n<hr \/>\n<h4>Competencias diferenciales<\/h4>\n<p><span style=\"font-weight: 400\">El Centro L&aacute;ser UPM ha sido una referencia, incluso a nivel internacional, en el desarrollo de procesos de micro y nanofabricaci&oacute;n con l&aacute;ser. Especialmente destacada ha sido su contribuci&oacute;n en el desarrollo de procesos para la industria fotovoltaica y electr&oacute;nica flexible. Adem&aacute;s su pertenencia al Hub de Laboratorios Europeos Appolo HUB (www.appolohub.eu), le da una visi&oacute;n y experiencia &uacute;nica del desarrollo de esta tecnolog&iacute;a a nivel internacional.&nbsp; Este Hub, creado tras el proyecto FP7 Appolo, act&uacute;a como estructura de validaci&oacute;n de procesos l&aacute;ser basados en l&aacute;seres pulsados, ayudando a cubrir toda la cadena de valor de la tecnolog&iacute;a l&aacute;ser europea entre los fabricantes y suministradores de equipo y los usuarios industriales finales. <\/span><\/p>\n<hr \/>\n<h4>Referencias previas de prestaci&oacute;n<\/h4>\n<p>El Centro L&aacute;ser UPM ha venido prestando este Servicio de forma ininterrumpida desde su constituci&oacute;n en 1998, fundamentalmente bajo contratos v&iacute;a Art. 83 LOU a empresas privadas y a participantes en consorcios de grandes proyectos de colaboraci&oacute;n p&uacute;blico-privada, Ejemplos de empresas y Centros de Investigaci&oacute;n l&iacute;deres en sus sectores usuarias del servicio han sido, entre otras: Lucent Technologies, Abengoa Solar, Modrag&oacute;n Assembly, Power Alstom, Fagor Automation, Maier, Ecotecnia, T-Solar, Onyx Solar, Lasing, Biod, etc. Adem&aacute;s un n&uacute;mero relevante de Centros Tecnol&oacute;gicos, OPIs y Universidades han sido usuarias de la actividad de esta infraestructura, entre otras: ISCIII, Ciemat, UC3M, UB, UPC, URJC, UPC, etc. La experiencia del Centro L&aacute;ser UPM es &uacute;nica a nivel nacional, y viene avalada en el entorno europeo por su pertenencia al Hub de laboratorios Appolo (<a href=\"http:\/\/www.appolohub.eu\">www.appolohub.eu<\/a>) creado para atender las necesidades de la industria europea en el &aacute;mbito de la validaci&oacute;n de procesos l&aacute;ser basados en fuente ultrarr&aacute;pidas.<\/p>\n<hr \/>\n<h4>Descripci&oacute;n del equipamiento<\/h4>\n<p><span style=\"font-weight: 400\">En la actualidad el Servicio cuenta con fuentes l&aacute;seres pulsadas en fs con ancho de pulso programable a 1030 nm (EKSPLA Femtolux 30), ps a 355nm, 532 nm y 1064 nm (LUMERA Super Rapid y Spectra Physics Vanguard) as&iacute; como varias fuentes de ns a 355, 532 y 1064 nm (incluida una fuente de alta potencia en UV, de alta potencia en UV). Todos los l&aacute;seres est&aacute;n integrados en m&aacute;quinas o bancadas de proceso y se dispone de esc&aacute;neres, sistemas de control y conformado de haz y diferentes sistemas de enfoque para poder utilizar cualquier estrategia de irradiaci&oacute;n del material y simular condiciones de proceso en entornos productivos. El servicio dispone tambi&eacute;n de la instrumentaci&oacute;n necesaria para la caracterizaci&oacute;n de los procesos in situ, incluyendo Microscopio SEM Hitachi 3000N, Microscopio Confocal e Interferom&eacute;trico Leica DCM 3D y Microscopio Raman&nbsp; Renishaw In Via.<\/span><\/p>\n<hr \/>\n<h4>Solicitud del servicio<\/h4>\n<p>El servicio se solicitar&aacute; mediante correo al e-mail general del Centro: <a href=\"mailto:<span rel=\"6e31243096310d31b3313031a831333162313331b6312b31a8313b3172311f31a33127316c310f31b231\" class=\"cryptex \" style=\"\"><span class=\"CryptexImg ctxHdmL3p1NKxC2Yd1evII0vthfc2QCzL8muSgyyOT_AAM\"><\/span><\/span>\"><span rel=\"6e31243096310d31b3313031a831333162313331b6312b31a8313b3172311f31a33127316c310f31b231\" class=\"cryptex \" style=\"\"><span class=\"CryptexImg ctxHdmL3p1NKxC2Yd1evII0vthfc2QCzL8muSgyyOT_AAM\"><\/span><\/span><\/a> o a su Jefa de Administraci&oacute;n: <a href=\"mailto:<span rel=\"6e31243094311631a6311630a83139319d31413195312d31b331363160310f31a631\" class=\"cryptex \" style=\"\"><span class=\"CryptexImg ctx6ajBfxh7k4W2VjoZL5OX-9Tu7YHw38_EY476tt1Nnog\"><\/span><\/span>\"><span rel=\"6e31243094311631a6311630a83139319d31413195312d31b331363160310f31a631\" class=\"cryptex \" style=\"\"><span class=\"CryptexImg ctx6ajBfxh7k4W2VjoZL5OX-9Tu7YHw38_EY476tt1Nnog\"><\/span><\/span><\/a> . En su defecto cualquier aclaraci&oacute;n se puede solicitar a cualquiera de los miembros de la Direcci&oacute;n que se pueden encontrar en la p&aacute;gina web del Centro: <a href=\"http:\/\/www.upmlaser.upm.es\">www.upmlaser.upm.es<\/a>.<\/p>\n<p>El correo debe contener, en una primera toma de contacto, informaci&oacute;n detallada de:<\/p>\n<ul>\n<li>Datos de contacto del peticionario<\/li>\n<li>Materiales a tratar<\/li>\n<li>Tipo de proceso a desarrollar<\/li>\n<li>Velocidades y tolerancias de proceso a obtener<\/li>\n<li>Tipo de caracterizaci&oacute;n requerida<\/li>\n<\/ul>\n<p>Con esta informaci&oacute;n, los responsables del Centro L&aacute;ser se pondr&aacute;n en contacto con el solicitante para obtener todos los detalles posibles que permitan la emisi&oacute;n de un presupuesto formal que, previa aceptaci&oacute;n del solicitante, llevar&iacute;a a la ejecuci&oacute;n del trabajo bajo uno de los formatos de contrataci&oacute;n previstos por la UPM.<\/p>\n<div class=\"pdfprnt-buttons pdfprnt-buttons-product pdfprnt-bottom-left\"><a href=\"https:\/\/www.upm.es\/recursosidi\/wp-json\/wp\/v2\/product\/10576?print=pdf\" class=\"pdfprnt-button pdfprnt-button-pdf\" target=\"_blank\"><span class=\"pdfprnt-button-title pdfprnt-button-pdf-title\">Descargar ficha<\/span><\/a><\/div>","protected":false},"excerpt":{"rendered":"<p>El servicio de Micro y Nanofabricaci\u00f3n con l\u00e1ser cuenta con todo el equipamiento necesario para el estudio, parametrizaci\u00f3n y ejecuci\u00f3n de procesos l\u00e1ser con tolerancias dimensionales en el rango micro y submicrom\u00e9trico en cualquier tipo de material.<\/p>\n","protected":false},"featured_media":10574,"template":"","meta":{"_acf_changed":false},"product_cat":[2395],"product_tag":[4381,4379,2929,4383,4380,4382,2931],"comunidades-upm":[],"quien":[],"mapa":[{"term_id":135,"name":"Industria, materiales y econom\u00eda circular","slug":"industria-materiales-economia_circular","term_group":0,"term_taxonomy_id":135,"taxonomy":"mapa","description":"","parent":0,"count":165,"filter":"raw","term_order":"13"},{"term_id":122,"name":"Salud y bienestar","slug":"salud-y-bienestar","term_group":0,"term_taxonomy_id":122,"taxonomy":"mapa","description":"","parent":0,"count":105,"filter":"raw","term_order":"17"}],"disponibilidad":[{"term_id":205,"name":"Consultar disponibilidad","slug":"consultar","term_group":0,"term_taxonomy_id":205,"taxonomy":"disponibilidad","description":"","parent":0,"count":290,"filter":"raw","term_order":"0"}],"donde":[{"term_id":1856,"name":"Advanced Manufacture with Lasers","slug":"en_advanced-manufacture-with-lasers","term_group":0,"term_taxonomy_id":1856,"taxonomy":"donde","description":"","parent":0,"count":3,"filter":"raw","term_order":"0"},{"term_id":248,"name":"Centro L\u00e1ser","slug":"centro-laser","term_group":0,"term_taxonomy_id":248,"taxonomy":"donde","description":"","parent":0,"count":10,"filter":"raw","term_order":"0"},{"term_id":1472,"name":"Laser Centre","slug":"en_laser-centre","term_group":0,"term_taxonomy_id":1472,"taxonomy":"donde","description":"","parent":0,"count":5,"filter":"raw","term_order":"0"},{"term_id":634,"name":"Manufactura Avanzada con L\u00e1ser","slug":"manufactura-avanzada-con-laser","term_group":0,"term_taxonomy_id":634,"taxonomy":"donde","description":"","parent":0,"count":6,"filter":"raw","term_order":"0"}],"infraestructura":[],"ods":[{"term_id":2239,"name":"Ciudades y Comunidades Sostenibles","slug":"ciudades-y-comunidades-sostenibles","term_group":0,"term_taxonomy_id":2239,"taxonomy":"ods","description":"","parent":0,"count":43,"filter":"raw","term_order":"0"},{"term_id":2255,"name":"Energ\u00eda Asequible y no Contaminante","slug":"energia-asequible-y-no-contaminante","term_group":0,"term_taxonomy_id":2255,"taxonomy":"ods","description":"","parent":0,"count":34,"filter":"raw","term_order":"0"},{"term_id":2247,"name":"Industria, Innovaci\u00f3n e Infraestructura","slug":"industria-innovacion-e-infraestructura","term_group":0,"term_taxonomy_id":2247,"taxonomy":"ods","description":"","parent":0,"count":171,"filter":"raw","term_order":"0"}],"origen":[{"term_id":196,"name":"Infraestructuras, Instalaci\u00f3n, Equipo","slug":"infraestructuras","term_group":0,"term_taxonomy_id":196,"taxonomy":"origen","description":"","parent":0,"count":180,"filter":"raw","term_order":"0"}],"familia_tax":false,"quien_tax":false,"donde_tax":false,"year":"2021-01-01","contacto":"Edificio Arboleda. Campus Sur\r\nUniversidad Polit\u00e9cnica de Madrid\r\nC\/ Alan Turing 1  \r\nMadrid 28031\r\nSPAIN\r\ncentro.laser@upm.es","telefono":"910678776","pagina_web":"https:\/\/www.upmlaser.upm.es\/","email":"carlos.molpeceres@upm.es","id_ficha_portal":"364","video":"","adjuntos":false,"adjuntos_portal":"","inf":false,"departamento":"","acf":[],"lang":"es","translation":{"es":10576,"en":10579},"_links":{"self":[{"href":"https:\/\/www.upm.es\/recursosidi\/wp-json\/wp\/v2\/product\/10576"}],"collection":[{"href":"https:\/\/www.upm.es\/recursosidi\/wp-json\/wp\/v2\/product"}],"about":[{"href":"https:\/\/www.upm.es\/recursosidi\/wp-json\/wp\/v2\/types\/product"}],"wp:featuredmedia":[{"embeddable":true,"href":"https:\/\/www.upm.es\/recursosidi\/wp-json\/wp\/v2\/media\/10574"}],"wp:attachment":[{"href":"https:\/\/www.upm.es\/recursosidi\/wp-json\/wp\/v2\/media?parent=10576"}],"wp:term":[{"taxonomy":"product_cat","embeddable":true,"href":"https:\/\/www.upm.es\/recursosidi\/wp-json\/wp\/v2\/product_cat?post=10576"},{"taxonomy":"product_tag","embeddable":true,"href":"https:\/\/www.upm.es\/recursosidi\/wp-json\/wp\/v2\/product_tag?post=10576"},{"taxonomy":"comunidad_upm","embeddable":true,"href":"https:\/\/www.upm.es\/recursosidi\/wp-json\/wp\/v2\/comunidades-upm?post=10576"},{"taxonomy":"quien","embeddable":true,"href":"https:\/\/www.upm.es\/recursosidi\/wp-json\/wp\/v2\/quien?post=10576"},{"taxonomy":"mapa","embeddable":true,"href":"https:\/\/www.upm.es\/recursosidi\/wp-json\/wp\/v2\/mapa?post=10576"},{"taxonomy":"disponibilidad","embeddable":true,"href":"https:\/\/www.upm.es\/recursosidi\/wp-json\/wp\/v2\/disponibilidad?post=10576"},{"taxonomy":"donde","embeddable":true,"href":"https:\/\/www.upm.es\/recursosidi\/wp-json\/wp\/v2\/donde?post=10576"},{"taxonomy":"infraestructura","embeddable":true,"href":"https:\/\/www.upm.es\/recursosidi\/wp-json\/wp\/v2\/infraestructura?post=10576"},{"taxonomy":"ods","embeddable":true,"href":"https:\/\/www.upm.es\/recursosidi\/wp-json\/wp\/v2\/ods?post=10576"},{"taxonomy":"origen","embeddable":true,"href":"https:\/\/www.upm.es\/recursosidi\/wp-json\/wp\/v2\/origen?post=10576"}],"curies":[{"name":"wp","href":"https:\/\/api.w.org\/{rel}","templated":true}]}}