{"id":10581,"date":"2022-07-27T12:50:14","date_gmt":"2022-07-27T10:50:14","guid":{"rendered":"https:\/\/www.upm.es\/recursosidi\/offers-resources\/sin categor\u00eda\/servicio-de-microscopia-electronica\/"},"modified":"2022-07-27T12:50:23","modified_gmt":"2022-07-27T10:50:23","slug":"servicio-de-microscopia-electronica","status":"publish","type":"product","link":"https:\/\/www.upm.es\/recursosidi\/offers-resources\/servicios-cientifico-tecnologico\/servicios-servicios-cientifico-tecnologico\/servicio-de-microscopia-electronica\/","title":{"rendered":"Servicio de microscopia electr\u00f3nica"},"content":{"rendered":"<h4>&nbsp;<\/h4>\n<h4>Servicio de microscopia electr&oacute;nica&nbsp;<!--  tarifado --><\/h4>\n<hr \/>\n<h4>Descripci&oacute;n de los servicios que se ofrecen <!-- y tarifas --><\/h4>\n<p>An&aacute;lisis de estructuras microm&eacute;tricas y nanom&eacute;tricas en muestras de varios tama&ntilde;os. Se pueden analizar muestras conductoras y aislantes. Para muestras aislantes se puede solicitar adicionalmente su recubrimiento met&aacute;lico. El servicio se podr&iacute;a usar individualmente previo entrenamiento con el equipo.<\/p>\n<hr \/>\n<h4>Necesidades demandadas y aplicaciones<\/h4>\n<p>An&aacute;lisis de estructuras nano- y microm&eacute;tricas tanto conductoras como aislantes.<\/p>\n<hr \/>\n<h4>Sector o &aacute;rea de aplicaci&oacute;n<\/h4>\n<p>Nanotecnolog&iacute;a, Microtecnolog&iacute;a.<\/p>\n<hr \/>\n<h4>Descripci&oacute;n del equipamiento<\/h4>\n<p>CEMDATIC, ETSI de Telecomunicaci&oacute;n<\/p>\n<p>Para dar este servico se emplea un microscopio electr&oacute;nico de barrido de sobremesa Zeiss EVO que permite:<br \/>detecc&oacute;n de electrones retrodispersados y secundarios; voltaje de aceleraci&oacute;n desde 0.02kV hasta 30kV variable de forma continua en pasos de 10V; distancia anal&iacute;tica de trabajo de 8.5mm; corrientes desde 0.5pA hasta 5 uA; base motorizada en 5 ejes: X, Y, Z, tilt hasta 90&deg; y rotaci&oacute;n en 360&deg;; c&aacute;mara de muestras de 310mm de di&aacute;metro interno y 220mm de altura;&nbsp; escanear im&aacute;genes de hasta 32k x 24k p&iacute;xel.<\/p>\n<hr \/>\n<h4>Solicitud del servicio<\/h4>\n<p>Solicitar servicio mediante correo electr&oacute;nico a <a href=\"mailto:<span rel=\"89313530a9312131b93130319b314031a5310d3186312731a63118316a313331ac31\" class=\"cryptex \" style=\"\"><span class=\"CryptexImg ctxD3_g1EakqqddraWQzcRvmeoUItjuq8N8Aah6hEuqXCs\"><\/span><\/span>\"><span rel=\"89313530a9312131b93130319b314031a5310d3186312731a63118316a313331ac31\" class=\"cryptex \" style=\"\"><span class=\"CryptexImg ctxD3_g1EakqqddraWQzcRvmeoUItjuq8N8Aah6hEuqXCs\"><\/span><\/span><\/a> indicando fechas preferentes y experiencia en el uso de microscopios electr&oacute;nicos de barrido.<\/p>\n<div class=\"pdfprnt-buttons pdfprnt-buttons-product pdfprnt-bottom-left\"><a href=\"https:\/\/www.upm.es\/recursosidi\/wp-json\/wp\/v2\/product\/10581?print=pdf\" class=\"pdfprnt-button pdfprnt-button-pdf\" target=\"_blank\"><span class=\"pdfprnt-button-title pdfprnt-button-pdf-title\">Descargar ficha<\/span><\/a><\/div>","protected":false},"excerpt":{"rendered":"<p>An\u00e1lisis estructural de muestras de tama\u00f1o variado. Se analizan tanto muestras conductoras como aislantes. El recubrimiento met\u00e1lico para muestras aislantes se puede solicitar adicionalmente.<\/p>\n","protected":false},"featured_media":10580,"template":"","meta":{"_acf_changed":false},"product_cat":[2395],"product_tag":[4487,2634],"comunidades-upm":[],"quien":[],"mapa":[{"term_id":2405,"name":"Ciencia para la ingenier\u00eda y la arquitectura","slug":"ciencia-para-ingenieria-y-arquitectura","term_group":0,"term_taxonomy_id":2405,"taxonomy":"mapa","description":"","parent":0,"count":127,"filter":"raw","term_order":"7"}],"disponibilidad":[{"term_id":204,"name":"Disponible","slug":"disponible","term_group":0,"term_taxonomy_id":204,"taxonomy":"disponibilidad","description":"","parent":0,"count":110,"filter":"raw","term_order":"0"}],"donde":[{"term_id":1812,"name":"Centre of Advanced Materials and Devices for Information and Communications Technology (CEMDATIC)","slug":"en_centre-of-advanced-materials-and-devices-for-information-and-communications-technology-cemdatic","term_group":0,"term_taxonomy_id":1812,"taxonomy":"donde","description":"","parent":0,"count":4,"filter":"raw","term_order":"0"},{"term_id":590,"name":"Centro de Materiales y Dispositivos Avanzados para Tecnolog\u00edas de Informaci\u00f3n y Comunicaciones (CEMDATIC)","slug":"centro-de-materiales-y-dispositivos-avanzados-para-tecnologias-de-informacion-y-comunicaciones-cemdatic","term_group":0,"term_taxonomy_id":590,"taxonomy":"donde","description":"","parent":0,"count":20,"filter":"raw","term_order":"0"}],"infraestructura":[],"ods":[{"term_id":2247,"name":"Industria, Innovaci\u00f3n e Infraestructura","slug":"industria-innovacion-e-infraestructura","term_group":0,"term_taxonomy_id":2247,"taxonomy":"ods","description":"","parent":0,"count":171,"filter":"raw","term_order":"0"}],"origen":[{"term_id":196,"name":"Infraestructuras, Instalaci\u00f3n, Equipo","slug":"infraestructuras","term_group":0,"term_taxonomy_id":196,"taxonomy":"origen","description":"","parent":0,"count":180,"filter":"raw","term_order":"0"}],"familia_tax":false,"quien_tax":false,"donde_tax":false,"year":"2021-01-01","contacto":"Avda. Complutense 30,\r\nCemdatic, ETSIT, Edificio A","telefono":"910672367","pagina_web":"https:\/\/cemdatic.upm.es\/","email":"cemdatic@upm.es","id_ficha_portal":"412","video":"","adjuntos":false,"adjuntos_portal":"","inf":false,"departamento":"","acf":[],"lang":"es","translation":{"es":10581,"en":10583},"_links":{"self":[{"href":"https:\/\/www.upm.es\/recursosidi\/wp-json\/wp\/v2\/product\/10581"}],"collection":[{"href":"https:\/\/www.upm.es\/recursosidi\/wp-json\/wp\/v2\/product"}],"about":[{"href":"https:\/\/www.upm.es\/recursosidi\/wp-json\/wp\/v2\/types\/product"}],"wp:featuredmedia":[{"embeddable":true,"href":"https:\/\/www.upm.es\/recursosidi\/wp-json\/wp\/v2\/media\/10580"}],"wp:attachment":[{"href":"https:\/\/www.upm.es\/recursosidi\/wp-json\/wp\/v2\/media?parent=10581"}],"wp:term":[{"taxonomy":"product_cat","embeddable":true,"href":"https:\/\/www.upm.es\/recursosidi\/wp-json\/wp\/v2\/product_cat?post=10581"},{"taxonomy":"product_tag","embeddable":true,"href":"https:\/\/www.upm.es\/recursosidi\/wp-json\/wp\/v2\/product_tag?post=10581"},{"taxonomy":"comunidad_upm","embeddable":true,"href":"https:\/\/www.upm.es\/recursosidi\/wp-json\/wp\/v2\/comunidades-upm?post=10581"},{"taxonomy":"quien","embeddable":true,"href":"https:\/\/www.upm.es\/recursosidi\/wp-json\/wp\/v2\/quien?post=10581"},{"taxonomy":"mapa","embeddable":true,"href":"https:\/\/www.upm.es\/recursosidi\/wp-json\/wp\/v2\/mapa?post=10581"},{"taxonomy":"disponibilidad","embeddable":true,"href":"https:\/\/www.upm.es\/recursosidi\/wp-json\/wp\/v2\/disponibilidad?post=10581"},{"taxonomy":"donde","embeddable":true,"href":"https:\/\/www.upm.es\/recursosidi\/wp-json\/wp\/v2\/donde?post=10581"},{"taxonomy":"infraestructura","embeddable":true,"href":"https:\/\/www.upm.es\/recursosidi\/wp-json\/wp\/v2\/infraestructura?post=10581"},{"taxonomy":"ods","embeddable":true,"href":"https:\/\/www.upm.es\/recursosidi\/wp-json\/wp\/v2\/ods?post=10581"},{"taxonomy":"origen","embeddable":true,"href":"https:\/\/www.upm.es\/recursosidi\/wp-json\/wp\/v2\/origen?post=10581"}],"curies":[{"name":"wp","href":"https:\/\/api.w.org\/{rel}","templated":true}]}}