{"id":10598,"date":"2022-07-27T12:51:11","date_gmt":"2022-07-27T10:51:11","guid":{"rendered":"https:\/\/www.upm.es\/recursosidi\/offers-resources\/sin categor\u00eda\/servicio-de-pulido-de-obleas-u-otros-materiales\/"},"modified":"2022-07-27T12:51:57","modified_gmt":"2022-07-27T10:51:57","slug":"servicio-de-pulido-de-obleas-u-otros-materiales","status":"publish","type":"product","link":"https:\/\/www.upm.es\/recursosidi\/offers-resources\/servicios-cientifico-tecnologico\/servicios-servicios-cientifico-tecnologico\/servicio-de-pulido-de-obleas-u-otros-materiales\/","title":{"rendered":"Servicio de Pulido de Obleas u otros materiales"},"content":{"rendered":"<h4>Lijadora\/ Pulidora para Obleas y otros materiales usados en electr&oacute;nica<!--  tarifado --><\/h4>\n<p>La lijadora\/ pulidora de la ICTS del ISOM permite lijar o pulir distintos materiales usados en el ambito de la microelectr&oacute;nica. Cambiando el tipo de lija se pueden conseguir pulidos tipo espejo en Obleas y en cristales.&nbsp; Los pa&ntilde;os lijadores van desde decenas de micras a cientos de nan&oacute;metros.<\/p>\n<hr \/>\n<h4>Descripci&oacute;n de los servicios que se ofrecen<\/h4>\n<p>Se ofrecen dos tipos de servicios:<\/p>\n<p>&#8211; Pulido o lijado de muestras.&nbsp; El usuario env&iacute;a la muestra a pulir y el personal del ISOM realiza el pulido y analiza su rugosidad antes de dar la muestra al cliente.<\/p>\n<p>&nbsp;&#8211; Formaci&oacute;n necesaria para usar el equipo pulidor o lijador a&nbsp; cualquier tipo de usuario.&nbsp; Una vez recibida la formaci&oacute;n el usuario podr&iacute;a realizar el pulido de sus muestras.<!-- Recuerda que estas tarifas ser\u00e1n las oficiales aprobadas en Consejo de Direcci\u00f3n y Consejo Social. --><\/p>\n<hr \/>\n<h4>Necesidades demandadas y aplicaciones<\/h4>\n<p>Para muchas procesados en microelectr&oacute;nica se necesita una superficie muy pulida, tipo obleas donde despues se depositar&aacute; una fotoresina.&nbsp; Tamb&iacute;en el pulido es cr&iacute;tico en sistemas &oacute;pticos para poder reflejar adecuadamente un laser u otra fuente de luz.<\/p>\n<hr \/>\n<h4>Sector o &aacute;rea de aplicaci&oacute;n<\/h4>\n<p>Microelectr&oacute;nica, &oacute;ptica.<\/p>\n<hr \/>\n<h4>Competencias diferenciales<\/h4>\n<p>El personal del ISOM trabaja dentro de una Sala Blanca donde las condiciones de fabricaci&oacute;n son muy estrictas en part&iacute;culas de polvo e impurezas.&nbsp; Por otro lado el cuidado y la calidad en el pulido son de elevada calidad.<\/p>\n<hr \/>\n<h4>Referencias previas de prestaci&oacute;n<\/h4>\n<p>Este equipo se ha utilizado para el pulido de laseres y sistemas &oacute;pticos de la empresa MEDLUMICS.<\/p>\n<hr \/>\n<h4>D&oacute;nde se ubica<\/h4>\n<p>Se encuentra en el ISOM. E.T.S.I.Telecomunicaciones. Edificio C<\/p>\n<hr \/>\n<h4>Solicitud del servicio<\/h4>\n<h4>http:\/\/www.isom.upm.es\/protocolo-de-acceso\/<\/h4>\n<hr \/>\n<div class=\"pdfprnt-buttons pdfprnt-buttons-product pdfprnt-bottom-left\"><a href=\"https:\/\/www.upm.es\/recursosidi\/wp-json\/wp\/v2\/product\/10598?print=pdf\" class=\"pdfprnt-button pdfprnt-button-pdf\" target=\"_blank\"><span class=\"pdfprnt-button-title pdfprnt-button-pdf-title\">Descargar ficha<\/span><\/a><\/div>","protected":false},"excerpt":{"rendered":"<p>Servicio Cient\u00edfico-Tecnol\u00f3gico del ISOM enmarcado en el \u00e1rea de investigaci\u00f3n de t\u00e9cnicas de procesado<\/p>\n","protected":false},"featured_media":10596,"template":"","meta":{"_acf_changed":false},"product_cat":[2395],"product_tag":[4376,4377,2591],"comunidades-upm":[],"quien":[],"mapa":[{"term_id":2405,"name":"Ciencia para la ingenier\u00eda y la arquitectura","slug":"ciencia-para-ingenieria-y-arquitectura","term_group":0,"term_taxonomy_id":2405,"taxonomy":"mapa","description":"","parent":0,"count":127,"filter":"raw","term_order":"7"},{"term_id":135,"name":"Industria, materiales y econom\u00eda circular","slug":"industria-materiales-economia_circular","term_group":0,"term_taxonomy_id":135,"taxonomy":"mapa","description":"","parent":0,"count":165,"filter":"raw","term_order":"13"}],"disponibilidad":[{"term_id":204,"name":"Disponible","slug":"disponible","term_group":0,"term_taxonomy_id":204,"taxonomy":"disponibilidad","description":"","parent":0,"count":110,"filter":"raw","term_order":"0"}],"donde":[{"term_id":442,"name":"Grupo de Dispositivos Semiconductores del ISOM","slug":"grupo-de-dispositivos-semiconductores-del-isom","term_group":0,"term_taxonomy_id":442,"taxonomy":"donde","description":"L&iacute;neas de investigaci&oacute;n e innovaci&oacute;n:  \n\n<strong>OPTOELECTR&Oacute;NICA: <\/strong>L&aacute;seres. Matrices de nanoLEDs. Micro y nanocavidades. C&eacute;lulas solares. MOEMS.\n\n\n<strong>SISTEMAS CON SENSORES &Oacute;PTICOS: <\/strong>Fotodetecci&oacute;n de UV y VIS. Fotodetecci&oacute;n multiespectral en el IR. Sensores basados en heterouniones. Nanofot&oacute;nica integrada.\n\n\n<strong>MICROSISTEMAS Y NANOTECNOLOG&Iacute;A: <\/strong>Transistores HEMT. NanoFETs. Dispositivos de ondas ac&uacute;sticas. Micro\/nanosistemas electr&oacute;mec&aacute;nicos (MEMS y NEMS). Efectos plasm&oacute;nicos. Dispositivos &nbsp;de grafeno.\n\n\n<strong>SIMULACI&Oacute;N DE MATERIALES NO MET&Aacute;LICOS: <\/strong>Simulaci&oacute;n de materiales. Monte Carlo. Materiales nanoestructurados\n\n&nbsp;","parent":0,"count":28,"filter":"raw","term_order":"0"},{"term_id":244,"name":"Instituto Universitario de Sistemas Optoelectr\u00f3nicos y Microtecnolog\u00eda (ISOM)","slug":"instituto-universitario-de-sistemas-optoelectronicos-y-microtecnologia-isom","term_group":0,"term_taxonomy_id":244,"taxonomy":"donde","description":"","parent":0,"count":33,"filter":"raw","term_order":"0"},{"term_id":1666,"name":"ISOM Semiconductor Devices Group","slug":"en_isom-semiconductor-devices-group","term_group":0,"term_taxonomy_id":1666,"taxonomy":"donde","description":"L&iacute;neas de investigaci&oacute;n e innovaci&oacute;n:  \n\n<strong>OPTOELECTR&Oacute;NICA: <\/strong>L&aacute;seres. Matrices de nanoLEDs. Micro y nanocavidades. C&eacute;lulas solares. MOEMS.\n\n\n<strong>SISTEMAS CON SENSORES &Oacute;PTICOS: <\/strong>Fotodetecci&oacute;n de UV y VIS. Fotodetecci&oacute;n multiespectral en el IR. Sensores basados en heterouniones. Nanofot&oacute;nica integrada.\n\n\n<strong>MICROSISTEMAS Y NANOTECNOLOG&Iacute;A: <\/strong>Transistores HEMT. NanoFETs. Dispositivos de ondas ac&uacute;sticas. Micro\/nanosistemas electr&oacute;mec&aacute;nicos (MEMS y NEMS). Efectos plasm&oacute;nicos. Dispositivos &nbsp;de grafeno.\n\n\n<strong>SIMULACI&Oacute;N DE MATERIALES NO MET&Aacute;LICOS: <\/strong>Simulaci&oacute;n de materiales. Monte Carlo. Materiales nanoestructurados\n\n&nbsp;","parent":0,"count":28,"filter":"raw","term_order":"0"},{"term_id":1468,"name":"University Optoelectronics and Microtechnology Systems Institute","slug":"en_university-optoelectronics-and-microtechnology-systems-institute","term_group":0,"term_taxonomy_id":1468,"taxonomy":"donde","description":"","parent":0,"count":29,"filter":"raw","term_order":"0"}],"infraestructura":[],"ods":[{"term_id":2247,"name":"Industria, Innovaci\u00f3n e Infraestructura","slug":"industria-innovacion-e-infraestructura","term_group":0,"term_taxonomy_id":2247,"taxonomy":"ods","description":"","parent":0,"count":171,"filter":"raw","term_order":"0"}],"origen":[{"term_id":196,"name":"Infraestructuras, Instalaci\u00f3n, Equipo","slug":"infraestructuras","term_group":0,"term_taxonomy_id":196,"taxonomy":"origen","description":"","parent":0,"count":180,"filter":"raw","term_order":"0"}],"familia_tax":false,"quien_tax":false,"donde_tax":false,"year":"2015-01-01","contacto":"ISOM, Universidad Polit\u00e9cnica de Madrid, E.T.S.I. Telecomunicaci\u00f3n. Edificio L\u00f3pez Ara\u00fajo, Avenida Complu","telefono":"910672073","pagina_web":"http:\/\/www.isom.upm.es\/inicio\/","email":"miguel.montes@upm.es","id_ficha_portal":"154","video":"","adjuntos":false,"adjuntos_portal":"","inf":false,"departamento":"","acf":[],"lang":"es","translation":{"es":10598,"en":10607},"_links":{"self":[{"href":"https:\/\/www.upm.es\/recursosidi\/wp-json\/wp\/v2\/product\/10598"}],"collection":[{"href":"https:\/\/www.upm.es\/recursosidi\/wp-json\/wp\/v2\/product"}],"about":[{"href":"https:\/\/www.upm.es\/recursosidi\/wp-json\/wp\/v2\/types\/product"}],"wp:featuredmedia":[{"embeddable":true,"href":"https:\/\/www.upm.es\/recursosidi\/wp-json\/wp\/v2\/media\/10596"}],"wp:attachment":[{"href":"https:\/\/www.upm.es\/recursosidi\/wp-json\/wp\/v2\/media?parent=10598"}],"wp:term":[{"taxonomy":"product_cat","embeddable":true,"href":"https:\/\/www.upm.es\/recursosidi\/wp-json\/wp\/v2\/product_cat?post=10598"},{"taxonomy":"product_tag","embeddable":true,"href":"https:\/\/www.upm.es\/recursosidi\/wp-json\/wp\/v2\/product_tag?post=10598"},{"taxonomy":"comunidad_upm","embeddable":true,"href":"https:\/\/www.upm.es\/recursosidi\/wp-json\/wp\/v2\/comunidades-upm?post=10598"},{"taxonomy":"quien","embeddable":true,"href":"https:\/\/www.upm.es\/recursosidi\/wp-json\/wp\/v2\/quien?post=10598"},{"taxonomy":"mapa","embeddable":true,"href":"https:\/\/www.upm.es\/recursosidi\/wp-json\/wp\/v2\/mapa?post=10598"},{"taxonomy":"disponibilidad","embeddable":true,"href":"https:\/\/www.upm.es\/recursosidi\/wp-json\/wp\/v2\/disponibilidad?post=10598"},{"taxonomy":"donde","embeddable":true,"href":"https:\/\/www.upm.es\/recursosidi\/wp-json\/wp\/v2\/donde?post=10598"},{"taxonomy":"infraestructura","embeddable":true,"href":"https:\/\/www.upm.es\/recursosidi\/wp-json\/wp\/v2\/infraestructura?post=10598"},{"taxonomy":"ods","embeddable":true,"href":"https:\/\/www.upm.es\/recursosidi\/wp-json\/wp\/v2\/ods?post=10598"},{"taxonomy":"origen","embeddable":true,"href":"https:\/\/www.upm.es\/recursosidi\/wp-json\/wp\/v2\/origen?post=10598"}],"curies":[{"name":"wp","href":"https:\/\/api.w.org\/{rel}","templated":true}]}}