{"id":10607,"date":"2022-07-27T12:51:47","date_gmt":"2022-07-27T10:51:47","guid":{"rendered":"https:\/\/www.upm.es\/recursosidi\/offers-resources\/sin categor\u00eda\/wafer-and-other-materials-polishing-service\/"},"modified":"2022-07-27T12:51:56","modified_gmt":"2022-07-27T10:51:56","slug":"wafer-and-other-materials-polishing-service","status":"publish","type":"product","link":"https:\/\/www.upm.es\/recursosidi\/en\/offers-resources\/technological-scientific-services\/services-technological-scientific-services\/wafer-and-other-materials-polishing-service\/","title":{"rendered":"Wafer, and other materials, Polishing Service"},"content":{"rendered":"<h4>Sander\/Polisher for Wafers and other materials used in electronics<br \/>\n                <!--  tarifado --><br \/>\n            <\/h4>\n<p>The sander\/polisher at the ICTS in the ISOM can sand or polish various materials used in the field of microelectronics. By changing the type of sanding, mirror-type polishing can be achieved in Wafers and on glass. The polishing pads go from tens of micron to hundreds of nanometres.<\/p>\n<hr \/>\n<h4>Description of the services offered<\/h4>\n<p>Two types of service are offered:<\/p>\n<p>&#8211; Sample polishing or sanding. The user sends a sample to be polished and ISOM staff do the polishing and analyse its roughness before giving the sample to the client.<\/p>\n<p>&#8211; Training needed to use the polishing or sanding equipment for any kind of user. Once the training has been given, the user can polish their samples.<br \/>\n                <!-- Recuerda que estas tarifas ser\u00e1n las oficiales aprobadas en Consejo de Direcci\u00f3n y Consejo Social. -->\n            <\/p>\n<hr \/>\n<h4>Needs requested and applications<\/h4>\n<p>Many processes in microelectronics need a highly polished, wafer-type, surface which will be coated with a photoresist afterwards. Polishing is also critical in optical systems in order to reflect a laser, or other light source, properly.<\/p>\n<hr \/>\n<h4>Sector or area of application<\/h4>\n<p>Microelectronics, Optics.<\/p>\n<hr \/>\n<h4>Differential skills<\/h4>\n<p>ISOM staff work in a White Room where the production conditions are very strict when it comes to dust particles and impurities. Furthermore, the care taken and the quality of the polishing are of the highest quality.<\/p>\n<hr \/>\n<h4>Previous references for provision of services<\/h4>\n<p>The equipment has been used by the company MEDLUMICS to polish lasers and optical systems.<\/p>\n<hr \/>\n<h4>Where it is<\/h4>\n<p>In the ISOM. HTSE for Telecommunications Edificio C<\/p>\n<hr \/>\n<h4>Request for service<\/h4>\n<h4>http:\/\/www.isom.upm.es\/protocolo-de-acceso\/<\/h4>\n<hr \/>\n<div class=\"pdfprnt-buttons pdfprnt-buttons-product pdfprnt-bottom-left\"><a href=\"https:\/\/www.upm.es\/recursosidi\/wp-json\/wp\/v2\/product\/10607?print=pdf\" class=\"pdfprnt-button pdfprnt-button-pdf\" target=\"_blank\"><span class=\"pdfprnt-button-title pdfprnt-button-pdf-title\">Descargar ficha<\/span><\/a><\/div>","protected":false},"excerpt":{"rendered":"<p>ISOM Science and Technology Service within the framework of the field of processing techniques research<\/p>\n","protected":false},"featured_media":10605,"template":"","meta":{"_acf_changed":false},"product_cat":[2403],"product_tag":[7923,7784,7921],"comunidades-upm":[],"quien":[],"mapa":[{"term_id":75,"name":"Industry, Materials and Circular Economy","slug":"industry-materials-circular_economy","term_group":0,"term_taxonomy_id":75,"taxonomy":"mapa","description":"","parent":0,"count":87,"filter":"raw","term_order":"14"},{"term_id":2407,"name":"Science For Engineering and Architecture","slug":"science-for-engineering-and-architecture","term_group":0,"term_taxonomy_id":2407,"taxonomy":"mapa","description":"","parent":0,"count":34,"filter":"raw","term_order":"8"}],"disponibilidad":[{"term_id":204,"name":"Disponible","slug":"disponible","term_group":0,"term_taxonomy_id":204,"taxonomy":"disponibilidad","description":"","parent":0,"count":110,"filter":"raw","term_order":"0"}],"donde":[{"term_id":442,"name":"Grupo de Dispositivos Semiconductores del ISOM","slug":"grupo-de-dispositivos-semiconductores-del-isom","term_group":0,"term_taxonomy_id":442,"taxonomy":"donde","description":"L&iacute;neas de investigaci&oacute;n e innovaci&oacute;n:  \n\n<strong>OPTOELECTR&Oacute;NICA: <\/strong>L&aacute;seres. Matrices de nanoLEDs. Micro y nanocavidades. C&eacute;lulas solares. MOEMS.\n\n\n<strong>SISTEMAS CON SENSORES &Oacute;PTICOS: <\/strong>Fotodetecci&oacute;n de UV y VIS. Fotodetecci&oacute;n multiespectral en el IR. Sensores basados en heterouniones. Nanofot&oacute;nica integrada.\n\n\n<strong>MICROSISTEMAS Y NANOTECNOLOG&Iacute;A: <\/strong>Transistores HEMT. NanoFETs. Dispositivos de ondas ac&uacute;sticas. Micro\/nanosistemas electr&oacute;mec&aacute;nicos (MEMS y NEMS). Efectos plasm&oacute;nicos. Dispositivos &nbsp;de grafeno.\n\n\n<strong>SIMULACI&Oacute;N DE MATERIALES NO MET&Aacute;LICOS: <\/strong>Simulaci&oacute;n de materiales. Monte Carlo. Materiales nanoestructurados\n\n&nbsp;","parent":0,"count":28,"filter":"raw","term_order":"0"},{"term_id":244,"name":"Instituto Universitario de Sistemas Optoelectr\u00f3nicos y Microtecnolog\u00eda (ISOM)","slug":"instituto-universitario-de-sistemas-optoelectronicos-y-microtecnologia-isom","term_group":0,"term_taxonomy_id":244,"taxonomy":"donde","description":"","parent":0,"count":33,"filter":"raw","term_order":"0"},{"term_id":1666,"name":"ISOM Semiconductor Devices Group","slug":"en_isom-semiconductor-devices-group","term_group":0,"term_taxonomy_id":1666,"taxonomy":"donde","description":"L&iacute;neas de investigaci&oacute;n e innovaci&oacute;n:  \n\n<strong>OPTOELECTR&Oacute;NICA: <\/strong>L&aacute;seres. Matrices de nanoLEDs. Micro y nanocavidades. C&eacute;lulas solares. MOEMS.\n\n\n<strong>SISTEMAS CON SENSORES &Oacute;PTICOS: <\/strong>Fotodetecci&oacute;n de UV y VIS. Fotodetecci&oacute;n multiespectral en el IR. Sensores basados en heterouniones. Nanofot&oacute;nica integrada.\n\n\n<strong>MICROSISTEMAS Y NANOTECNOLOG&Iacute;A: <\/strong>Transistores HEMT. NanoFETs. Dispositivos de ondas ac&uacute;sticas. Micro\/nanosistemas electr&oacute;mec&aacute;nicos (MEMS y NEMS). Efectos plasm&oacute;nicos. Dispositivos &nbsp;de grafeno.\n\n\n<strong>SIMULACI&Oacute;N DE MATERIALES NO MET&Aacute;LICOS: <\/strong>Simulaci&oacute;n de materiales. Monte Carlo. Materiales nanoestructurados\n\n&nbsp;","parent":0,"count":28,"filter":"raw","term_order":"0"},{"term_id":1468,"name":"University Optoelectronics and Microtechnology Systems Institute","slug":"en_university-optoelectronics-and-microtechnology-systems-institute","term_group":0,"term_taxonomy_id":1468,"taxonomy":"donde","description":"","parent":0,"count":29,"filter":"raw","term_order":"0"}],"infraestructura":[],"ods":[{"term_id":2249,"name":"Industry, Innovation and Infrastructure","slug":"industry-innovation-and-infrastructure","term_group":0,"term_taxonomy_id":2249,"taxonomy":"ods","description":"","parent":0,"count":129,"filter":"raw","term_order":"0"}],"origen":[{"term_id":196,"name":"Infraestructuras, Instalaci\u00f3n, Equipo","slug":"infraestructuras","term_group":0,"term_taxonomy_id":196,"taxonomy":"origen","description":"","parent":0,"count":180,"filter":"raw","term_order":"0"}],"familia_tax":false,"quien_tax":false,"donde_tax":false,"year":"2015-01-01","contacto":"ISOM, Universidad Polit\u00e9cnica de Madrid, E.T.S.I. Telecomunicaci\u00f3n. Edificio L\u00f3pez Ara\u00fajo, Avenida Complu","telefono":"910672073","pagina_web":"http:\/\/www.isom.upm.es\/inicio\/","email":"miguel.montes@upm.es","id_ficha_portal":"154","video":"","adjuntos":false,"adjuntos_portal":"","inf":false,"departamento":"","acf":[],"lang":"en","translation":{"en":10607,"es":10598},"_links":{"self":[{"href":"https:\/\/www.upm.es\/recursosidi\/wp-json\/wp\/v2\/product\/10607"}],"collection":[{"href":"https:\/\/www.upm.es\/recursosidi\/wp-json\/wp\/v2\/product"}],"about":[{"href":"https:\/\/www.upm.es\/recursosidi\/wp-json\/wp\/v2\/types\/product"}],"wp:featuredmedia":[{"embeddable":true,"href":"https:\/\/www.upm.es\/recursosidi\/wp-json\/wp\/v2\/media\/10605"}],"wp:attachment":[{"href":"https:\/\/www.upm.es\/recursosidi\/wp-json\/wp\/v2\/media?parent=10607"}],"wp:term":[{"taxonomy":"product_cat","embeddable":true,"href":"https:\/\/www.upm.es\/recursosidi\/wp-json\/wp\/v2\/product_cat?post=10607"},{"taxonomy":"product_tag","embeddable":true,"href":"https:\/\/www.upm.es\/recursosidi\/wp-json\/wp\/v2\/product_tag?post=10607"},{"taxonomy":"comunidad_upm","embeddable":true,"href":"https:\/\/www.upm.es\/recursosidi\/wp-json\/wp\/v2\/comunidades-upm?post=10607"},{"taxonomy":"quien","embeddable":true,"href":"https:\/\/www.upm.es\/recursosidi\/wp-json\/wp\/v2\/quien?post=10607"},{"taxonomy":"mapa","embeddable":true,"href":"https:\/\/www.upm.es\/recursosidi\/wp-json\/wp\/v2\/mapa?post=10607"},{"taxonomy":"disponibilidad","embeddable":true,"href":"https:\/\/www.upm.es\/recursosidi\/wp-json\/wp\/v2\/disponibilidad?post=10607"},{"taxonomy":"donde","embeddable":true,"href":"https:\/\/www.upm.es\/recursosidi\/wp-json\/wp\/v2\/donde?post=10607"},{"taxonomy":"infraestructura","embeddable":true,"href":"https:\/\/www.upm.es\/recursosidi\/wp-json\/wp\/v2\/infraestructura?post=10607"},{"taxonomy":"ods","embeddable":true,"href":"https:\/\/www.upm.es\/recursosidi\/wp-json\/wp\/v2\/ods?post=10607"},{"taxonomy":"origen","embeddable":true,"href":"https:\/\/www.upm.es\/recursosidi\/wp-json\/wp\/v2\/origen?post=10607"}],"curies":[{"name":"wp","href":"https:\/\/api.w.org\/{rel}","templated":true}]}}