{"id":10629,"date":"2022-07-27T12:54:15","date_gmt":"2022-07-27T10:54:15","guid":{"rendered":"https:\/\/www.upm.es\/recursosidi\/offers-resources\/sin categor\u00eda\/remote-sensing-and-cover-crops\/"},"modified":"2022-07-27T12:54:17","modified_gmt":"2022-07-27T10:54:17","slug":"remote-sensing-and-cover-crops","status":"publish","type":"product","link":"https:\/\/www.upm.es\/recursosidi\/en\/offers-resources\/technological-scientific-services\/services-technological-scientific-services\/remote-sensing-and-cover-crops\/","title":{"rendered":"REMOTE SENSING AND COVER CROPS"},"content":{"rendered":"<h2 style='text-align: justify'>Remote sending and cover crops to increase nitrogen use efficiency in herbaceous crops<\/h2>\n<hr \/>\n<h4 style='text-align: justify'>Description of the services offered<br \/>\n                <!-- y tarifas --><br \/>\n            <\/h4>\n<ol style='text-align: justify'>\n<li>Use of remote sensors to adjust the dosage of nitrogen fertilisers<\/li>\n<li>\n                    <em \/>Calculating indices of the crop\u00bfs nutritional status<\/li>\n<li>\n                    <em \/>Use of cover crops to decrease nitrate leaching and increase the NUE (nitrogen use efficiency)<\/li>\n<\/ol>\n<hr \/>\n<h4 style='text-align: justify'>Needs requested and applications<\/h4>\n<p style='text-align: justify'>The agricultural industry\u00bfs adaptation to the European Green Deal compels improvement to efficiency in the use of resources in agricultural systems over the next decade (2030). At the AgSystems Research Group we do specialist reports and consultancy on the efficient use of resources in crops and we help in designing and reviewing industrial research studies aimed at constructing innovative solutions. We provide facilities, equipment and human resources to carry out product studies and testing, and always seek the best way to protect the research results.<\/p>\n<hr \/>\n<h4 style='text-align: justify'>Sector or area of application<\/h4>\n<p style='text-align: justify'>Nitrogen and phosphate fertiliser companies, remote sensing<\/p>\n<hr \/>\n<h4 style='text-align: justify'>Differential skills<\/h4>\n<p style='text-align: justify'>The Agricultural Systems Group (AgSystems) consists of 9 doctorate researchers, 3 trainee researchers and 1 technicians and is led by the Senior Lecturer, Miguel Quemada. The services are carried out by specific staff who are highly qualified, technically and in research, in data processing, the use of hyperspectral and thermal sensors to detect hydric and nutritional stress in crops, geographical information systems (QGIS and ARCGIS) and image analysis, ensuring the high quality of the services offered by the group.<\/p>\n<p style='text-align: justify'>Visit the group&#8217;s web site: <a href='https:\/\/ceigram.upm.es\/grupos-de-investigacion\/grupo-sistemas-agrarios\/'>https:\/\/ceigram.upm.es\/grupos-de-investigacion\/grupo-sistemas-agrarios\/.<\/a>\n            <\/p>\n<hr \/>\n<h4 style='text-align: justify'>Previous references for provision of services<\/h4>\n<p style='text-align: justify'>Over the past 5 years, the group has taken part in 21 projects with companies, foundations and associations in the fertiliser, seed and horticulture industry, associations of producers and agricultural insurance, and directed 4 Spanish projects and 5 international projects (<a href='https:\/\/www.solace-eu.net\/'>SolACE<\/a>, <a href='http:\/\/www.inms.international\/'>Towards INMS<\/a>, <a href='http:\/\/www.ceigram.upm.es\/blog\/2019\/02\/07\/climate-kic-journey-2019\/'>Climate-KIC<\/a>, <a href='https:\/\/macsur.eu\/'>MACSUR2<\/a>, <a href='https:\/\/cordis.europa.eu\/project\/id\/727284\/es'>DIVERSify<\/a>) and taken part in two regional projects (<a href='https:\/\/www.agrisost.org\/'>AGRISOST<\/a>) using the technology set out in this offer.<\/p>\n<p style='text-align: justify'>\n                <strong>Enterprises the group has worked with: <\/strong>Symborg S.L.U\u00bf Eurochem Agro Iberia S.L.; Syngenta; Agroseguro; Fundaci\u00f3n Intermon Oxfam; Uni\u00f3n de Peque\u00f1os Agricultores (UPA); Hisp\u00e1nica del Led S.L<strong \/>\n            <\/p>\n<p style='text-align: justify'>\n                <strong>Collaborating public research centres: <\/strong>INIA, Environmental Sciences Centre-CSIC, IFAPA Centre (Andalusia Government), CSIC, U. Rey Juan Carlos and CIEMAT<\/p>\n<hr \/>\n<h4 style='text-align: justify'>Equipment description<\/h4>\n<p style='text-align: justify'>\n                <strong>Agricultural Systems Equipment (GI-AgSystems) <\/strong><br \/>\n                <strong>to detect hydric and nutritional stress<\/strong>: Set of equipment for measuring physiological parameters in crops, the environment and the soil, of which the following are noteworthy: Field spectroradiometer, 330-1100 nm SVC range, for acquiring spectra in leaves, soil and minerals, FLIR thermographic camera, multi-spectral camera (Tetracam), FDR soil moisture sensor (40) for taking measurements in up to 12 places (including data recorders and solar panels), portable FDR (Diviner) soil moisture sensor for acquiring measurements up to 1m, portable equipment for measuring NDVI (Greenseeker), chlorophyll activity (SPAD), anthocyanins and nitrogen balance index (Dualex), and HOBO field rain gauges.<\/p>\n<hr \/>\n<h4 style='text-align: justify'>Request for service<\/h4>\n<p style='text-align: justify'>A <strong>request <\/strong>for service can be made by contacting the science officer <strong>Dr.<em \/><br \/>\n                <\/strong><\/p>\n<p>                <strong>Miguel Quemada S\u00e1enz-Badillos <\/strong>via the e-mail <a href='mailto:<span rel=\"77313930c6311e319a311f31993132317d313431c5313131bc3118319f312f3173314231b43115315e312331ca31\" class=\"cryptex \" style=\"\"><span class=\"CryptexImg ctx32qjkEoQFtvOfLIvgr2QWS9u8-MMPIq8YejW04ginFY\"><\/span><\/span>'><span rel=\"77313930c6311e319a311f31993132317d313431c5313131bc3118319f312f3173314231b43115315e312331ca31\" class=\"cryptex \" style=\"\"><span class=\"CryptexImg ctx32qjkEoQFtvOfLIvgr2QWS9u8-MMPIq8YejW04ginFY\"><\/span><\/span><\/a> or the CEIGRAM Research and Innovation Management Team, via the e-mail <a href='mailto:<span rel=\"77313930bc311a319c311131a6312731bc310f30b5314031c23120319c312f3195310d31b93118319d311430bc313731\" class=\"cryptex \" style=\"\"><span class=\"CryptexImg ctxjA_b4RpR5RVqPON0xMCFZ_W3TXTESC8a_r71oHVn5LI\"><\/span><\/span>'><span rel=\"77313930bc311a319c311131a6312731bc310f30b5314031c23120319c312f3195310d31b93118319d311430bc313731\" class=\"cryptex \" style=\"\"><span class=\"CryptexImg ctxjA_b4RpR5RVqPON0xMCFZ_W3TXTESC8a_r71oHVn5LI\"><\/span><\/span><\/a>\n            <\/p>\n<hr \/>\n<div class=\"pdfprnt-buttons pdfprnt-buttons-product pdfprnt-bottom-left\"><a href=\"https:\/\/www.upm.es\/recursosidi\/wp-json\/wp\/v2\/product\/10629?print=pdf\" class=\"pdfprnt-button pdfprnt-button-pdf\" target=\"_blank\"><span class=\"pdfprnt-button-title pdfprnt-button-pdf-title\">Descargar ficha<\/span><\/a><\/div>","protected":false},"excerpt":{"rendered":"<p>Technology enabling increased nitrogen use efficiency in herbaceous crops, specifically by using remote sensing that enables adjustment of the fertiliser (N) dosage and its use efficiency, and the use of cover crops in irrigation systems to be improved.<\/p>\n","protected":false},"featured_media":10628,"template":"","meta":{"_acf_changed":false},"product_cat":[2403],"product_tag":[7943,7941,7951,7953,7957,7939,7949,7955,7947,7945],"comunidades-upm":[],"quien":[],"mapa":[{"term_id":77,"name":"Agriculture, Forestry, Natural Resources, Land Use and Blue Growth","slug":"agriculture-forestry-natural_resources-land-use-blue_growth","term_group":0,"term_taxonomy_id":77,"taxonomy":"mapa","description":"","parent":0,"count":20,"filter":"raw","term_order":"1"},{"term_id":37,"name":"Digital Technologies, Artificial Intelligence, Cybersecurity, 5G, Robotics","slug":"digital_technologies-ai-cybersecurity-5g-robotics","term_group":0,"term_taxonomy_id":37,"taxonomy":"mapa","description":"","parent":0,"count":83,"filter":"raw","term_order":"24"},{"term_id":40,"name":"Space and Earth Observation","slug":"space_earth_observation","term_group":0,"term_taxonomy_id":40,"taxonomy":"mapa","description":"","parent":0,"count":10,"filter":"raw","term_order":"11"}],"disponibilidad":[{"term_id":204,"name":"Disponible","slug":"disponible","term_group":0,"term_taxonomy_id":204,"taxonomy":"disponibilidad","description":"","parent":0,"count":110,"filter":"raw","term_order":"0"}],"donde":[{"term_id":1782,"name":"Agricultural Environmental Risk Management Research and Study Centre (CEIGRAM). Joint UPM-ENESA-AGROSEGURO Centre","slug":"en_agricultural-environmental-risk-management-research-and-study-centre-ceigram-joint-upm-enesa-agroseguro-centre","term_group":0,"term_taxonomy_id":1782,"taxonomy":"donde","description":"","parent":0,"count":9,"filter":"raw","term_order":"0"},{"term_id":1556,"name":"Agricultural Systems Group (AgSystems)","slug":"en_agricultural-systems-group-agsystems","term_group":0,"term_taxonomy_id":1556,"taxonomy":"donde","description":"Nuestra investigaci&oacute;n se centra en el estudio de sistemas agrarios y de cultivo y su relaci&oacute;n con el medio ambiente. El objetivo final es el dise&ntilde;o de estrategias o alternativas que permitan mantener la sostenibilidad de los sistemas de cultivo en las condiciones actuales y futuras. Para ello, nuestro grupo realiza proyectos de investigaci&oacute;n basados en ensayos de campo y en la utilizaci&oacute;n de modelos de simulaci&oacute;n matem&aacute;tica. \n&nbsp;\nLas principales <strong>l&iacute;neas de investigaci&oacute;n<\/strong> son:\n&nbsp;\n\nManejo de agua y nitr&oacute;geno en sistemas agrarios\nImpacto y adaptaciones al cambio y a la variabilidad clim&aacute;tica en sistemas de cultivo. Incertidumbres asociadas.\nModelizaci&oacute;n de sistemas agrarios\n","parent":0,"count":7,"filter":"raw","term_order":"0"},{"term_id":558,"name":"Centro de Estudios e Investigaci\u00f3n para la Gesti\u00f3n de Riesgos Agrarios y Medioambientales (CEIGRAM). Centro Mixto UPM-AGROSEGURO-ENESA","slug":"centro-de-estudios-e-investigacion-para-la-gestion-de-riesgos-agrarios-y-medioambientales-ceigram-centro-mixto-upm-agroseguro-enesa","term_group":0,"term_taxonomy_id":558,"taxonomy":"donde","description":"","parent":0,"count":12,"filter":"raw","term_order":"0"},{"term_id":332,"name":"Grupo de Sistemas Agrarios (AgSystems)","slug":"grupo-de-sistemas-agrarios-agsystems","term_group":0,"term_taxonomy_id":332,"taxonomy":"donde","description":"Nuestra investigaci&oacute;n se centra en el estudio de sistemas agrarios y de cultivo y su relaci&oacute;n con el medio ambiente. El objetivo final es el dise&ntilde;o de estrategias o alternativas que permitan mantener la sostenibilidad de los sistemas de cultivo en las condiciones actuales y futuras. Para ello, nuestro grupo realiza proyectos de investigaci&oacute;n basados en ensayos de campo y en la utilizaci&oacute;n de modelos de simulaci&oacute;n matem&aacute;tica. \n&nbsp;\nLas principales <strong>l&iacute;neas de investigaci&oacute;n<\/strong> son:\n&nbsp;\n\nManejo de agua y nitr&oacute;geno en sistemas agrarios\nImpacto y adaptaciones al cambio y a la variabilidad clim&aacute;tica en sistemas de cultivo. Incertidumbres asociadas.\nModelizaci&oacute;n de sistemas agrarios\n","parent":0,"count":9,"filter":"raw","term_order":"0"}],"infraestructura":[],"ods":[{"term_id":2233,"name":"Climate Action","slug":"climate-action","term_group":0,"term_taxonomy_id":2233,"taxonomy":"ods","description":"","parent":0,"count":64,"filter":"raw","term_order":"0"},{"term_id":2237,"name":"Responsible Consumption and Production","slug":"responsible-consumption-and-production","term_group":0,"term_taxonomy_id":2237,"taxonomy":"ods","description":"","parent":0,"count":15,"filter":"raw","term_order":"0"}],"origen":[{"term_id":196,"name":"Infraestructuras, Instalaci\u00f3n, Equipo","slug":"infraestructuras","term_group":0,"term_taxonomy_id":196,"taxonomy":"origen","description":"","parent":0,"count":180,"filter":"raw","term_order":"0"}],"familia_tax":false,"quien_tax":false,"donde_tax":false,"year":"2015-01-01","contacto":"CEIGRAM C\/ Senda del Rey 13 Campus Sur de pr\u00e1cticas E.T.S. de Ingenier\u00eda Agron\u00f3mica, Alimentaria y de Biosistemas. Madrid 28040, Espa\u00f1a.","telefono":"910671079","pagina_web":"https:\/\/ceigram.upm.es\/oferta\/teledeteccion-y-cultivos-cubierta\/","email":"miguel.quemada@upm.es","id_ficha_portal":"319","video":"","adjuntos":false,"adjuntos_portal":"","inf":false,"departamento":"","acf":[],"lang":"en","translation":{"en":10629,"es":10627},"_links":{"self":[{"href":"https:\/\/www.upm.es\/recursosidi\/wp-json\/wp\/v2\/product\/10629"}],"collection":[{"href":"https:\/\/www.upm.es\/recursosidi\/wp-json\/wp\/v2\/product"}],"about":[{"href":"https:\/\/www.upm.es\/recursosidi\/wp-json\/wp\/v2\/types\/product"}],"wp:featuredmedia":[{"embeddable":true,"href":"https:\/\/www.upm.es\/recursosidi\/wp-json\/wp\/v2\/media\/10628"}],"wp:attachment":[{"href":"https:\/\/www.upm.es\/recursosidi\/wp-json\/wp\/v2\/media?parent=10629"}],"wp:term":[{"taxonomy":"product_cat","embeddable":true,"href":"https:\/\/www.upm.es\/recursosidi\/wp-json\/wp\/v2\/product_cat?post=10629"},{"taxonomy":"product_tag","embeddable":true,"href":"https:\/\/www.upm.es\/recursosidi\/wp-json\/wp\/v2\/product_tag?post=10629"},{"taxonomy":"comunidad_upm","embeddable":true,"href":"https:\/\/www.upm.es\/recursosidi\/wp-json\/wp\/v2\/comunidades-upm?post=10629"},{"taxonomy":"quien","embeddable":true,"href":"https:\/\/www.upm.es\/recursosidi\/wp-json\/wp\/v2\/quien?post=10629"},{"taxonomy":"mapa","embeddable":true,"href":"https:\/\/www.upm.es\/recursosidi\/wp-json\/wp\/v2\/mapa?post=10629"},{"taxonomy":"disponibilidad","embeddable":true,"href":"https:\/\/www.upm.es\/recursosidi\/wp-json\/wp\/v2\/disponibilidad?post=10629"},{"taxonomy":"donde","embeddable":true,"href":"https:\/\/www.upm.es\/recursosidi\/wp-json\/wp\/v2\/donde?post=10629"},{"taxonomy":"infraestructura","embeddable":true,"href":"https:\/\/www.upm.es\/recursosidi\/wp-json\/wp\/v2\/infraestructura?post=10629"},{"taxonomy":"ods","embeddable":true,"href":"https:\/\/www.upm.es\/recursosidi\/wp-json\/wp\/v2\/ods?post=10629"},{"taxonomy":"origen","embeddable":true,"href":"https:\/\/www.upm.es\/recursosidi\/wp-json\/wp\/v2\/origen?post=10629"}],"curies":[{"name":"wp","href":"https:\/\/api.w.org\/{rel}","templated":true}]}}