{"id":10649,"date":"2022-08-11T13:51:06","date_gmt":"2022-08-11T11:51:06","guid":{"rendered":"https:\/\/www.upm.es\/recursosidi\/offers-resources\/sin categor\u00eda\/automotive-vehicle-fuel-consumption-optimiser-based-on-dynamic-programming\/"},"modified":"2026-04-23T02:53:36","modified_gmt":"2026-04-23T00:53:36","slug":"automotive-vehicle-fuel-consumption-optimiser-based-on-dynamic-programming","status":"publish","type":"product","link":"https:\/\/www.upm.es\/recursosidi\/en\/offers-resources\/software-en\/automotive-vehicle-fuel-consumption-optimiser-based-on-dynamic-programming\/","title":{"rendered":"Automotive vehicle fuel consumption optimiser based on Dynamic Programming"},"content":{"rendered":"<h4><strong>Software description <\/strong><\/h4>\n<p>This program has two very different parts. On the one hand, a series of programs in Matlab that implement a fuel consumption model, and on the other, a Java application that implements an adaptation of Dynamic Programming to optimise an automotive vehicle\u00bfs fuel consumption.<\/p>\n<h4><strong>Reference<\/strong><\/h4>\n<p>M-9314\/2010<\/p>\n<div class=\"pdfprnt-buttons pdfprnt-buttons-product pdfprnt-bottom-left\"><a href=\"https:\/\/www.upm.es\/recursosidi\/wp-json\/wp\/v2\/product\/10649?print=pdf\" class=\"pdfprnt-button pdfprnt-button-pdf\" target=\"_blank\"><span class=\"pdfprnt-button-title pdfprnt-button-pdf-title\">Descargar ficha<\/span><\/a><\/div>","protected":false},"excerpt":{"rendered":"<p>Software description This program has two very different parts. On the one hand, a series of programs in Matlab that implement a fuel consumption model,&hellip;<\/p>\n","protected":false},"featured_media":0,"template":"","meta":{"_acf_changed":false},"product_cat":[7964],"product_tag":[],"comunidades-upm":[],"quien":[],"mapa":[],"disponibilidad":[],"donde":[{"term_id":1464,"name":"University Automotive Research Institute (INSIA)","slug":"en_university-automotive-research-institute-insia","term_group":0,"term_taxonomy_id":1464,"taxonomy":"donde","description":"","parent":0,"count":10,"filter":"raw","term_order":"0"},{"term_id":1620,"name":"UPM Research Group on Laser Engineering and Applications","slug":"en_upm-research-group-on-laser-engineering-and-applications","term_group":0,"term_taxonomy_id":1620,"taxonomy":"donde","description":"El grupo enfoca su actividad al desarrollo e instrumentaci&oacute;n experimental de aplicaciones industriales de la Tecnolog&iacute;a L&aacute;ser y a la concepci&oacute;n y desarrollo de aplicaciones avanzadas de dicha Tecnolog&iacute;a. Las <strong>l&iacute;neas principales de investigaci&oacute;n<\/strong> son:\n&nbsp;\n\nModelizaci&oacute;n te&oacute;rica, desarrollo e instrumentaci&oacute;n experimental de aplicaciones industriales de los L&aacute;seres de potencia y de L&aacute;seres de elevada intensidad.\nDesarrollo de procesos de micro\/nano-fabricaci&oacute;n con L&aacute;ser, incluidos procesos avanzados de fabricaci&oacute;n de estructuras y componentes de c&eacute;lulas fotovoltaicas y fabricaci&oacute;n de estructuras microflu&iacute;dicas y nanofot&oacute;nicas para dispositivos metrol&oacute;gicos y biosensores.\nDesarrollo de t&eacute;cnicas avanzadas de instrumentaci&oacute;n de sistemas y procesos de fabricaci&oacute;n con l&aacute;ser.\n","parent":0,"count":3,"filter":"raw","term_order":"0"},{"term_id":1600,"name":"Vehicle and Transport Safety and Environmental Impact Research Group (GIVET)","slug":"en_vehicle-and-transport-safety-and-environmental-impact-research-group-givet","term_group":0,"term_taxonomy_id":1600,"taxonomy":"donde","description":"Podemos resumir nuestras <strong>l\u00edneas de investigaci\u00f3n<\/strong> en:\r\n\r\nSeguridad en el transporte colectivo de personas y en el transporte de mercanc\u00edas.\r\nInvestigaci\u00f3n de accidentes de tr\u00e1fico.\r\nBiomec\u00e1nica del impacto aplicada a la mejora de la seguridad pasiva de los veh\u00edculos\r\nSistemas de asistencia al conductor (ADAS).\r\nEvaluaci\u00f3n y predicci\u00f3n de los impactos del transporte por carretera en la seguridad y medio ambiente. Desarrollo y aplicaci\u00f3n de modelos\r\nSistemas alternativos de propulsi\u00f3n e impacto medioambiental de los veh\u00edculos autom\u00f3viles\r\nMec\u00e1nica computacional aplicada al estudio del comportamiento din\u00e1mico de los veh\u00edculos","parent":0,"count":8,"filter":"raw","term_order":"0"}],"infraestructura":[],"ods":[],"origen":[{"term_id":186,"name":"Software","slug":"software-en","term_group":0,"term_taxonomy_id":186,"taxonomy":"origen","description":"","parent":0,"count":131,"filter":"raw","term_order":"0"}],"familia_tax":false,"quien_tax":false,"donde_tax":false,"year":"","contacto":"<strong>Main researchers: <\/strong><ul><li>JOSE MARIA LOPEZ MARTINEZ <blockquote><strong>josemaria.lopez@upm.es<\/strong><\/blockquote><\/li><li>Wilmar Cabrera Montiel <blockquote><strong>wilmar.cabrera@upm.es<\/strong><\/blockquote><\/li><li>SANTIAGO TAPIA FERNANDEZ <blockquote><strong>santiago.tapia@upm.es<\/strong><\/blockquote><\/li><li>FELIPE JIMENEZ ALONSO <blockquote><strong>felipe.jimenez@upm.es<\/strong><\/blockquote><\/li><\/ul>","telefono":"","pagina_web":"","email":"","id_ficha_portal":"558","video":"","adjuntos":false,"adjuntos_portal":"","inf":false,"departamento":"","acf":[],"lang":"en","translation":{"en":10649,"es":8205},"_links":{"self":[{"href":"https:\/\/www.upm.es\/recursosidi\/wp-json\/wp\/v2\/product\/10649"}],"collection":[{"href":"https:\/\/www.upm.es\/recursosidi\/wp-json\/wp\/v2\/product"}],"about":[{"href":"https:\/\/www.upm.es\/recursosidi\/wp-json\/wp\/v2\/types\/product"}],"wp:attachment":[{"href":"https:\/\/www.upm.es\/recursosidi\/wp-json\/wp\/v2\/media?parent=10649"}],"wp:term":[{"taxonomy":"product_cat","embeddable":true,"href":"https:\/\/www.upm.es\/recursosidi\/wp-json\/wp\/v2\/product_cat?post=10649"},{"taxonomy":"product_tag","embeddable":true,"href":"https:\/\/www.upm.es\/recursosidi\/wp-json\/wp\/v2\/product_tag?post=10649"},{"taxonomy":"comunidad_upm","embeddable":true,"href":"https:\/\/www.upm.es\/recursosidi\/wp-json\/wp\/v2\/comunidades-upm?post=10649"},{"taxonomy":"quien","embeddable":true,"href":"https:\/\/www.upm.es\/recursosidi\/wp-json\/wp\/v2\/quien?post=10649"},{"taxonomy":"mapa","embeddable":true,"href":"https:\/\/www.upm.es\/recursosidi\/wp-json\/wp\/v2\/mapa?post=10649"},{"taxonomy":"disponibilidad","embeddable":true,"href":"https:\/\/www.upm.es\/recursosidi\/wp-json\/wp\/v2\/disponibilidad?post=10649"},{"taxonomy":"donde","embeddable":true,"href":"https:\/\/www.upm.es\/recursosidi\/wp-json\/wp\/v2\/donde?post=10649"},{"taxonomy":"infraestructura","embeddable":true,"href":"https:\/\/www.upm.es\/recursosidi\/wp-json\/wp\/v2\/infraestructura?post=10649"},{"taxonomy":"ods","embeddable":true,"href":"https:\/\/www.upm.es\/recursosidi\/wp-json\/wp\/v2\/ods?post=10649"},{"taxonomy":"origen","embeddable":true,"href":"https:\/\/www.upm.es\/recursosidi\/wp-json\/wp\/v2\/origen?post=10649"}],"curies":[{"name":"wp","href":"https:\/\/api.w.org\/{rel}","templated":true}]}}