{"id":10675,"date":"2022-08-11T13:52:33","date_gmt":"2022-08-11T11:52:33","guid":{"rendered":"https:\/\/www.upm.es\/recursosidi\/offers-resources\/sin categor\u00eda\/computer-application-for-processing-data-from-a-logger-edr-on-board-an-industrial-vehicle\/"},"modified":"2026-04-21T03:42:22","modified_gmt":"2026-04-21T01:42:22","slug":"computer-application-for-processing-data-from-a-logger-edr-on-board-an-industrial-vehicle","status":"publish","type":"product","link":"https:\/\/www.upm.es\/recursosidi\/en\/offers-resources\/software-en\/computer-application-for-processing-data-from-a-logger-edr-on-board-an-industrial-vehicle\/","title":{"rendered":"Computer application for processing data from a logger (EDR) on board an industrial vehicle"},"content":{"rendered":"<h4><strong>Software description <\/strong><\/h4>\n<p>The main aim of the program is to pre-process a data set stored on the EDR (Event Data Recorder), or black box, and represent them graphically and\/or visually. The software will also do post-processing on the data recorded for use in traffic accident reconstruction.<\/p>\n<h4><strong>Reference<\/strong><\/h4>\n<p>M-2074\/2011<\/p>\n<div class=\"pdfprnt-buttons pdfprnt-buttons-product pdfprnt-bottom-left\"><a href=\"https:\/\/www.upm.es\/recursosidi\/wp-json\/wp\/v2\/product\/10675?print=pdf\" class=\"pdfprnt-button pdfprnt-button-pdf\" target=\"_blank\"><span class=\"pdfprnt-button-title pdfprnt-button-pdf-title\">Descargar ficha<\/span><\/a><\/div>","protected":false},"excerpt":{"rendered":"<p>Software description The main aim of the program is to pre-process a data set stored on the EDR (Event Data Recorder), or black box, and&hellip;<\/p>\n","protected":false},"featured_media":0,"template":"","meta":{"_acf_changed":false},"product_cat":[7964],"product_tag":[],"comunidades-upm":[],"quien":[],"mapa":[{"term_id":130,"name":"Seguridad, defensa y resiliencia","slug":"seguridad-defensa-resiliencia","term_group":0,"term_taxonomy_id":130,"taxonomy":"mapa","description":"","parent":0,"count":26,"filter":"raw","term_order":"20"},{"term_id":126,"name":"Tecnolog\u00edas digitales, Inteligencia Artificial, ciberseguridad, 5G, rob\u00f3tica","slug":"tecnologias_digitales-ai-ciberseguridad-5g-robotica","term_group":0,"term_taxonomy_id":126,"taxonomy":"mapa","description":"","parent":0,"count":194,"filter":"raw","term_order":"23"}],"disponibilidad":[],"donde":[{"term_id":1464,"name":"University Automotive Research Institute (INSIA)","slug":"en_university-automotive-research-institute-insia","term_group":0,"term_taxonomy_id":1464,"taxonomy":"donde","description":"","parent":0,"count":10,"filter":"raw","term_order":"0"},{"term_id":1600,"name":"Vehicle and Transport Safety and Environmental Impact Research Group (GIVET)","slug":"en_vehicle-and-transport-safety-and-environmental-impact-research-group-givet","term_group":0,"term_taxonomy_id":1600,"taxonomy":"donde","description":"Podemos resumir nuestras <strong>l\u00edneas de investigaci\u00f3n<\/strong> en:\r\n\r\nSeguridad en el transporte colectivo de personas y en el transporte de mercanc\u00edas.\r\nInvestigaci\u00f3n de accidentes de tr\u00e1fico.\r\nBiomec\u00e1nica del impacto aplicada a la mejora de la seguridad pasiva de los veh\u00edculos\r\nSistemas de asistencia al conductor (ADAS).\r\nEvaluaci\u00f3n y predicci\u00f3n de los impactos del transporte por carretera en la seguridad y medio ambiente. Desarrollo y aplicaci\u00f3n de modelos\r\nSistemas alternativos de propulsi\u00f3n e impacto medioambiental de los veh\u00edculos autom\u00f3viles\r\nMec\u00e1nica computacional aplicada al estudio del comportamiento din\u00e1mico de los veh\u00edculos","parent":0,"count":8,"filter":"raw","term_order":"0"}],"infraestructura":[],"ods":[],"origen":[{"term_id":186,"name":"Software","slug":"software-en","term_group":0,"term_taxonomy_id":186,"taxonomy":"origen","description":"","parent":0,"count":131,"filter":"raw","term_order":"0"}],"familia_tax":false,"quien_tax":false,"donde_tax":false,"year":"","contacto":"<strong>Main researchers: <\/strong><ul><li>FCO. JAVIER PAEZ AYUSO <blockquote><strong>franciscojavier.paez@upm.es<\/strong><\/blockquote><\/li><\/ul><strong>Other UPM researchers: <\/strong><ul><li>Antonio Aurelio Espejo Tamaj\u00f3n<\/li><\/ul>","telefono":"","pagina_web":"","email":"","id_ficha_portal":"589","video":"","adjuntos":false,"adjuntos_portal":"","inf":false,"departamento":"","acf":[],"lang":"en","translation":{"en":10675,"es":8241},"_links":{"self":[{"href":"https:\/\/www.upm.es\/recursosidi\/wp-json\/wp\/v2\/product\/10675"}],"collection":[{"href":"https:\/\/www.upm.es\/recursosidi\/wp-json\/wp\/v2\/product"}],"about":[{"href":"https:\/\/www.upm.es\/recursosidi\/wp-json\/wp\/v2\/types\/product"}],"wp:attachment":[{"href":"https:\/\/www.upm.es\/recursosidi\/wp-json\/wp\/v2\/media?parent=10675"}],"wp:term":[{"taxonomy":"product_cat","embeddable":true,"href":"https:\/\/www.upm.es\/recursosidi\/wp-json\/wp\/v2\/product_cat?post=10675"},{"taxonomy":"product_tag","embeddable":true,"href":"https:\/\/www.upm.es\/recursosidi\/wp-json\/wp\/v2\/product_tag?post=10675"},{"taxonomy":"comunidad_upm","embeddable":true,"href":"https:\/\/www.upm.es\/recursosidi\/wp-json\/wp\/v2\/comunidades-upm?post=10675"},{"taxonomy":"quien","embeddable":true,"href":"https:\/\/www.upm.es\/recursosidi\/wp-json\/wp\/v2\/quien?post=10675"},{"taxonomy":"mapa","embeddable":true,"href":"https:\/\/www.upm.es\/recursosidi\/wp-json\/wp\/v2\/mapa?post=10675"},{"taxonomy":"disponibilidad","embeddable":true,"href":"https:\/\/www.upm.es\/recursosidi\/wp-json\/wp\/v2\/disponibilidad?post=10675"},{"taxonomy":"donde","embeddable":true,"href":"https:\/\/www.upm.es\/recursosidi\/wp-json\/wp\/v2\/donde?post=10675"},{"taxonomy":"infraestructura","embeddable":true,"href":"https:\/\/www.upm.es\/recursosidi\/wp-json\/wp\/v2\/infraestructura?post=10675"},{"taxonomy":"ods","embeddable":true,"href":"https:\/\/www.upm.es\/recursosidi\/wp-json\/wp\/v2\/ods?post=10675"},{"taxonomy":"origen","embeddable":true,"href":"https:\/\/www.upm.es\/recursosidi\/wp-json\/wp\/v2\/origen?post=10675"}],"curies":[{"name":"wp","href":"https:\/\/api.w.org\/{rel}","templated":true}]}}