{"id":10734,"date":"2022-08-11T13:56:00","date_gmt":"2022-08-11T11:56:00","guid":{"rendered":"https:\/\/www.upm.es\/recursosidi\/offers-resources\/sin categor\u00eda\/videozone-2\/"},"modified":"2026-04-22T02:32:45","modified_gmt":"2026-04-22T00:32:45","slug":"videozone-2","status":"publish","type":"product","link":"https:\/\/www.upm.es\/recursosidi\/en\/offers-resources\/software-en\/videozone-2\/","title":{"rendered":"VideoZone"},"content":{"rendered":"<h4><strong>Software description <\/strong><\/h4>\n<p>The program is an app for Android that is capable of bringing together several multimedia elements to create a video using them. To do so, it carries out the following functions: video capture at a set quality, in this case 320&#215;240 resolution, 25fps frame rate and 1 Mbps bit rate; selecting multimedia elements on the mobile device; inserting texts onto selected images; cutting the video selected; interlinking several photos and videos; and superimposing an audio track over all the multimedia content generated.<\/p>\n<h4><strong>Reference<\/strong><\/h4>\n<p>M-7261\/2014<\/p>\n<div class=\"pdfprnt-buttons pdfprnt-buttons-product pdfprnt-bottom-left\"><a href=\"https:\/\/www.upm.es\/recursosidi\/wp-json\/wp\/v2\/product\/10734?print=pdf\" class=\"pdfprnt-button pdfprnt-button-pdf\" target=\"_blank\"><span class=\"pdfprnt-button-title pdfprnt-button-pdf-title\">Descargar ficha<\/span><\/a><\/div>","protected":false},"excerpt":{"rendered":"<p>Software description The program is an app for Android that is capable of bringing together several multimedia elements to create a video using them. To&hellip;<\/p>\n","protected":false},"featured_media":0,"template":"","meta":{"_acf_changed":false},"product_cat":[7964],"product_tag":[],"comunidades-upm":[],"quien":[],"mapa":[],"disponibilidad":[],"donde":[{"term_id":1864,"name":"Information Processing and Telecommunications Center","slug":"en_information-processing-and-telecommunications-center","term_group":0,"term_taxonomy_id":1864,"taxonomy":"donde","description":"","parent":0,"count":32,"filter":"raw","term_order":"0"},{"term_id":1690,"name":"Visual Telecommunications Application Group (VTAG)","slug":"en_visual-telecommunications-application-group-vtag","term_group":0,"term_taxonomy_id":1690,"taxonomy":"donde","description":"Las principales <strong>l&iacute;neas de investigaci&oacute;n<\/strong> llevadas a cabo por el grupo son:\n&nbsp;\n\nComunicaciones Visuales\nVisi&oacute;n Artificial\nSistemas de telecomunicaci&oacute;n y teledetecci&oacute;n\nGesti&oacute;n y producci&oacute;n de media en red\nTelevisi&oacute;n digital\nAplicaciones del procesado de se&ntilde;al y comunicaciones en Sistemas Inteligentes de Transporte (Intelligent Transportation Systems - ITS)\nCodificaci&oacute;n y procesado digital de v&iacute;deo\nMedici&oacute;n de audiencias en tecnolog&iacute;as emergentes de transmisi&oacute;n de v&iacute;deo\nInteractividad (HbbTV) y accesibilidad a los medios audiovisualesIngenier&iacute;a de sistemas DVB\n","parent":0,"count":5,"filter":"raw","term_order":"0"}],"infraestructura":[],"ods":[],"origen":[{"term_id":186,"name":"Software","slug":"software-en","term_group":0,"term_taxonomy_id":186,"taxonomy":"origen","description":"","parent":0,"count":131,"filter":"raw","term_order":"0"}],"familia_tax":false,"quien_tax":false,"donde_tax":false,"year":"","contacto":"<strong>Main researchers: <\/strong><ul><li>FEDERICO ALVAREZ GARCIA <blockquote><strong>federico.alvarez@upm.es<\/strong><\/blockquote><\/li><li>\u00c1lvaro Mart\u00ednez Marco <blockquote><strong><\/strong><\/blockquote><\/li><li>Nuria S\u00e1nchez Almod\u00f3var <blockquote><strong>nuria.sanchez.almodovar@upm.es<\/strong><\/blockquote><\/li><li>IAGO FERN\u00c1NDEZ-CEDR\u00d3N FERN\u00c1NDEZ-MAQUIEIRA <blockquote><strong>iago.fernandezcedron@upm.es<\/strong><\/blockquote><\/li><\/ul><strong>Other UPM researchers: <\/strong><ul><li>Ver\u00f3nica Lago Fominaya<\/li><\/ul>","telefono":"","pagina_web":"","email":"","id_ficha_portal":"921","video":"","adjuntos":false,"adjuntos_portal":"","inf":false,"departamento":"","acf":[],"lang":"en","translation":{"en":10734,"es":8316},"_links":{"self":[{"href":"https:\/\/www.upm.es\/recursosidi\/wp-json\/wp\/v2\/product\/10734"}],"collection":[{"href":"https:\/\/www.upm.es\/recursosidi\/wp-json\/wp\/v2\/product"}],"about":[{"href":"https:\/\/www.upm.es\/recursosidi\/wp-json\/wp\/v2\/types\/product"}],"wp:attachment":[{"href":"https:\/\/www.upm.es\/recursosidi\/wp-json\/wp\/v2\/media?parent=10734"}],"wp:term":[{"taxonomy":"product_cat","embeddable":true,"href":"https:\/\/www.upm.es\/recursosidi\/wp-json\/wp\/v2\/product_cat?post=10734"},{"taxonomy":"product_tag","embeddable":true,"href":"https:\/\/www.upm.es\/recursosidi\/wp-json\/wp\/v2\/product_tag?post=10734"},{"taxonomy":"comunidad_upm","embeddable":true,"href":"https:\/\/www.upm.es\/recursosidi\/wp-json\/wp\/v2\/comunidades-upm?post=10734"},{"taxonomy":"quien","embeddable":true,"href":"https:\/\/www.upm.es\/recursosidi\/wp-json\/wp\/v2\/quien?post=10734"},{"taxonomy":"mapa","embeddable":true,"href":"https:\/\/www.upm.es\/recursosidi\/wp-json\/wp\/v2\/mapa?post=10734"},{"taxonomy":"disponibilidad","embeddable":true,"href":"https:\/\/www.upm.es\/recursosidi\/wp-json\/wp\/v2\/disponibilidad?post=10734"},{"taxonomy":"donde","embeddable":true,"href":"https:\/\/www.upm.es\/recursosidi\/wp-json\/wp\/v2\/donde?post=10734"},{"taxonomy":"infraestructura","embeddable":true,"href":"https:\/\/www.upm.es\/recursosidi\/wp-json\/wp\/v2\/infraestructura?post=10734"},{"taxonomy":"ods","embeddable":true,"href":"https:\/\/www.upm.es\/recursosidi\/wp-json\/wp\/v2\/ods?post=10734"},{"taxonomy":"origen","embeddable":true,"href":"https:\/\/www.upm.es\/recursosidi\/wp-json\/wp\/v2\/origen?post=10734"}],"curies":[{"name":"wp","href":"https:\/\/api.w.org\/{rel}","templated":true}]}}