{"id":10743,"date":"2022-08-11T13:56:30","date_gmt":"2022-08-11T11:56:30","guid":{"rendered":"https:\/\/www.upm.es\/recursosidi\/offers-resources\/sin categor\u00eda\/appsime-appsime-personal-assistant-for-the-prevention-of-metabolic-syndrome\/"},"modified":"2026-04-22T02:33:01","modified_gmt":"2026-04-22T00:33:01","slug":"appsime-appsime-personal-assistant-for-the-prevention-of-metabolic-syndrome","status":"publish","type":"product","link":"https:\/\/www.upm.es\/recursosidi\/en\/offers-resources\/software-en\/appsime-appsime-personal-assistant-for-the-prevention-of-metabolic-syndrome\/","title":{"rendered":"(AppSiMe) &#8211; AppSiMe: Personal Assistant for the prevention of Metabolic Syndrome"},"content":{"rendered":"<h4><strong>Software description <\/strong><\/h4>\n<p>AppSiMe is a mobile app for Apple devices that works as a personal assistant for comprehensive support of people at cardiometabolic risk who want to improve their habits and lifestyle in order to prevent diseases associated with Metabolic Syndrome (obesity, hypertension and diabetes, amongst others). By processing data from the accelerometer included in the iPhone\/iPod Touch and communication with a heart rate monitor adopting the ANT+ protocol, the app makes continuous monitoring of the specified user\u00bfs physical activity possible, and, independently, its level of intensity, with Artificial Intelligence mechanisms. A record of the various body parameters indicating the state of health, their subsequent evaluation and the automatic generation of personalised messages complete the tool, which seeks to boost the capacities of Smartphones to improve health in a wide range of the population.<\/p>\n<h4><strong>Reference<\/strong><\/h4>\n<p>M-5381\/2014<\/p>\n<div class=\"pdfprnt-buttons pdfprnt-buttons-product pdfprnt-bottom-left\"><a href=\"https:\/\/www.upm.es\/recursosidi\/wp-json\/wp\/v2\/product\/10743?print=pdf\" class=\"pdfprnt-button pdfprnt-button-pdf\" target=\"_blank\"><span class=\"pdfprnt-button-title pdfprnt-button-pdf-title\">Descargar ficha<\/span><\/a><\/div>","protected":false},"excerpt":{"rendered":"<p>Software description AppSiMe is a mobile app for Apple devices that works as a personal assistant for comprehensive support of people at cardiometabolic risk who&hellip;<\/p>\n","protected":false},"featured_media":0,"template":"","meta":{"_acf_changed":false},"product_cat":[7964],"product_tag":[],"comunidades-upm":[],"quien":[],"mapa":[],"disponibilidad":[],"donde":[{"term_id":1698,"name":"Bioengineering and Telemedicine Group","slug":"en_bioengineering-and-telemedicine-group","term_group":0,"term_taxonomy_id":1698,"taxonomy":"donde","description":"Nuestras principales l&iacute;neas de investigaci&oacute;n son:\n-&nbsp; <strong>P&aacute;ncreas artificial<\/strong>: algoritmos de control en lazo cerrado, predicci&oacute;n de glucosa y monitorizaci&oacute;n de actividad f&iacute;sica.\n&nbsp;\n-&nbsp; <strong>Tecnolog&iacute;as web y m&oacute;viles integradas con sensores biom&eacute;dicos <\/strong>para la monitorizaci&oacute;n y la ayuda a la decisi&oacute;n a pacientes y profesionales.\n&nbsp;\n-&nbsp; <strong>Tecnolog&iacute;as de apoyo al<\/strong> <strong>envejecimiento activo. <\/strong>\n<strong>&nbsp;<\/strong>\n-&nbsp; <strong>Inteligencia artificial en medicina: <\/strong>an&aacute;lisis inteligente de datos m&eacute;dicos, <em>data mining<\/em> y <em>big data<\/em>.\n&nbsp;\n-&nbsp; <strong>Im&aacute;genes m&eacute;dicas<\/strong>: segmentaci&oacute;n, registro multimodal, reconstrucci&oacute;n 3D a partir de RM, TC y US, i.e. neuroimagen en da&ntilde;o cerebral.\n&nbsp;\n-&nbsp; <strong>Simulaci&oacute;n f&iacute;sica y virtual, planificaci&oacute;n quir&uacute;rgica<\/strong> en cirug&iacute;a de m&iacute;nima invasi&oacute;n, an&aacute;lisis de video laparosc&oacute;pico <strong>y cirug&iacute;a guiada por imagen<\/strong> <strong>y v&iacute;deo<\/strong>.\n&nbsp;\n-&nbsp; <strong>Ingenier&iacute;a de Neurorrehabilitaci&oacute;n en da&ntilde;o cerebral<\/strong>: modelado de procesos, rehabilitaci&oacute;n cognitiva con entornos virtuales interactivos, rehabilitaci&oacute;n funcional &ldquo;<em>assisted-as-needed<\/em>&rdquo; y telerrehabilitaci&oacute;n domiciliaria.","parent":0,"count":9,"filter":"raw","term_order":"0"},{"term_id":1780,"name":"Center for Biomedical Technology","slug":"en_center-for-biomedical-technology","term_group":0,"term_taxonomy_id":1780,"taxonomy":"donde","description":"","parent":0,"count":56,"filter":"raw","term_order":"0"}],"infraestructura":[],"ods":[],"origen":[{"term_id":186,"name":"Software","slug":"software-en","term_group":0,"term_taxonomy_id":186,"taxonomy":"origen","description":"","parent":0,"count":131,"filter":"raw","term_order":"0"}],"familia_tax":false,"quien_tax":false,"donde_tax":false,"year":"","contacto":"<strong>Main researchers: <\/strong><ul><li>MARIA ELENA HERNANDO PEREZ <blockquote><strong>mariaelena.hernando@upm.es<\/strong><\/blockquote><\/li><li>ENRIQUE JAVIER GOMEZ AGUILERA <blockquote><strong>enriquejavier.gomez@upm.es<\/strong><\/blockquote><\/li><li>GEMA GARCIA SAEZ <blockquote><strong>gema.garcia.saez@upm.es<\/strong><\/blockquote><\/li><li>I\u00d1AKI MART\u00cdNEZ SARRIEGUI <blockquote><strong>inaki.martinez.sarriegui@upm.es<\/strong><\/blockquote><\/li><li>Fernando Garcia Garcia <blockquote><strong>fernando.garciag@upm.es<\/strong><\/blockquote><\/li><li>Jose Manuel Iniesta Chamorro <blockquote><strong>jm.iniesta@upm.es<\/strong><\/blockquote><\/li><\/ul><strong>Other UPM researchers: <\/strong><ul><li>\u00c1ngel Luis Gonz\u00e1lez Mart\u00edn<\/li><\/ul>","telefono":"","pagina_web":"","email":"","id_ficha_portal":"858","video":"","adjuntos":false,"adjuntos_portal":"","inf":false,"departamento":"","acf":[],"lang":"en","translation":{"en":10743,"es":8305},"_links":{"self":[{"href":"https:\/\/www.upm.es\/recursosidi\/wp-json\/wp\/v2\/product\/10743"}],"collection":[{"href":"https:\/\/www.upm.es\/recursosidi\/wp-json\/wp\/v2\/product"}],"about":[{"href":"https:\/\/www.upm.es\/recursosidi\/wp-json\/wp\/v2\/types\/product"}],"wp:attachment":[{"href":"https:\/\/www.upm.es\/recursosidi\/wp-json\/wp\/v2\/media?parent=10743"}],"wp:term":[{"taxonomy":"product_cat","embeddable":true,"href":"https:\/\/www.upm.es\/recursosidi\/wp-json\/wp\/v2\/product_cat?post=10743"},{"taxonomy":"product_tag","embeddable":true,"href":"https:\/\/www.upm.es\/recursosidi\/wp-json\/wp\/v2\/product_tag?post=10743"},{"taxonomy":"comunidad_upm","embeddable":true,"href":"https:\/\/www.upm.es\/recursosidi\/wp-json\/wp\/v2\/comunidades-upm?post=10743"},{"taxonomy":"quien","embeddable":true,"href":"https:\/\/www.upm.es\/recursosidi\/wp-json\/wp\/v2\/quien?post=10743"},{"taxonomy":"mapa","embeddable":true,"href":"https:\/\/www.upm.es\/recursosidi\/wp-json\/wp\/v2\/mapa?post=10743"},{"taxonomy":"disponibilidad","embeddable":true,"href":"https:\/\/www.upm.es\/recursosidi\/wp-json\/wp\/v2\/disponibilidad?post=10743"},{"taxonomy":"donde","embeddable":true,"href":"https:\/\/www.upm.es\/recursosidi\/wp-json\/wp\/v2\/donde?post=10743"},{"taxonomy":"infraestructura","embeddable":true,"href":"https:\/\/www.upm.es\/recursosidi\/wp-json\/wp\/v2\/infraestructura?post=10743"},{"taxonomy":"ods","embeddable":true,"href":"https:\/\/www.upm.es\/recursosidi\/wp-json\/wp\/v2\/ods?post=10743"},{"taxonomy":"origen","embeddable":true,"href":"https:\/\/www.upm.es\/recursosidi\/wp-json\/wp\/v2\/origen?post=10743"}],"curies":[{"name":"wp","href":"https:\/\/api.w.org\/{rel}","templated":true}]}}