{"id":10757,"date":"2022-08-11T13:57:17","date_gmt":"2022-08-11T11:57:17","guid":{"rendered":"https:\/\/www.upm.es\/recursosidi\/offers-resources\/sin categor\u00eda\/phibys-adventures-unity-3d-demo-2\/"},"modified":"2023-11-28T02:30:49","modified_gmt":"2023-11-28T01:30:49","slug":"phibys-adventures-unity-3d-demo-2","status":"publish","type":"product","link":"https:\/\/www.upm.es\/recursosidi\/en\/offers-resources\/software-en\/phibys-adventures-unity-3d-demo-2\/","title":{"rendered":"Phiby\u00bfs Adventures Unity 3D Demo"},"content":{"rendered":"<h4><strong>Software description <\/strong><\/h4>\n<p>The program is a demo for the use of K2UM (Kinect to Unity Middleware) and the Unity 3D K2UA Unity asset (Kinect to Unity Asset) for an application with rehabilitation exercises for people with motor functional diversity. The program consists of four exercises to be done with movements that are recorded using the Microsoft Kinect V2 camera.<\/p>\n<h4><strong>Reference<\/strong><\/h4>\n<p>M-006617\/2018<\/p>\n<div class=\"pdfprnt-buttons pdfprnt-buttons-product pdfprnt-bottom-left\"><a href=\"https:\/\/www.upm.es\/recursosidi\/wp-json\/wp\/v2\/product\/10757?print=pdf\" class=\"pdfprnt-button pdfprnt-button-pdf\" target=\"_blank\"><span class=\"pdfprnt-button-title pdfprnt-button-pdf-title\">Descargar ficha<\/span><\/a><\/div>","protected":false},"excerpt":{"rendered":"<p>Software description The program is a demo for the use of K2UM (Kinect to Unity Middleware) and the Unity 3D K2UA Unity asset (Kinect to&hellip;<\/p>\n","protected":false},"featured_media":0,"template":"","meta":{"_acf_changed":false},"product_cat":[7964],"product_tag":[],"comunidades-upm":[],"quien":[],"mapa":[{"term_id":122,"name":"Salud y bienestar","slug":"salud-y-bienestar","term_group":0,"term_taxonomy_id":122,"taxonomy":"mapa","description":"","parent":0,"count":105,"filter":"raw","term_order":"17"},{"term_id":126,"name":"Tecnolog\u00edas digitales, Inteligencia Artificial, ciberseguridad, 5G, rob\u00f3tica","slug":"tecnologias_digitales-ai-ciberseguridad-5g-robotica","term_group":0,"term_taxonomy_id":126,"taxonomy":"mapa","description":"","parent":0,"count":194,"filter":"raw","term_order":"23"}],"disponibilidad":[],"donde":[{"term_id":1858,"name":"Multimedia and Acoustics Applications (GAMMA)","slug":"en_multimedia-and-acoustics-applications-gamma","term_group":0,"term_taxonomy_id":1858,"taxonomy":"donde","description":"","parent":0,"count":8,"filter":"raw","term_order":"0"},{"term_id":1818,"name":"Software and Multimedia Systems Technologies for Sustainability Research Centre (CITSEM)","slug":"en_software-and-multimedia-systems-technologies-for-sustainability-research-centre-citsem","term_group":0,"term_taxonomy_id":1818,"taxonomy":"donde","description":"","parent":0,"count":10,"filter":"raw","term_order":"0"}],"infraestructura":[],"ods":[],"origen":[{"term_id":186,"name":"Software","slug":"software-en","term_group":0,"term_taxonomy_id":186,"taxonomy":"origen","description":"","parent":0,"count":131,"filter":"raw","term_order":"0"}],"familia_tax":false,"quien_tax":false,"donde_tax":false,"year":"","contacto":"<strong>Main researchers: <\/strong><ul><li>MARTINA ECKERT  <blockquote><strong>martina.eckert@upm.es<\/strong><\/blockquote><\/li><\/ul><strong>Other UPM researchers: <\/strong><ul><li>C\u00e9sar Luaces Vela E.T.S de Ingenier\u00eda y Sistemas de Telecomunicaci\u00f3n<\/li><\/ul>","telefono":"","pagina_web":"","email":"","id_ficha_portal":"1492","video":"","adjuntos":false,"adjuntos_portal":"","inf":false,"departamento":"","acf":[],"lang":"en","translation":{"en":10757,"es":8328},"_links":{"self":[{"href":"https:\/\/www.upm.es\/recursosidi\/wp-json\/wp\/v2\/product\/10757"}],"collection":[{"href":"https:\/\/www.upm.es\/recursosidi\/wp-json\/wp\/v2\/product"}],"about":[{"href":"https:\/\/www.upm.es\/recursosidi\/wp-json\/wp\/v2\/types\/product"}],"wp:attachment":[{"href":"https:\/\/www.upm.es\/recursosidi\/wp-json\/wp\/v2\/media?parent=10757"}],"wp:term":[{"taxonomy":"product_cat","embeddable":true,"href":"https:\/\/www.upm.es\/recursosidi\/wp-json\/wp\/v2\/product_cat?post=10757"},{"taxonomy":"product_tag","embeddable":true,"href":"https:\/\/www.upm.es\/recursosidi\/wp-json\/wp\/v2\/product_tag?post=10757"},{"taxonomy":"comunidad_upm","embeddable":true,"href":"https:\/\/www.upm.es\/recursosidi\/wp-json\/wp\/v2\/comunidades-upm?post=10757"},{"taxonomy":"quien","embeddable":true,"href":"https:\/\/www.upm.es\/recursosidi\/wp-json\/wp\/v2\/quien?post=10757"},{"taxonomy":"mapa","embeddable":true,"href":"https:\/\/www.upm.es\/recursosidi\/wp-json\/wp\/v2\/mapa?post=10757"},{"taxonomy":"disponibilidad","embeddable":true,"href":"https:\/\/www.upm.es\/recursosidi\/wp-json\/wp\/v2\/disponibilidad?post=10757"},{"taxonomy":"donde","embeddable":true,"href":"https:\/\/www.upm.es\/recursosidi\/wp-json\/wp\/v2\/donde?post=10757"},{"taxonomy":"infraestructura","embeddable":true,"href":"https:\/\/www.upm.es\/recursosidi\/wp-json\/wp\/v2\/infraestructura?post=10757"},{"taxonomy":"ods","embeddable":true,"href":"https:\/\/www.upm.es\/recursosidi\/wp-json\/wp\/v2\/ods?post=10757"},{"taxonomy":"origen","embeddable":true,"href":"https:\/\/www.upm.es\/recursosidi\/wp-json\/wp\/v2\/origen?post=10757"}],"curies":[{"name":"wp","href":"https:\/\/api.w.org\/{rel}","templated":true}]}}