{"id":10762,"date":"2022-08-11T13:57:34","date_gmt":"2022-08-11T11:57:34","guid":{"rendered":"https:\/\/www.upm.es\/recursosidi\/offers-resources\/sin categor\u00eda\/phibys-adventures-v1-2\/"},"modified":"2023-11-28T02:30:56","modified_gmt":"2023-11-28T01:30:56","slug":"phibys-adventures-v1-2","status":"publish","type":"product","link":"https:\/\/www.upm.es\/recursosidi\/en\/offers-resources\/software-en\/phibys-adventures-v1-2\/","title":{"rendered":"Phibys Adventures v1"},"content":{"rendered":"<h4><strong>Software description <\/strong><\/h4>\n<p>A serious video game for doing physical physiotherapy exercises for people with motor functional diversity. The aim of the game is to take a character (Phiby) through an adventure setting using body movements, captured by a Microsoft Kinect X360 camera. During the game, four exercises are done repeatedly. The difficult of the exercises is set up remotely using the \u00bfBlexer-med\u00bf web platform, which is also a part of the \u00bfBlexer\u00bf system.<\/p>\n<h4><strong>Reference<\/strong><\/h4>\n<p>M-006618\/2018<\/p>\n<div class=\"pdfprnt-buttons pdfprnt-buttons-product pdfprnt-bottom-left\"><a href=\"https:\/\/www.upm.es\/recursosidi\/wp-json\/wp\/v2\/product\/10762?print=pdf\" class=\"pdfprnt-button pdfprnt-button-pdf\" target=\"_blank\"><span class=\"pdfprnt-button-title pdfprnt-button-pdf-title\">Descargar ficha<\/span><\/a><\/div>","protected":false},"excerpt":{"rendered":"<p>Software description A serious video game for doing physical physiotherapy exercises for people with motor functional diversity. The aim of the game is to take&hellip;<\/p>\n","protected":false},"featured_media":0,"template":"","meta":{"_acf_changed":false},"product_cat":[7964],"product_tag":[],"comunidades-upm":[],"quien":[],"mapa":[{"term_id":122,"name":"Salud y bienestar","slug":"salud-y-bienestar","term_group":0,"term_taxonomy_id":122,"taxonomy":"mapa","description":"","parent":0,"count":105,"filter":"raw","term_order":"17"},{"term_id":126,"name":"Tecnolog\u00edas digitales, Inteligencia Artificial, ciberseguridad, 5G, rob\u00f3tica","slug":"tecnologias_digitales-ai-ciberseguridad-5g-robotica","term_group":0,"term_taxonomy_id":126,"taxonomy":"mapa","description":"","parent":0,"count":194,"filter":"raw","term_order":"23"}],"disponibilidad":[],"donde":[{"term_id":1730,"name":"Electronic and Microelectronic Design Group","slug":"en_electronic-and-microelectronic-design-group","term_group":0,"term_taxonomy_id":1730,"taxonomy":"donde","description":"","parent":0,"count":3,"filter":"raw","term_order":"0"},{"term_id":1680,"name":"Image Processing Group (IPG)","slug":"en_image-processing-group-ipg","term_group":0,"term_taxonomy_id":1680,"taxonomy":"donde","description":"Hacemos I+D+i sobre teor&iacute;a, m&eacute;todos y aplicaciones del tratamiento digital de im&aacute;genes, orientados fundamentalmente a la compresi&oacute;n y al an&aacute;lisis. Tratamos tanto temas espec&iacute;ficos relacionados con las im&aacute;genes, como sistemas completos en los que el tratamiento de im&aacute;genes tiene una importancia crucial.\n&nbsp;\nNuestras l&iacute;neas de investigaci&oacute;n se pueden resumir en:\n&nbsp;\n\nAn&aacute;lisis de im&aacute;genes y v&iacute;deo para extracci&oacute;n de caracter&iacute;sticas\nTelevisi&oacute;n, televisi&oacute;n 3D y televisi&oacute;n de ultra alta definici&oacute;n (UHD, 4K)\nGr&aacute;ficos 3D y realidad aumentada\nAutocalibraci&oacute;n de c&aacute;maras\nTeor&iacute;a y m&eacute;todos de tratamiento digital de im&aacute;genes\nCodificaci&oacute;n y transmisi&oacute;n de informaci&oacute;n visual\nExtracci&oacute;n de informaci&oacute;n tridimensional\n\n&nbsp;\n&nbsp;","parent":0,"count":5,"filter":"raw","term_order":"0"},{"term_id":1864,"name":"Information Processing and Telecommunications Center","slug":"en_information-processing-and-telecommunications-center","term_group":0,"term_taxonomy_id":1864,"taxonomy":"donde","description":"","parent":0,"count":32,"filter":"raw","term_order":"0"},{"term_id":1858,"name":"Multimedia and Acoustics Applications (GAMMA)","slug":"en_multimedia-and-acoustics-applications-gamma","term_group":0,"term_taxonomy_id":1858,"taxonomy":"donde","description":"","parent":0,"count":8,"filter":"raw","term_order":"0"},{"term_id":1818,"name":"Software and Multimedia Systems Technologies for Sustainability Research Centre (CITSEM)","slug":"en_software-and-multimedia-systems-technologies-for-sustainability-research-centre-citsem","term_group":0,"term_taxonomy_id":1818,"taxonomy":"donde","description":"","parent":0,"count":10,"filter":"raw","term_order":"0"}],"infraestructura":[],"ods":[],"origen":[{"term_id":186,"name":"Software","slug":"software-en","term_group":0,"term_taxonomy_id":186,"taxonomy":"origen","description":"","parent":0,"count":131,"filter":"raw","term_order":"0"}],"familia_tax":false,"quien_tax":false,"donde_tax":false,"year":"","contacto":"<strong>Main researchers: <\/strong><ul><li>LUIS SALGADO ALVAREZ DE SOTOMAYOR <blockquote><strong>luis.salgado@upm.es<\/strong><\/blockquote><\/li><li>MARTINA ECKERT  <blockquote><strong>martina.eckert@upm.es<\/strong><\/blockquote><\/li><li>IGNACIO GOMEZ-MARTINHO GONZALEZ <blockquote><strong><\/strong><\/blockquote><\/li><li>JUAN MANUEL MENESES CHAUS <blockquote><strong>juan.meneses@upm.es<\/strong><\/blockquote><\/li><\/ul><strong>Other UPM researchers: <\/strong><ul><li>Cristina Esteban Gonz\u00e1lez E.T.S de Ingenier\u00eda y Sistemas de Telecomunicaci\u00f3n<\/li><li>Jennie Yadira Pel\u00e1ez Castro E.T.S de Ingenier\u00eda y Sistemas de Telecomunicaci\u00f3n<\/li><\/ul>","telefono":"","pagina_web":"","email":"","id_ficha_portal":"1493","video":"","adjuntos":false,"adjuntos_portal":"","inf":false,"departamento":"","acf":[],"lang":"en","translation":{"en":10762,"es":8325},"_links":{"self":[{"href":"https:\/\/www.upm.es\/recursosidi\/wp-json\/wp\/v2\/product\/10762"}],"collection":[{"href":"https:\/\/www.upm.es\/recursosidi\/wp-json\/wp\/v2\/product"}],"about":[{"href":"https:\/\/www.upm.es\/recursosidi\/wp-json\/wp\/v2\/types\/product"}],"wp:attachment":[{"href":"https:\/\/www.upm.es\/recursosidi\/wp-json\/wp\/v2\/media?parent=10762"}],"wp:term":[{"taxonomy":"product_cat","embeddable":true,"href":"https:\/\/www.upm.es\/recursosidi\/wp-json\/wp\/v2\/product_cat?post=10762"},{"taxonomy":"product_tag","embeddable":true,"href":"https:\/\/www.upm.es\/recursosidi\/wp-json\/wp\/v2\/product_tag?post=10762"},{"taxonomy":"comunidad_upm","embeddable":true,"href":"https:\/\/www.upm.es\/recursosidi\/wp-json\/wp\/v2\/comunidades-upm?post=10762"},{"taxonomy":"quien","embeddable":true,"href":"https:\/\/www.upm.es\/recursosidi\/wp-json\/wp\/v2\/quien?post=10762"},{"taxonomy":"mapa","embeddable":true,"href":"https:\/\/www.upm.es\/recursosidi\/wp-json\/wp\/v2\/mapa?post=10762"},{"taxonomy":"disponibilidad","embeddable":true,"href":"https:\/\/www.upm.es\/recursosidi\/wp-json\/wp\/v2\/disponibilidad?post=10762"},{"taxonomy":"donde","embeddable":true,"href":"https:\/\/www.upm.es\/recursosidi\/wp-json\/wp\/v2\/donde?post=10762"},{"taxonomy":"infraestructura","embeddable":true,"href":"https:\/\/www.upm.es\/recursosidi\/wp-json\/wp\/v2\/infraestructura?post=10762"},{"taxonomy":"ods","embeddable":true,"href":"https:\/\/www.upm.es\/recursosidi\/wp-json\/wp\/v2\/ods?post=10762"},{"taxonomy":"origen","embeddable":true,"href":"https:\/\/www.upm.es\/recursosidi\/wp-json\/wp\/v2\/origen?post=10762"}],"curies":[{"name":"wp","href":"https:\/\/api.w.org\/{rel}","templated":true}]}}