{"id":10774,"date":"2022-08-11T13:58:15","date_gmt":"2022-08-11T11:58:15","guid":{"rendered":"https:\/\/www.upm.es\/recursosidi\/offers-resources\/sin categor\u00eda\/entrena-vox-entrenavox-2\/"},"modified":"2023-11-28T02:31:13","modified_gmt":"2023-11-28T01:31:13","slug":"entrena-vox-entrenavox-2","status":"publish","type":"product","link":"https:\/\/www.upm.es\/recursosidi\/en\/offers-resources\/software-en\/entrena-vox-entrenavox-2\/","title":{"rendered":"(Entrena Vox) &#8211; EntrenaVox"},"content":{"rendered":"<h4><strong>Software description <\/strong><\/h4>\n<p>1.4 Summary of the application. <\/p>\n<p>The main purpose of the EntrenaVox application is to assess, rehabilitate and work on voice aesthetics.  This gives the speech therapist a tool to manage individualised treatments for each patient. It also gives the possibility of visualising the level of performance (both qualitative and quantitative) attained by each patient by making use of a visual tool that, using video games, enables the voice to be worked on, based on various parameters for it.<br \/>\nThe parameters that are taken as a basis for the various treatments, and which are trained using games are: a) speaking out loud and muted; b) the fundamental frequency or pitch; c) the voice\u00bfs intensity.<\/p>\n<p> 1.5 Structure of the application and flow chart. The EntrenaVox application is based on a Windows-type user interface programmed with object orientation.  Therefore, there is no flow chart as such in the application. When starting up the program, the user gets a main window which has the application desktop, the menu bar, and a series of buttons that fast track activation of the most common tasks. Depending on the sequence of actions requested, the program will run a specific flow chart.<br \/>\nThe Window Diagram for the application is shown below (Figure 1). The interrelations between each one of the windows in the application\u00bfs graphic interface can be seen in it, along with the control (shown above each date) generated by the interrelation.<br \/>\nWhen it comes to its use, as shown in the figure, three types of windows can be distinguished:<br \/>\nAccessible by the therapist\u00bfs user profile.<br \/>\nAccessible by the patient\u00bfs user profile.<br \/>\nAccessible by both profiles.<\/p>\n<h4><strong>Reference<\/strong><\/h4>\n<p>M-0813\/2010<\/p>\n<div class=\"pdfprnt-buttons pdfprnt-buttons-product pdfprnt-bottom-left\"><a href=\"https:\/\/www.upm.es\/recursosidi\/wp-json\/wp\/v2\/product\/10774?print=pdf\" class=\"pdfprnt-button pdfprnt-button-pdf\" target=\"_blank\"><span class=\"pdfprnt-button-title pdfprnt-button-pdf-title\">Descargar ficha<\/span><\/a><\/div>","protected":false},"excerpt":{"rendered":"<p>Software description 1.4 Summary of the application. The main purpose of the EntrenaVox application is to assess, rehabilitate and work on voice aesthetics. This gives&hellip;<\/p>\n","protected":false},"featured_media":0,"template":"","meta":{"_acf_changed":false},"product_cat":[7964],"product_tag":[],"comunidades-upm":[],"quien":[],"mapa":[{"term_id":122,"name":"Salud y bienestar","slug":"salud-y-bienestar","term_group":0,"term_taxonomy_id":122,"taxonomy":"mapa","description":"","parent":0,"count":105,"filter":"raw","term_order":"17"}],"disponibilidad":[],"donde":[{"term_id":1890,"name":"Bioengineering and Optoelectronics Research Group","slug":"en_bioengineering-and-optoelectronics-research-group","term_group":0,"term_taxonomy_id":1890,"taxonomy":"donde","description":"","parent":0,"count":2,"filter":"raw","term_order":"0"},{"term_id":1858,"name":"Multimedia and Acoustics Applications (GAMMA)","slug":"en_multimedia-and-acoustics-applications-gamma","term_group":0,"term_taxonomy_id":1858,"taxonomy":"donde","description":"","parent":0,"count":8,"filter":"raw","term_order":"0"},{"term_id":1818,"name":"Software and Multimedia Systems Technologies for Sustainability Research Centre (CITSEM)","slug":"en_software-and-multimedia-systems-technologies-for-sustainability-research-centre-citsem","term_group":0,"term_taxonomy_id":1818,"taxonomy":"donde","description":"","parent":0,"count":10,"filter":"raw","term_order":"0"}],"infraestructura":[],"ods":[],"origen":[{"term_id":186,"name":"Software","slug":"software-en","term_group":0,"term_taxonomy_id":186,"taxonomy":"origen","description":"","parent":0,"count":131,"filter":"raw","term_order":"0"}],"familia_tax":false,"quien_tax":false,"donde_tax":false,"year":"","contacto":"<strong>Main researchers: <\/strong><ul><li>JUAN IGNACIO GODINO LLORENTE <blockquote><strong>ignacio.godino@upm.es<\/strong><\/blockquote><\/li><li>RUBEN FRAILE MU\u00d1OZ <blockquote><strong>r.fraile@upm.es<\/strong><\/blockquote><\/li><li>VICTOR JOSE OSMA RUIZ <blockquote><strong>v.osma@upm.es<\/strong><\/blockquote><\/li><\/ul><strong>Other UPM researchers: <\/strong><ul><li>Antonio Montes Ortega<\/li><li>Nicol\u00e1s S\u00e1enz Lech\u00f3n<\/li><\/ul>","telefono":"","pagina_web":"","email":"","id_ficha_portal":"486","video":"","adjuntos":false,"adjuntos_portal":"","inf":false,"departamento":"","acf":[],"lang":"en","translation":{"en":10774,"es":8203},"_links":{"self":[{"href":"https:\/\/www.upm.es\/recursosidi\/wp-json\/wp\/v2\/product\/10774"}],"collection":[{"href":"https:\/\/www.upm.es\/recursosidi\/wp-json\/wp\/v2\/product"}],"about":[{"href":"https:\/\/www.upm.es\/recursosidi\/wp-json\/wp\/v2\/types\/product"}],"wp:attachment":[{"href":"https:\/\/www.upm.es\/recursosidi\/wp-json\/wp\/v2\/media?parent=10774"}],"wp:term":[{"taxonomy":"product_cat","embeddable":true,"href":"https:\/\/www.upm.es\/recursosidi\/wp-json\/wp\/v2\/product_cat?post=10774"},{"taxonomy":"product_tag","embeddable":true,"href":"https:\/\/www.upm.es\/recursosidi\/wp-json\/wp\/v2\/product_tag?post=10774"},{"taxonomy":"comunidad_upm","embeddable":true,"href":"https:\/\/www.upm.es\/recursosidi\/wp-json\/wp\/v2\/comunidades-upm?post=10774"},{"taxonomy":"quien","embeddable":true,"href":"https:\/\/www.upm.es\/recursosidi\/wp-json\/wp\/v2\/quien?post=10774"},{"taxonomy":"mapa","embeddable":true,"href":"https:\/\/www.upm.es\/recursosidi\/wp-json\/wp\/v2\/mapa?post=10774"},{"taxonomy":"disponibilidad","embeddable":true,"href":"https:\/\/www.upm.es\/recursosidi\/wp-json\/wp\/v2\/disponibilidad?post=10774"},{"taxonomy":"donde","embeddable":true,"href":"https:\/\/www.upm.es\/recursosidi\/wp-json\/wp\/v2\/donde?post=10774"},{"taxonomy":"infraestructura","embeddable":true,"href":"https:\/\/www.upm.es\/recursosidi\/wp-json\/wp\/v2\/infraestructura?post=10774"},{"taxonomy":"ods","embeddable":true,"href":"https:\/\/www.upm.es\/recursosidi\/wp-json\/wp\/v2\/ods?post=10774"},{"taxonomy":"origen","embeddable":true,"href":"https:\/\/www.upm.es\/recursosidi\/wp-json\/wp\/v2\/origen?post=10774"}],"curies":[{"name":"wp","href":"https:\/\/api.w.org\/{rel}","templated":true}]}}