{"id":10778,"date":"2022-08-11T13:58:29","date_gmt":"2022-08-11T11:58:29","guid":{"rendered":"https:\/\/www.upm.es\/recursosidi\/offers-resources\/sin categor\u00eda\/herramientas-didacticas-para-el-manejo-del-agua-y-teaching-tools-for-managing-water-and-organic-material-in-crop-systems\/"},"modified":"2023-11-28T02:31:19","modified_gmt":"2023-11-28T01:31:19","slug":"herramientas-didacticas-para-el-manejo-del-agua-y-teaching-tools-for-managing-water-and-organic-material-in-crop-systems","status":"publish","type":"product","link":"https:\/\/www.upm.es\/recursosidi\/en\/offers-resources\/software-en\/herramientas-didacticas-para-el-manejo-del-agua-y-teaching-tools-for-managing-water-and-organic-material-in-crop-systems\/","title":{"rendered":"(Herramientas did\u00e1cticas para el manejo del agua y ) &#8211; Teaching tools for managing water and organic material in crop systems"},"content":{"rendered":"<h4><strong>Software description <\/strong><\/h4>\n<p>I. PROGRAM FEATURES.<br \/>\nI.1 Programming language: Visual Basic (Microsoft Office Excel XML format)<br \/>\nI.2 Operating environment: Windows XP or Vista. The Excel program must be installed on the computer. Created in Office 2007.<br \/>\nI.3 List of files it contains:<br \/>\nTeaching tool Mo.xls<br \/>\nTeaching Tool Manual Mo.pdf<br \/>\nTeaching Tool Water Needs.xls<br \/>\nTeaching Tool Water Needs.pdf<br \/>\nII. DESCRIPTION OF THE PROGRAM AND FLOW CHARTS<br \/>\nII.1 Teaching tool Mo.xls.<br \/>\nThis tool consists of seven spreadsheets: Definition, Balance, Maintenance, Correction, Organic material evolution, Mineralisation rate and Manure characteristics. The sheets are protected in such a way that the student has the option to modify some of the variables affecting the calculations, but only has visual access to the calculations made or the additional information supplied.<br \/>\nThe main aim of our work was to develop a tool that would allow a student doing higher technical studies to resolve problems relating to calculating humic balances and managing organic waste in crops systems.<br \/>\nThe tool developed was an Excel workbook consisting of seven spreadsheets enabling telematic distribution amongst the students. It compiles the information needed to resolve problems in controlling organic material in the soil and allows the student to make calculations for organic amendments in crop systems.<br \/>\nThe program makes it possible to calculate the humic balance in soil where a known alternative is made to the crops. Within the program the user can change a series of parameters and variables relating to the soil, as well as the type of tillage or farming (dry or irrigated). The application also permits variation to the percentage of crop waste produced to calculate the balance and check if the soil is in equilibrium, or not. In the event that it is not, the program offers several types of manure to chose from, depending on the level of stability, calculating the amount and time for applying it to maintain the land\u00bfs humic balance.<br \/>\nAnother section offers the possibility of calculating the amount of manure needed to raise the organic material content to a level chosen by the user, and the amount of manure needed to maintain the organic material content in what is known as maintenance amendment plus correction. The student is, therefore, offered the chance to vary some of the determining factors in the systems and compare the various results obtained in each case, understanding and reasoning why they occur.<\/p>\n<h4><strong>Reference<\/strong><\/h4>\n<p>M-002114\/2009<\/p>\n<div class=\"pdfprnt-buttons pdfprnt-buttons-product pdfprnt-bottom-left\"><a href=\"https:\/\/www.upm.es\/recursosidi\/wp-json\/wp\/v2\/product\/10778?print=pdf\" class=\"pdfprnt-button pdfprnt-button-pdf\" target=\"_blank\"><span class=\"pdfprnt-button-title pdfprnt-button-pdf-title\">Descargar ficha<\/span><\/a><\/div>","protected":false},"excerpt":{"rendered":"<p>Software description I. PROGRAM FEATURES. I.1 Programming language: Visual Basic (Microsoft Office Excel XML format) I.2 Operating environment: Windows XP or Vista. The Excel program&hellip;<\/p>\n","protected":false},"featured_media":0,"template":"","meta":{"_acf_changed":false},"product_cat":[7964],"product_tag":[],"comunidades-upm":[],"quien":[],"mapa":[{"term_id":139,"name":"Agricultura, silvicultura, recursos naturales, usos de la tierra y crecimiento azul","slug":"agricultura-silvicultura-recursos_naturales-usos_tierra-crecimiento_azul","term_group":0,"term_taxonomy_id":139,"taxonomy":"mapa","description":"","parent":0,"count":43,"filter":"raw","term_order":"2"}],"disponibilidad":[],"donde":[{"term_id":1782,"name":"Agricultural Environmental Risk Management Research and Study Centre (CEIGRAM). Joint UPM-ENESA-AGROSEGURO Centre","slug":"en_agricultural-environmental-risk-management-research-and-study-centre-ceigram-joint-upm-enesa-agroseguro-centre","term_group":0,"term_taxonomy_id":1782,"taxonomy":"donde","description":"","parent":0,"count":9,"filter":"raw","term_order":"0"},{"term_id":1556,"name":"Agricultural Systems Group (AgSystems)","slug":"en_agricultural-systems-group-agsystems","term_group":0,"term_taxonomy_id":1556,"taxonomy":"donde","description":"Nuestra investigaci&oacute;n se centra en el estudio de sistemas agrarios y de cultivo y su relaci&oacute;n con el medio ambiente. El objetivo final es el dise&ntilde;o de estrategias o alternativas que permitan mantener la sostenibilidad de los sistemas de cultivo en las condiciones actuales y futuras. Para ello, nuestro grupo realiza proyectos de investigaci&oacute;n basados en ensayos de campo y en la utilizaci&oacute;n de modelos de simulaci&oacute;n matem&aacute;tica. \n&nbsp;\nLas principales <strong>l&iacute;neas de investigaci&oacute;n<\/strong> son:\n&nbsp;\n\nManejo de agua y nitr&oacute;geno en sistemas agrarios\nImpacto y adaptaciones al cambio y a la variabilidad clim&aacute;tica en sistemas de cultivo. Incertidumbres asociadas.\nModelizaci&oacute;n de sistemas agrarios\n","parent":0,"count":7,"filter":"raw","term_order":"0"}],"infraestructura":[],"ods":[],"origen":[{"term_id":186,"name":"Software","slug":"software-en","term_group":0,"term_taxonomy_id":186,"taxonomy":"origen","description":"","parent":0,"count":131,"filter":"raw","term_order":"0"}],"familia_tax":false,"quien_tax":false,"donde_tax":false,"year":"","contacto":"<strong>Main researchers: <\/strong><ul><li>MIGUEL QUEMADA SAENZ-BADILLOS <blockquote><strong>miguel.quemada@upm.es<\/strong><\/blockquote><\/li><li>F\u00e9lix G\u00f3mez S\u00e1nchez <blockquote><strong><\/strong><\/blockquote><\/li><li>JOS\u00c9 LUIS GABRIEL P\u00c9REZ <blockquote><strong>joseluis.gabriel@upm.es<\/strong><\/blockquote><\/li><\/ul>","telefono":"","pagina_web":"","email":"","id_ficha_portal":"331","video":"","adjuntos":false,"adjuntos_portal":"","inf":false,"departamento":"","acf":[],"lang":"en","translation":{"en":10778,"es":8213},"_links":{"self":[{"href":"https:\/\/www.upm.es\/recursosidi\/wp-json\/wp\/v2\/product\/10778"}],"collection":[{"href":"https:\/\/www.upm.es\/recursosidi\/wp-json\/wp\/v2\/product"}],"about":[{"href":"https:\/\/www.upm.es\/recursosidi\/wp-json\/wp\/v2\/types\/product"}],"wp:attachment":[{"href":"https:\/\/www.upm.es\/recursosidi\/wp-json\/wp\/v2\/media?parent=10778"}],"wp:term":[{"taxonomy":"product_cat","embeddable":true,"href":"https:\/\/www.upm.es\/recursosidi\/wp-json\/wp\/v2\/product_cat?post=10778"},{"taxonomy":"product_tag","embeddable":true,"href":"https:\/\/www.upm.es\/recursosidi\/wp-json\/wp\/v2\/product_tag?post=10778"},{"taxonomy":"comunidad_upm","embeddable":true,"href":"https:\/\/www.upm.es\/recursosidi\/wp-json\/wp\/v2\/comunidades-upm?post=10778"},{"taxonomy":"quien","embeddable":true,"href":"https:\/\/www.upm.es\/recursosidi\/wp-json\/wp\/v2\/quien?post=10778"},{"taxonomy":"mapa","embeddable":true,"href":"https:\/\/www.upm.es\/recursosidi\/wp-json\/wp\/v2\/mapa?post=10778"},{"taxonomy":"disponibilidad","embeddable":true,"href":"https:\/\/www.upm.es\/recursosidi\/wp-json\/wp\/v2\/disponibilidad?post=10778"},{"taxonomy":"donde","embeddable":true,"href":"https:\/\/www.upm.es\/recursosidi\/wp-json\/wp\/v2\/donde?post=10778"},{"taxonomy":"infraestructura","embeddable":true,"href":"https:\/\/www.upm.es\/recursosidi\/wp-json\/wp\/v2\/infraestructura?post=10778"},{"taxonomy":"ods","embeddable":true,"href":"https:\/\/www.upm.es\/recursosidi\/wp-json\/wp\/v2\/ods?post=10778"},{"taxonomy":"origen","embeddable":true,"href":"https:\/\/www.upm.es\/recursosidi\/wp-json\/wp\/v2\/origen?post=10778"}],"curies":[{"name":"wp","href":"https:\/\/api.w.org\/{rel}","templated":true}]}}