{"id":10834,"date":"2022-08-16T13:02:35","date_gmt":"2022-08-16T11:02:35","guid":{"rendered":"https:\/\/www.upm.es\/recursosidi\/offers-resources\/sin categor\u00eda\/cintas-espaciales-electrodinamicas\/"},"modified":"2022-08-16T13:02:44","modified_gmt":"2022-08-16T11:02:44","slug":"cintas-espaciales-electrodinamicas","status":"publish","type":"product","link":"https:\/\/www.upm.es\/recursosidi\/offers-resources\/soluciones-tecnologicas\/cintas-espaciales-electrodinamicas\/","title":{"rendered":"CINTAS ESPACIALES ELECTRODIN\u00c1MICAS"},"content":{"rendered":"<h4 style=\"text-align: left\"><strong>Descripci&oacute;n breve conjunta de la soluci&oacute;n y valor a&ntilde;adido que aporta<\/strong><\/h4>\n<p style=\"text-align: justify\">Un equipo de investigadores de la Universidad Polit&eacute;cnica de Madrid (UPM) y de la Universidad Carlos III de Madrid (UC3M) han dise&ntilde;ado y patentado un nuevo sistema para sat&eacute;lites que permite generar potencia el&eacute;ctrica y empuje a bordo sin necesidad de usar propulsante. Esta innovaci&oacute;n, que ha dado lugar a dos patentes nacionales y su extensi&oacute;n internacional, ha despertado el inter&eacute;s de la Agencia Espacial Europea y de industrias del sector espacial. Este sistema podr&iacute;a resultar &uacute;til para sat&eacute;lites que est&aacute;n en &oacute;rbita terrestre.<\/p>\n<h4 style=\"text-align: left\"><strong>Descripci&oacute;n de la base tecnol&oacute;gica<\/strong><\/h4>\n<p style=\"text-align: justify\">El sistema se basa en lo que se conoce como una &ldquo;amarra espacial con baja funci&oacute;n de trabajo&rdquo;, una cinta de aluminio de unos 2-4 cent&iacute;metros de ancho, 50 micras de espesor y hasta unos kil&oacute;metros de longitud, cubierta con una fina capa de un material que facilita la emisi&oacute;n de electrones al ser iluminado y calentado por el sol. La cinta, que se encuentra enrollada en un carrete durante el lanzamiento, se despliega una vez en &oacute;rbita.<\/p>\n<p style=\"text-align: justify\">Gracias a un efecto electrodin&aacute;mico, la cinta genera potencia &uacute;til a bordo de manera pasiva mientras baja la altura de la &oacute;rbita del sat&eacute;lite. Viceversa, si un sat&eacute;lite va equipado con una fuente de potencia, es posible utilizar la cinta para controlar su &oacute;rbita sin ning&uacute;n gasto de propulsante.<\/p>\n<p style=\"text-align: center\"><em>&ldquo;Se trata de una tecnolog&iacute;a con un alto potencial disruptivo, pues permite transformar energ&iacute;a orbital en el&eacute;ctrica y viceversa sin utilizar ning&uacute;n tipo de consumible&rdquo;<\/em><\/p>\n<p style=\"text-align: center\">&nbsp;<\/p>\n<h4 style=\"text-align: left\"><strong>Necesidades de negocio \/ aplicaci&oacute;n<\/strong><\/h4>\n<ul>\n<li>\n<p style=\"text-align: justify\">Una de las necesidades m&aacute;s relevantes e interesantes para el mercado espacial para sat&eacute;lites, y especialmente para mini- y micro-sat&eacute;lites, se encuentra en disponer de sistemas de generaci&oacute;n de potencia y propulsi&oacute;n de baja complejidad, bajo coste y alta eficiencia que se integren f&aacute;cilmente en el dise&ntilde;o del sat&eacute;lite.<\/p>\n<\/li>\n<li>\n<p style=\"text-align: justify\">Adem&aacute;s la mayor&iacute;a de esos sat&eacute;lites tendr&aacute;n que reducir su altura orbital al final de su vida &uacute;til para reentrar en la atm&oacute;sfera evitando la acumulaci&oacute;n de basura espacial en &oacute;rbita, lo cual requiere un importante gasto de propulsante.<\/p>\n<\/li>\n<\/ul>\n<p style=\"text-align: center\"><em>&ldquo;A diferencia de los sistemas de propulsi&oacute;n actuales, una cinta espacial electrodin&aacute;mica con baja funci&oacute;n de trabajo no necesita propulsante y utiliza recursos naturales del entorno espacial&rdquo;<\/em><\/p>\n<p style=\"text-align: center\">&nbsp;<\/p>\n<h4 style=\"text-align: left\"><strong>Ventajas competitivas<\/strong><\/h4>\n<ul>\n<li>\n<p style=\"text-align: justify\">El sistema no necesita ning&uacute;n consumible (propelentes l&iacute;quidos o s&oacute;lidos, gases).<\/p>\n<\/li>\n<li style=\"text-align: justify\">\n<p>Operaci&oacute;n totalmente pasiva (excepto la bater&iacute;a).<\/p>\n<\/li>\n<li style=\"text-align: justify\">\n<p>Funcionamiento continuo e inagotable mientras las propiedades del recubrimiento no se degraden y haya potencia abordo.<\/p>\n<\/li>\n<li style=\"text-align: justify\">\n<p>No necesita control de actitud preciso.<\/p>\n<\/li>\n<li style=\"text-align: justify\">\n<p>Dise&ntilde;o escalable en funci&oacute;n de la &oacute;rbita y las necesidades de empuje.<\/p>\n<\/li>\n<li>\n<p style=\"text-align: justify\">Control del nivel de empuje a trav&eacute;s de la potencia entregada por la bater&iacute;a.<\/p>\n<\/li>\n<\/ul>\n<h4 style=\"text-align: left\"><strong>Referencias<\/strong><\/h4>\n<ul>\n<li>\n<p style=\"text-align: justify\">El Ministerio de Econom&iacute;a, Industria, y Competitividad de Espa&ntilde;a les ha concedido una ayuda para la exploraci&oacute;n de nuevos materiales.<\/p>\n<\/li>\n<li>\n<p style=\"text-align: justify\">El equipo coordina un consorcio internacional que ha mandado una propuesta FET-OPEN a la Comisi&oacute;n Europea con la que se pretende preparar por primera vez un kit de desorbitado basado en esta tecnolog&iacute;a.<\/p>\n<\/li>\n<\/ul>\n<h4 style=\"text-align: left\"><strong>Protecci&oacute;n industrial<\/strong><\/h4>\n<ul>\n<li>\n<p style=\"text-align: justify\">Patente concedida en Espa&ntilde;a ES2562713.<\/p>\n<\/li>\n<li>\n<p style=\"text-align: justify\">Patente concedida en Espa&ntilde;a ES2569540.<\/p>\n<\/li>\n<li>Patente europea solicita v&iacute;a EPO.<\/li>\n<\/ul>\n<h4 style=\"text-align: left\"><strong>Grado de desarrollo<\/strong><\/h4>\n<ul>\n<li>\n<p>Concepto<\/p>\n<\/li>\n<li>\n<p>Investigaci&oacute;n<\/p>\n<\/li>\n<li>\n<p><span style=\"text-decoration: underline\"><strong>Prototipo Lab<\/strong><\/span><\/p>\n<\/li>\n<li>\n<p>Prototipo industrial<\/p>\n<\/li>\n<li>\n<p>Producci&oacute;n<\/p>\n<\/li>\n<\/ul>\n<h4 style=\"text-align: left\"><strong>Contacto<\/strong><\/h4>\n<p style=\"text-align: justify\"><strong>Contacto CINTAS<\/strong><\/p>\n<p style=\"text-align: justify\">Claudio Bombardelli<\/p>\n<p style=\"text-align: justify\">e: <span rel=\"78312c30a7313331ad314331bc311f31a7312030b1312231b0312d3198313131ab312931ab312331ac310a31a6312e31a9310230a6312531\" class=\"cryptex \" style=\"\"><span class=\"CryptexImg ctxXokJwiMGI1CbWiNOym_kOf6A20NTEBNCySii5DYoo_E\"><\/span><\/span><\/p>\n<p style=\"text-align: justify\"><strong>Contacto UPM<\/strong><\/p>\n<p style=\"text-align: justify\">Programas de Innovaci&oacute;n y Emprendimiento<\/p>\n<p style=\"text-align: justify\">Centro de Apoyo a la Innovaci&oacute;n Tecnol&oacute;gica &ndash; UPM<\/p>\n<p style=\"text-align: justify\">e: <span rel=\"78312c30ad313531ba313d31ce3117319b311b31be31213171313f319c312231b5313331ab312631aa31333194311f317c314531b1311f3169312f31c831\" class=\"cryptex \" style=\"\"><span class=\"CryptexImg ctxR7neImVV1tJoTSyttUGBAuiESKXKLLyzTwJSN1lk9Z0\"><\/span><\/span><\/p>\n<div class=\"pdfprnt-buttons pdfprnt-buttons-product pdfprnt-bottom-left\"><a href=\"https:\/\/www.upm.es\/recursosidi\/wp-json\/wp\/v2\/product\/10834?print=pdf\" class=\"pdfprnt-button pdfprnt-button-pdf\" target=\"_blank\"><span class=\"pdfprnt-button-title pdfprnt-button-pdf-title\">Descargar ficha<\/span><\/a><\/div>","protected":false},"excerpt":{"rendered":"<p>Para un espacio m\u00e1s limpio.<\/p>\n<p>Nuevo sistema de generaci\u00f3n de potencia el\u00e9ctrica y propulsi\u00f3n para sat\u00e9lites en \u00f3rbita.<\/p>\n","protected":false},"featured_media":10833,"template":"","meta":{"_acf_changed":false},"product_cat":[2384],"product_tag":[2433,2498],"comunidades-upm":[],"quien":[],"mapa":[{"term_id":128,"name":"Espacio y Observaci\u00f3n de la Tierra","slug":"espacio-observacion_tierra","term_group":0,"term_taxonomy_id":128,"taxonomy":"mapa","description":"","parent":0,"count":19,"filter":"raw","term_order":"12"}],"disponibilidad":[],"donde":[{"term_id":616,"name":"Din\u00e1mica Espacial (SDG-UPM)","slug":"dinamica-espacial-sdg-upm","term_group":0,"term_taxonomy_id":616,"taxonomy":"donde","description":"","parent":0,"count":9,"filter":"raw","term_order":"0"},{"term_id":1838,"name":"Space Dynamics Group (SDG-UPM)","slug":"en_space-dynamics-group-sdg-upm","term_group":0,"term_taxonomy_id":1838,"taxonomy":"donde","description":"","parent":0,"count":7,"filter":"raw","term_order":"0"}],"infraestructura":[],"ods":[{"term_id":2247,"name":"Industria, Innovaci\u00f3n e Infraestructura","slug":"industria-innovacion-e-infraestructura","term_group":0,"term_taxonomy_id":2247,"taxonomy":"ods","description":"","parent":0,"count":171,"filter":"raw","term_order":"0"}],"origen":[{"term_id":192,"name":"Soluciones tecnol\u00f3gicas","slug":"soluciones-tecnologicas","term_group":0,"term_taxonomy_id":192,"taxonomy":"origen","description":"","parent":0,"count":278,"filter":"raw","term_order":"0"}],"familia_tax":false,"quien_tax":false,"donde_tax":false,"year":"","contacto":"ETSI Aeron\u00e1utica y del Espacio - UPM, Plaza Cardenal Cisneros, 3, 28040, Madrid","telefono":"","pagina_web":"https:\/\/www.etsiae.upm.es\/","email":"claudio.bombardelli@upm.es","id_ficha_portal":"73","video":"","adjuntos":false,"adjuntos_portal":"","inf":false,"departamento":"","acf":[],"lang":"es","translation":{"es":10834,"en":10836},"_links":{"self":[{"href":"https:\/\/www.upm.es\/recursosidi\/wp-json\/wp\/v2\/product\/10834"}],"collection":[{"href":"https:\/\/www.upm.es\/recursosidi\/wp-json\/wp\/v2\/product"}],"about":[{"href":"https:\/\/www.upm.es\/recursosidi\/wp-json\/wp\/v2\/types\/product"}],"wp:featuredmedia":[{"embeddable":true,"href":"https:\/\/www.upm.es\/recursosidi\/wp-json\/wp\/v2\/media\/10833"}],"wp:attachment":[{"href":"https:\/\/www.upm.es\/recursosidi\/wp-json\/wp\/v2\/media?parent=10834"}],"wp:term":[{"taxonomy":"product_cat","embeddable":true,"href":"https:\/\/www.upm.es\/recursosidi\/wp-json\/wp\/v2\/product_cat?post=10834"},{"taxonomy":"product_tag","embeddable":true,"href":"https:\/\/www.upm.es\/recursosidi\/wp-json\/wp\/v2\/product_tag?post=10834"},{"taxonomy":"comunidad_upm","embeddable":true,"href":"https:\/\/www.upm.es\/recursosidi\/wp-json\/wp\/v2\/comunidades-upm?post=10834"},{"taxonomy":"quien","embeddable":true,"href":"https:\/\/www.upm.es\/recursosidi\/wp-json\/wp\/v2\/quien?post=10834"},{"taxonomy":"mapa","embeddable":true,"href":"https:\/\/www.upm.es\/recursosidi\/wp-json\/wp\/v2\/mapa?post=10834"},{"taxonomy":"disponibilidad","embeddable":true,"href":"https:\/\/www.upm.es\/recursosidi\/wp-json\/wp\/v2\/disponibilidad?post=10834"},{"taxonomy":"donde","embeddable":true,"href":"https:\/\/www.upm.es\/recursosidi\/wp-json\/wp\/v2\/donde?post=10834"},{"taxonomy":"infraestructura","embeddable":true,"href":"https:\/\/www.upm.es\/recursosidi\/wp-json\/wp\/v2\/infraestructura?post=10834"},{"taxonomy":"ods","embeddable":true,"href":"https:\/\/www.upm.es\/recursosidi\/wp-json\/wp\/v2\/ods?post=10834"},{"taxonomy":"origen","embeddable":true,"href":"https:\/\/www.upm.es\/recursosidi\/wp-json\/wp\/v2\/origen?post=10834"}],"curies":[{"name":"wp","href":"https:\/\/api.w.org\/{rel}","templated":true}]}}