{"id":10863,"date":"2022-08-16T13:04:05","date_gmt":"2022-08-16T11:04:05","guid":{"rendered":"https:\/\/www.upm.es\/recursosidi\/offers-resources\/sin categor\u00eda\/fallert\/"},"modified":"2022-08-16T13:04:11","modified_gmt":"2022-08-16T11:04:11","slug":"fallert","status":"publish","type":"product","link":"https:\/\/www.upm.es\/recursosidi\/offers-resources\/soluciones-tecnologicas\/fallert\/","title":{"rendered":"FALLERT"},"content":{"rendered":"<h4 style=\"text-align: left\"><strong>Descripci&oacute;n breve conjunta de la soluci&oacute;n y valor a&ntilde;adido que aporta <\/strong><\/h4>\n<p style=\"text-align: justify\">La detecci&oacute;n de ca&iacute;das para personas que viven solas es una de las necesidades m&aacute;s demandadas por los familiares y cuidadores. Las ca&iacute;das son la principal causa de lesiones y fallecimiento de personas ancianas. La mayor&iacute;a de los dispositivos comerciales que se encuentran en el mercado actualmente se basan en dispositivos que debe llevar la persona. Desgraciadamente, las personas mayores se suelen olvidar de llevarlas y en ese caso pierden toda su efectividad. El sistema propuesto est&aacute; basado en c&aacute;maras colocadas en las habitaciones y no es necesario llevarlo puesto. En caso de ca&iacute;da manda un mensaje instant&aacute;neamente al cuidador o familiar, de manera que &eacute;ste puede verificar la ca&iacute;da y su alcance. Probado en entornos controlados. Ha recibido el Premio ABC Solidario 2016.<\/p>\n<h4 style=\"text-align: left\"><strong>Descripci&oacute;n de la base tecnol&oacute;gica<\/strong><\/h4>\n<p style=\"text-align: justify\">Sistema para la detecci&oacute;n de ca&iacute;das de personas (en particular mayores) que viven solas basado en un dispositivo de visi&oacute;n artificial de bajo coste. En caso de ca&iacute;da genera avisos autom&aacute;ticos (sin intervenci&oacute;n por parte de la persona ca&iacute;da) a m&oacute;viles de cuidadores o familiares (por Telegram o email), permitiendo una r&aacute;pida atenci&oacute;n tras el accidente. Los mensajes incluyen una foto de la ca&iacute;da para verificaci&oacute;n.<\/p>\n<p style=\"text-align: justify\">Su principal ventaja frente a los dispositivos comerciales usados en la actualidad (basados en su mayor parte en dispositivos que llevan aceler&oacute;metros -wearables-), es que no requiere intervenci&oacute;n humana: no hay que llevarlo puesto, evitando por tanto olvidos (muy frecuente en personas con Alzheimer u otras enfermedades degenerativas).<\/p>\n<p style=\"text-align: center\"><em>&ldquo;El usuario no necesita llevar puesto ning&uacute;n dispositivo. El dispositivo se coloca en las paredes o techo de las habitaciones.&rdquo;<\/em><\/p>\n<h4 style=\"text-align: left\"><strong>Necesidades de negocio \/ aplicaci&oacute;n<\/strong><\/h4>\n<ul>\n<li>Las ca&iacute;das son la principal causa de lesiones y fallecimiento de personas ancianas.<\/li>\n<li>Entre el 28% y el 35% de las personas mayores de 65 a&ntilde;os sufre al menos una ca&iacute;da al a&ntilde;o, y hasta el 42% de las personas mayores de 70 a&ntilde;os (seg&uacute;n la Organizaci&oacute;n Mundial de la Salud).<\/li>\n<li>Las ca&iacute;das representan m&aacute;s del 50% de las hospitalizaciones de personas mayores, y alrededor del 40% de la mortalidad no natural para este segmento de la poblaci&oacute;n (OMS).<\/li>\n<li>El tiempo de respuesta y que el accidente no pase desapercibido son par&aacute;metros b&aacute;sicos para reducir el impacto en la salud de una ca&iacute;da una vez que se ha producido.<\/li>\n<li>Los sistemas de detecci&oacute;n de ca&iacute;das suponen un beneficio psicol&oacute;gico para las personas mayores al reducir el miedo a sufrir uno de estos accidentes y no recibir auxilio. Y suponen un descanso para los cuidadores que saben que si no hay alertas todo va bien.<\/li>\n<li>Las personas mayores (en especial la que padecen demencia) olvidan llevar dispositivos de detecci&oacute;n de ca&iacute;das o de auxilio.<\/li>\n<li>Son necesarias soluciones externas, como la que proponemos, que no impliquen llevar puesto el dispositivo de detecci&oacute;n o llamada. Nuestro dispositivo se instala en las habitaciones del hogar o centro.<\/li>\n<\/ul>\n<div class=\"O1\" style=\"text-align: center\"><em>&ldquo;El dispositivo monitoriza el entorno continuamente y detecta de forma aut&oacute;noma la ca&iacute;da, avisando al cuidador seleccionado. No hace falta que el usuario realice ninguna acci&oacute;n.&rdquo;<\/em><\/div>\n<h4 style=\"text-align: left\"><strong>Ventajas competitivas<\/strong><\/h4>\n<ul>\n<li style=\"text-align: justify\">No hay que llevarlo puesto. Los sistemas de protecci&oacute;n contra ca&iacute;das comerciales est&aacute;n basados en dispositivos que han de ser portados por la persona (tipo colgante). El que proponemos se instala en las habitaciones. Se evitan olvidos y falsos positivos por movimientos bruscos.<\/li>\n<li style=\"text-align: justify\">Aviso inmediato en caso de ca&iacute;da. El sistema manda un aviso sin necesidad de pulsar un bot&oacute;n, cosa que no ocurre en otros sistemas que dependen en gran medida de que la persona sea capaz de pulsar el bot&oacute;n de auxilio que incorporan.<\/li>\n<li style=\"text-align: justify\">Env&iacute;o de mensajes con im&aacute;genes, para que el cuidador juzgue la importancia de la ca&iacute;da.<\/li>\n<li style=\"text-align: justify\">Nuevo aviso en caso de recuperaci&oacute;n de la ca&iacute;da. Otros sistemas no tienen esa posibilidad, con el consiguiente perjuicio para el cuidador.<\/li>\n<\/ul>\n<h4 style=\"text-align: left\"><strong>Referencias<\/strong><\/h4>\n<ul>\n<li>Reconocido por iniciativas de investigaci&oacute;n solidaria, como el Premio ABC Solidario por el Grupo Vocento.<\/li>\n<li>Proyecto apoyado por la Fundaci&oacute;n Alzheimer Espa&ntilde;a.<\/li>\n<\/ul>\n<h4 style=\"text-align: left\"><strong>Grado de desarrollo<\/strong><\/h4>\n<ul>\n<li>\n<p>Concepto<\/p>\n<\/li>\n<li>\n<p>Investigaci&oacute;n<\/p>\n<\/li>\n<li>\n<p><span style=\"text-decoration: underline\"><strong>Prototipo Lab<\/strong><\/span><\/p>\n<\/li>\n<li>\n<p>Prototipo industrial<\/p>\n<\/li>\n<li>\n<p>Producci&oacute;n<\/p>\n<\/li>\n<\/ul>\n<h4 style=\"text-align: left\"><strong>Contacto<\/strong><\/h4>\n<p>Alberto Brunete y Miguel Hernando<\/p>\n<p>e: <a href=\"mailto:<span rel=\"72313130a7312631b3312231ab311d31b3311730b2312c31cd313431ac314131af311330b3311a31b5310c309f313d31\" class=\"cryptex \" style=\"\"><span class=\"CryptexImg ctxQQk3LZLnAO3Hz2P6Ls3XDmU9zu4XeZpvCV4OAgwtD9g\"><\/span><\/span>\"><span rel=\"72313130a7312631b3312231ab311d31b3311730b2312c31cd313431ac314131af311330b3311a31b5310c309f313d31\" class=\"cryptex \" style=\"\"><span class=\"CryptexImg ctxQQk3LZLnAO3Hz2P6Ls3XDmU9zu4XeZpvCV4OAgwtD9g\"><\/span><\/span><\/a><\/p>\n<p>t: +34 914524900 Ext. 23405<\/p>\n<p><strong>Contacto UPM<\/strong><\/p>\n<p>Programas de Innovaci&oacute;n y Emprendimiento<\/p>\n<p>Centro de Apoyo a la Innovaci&oacute;n Tecnol&oacute;gica &ndash; UPM<\/p>\n<p>e: <a href=\"mailto:<span rel=\"72313130af312831bf312c31af310a31a7312431bf31283186313a31ac313031b8311c31aa311931af312f319d312b317f311f31c63123315f313431c031\" class=\"cryptex \" style=\"\"><span class=\"CryptexImg ctxR7neImVV1tJoTSyttUGBAuiESKXKLLyzTwJSN1lk9Z0\"><\/span><\/span>\"><span rel=\"72313130af312831bf312c31af310a31a7312431bf31283186313a31ac313031b8311c31aa311931af312f319d312b317f311f31c63123315f313431c031\" class=\"cryptex \" style=\"\"><span class=\"CryptexImg ctxR7neImVV1tJoTSyttUGBAuiESKXKLLyzTwJSN1lk9Z0\"><\/span><\/span><\/a><\/p>\n<div class=\"pdfprnt-buttons pdfprnt-buttons-product pdfprnt-bottom-left\"><a href=\"https:\/\/www.upm.es\/recursosidi\/wp-json\/wp\/v2\/product\/10863?print=pdf\" class=\"pdfprnt-button pdfprnt-button-pdf\" target=\"_blank\"><span class=\"pdfprnt-button-title pdfprnt-button-pdf-title\">Descargar ficha<\/span><\/a><\/div>","protected":false},"excerpt":{"rendered":"<p>Detector de ca\u00eddas para personas mayores independientes.<\/p>\n<p>Sea consciente de las ca\u00eddas de sus familiares al momento y sin que tengan que llevar ning\u00fan dispositivo encima. Detecci\u00f3n mediante visi\u00f3n artificial.<\/p>\n","protected":false},"featured_media":10861,"template":"","meta":{"_acf_changed":false},"product_cat":[2384],"product_tag":[],"comunidades-upm":[],"quien":[],"mapa":[{"term_id":122,"name":"Salud y bienestar","slug":"salud-y-bienestar","term_group":0,"term_taxonomy_id":122,"taxonomy":"mapa","description":"","parent":0,"count":105,"filter":"raw","term_order":"17"},{"term_id":126,"name":"Tecnolog\u00edas digitales, Inteligencia Artificial, ciberseguridad, 5G, rob\u00f3tica","slug":"tecnologias_digitales-ai-ciberseguridad-5g-robotica","term_group":0,"term_taxonomy_id":126,"taxonomy":"mapa","description":"","parent":0,"count":194,"filter":"raw","term_order":"23"}],"disponibilidad":[],"donde":[{"term_id":1800,"name":"Centre for Automation and Robotics (CAR). Joint UPM-CSIC Centre","slug":"en_centre-for-automation-and-robotics-car-joint-upm-csic-centre","term_group":0,"term_taxonomy_id":1800,"taxonomy":"donde","description":"","parent":0,"count":17,"filter":"raw","term_order":"0"},{"term_id":576,"name":"Centro de Autom\u00e1tica y Rob\u00f3tica (CAR). Centro Mixto UPM-CSIC","slug":"centro-de-automatica-y-robotica-car-centro-mixto-upm-csic","term_group":0,"term_taxonomy_id":576,"taxonomy":"donde","description":"","parent":0,"count":42,"filter":"raw","term_order":"0"},{"term_id":366,"name":"Rob\u00f3tica y Cibern\u00e9tica","slug":"robotica-y-cibernetica","term_group":0,"term_taxonomy_id":366,"taxonomy":"donde","description":"En el grupo de Investigaci&oacute;n de Rob&oacute;tica y Cibern&eacute;tica (ROBCIB) orientamos la investigaci&oacute;n hacia el desarrollo de robots y sus aplicaciones trabajando en nuestras principales l&iacute;neas de investigaci&oacute;n:\n&nbsp;\n\nRob&oacute;tica de exteriores\nRobots para agricultura\nRobots para Seguridad B&uacute;squeda y Rescate\nRob&oacute;tica a&eacute;rea\nInterfaces Humano Robot\nSoftRobots\nIngenier&iacute;a biom&eacute;dica\nMicro-rob&oacute;tica\n\n&nbsp;\nLos miembros del ROBCIB han sido pioneros en Espa&ntilde;a en la investigaci&oacute;n y desarrollo en diversas &aacute;reas de la rob&oacute;tica, habiendo participado en el desarrollo de robots o de aplicaciones de los mismos desde el a&ntilde;o 1982, bien en proyectos nacionales como internacionales con financiaci&oacute;n p&uacute;blica y privada.","parent":0,"count":10,"filter":"raw","term_order":"0"},{"term_id":1590,"name":"Robotics and Cybernetics","slug":"en_robotics-and-cybernetics","term_group":0,"term_taxonomy_id":1590,"taxonomy":"donde","description":"En el grupo de Investigaci&oacute;n de Rob&oacute;tica y Cibern&eacute;tica (ROBCIB) orientamos la investigaci&oacute;n hacia el desarrollo de robots y sus aplicaciones trabajando en nuestras principales l&iacute;neas de investigaci&oacute;n:\n&nbsp;\n\nRob&oacute;tica de exteriores\nRobots para agricultura\nRobots para Seguridad B&uacute;squeda y Rescate\nRob&oacute;tica a&eacute;rea\nInterfaces Humano Robot\nSoftRobots\nIngenier&iacute;a biom&eacute;dica\nMicro-rob&oacute;tica\n\n&nbsp;\nLos miembros del ROBCIB han sido pioneros en Espa&ntilde;a en la investigaci&oacute;n y desarrollo en diversas &aacute;reas de la rob&oacute;tica, habiendo participado en el desarrollo de robots o de aplicaciones de los mismos desde el a&ntilde;o 1982, bien en proyectos nacionales como internacionales con financiaci&oacute;n p&uacute;blica y privada.","parent":0,"count":6,"filter":"raw","term_order":"0"}],"infraestructura":[],"ods":[{"term_id":2243,"name":"Reducci\u00f3n de las Desigualdades","slug":"reduccion-de-las-desigualdades","term_group":0,"term_taxonomy_id":2243,"taxonomy":"ods","description":"","parent":0,"count":17,"filter":"raw","term_order":"0"},{"term_id":2271,"name":"Salud y Bienestar","slug":"salud-y-bienestar","term_group":0,"term_taxonomy_id":2271,"taxonomy":"ods","description":"","parent":0,"count":59,"filter":"raw","term_order":"0"}],"origen":[{"term_id":192,"name":"Soluciones tecnol\u00f3gicas","slug":"soluciones-tecnologicas","term_group":0,"term_taxonomy_id":192,"taxonomy":"origen","description":"","parent":0,"count":278,"filter":"raw","term_order":"0"}],"familia_tax":false,"quien_tax":false,"donde_tax":false,"year":"","contacto":"ETS de Ingenieros Industriales - UPM, c\/ Jos\u00e9 Guti\u00e9rrez Abascal 2, 28006, Madrid","telefono":"","pagina_web":"https:\/\/www.car.upm-csic.es\/","email":"alberto.brunete@upm.es","id_ficha_portal":"3","video":"","adjuntos":false,"adjuntos_portal":"","inf":false,"departamento":"","acf":[],"lang":"es","translation":{"es":10863,"en":10866},"_links":{"self":[{"href":"https:\/\/www.upm.es\/recursosidi\/wp-json\/wp\/v2\/product\/10863"}],"collection":[{"href":"https:\/\/www.upm.es\/recursosidi\/wp-json\/wp\/v2\/product"}],"about":[{"href":"https:\/\/www.upm.es\/recursosidi\/wp-json\/wp\/v2\/types\/product"}],"wp:featuredmedia":[{"embeddable":true,"href":"https:\/\/www.upm.es\/recursosidi\/wp-json\/wp\/v2\/media\/10861"}],"wp:attachment":[{"href":"https:\/\/www.upm.es\/recursosidi\/wp-json\/wp\/v2\/media?parent=10863"}],"wp:term":[{"taxonomy":"product_cat","embeddable":true,"href":"https:\/\/www.upm.es\/recursosidi\/wp-json\/wp\/v2\/product_cat?post=10863"},{"taxonomy":"product_tag","embeddable":true,"href":"https:\/\/www.upm.es\/recursosidi\/wp-json\/wp\/v2\/product_tag?post=10863"},{"taxonomy":"comunidad_upm","embeddable":true,"href":"https:\/\/www.upm.es\/recursosidi\/wp-json\/wp\/v2\/comunidades-upm?post=10863"},{"taxonomy":"quien","embeddable":true,"href":"https:\/\/www.upm.es\/recursosidi\/wp-json\/wp\/v2\/quien?post=10863"},{"taxonomy":"mapa","embeddable":true,"href":"https:\/\/www.upm.es\/recursosidi\/wp-json\/wp\/v2\/mapa?post=10863"},{"taxonomy":"disponibilidad","embeddable":true,"href":"https:\/\/www.upm.es\/recursosidi\/wp-json\/wp\/v2\/disponibilidad?post=10863"},{"taxonomy":"donde","embeddable":true,"href":"https:\/\/www.upm.es\/recursosidi\/wp-json\/wp\/v2\/donde?post=10863"},{"taxonomy":"infraestructura","embeddable":true,"href":"https:\/\/www.upm.es\/recursosidi\/wp-json\/wp\/v2\/infraestructura?post=10863"},{"taxonomy":"ods","embeddable":true,"href":"https:\/\/www.upm.es\/recursosidi\/wp-json\/wp\/v2\/ods?post=10863"},{"taxonomy":"origen","embeddable":true,"href":"https:\/\/www.upm.es\/recursosidi\/wp-json\/wp\/v2\/origen?post=10863"}],"curies":[{"name":"wp","href":"https:\/\/api.w.org\/{rel}","templated":true}]}}