{"id":10870,"date":"2022-08-16T13:04:23","date_gmt":"2022-08-16T11:04:23","guid":{"rendered":"https:\/\/www.upm.es\/recursosidi\/offers-resources\/sin categor\u00eda\/future-storms-2\/"},"modified":"2022-08-16T13:04:25","modified_gmt":"2022-08-16T11:04:25","slug":"future-storms-2","status":"publish","type":"product","link":"https:\/\/www.upm.es\/recursosidi\/en\/offers-resources\/technological-solutions\/future-storms-2\/","title":{"rendered":"FUTURE STORMS"},"content":{"rendered":"<h4 style='text-align: left'>\n                <strong>Brief description of the solution and the added value it delivers<\/strong><br \/>\n            <\/h4>\n<p style='text-align: justify'>The Future Storm database includes the expected rates of change, as a consequence of climate change, in maximum daily rainfall for return periods of 2, 5, 10, 50, 100, 500 and 1,000 years in mainland Spain, Portugal and the Balearic Islands. It makes it possible to immediately calculate the magnitude of future storms without needing to apply complex methodologies, covering the whole of the national territory and providing the results both visually and numerically. The database has been used by TRAGSATEC under a licence to use, supported by the Sub-directorate for Public Water Resources (<i>Dominio P\u00fablico Hidr\u00e1ulico<\/i>) of the Ministry for the Ecological Transition and CEDEX&#8217;s Centre for Hydrographic Studies.<\/p>\n<h4 style='text-align: left'>\n                <strong>Description of the technological basis<\/strong><br \/>\n            <\/h4>\n<p style='text-align: justify'>Database containing the expected future changes, as a consequence of climate change, in the daily rainfall quantiles in mainland Spain, Portugal and the Balearic Islands.<\/p>\n<p style='text-align: justify'>The database provides quantitative values for changes associated with daily rainfall quantiles for defined return periods, making it possible to determine the law of rainfall frequency to be expected in the future as a consequence of climate change based on the current law of rainfall frequency, as calculated from information recorded by rain gauges.<\/p>\n<p style='text-align: justify'>It can be applied immediately and simply to any location on the Iberian peninsula or in the Balearic Islands.<\/p>\n<p style='text-align: center'>\n                <em>&#8216;It is a simple and immediate way to calculate the rainfall extremes expected in the future as a consequence of climate change at the national level&#8217;<\/em>\n            <\/p>\n<p style='text-align: justify' \/>\n<h4 style='text-align: left'>\n                <strong>Business needs \/ application<\/strong><br \/>\n            <\/h4>\n<ul>\n<li>\n<p style='text-align: justify'>We need to know the impact of climate change on flooding, in order to incorporate that information into flood risk management plans, following the Floods Directive and the requirements of the European Union.<\/p>\n<\/li>\n<li style='text-align: justify'>\n<p>City councils and water supply and sanitation companies need to know the future behaviour of extreme rainfall as a consequence of climate change, in order to provide cities with drainage systems of the right capacity, identify areas likely to be flooded and inform the population, in order to reduce the potential damage.<\/p>\n<\/li>\n<li>\n<p style='text-align: justify'>Owners of water infrastructure (e.g. dams) need to know how rainfall will behave in the future so that they can reassess their safety, as they may prove less safe than currently considered.<\/p>\n<\/li>\n<\/ul>\n<h4 style='text-align: left'>\n                <strong>Competitive advantages<\/strong><br \/>\n            <\/h4>\n<ul>\n<li>\n<p style='text-align: justify'>It allows the magnitude of future storms, as a consequence of climate change, to be calculated immediately, without needing to apply complex and time-consuming methodologies.<\/p>\n<\/li>\n<li style='text-align: justify'>\n<p>It quantifies the expected changes in storms objectively, making it easier to apply them in practice.<\/p>\n<\/li>\n<li style='text-align: justify'>\n<p>It covers the whole of the national territory, being applicable to small-scale studies, such as those relating to basins or municipalities, and large-scale studies, such as nationwide studies or studies relating to hydrographic districts.<\/p>\n<\/li>\n<li>\n<p style='text-align: justify'>It provides the results visually for interpretation and numerically for further studies.<\/p>\n<\/li>\n<\/ul>\n<h4>\n                <strong>References<\/strong><br \/>\n            <\/h4>\n<ul>\n<li>\n<p style='text-align: justify'>TRAGSATEC. Acquisition of a licence to use the database.<\/p>\n<\/li>\n<li>\n<p style='text-align: justify'>Supported by the Sub-directorate for Public Water Resources of the Ministry for the Ecological Transition and CEDEX&#8217;s Centre for Hydrographic Studies.<\/p>\n<\/li>\n<\/ul>\n<h4>\n                <strong>Industrial property<\/strong><br \/>\n            <\/h4>\n<ul>\n<li>\n<p>Registered database: M-001724\/2018.<\/p>\n<\/li>\n<\/ul>\n<h4>\n                <strong>Stage of development<\/strong><br \/>\n            <\/h4>\n<ul>\n<li>\n<p>Concept<\/p>\n<\/li>\n<li>\n<p>Research<\/p>\n<\/li>\n<li>\n<p>\n                        <span style='text-decoration: underline'><br \/>\n                            <strong>Lab prototype<\/strong><br \/>\n                        <\/span>\n                    <\/p>\n<\/li>\n<li>\n<p>Industrial prototype<\/p>\n<\/li>\n<li>\n<p>Production<\/p>\n<\/li>\n<\/ul>\n<h4>\n                <strong>Contact<\/strong><br \/>\n            <\/h4>\n<p style='text-align: justify'>\n                <strong>Future Storm database contact<\/strong>\n            <\/p>\n<p style='text-align: justify'>Luis Mediero Ordu\u00f1a, Carlos Garijo Sarr\u00eda, Enrique Soriano Mart\u00edn<\/p>\n<p style='text-align: justify'>Ingenier\u00eda Hidr\u00e1ulica &#8211; ETSI Caminos, Canales y Puertos &#8211; UPM<\/p>\n<p style='text-align: justify'>e: <a><span rel=\"6a312a30c0312d31b631233179311d31973118319b313531a23134318d313a31c2311e3171312531b031\" class=\"cryptex \" style=\"\"><span class=\"CryptexImg ctxVMNt_VFGNhhLJUZqZiAq2pHE1zraJbuV7gj4VsSuAE4\"><\/span><\/span><\/a>\n            <\/p>\n<p style='text-align: justify'>\n                <a>e: <span rel=\"6a312a30b7311a30b4311131bd3119319c31233172314531a03132317b312a31c531\" class=\"cryptex \" style=\"\"><span class=\"CryptexImg ctxYLGEUvpDlQK-ljGTZlFCegj0bn4TD_esFvIAajspLgY\"><\/span><\/span><\/a>\n            <\/p>\n<p style='text-align: justify'>\n                <a>e: <span rel=\"6a312a30b9311a30c0311f31bd31193193312231a131103193312631ba312e31c0312031b6311230b2313c31ac3106309b313e31\" class=\"cryptex \" style=\"\"><span class=\"CryptexImg ctxP5i2pyxNPEiluIeaPfKOF6lf7Ct4IbQoz6qdAAqURqs\"><\/span><\/span><\/a>\n            <\/p>\n<p style='text-align: justify'>\n                <strong>UPM contact<\/strong>\n            <\/p>\n<p style='text-align: justify'>Innovation and Entrepreneurship Programmes<\/p>\n<p style='text-align: justify'>Technological Innovation Support Centre (CAIT) &#8211; UPM<\/p>\n<p style='text-align: justify'>e: <span rel=\"6a312a30bd312631bb311f31c131113195311d31a1313e315e313931b2312831c0312031af312f31a4313531a2312d3176314031b931223174310f31b231\" class=\"cryptex \" style=\"\"><span class=\"CryptexImg ctxR7neImVV1tJoTSyttUGBAuiESKXKLLyzTwJSN1lk9Z0\"><\/span><\/span><\/p>\n<div class=\"pdfprnt-buttons pdfprnt-buttons-product pdfprnt-bottom-left\"><a href=\"https:\/\/www.upm.es\/recursosidi\/wp-json\/wp\/v2\/product\/10870?print=pdf\" class=\"pdfprnt-button pdfprnt-button-pdf\" target=\"_blank\"><span class=\"pdfprnt-button-title pdfprnt-button-pdf-title\">Descargar ficha<\/span><\/a><\/div>","protected":false},"excerpt":{"rendered":"<p>Design a safer future. Quantification of the magnitude of storms expected in the future as a consequence of climate change on a national scale.<\/p>\n","protected":false},"featured_media":10869,"template":"","meta":{"_acf_changed":false},"product_cat":[2386],"product_tag":[8152,6313,8149],"comunidades-upm":[],"quien":[],"mapa":[{"term_id":41,"name":"Climate, Energy and Mobility","slug":"climate-energy-mobility","term_group":0,"term_taxonomy_id":41,"taxonomy":"mapa","description":"","parent":0,"count":60,"filter":"raw","term_order":"10"}],"disponibilidad":[],"donde":[{"term_id":534,"name":"Hidroinform\u00e1tica y Gesti\u00f3n del Agua","slug":"hidroinformatica-y-gestion-del-agua","term_group":0,"term_taxonomy_id":534,"taxonomy":"donde","description":"El objetivo de nuestro grupo es la investigaci&oacute;n en un campo multidisciplinar que combina intereses tecnol&oacute;gicos, humanos, sociol&oacute;gicos y medioambientales con el fin de resolver problemas relacionados con el medio ambiente acu&aacute;tico y mejorar la gesti&oacute;n de los recursos h&iacute;dricos haciendo uso de las tecnolog&iacute;as de informaci&oacute;n. La hidroinform&aacute;tica utiliza soluciones tales como m&eacute;todos num&eacute;ricos de modelizaci&oacute;n y optimizaci&oacute;n, redes de sensores, sistemas de informaci&oacute;n e inteligencia artificial (an&aacute;lisis inteligente de datos, herramientas de ayuda a la decisi&oacute;n) para resolver problemas de hidr&aacute;ulica, hidrolog&iacute;a e ingenier&iacute;a ambiental con el fin de obtener un mejor manejo de los sistemas basados en recursos h&iacute;dricos.\n&nbsp;\nNuestras l&iacute;neas de investigaci&oacute;n incluyen:\n\n\n<strong>Infraestructuras y Sistemas Hidr&aacute;ulicos:<\/strong>&nbsp;Modelizaci&oacute;n, gesti&oacute;n de recursos, seguridad, sistemas hidroel&eacute;ctricos\n\n\n\n<strong>Medioambiente: <\/strong>Cambio clim&aacute;tico, sequ&iacute;a, impacto socio-econ&oacute;mico de la gesti&oacute;n del agua\n\n\n<strong>Tecnolog&iacute;as de Informaci&oacute;n: <\/strong>Sistemas de informaci&oacute;n, inteligencia artificial\n","parent":0,"count":15,"filter":"raw","term_order":"0"},{"term_id":1758,"name":"Hydroinformatics and Water Management","slug":"en_hydroinformatics-and-water-management","term_group":0,"term_taxonomy_id":1758,"taxonomy":"donde","description":"El objetivo de nuestro grupo es la investigaci&oacute;n en un campo multidisciplinar que combina intereses tecnol&oacute;gicos, humanos, sociol&oacute;gicos y medioambientales con el fin de resolver problemas relacionados con el medio ambiente acu&aacute;tico y mejorar la gesti&oacute;n de los recursos h&iacute;dricos haciendo uso de las tecnolog&iacute;as de informaci&oacute;n. La hidroinform&aacute;tica utiliza soluciones tales como m&eacute;todos num&eacute;ricos de modelizaci&oacute;n y optimizaci&oacute;n, redes de sensores, sistemas de informaci&oacute;n e inteligencia artificial (an&aacute;lisis inteligente de datos, herramientas de ayuda a la decisi&oacute;n) para resolver problemas de hidr&aacute;ulica, hidrolog&iacute;a e ingenier&iacute;a ambiental con el fin de obtener un mejor manejo de los sistemas basados en recursos h&iacute;dricos.\n&nbsp;\nNuestras l&iacute;neas de investigaci&oacute;n incluyen:\n\n\n<strong>Infraestructuras y Sistemas Hidr&aacute;ulicos:<\/strong>&nbsp;Modelizaci&oacute;n, gesti&oacute;n de recursos, seguridad, sistemas hidroel&eacute;ctricos\n\n\n\n<strong>Medioambiente: <\/strong>Cambio clim&aacute;tico, sequ&iacute;a, impacto socio-econ&oacute;mico de la gesti&oacute;n del agua\n\n\n<strong>Tecnolog&iacute;as de Informaci&oacute;n: <\/strong>Sistemas de informaci&oacute;n, inteligencia artificial\n","parent":0,"count":11,"filter":"raw","term_order":"0"}],"infraestructura":[],"ods":[{"term_id":2233,"name":"Climate Action","slug":"climate-action","term_group":0,"term_taxonomy_id":2233,"taxonomy":"ods","description":"","parent":0,"count":64,"filter":"raw","term_order":"0"}],"origen":[{"term_id":192,"name":"Soluciones tecnol\u00f3gicas","slug":"soluciones-tecnologicas","term_group":0,"term_taxonomy_id":192,"taxonomy":"origen","description":"","parent":0,"count":278,"filter":"raw","term_order":"0"}],"familia_tax":false,"quien_tax":false,"donde_tax":false,"year":"","contacto":"ETSI Caminos, Canales y Puertos -UPM, c\/ Profesor Aranguren, 3, 28040, Madrid","telefono":"","pagina_web":"https:\/\/www.caminos.upm.es\/","email":"luis.mediero@upm.es","id_ficha_portal":"85","video":"","adjuntos":false,"adjuntos_portal":"","inf":false,"departamento":"","acf":[],"lang":"en","translation":{"en":10870,"es":10868},"_links":{"self":[{"href":"https:\/\/www.upm.es\/recursosidi\/wp-json\/wp\/v2\/product\/10870"}],"collection":[{"href":"https:\/\/www.upm.es\/recursosidi\/wp-json\/wp\/v2\/product"}],"about":[{"href":"https:\/\/www.upm.es\/recursosidi\/wp-json\/wp\/v2\/types\/product"}],"wp:featuredmedia":[{"embeddable":true,"href":"https:\/\/www.upm.es\/recursosidi\/wp-json\/wp\/v2\/media\/10869"}],"wp:attachment":[{"href":"https:\/\/www.upm.es\/recursosidi\/wp-json\/wp\/v2\/media?parent=10870"}],"wp:term":[{"taxonomy":"product_cat","embeddable":true,"href":"https:\/\/www.upm.es\/recursosidi\/wp-json\/wp\/v2\/product_cat?post=10870"},{"taxonomy":"product_tag","embeddable":true,"href":"https:\/\/www.upm.es\/recursosidi\/wp-json\/wp\/v2\/product_tag?post=10870"},{"taxonomy":"comunidad_upm","embeddable":true,"href":"https:\/\/www.upm.es\/recursosidi\/wp-json\/wp\/v2\/comunidades-upm?post=10870"},{"taxonomy":"quien","embeddable":true,"href":"https:\/\/www.upm.es\/recursosidi\/wp-json\/wp\/v2\/quien?post=10870"},{"taxonomy":"mapa","embeddable":true,"href":"https:\/\/www.upm.es\/recursosidi\/wp-json\/wp\/v2\/mapa?post=10870"},{"taxonomy":"disponibilidad","embeddable":true,"href":"https:\/\/www.upm.es\/recursosidi\/wp-json\/wp\/v2\/disponibilidad?post=10870"},{"taxonomy":"donde","embeddable":true,"href":"https:\/\/www.upm.es\/recursosidi\/wp-json\/wp\/v2\/donde?post=10870"},{"taxonomy":"infraestructura","embeddable":true,"href":"https:\/\/www.upm.es\/recursosidi\/wp-json\/wp\/v2\/infraestructura?post=10870"},{"taxonomy":"ods","embeddable":true,"href":"https:\/\/www.upm.es\/recursosidi\/wp-json\/wp\/v2\/ods?post=10870"},{"taxonomy":"origen","embeddable":true,"href":"https:\/\/www.upm.es\/recursosidi\/wp-json\/wp\/v2\/origen?post=10870"}],"curies":[{"name":"wp","href":"https:\/\/api.w.org\/{rel}","templated":true}]}}