{"id":10905,"date":"2022-08-16T13:05:52","date_gmt":"2022-08-16T11:05:52","guid":{"rendered":"https:\/\/www.upm.es\/recursosidi\/offers-resources\/sin categor\u00eda\/human-aware-spaces\/"},"modified":"2022-08-16T13:06:02","modified_gmt":"2022-08-16T11:06:02","slug":"human-aware-spaces","status":"publish","type":"product","link":"https:\/\/www.upm.es\/recursosidi\/offers-resources\/soluciones-tecnologicas\/human-aware-spaces\/","title":{"rendered":"HUMAN-AWARE SPACES"},"content":{"rendered":"<h4 style=\"text-align: left\"><strong>Descripci&oacute;n breve conjunta de la soluci&oacute;n y valor a&ntilde;adido que aporta <\/strong><\/h4>\n<p style=\"text-align: justify\">Los servicios basados en localizaci&oacute;n en interiores (ILBS) son un mercado global en crecimiento con un futuro prometedor. Las aplicaciones son infinitas: an&aacute;lisis de movimiento humano, seguimiento, seguridad, interacci&oacute;n con el entorno, inmersi&oacute;n, geofence, etc., que se aplicar&aacute;n en oficinas, museos, aeropuertos, ferias comerciales, hospitales, hoteles, industria&#8230; El Grupo de Tratamiento de Im&aacute;genes (GTI) de la UPM ha desarrollado una novedosa tecnolog&iacute;a de localizaci&oacute;n en interiores basado en deep learning y visi&oacute;n artificial para detectar a personas mediante c&aacute;maras.&nbsp;La localizaci&oacute;n es no intrusiva, sin la necesidad de que las personas porten ning&uacute;n dispositivo (tel&eacute;fonos m&oacute;viles, balizas Bluetooth, etc.), a diferencia de las soluciones existentes en el mercado. Adem&aacute;s, la precisi&oacute;n alcanzada es mayor que el resto de tecnolog&iacute;as de localizaci&oacute;n en interiores. Nuestra tecnolog&iacute;a est&aacute; respaldada por patentes, estudios cient&iacute;ficos y proyectos, como el &#8220;Demostrador de laboratorio en vivo para la oficina bancaria del futuro&#8221; para el Grupo Santander, ISBAN y PRODUBAN.<\/p>\n<h4 style=\"text-align: left\"><strong>Descripci&oacute;n de la base tecnol&oacute;gica<\/strong><\/h4>\n<p style=\"text-align: justify\">Tecnolog&iacute;a de localizaci&oacute;n en interiores que convierte cualquier habitaci&oacute;n en un espacio inteligente capaz de localizar personas sin intrusi&oacute;n, colaboraci&oacute;n o sensor en humanos. Todas las tecnolog&iacute;as de ubicaciones interiores existentes en el mercado requieren que las personas usen un sensor o tel&eacute;fono m&oacute;vil para su localizaci&oacute;n. Esta tecnolog&iacute;a se basa en los &uacute;ltimos algoritmos de aprendizaje profundo y visi&oacute;n por computadora para ofrecer una localizaci&oacute;n humana transparente, no colaborativa y no intrusiva con una precisi&oacute;n en el rango de cent&iacute;metros.<\/p>\n<p style=\"text-align: justify\">Las aplicaciones son infinitas: an&aacute;lisis de flujo de personas, seguimiento, seguridad, interacci&oacute;n espacial, inmersi&oacute;n, geofence, etc. listas para ser utilizadas en oficinas, museos, aeropuertos, ferrocarriles, ferias, hospitales, hoteles, centros comerciales, industria, entre otras.<\/p>\n<p style=\"text-align: center\"><em>&ldquo;La &uacute;nica tecnolog&iacute;a de localizaci&oacute;n en interiores sin ning&uacute;n requisito &lsquo;sensor-on-human&rsquo; para an&aacute;lisis de movimiento, seguimiento, seguridad, interacci&oacute;n con el entorno&hellip;&rdquo;<\/em><\/p>\n<p style=\"text-align: center\">&nbsp;<\/p>\n<h4 style=\"text-align: left\"><strong>Necesidades de negocio \/ aplicaci&oacute;n<\/strong><\/h4>\n<ul>\n<li>\n<p style=\"text-align: justify\">Los servicios de localizaci&oacute;n en interiores (ILBS) han captado mucha atenci&oacute;n en los &uacute;ltimos a&ntilde;os debido a su potencial comercial y social. Las aplicaciones son innumerables.<\/p>\n<\/li>\n<li style=\"text-align: justify\">\n<p>La localizaci&oacute;n convencional en exteriores, como el GPS, no funciona bien en interiores debido a los obst&aacute;culos y paredes entre habitaciones. Por otra parte, las tecnolog&iacute;as espec&iacute;ficas de localizaci&oacute;n de interiores tienen problemas para lograr una alta precisi&oacute;n de localizaci&oacute;n (en el rango del metro).<\/p>\n<ul style=\"list-style-type: circle\">\n<li>\n<p style=\"text-align: justify\">Casi ninguna tecnolog&iacute;a alcanza tal precisi&oacute;n.<\/p>\n<\/li>\n<\/ul>\n<\/li>\n<li>\n<p style=\"text-align: justify\">Sin embargo, existe un problema mayor: todas las tecnolog&iacute;as existentes en el mercado requieren el uso de sensores activos. Las personas &uacute;nicamente pueden localizarse y ser monitorizadas si llevan un sensor o tel&eacute;fono m&oacute;vil, y aceptan compartir sus datos.<\/p>\n<ul style=\"list-style-type: circle\">\n<li style=\"text-align: justify\">\n<p>El 55% de las personas no est&aacute; de acuerdo o est&aacute; muy en desacuerdo en ceder su informaci&oacute;n a las tiendas para crear una imagen de ellas para mejorar los servicios prestados (Annenberg School for Communication).<\/p>\n<\/li>\n<li style=\"text-align: justify\">\n<p>Aproximadamente 7 de cada 10 personas no creen justo que una tienda controle su actividad on-line a cambio de Wi-Fi gratis mientras se encontraba en la tienda (The New York Times).<\/p>\n<\/li>\n<li style=\"text-align: justify\">\n<p>S&oacute;lo el 45% de los usuarios m&oacute;viles habilitan Bluetooth en todos los dispositivos en Am&eacute;rica del Norte, a pesar de ser una de las tasas m&aacute;s altas de uso de Bluetooth en todo el mundo&nbsp;(BeaconStat).&nbsp;<\/p>\n<\/li>\n<\/ul>\n<\/li>\n<li>\n<p style=\"text-align: justify\">La colaboraci&oacute;n expl&iacute;cita o impl&iacute;cita de personas no es realista en aplicaciones de seguridad, y problem&aacute;tica en otras aplicaciones que presuponen que las personas tienen sus sensores \/ tel&eacute;fonos m&oacute;viles siempre operativos.<\/p>\n<\/li>\n<li>\n<p style=\"text-align: justify\">Las limitaciones anteriores restringen seriamente la calidad y la utilidad de la ubicaci&oacute;n obtenida y los datos de seguimiento.<\/p>\n<ul style=\"list-style-type: circle\">\n<li>\n<p style=\"text-align: justify\">S&oacute;lo una parte de la poblaci&oacute;n est&aacute; en disposici&oacute;n de ser localizada y monitorizada: estad&iacute;sticas inexactas y sesgadas.<\/p>\n<\/li>\n<\/ul>\n<\/li>\n<\/ul>\n<p style=\"text-align: center\"><em>&#8220;Todas las tecnolog&iacute;as de localizaci&oacute;n de interiores existentes requieren el uso de sensores activos y la colaboraci&oacute;n de las personas para ser localizados y monitorizados&#8221;<\/em><\/p>\n<p style=\"text-align: center\">&nbsp;<\/p>\n<h4 style=\"text-align: left\"><strong>Ventajas competitivas<\/strong><\/h4>\n<ul>\n<li>\n<p style=\"text-align: justify\">Cualquier sala o espacio se puede convertir en un espacio inteligente capaz de localizar personas y obtener estad&iacute;sticas valiosas.<\/p>\n<\/li>\n<li style=\"text-align: justify\">\n<p>Localizaci&oacute;n de personas transparente, no colaborativa y no intrusiva con precisi&oacute;n en el rango de cent&iacute;metros.<\/p>\n<ul style=\"list-style-type: circle\">\n<li style=\"text-align: justify\">\n<p>Monitorizaci&oacute;n del 100% de personas.<\/p>\n<\/li>\n<li>\n<p style=\"text-align: justify\">Estad&iacute;sticas reales y precisas.<\/p>\n<\/li>\n<\/ul>\n<\/li>\n<li>\n<p style=\"text-align: justify\">Las aplicaciones son infinitas: an&aacute;lisis de movimiento humano, monitorizaci&oacute;n, seguridad, interacci&oacute;n espacial, inmersi&oacute;n, geofence&#8230; preparadas para ser utilizadas en oficinas, museos, aeropuertos, ferrocarriles, ferias comerciales, hospitales, hoteles, centros comerciales, industria y m&aacute;s.<\/p>\n<\/li>\n<li style=\"text-align: justify\">\n<p>Despliegue rentable y f&aacute;cil.<\/p>\n<\/li>\n<li>\n<p style=\"text-align: justify\">Ahorros de hasta el 80% en ubicaciones con redes de c&aacute;maras existentes.<\/p>\n<\/li>\n<\/ul>\n<h4 style=\"text-align: left\"><strong>Referencias<\/strong><\/h4>\n<ul>\n<li>\n<p style=\"text-align: justify\">El Grupo de Tratamiento de Im&aacute;genes (GTI) &ndash; UPM tiene m&aacute;s de 35 a&ntilde;os de experiencia en procesamiento de imagen, visi&oacute;n por computador, comunicaciones visuals, y aplicaciones multimedia.<\/p>\n<\/li>\n<li style=\"text-align: justify\">\n<p>Amplia participaci&oacute;n en proyectos nacionales y europeos.<\/p>\n<\/li>\n<li style=\"text-align: justify\">\n<p>Colaboraci&oacute;n con relevantes empresas internacionales: Airbus, Nokia, Telefonica, Indra, etc.<\/p>\n<\/li>\n<li>\n<p style=\"text-align: justify\">Living Lab Demostrador &ldquo;oficina bancaria del futuro&rdquo; para el Grupo Santander, ISBAN y PRODUBAN.&nbsp;<\/p>\n<\/li>\n<\/ul>\n<h4><strong>Protecci&oacute;n industrial<\/strong><\/h4>\n<ul>\n<li>\n<p style=\"text-align: justify\">Patente concedida en Espa&ntilde;a ES2657378.<\/p>\n<\/li>\n<\/ul>\n<h4 style=\"text-align: left\"><strong>Grado de desarrollo<\/strong><\/h4>\n<ul>\n<li><span style=\"font-size: small\">Concepto<\/span><\/li>\n<li><span style=\"font-size: small\">Investigaci&oacute;n<\/span><\/li>\n<li><strong><span style=\"text-decoration: underline\"><span style=\"font-size: small\">Prototipo-Lab<\/span><\/span><\/strong><\/li>\n<li><span style=\"font-size: small\">Prototipo Industrial<\/span><\/li>\n<li><span style=\"font-size: small\">Producci&oacute;n<\/span><\/li>\n<\/ul>\n<h4><strong>Contacto<\/strong><\/h4>\n<p style=\"text-align: justify\"><strong>Contacto Human-Aware Spaces<\/strong><\/p>\n<p style=\"text-align: justify\">Carlos R. del Blanco, Pablo Carballeira<\/p>\n<p style=\"text-align: justify\">e: <span rel=\"6f312530a1311931973103309f312631a9311930a9312731b7311530ce312331c0312b309c313031\" class=\"cryptex \" style=\"\"><span class=\"CryptexImg ctxdAn9tGbRPUiSHsUwtfPtG2cQZB_0zPE725YD5mb1oq0\"><\/span><\/span><\/p>\n<p style=\"text-align: justify\">e: <span rel=\"6f312530ae311831a23103309f312631a9311930a9312731b7311530ce312331c0312b309c313031\" class=\"cryptex \" style=\"\"><span class=\"CryptexImg ctx011KoN-AQRZCjMpPoUfc12jSAs4DWqhANEfo3rs2fOM\"><\/span><\/span><\/p>\n<p style=\"text-align: justify\"><strong>Contacto UPM<\/strong><\/p>\n<p style=\"text-align: justify\">Programas de Innovaci&oacute;n y Emprendimiento<\/p>\n<p style=\"text-align: justify\">Centro de Apoyo a la Innovaci&oacute;n Tecnol&oacute;gica &ndash; UPM<\/p>\n<p style=\"text-align: justify\">e: <span rel=\"6f312530a7312331a4312c31ae311331a3312231a531223173313131be311631c1311631a3312c319b312d319b312d318e311d31c7312a3163312631c531\" class=\"cryptex \" style=\"\"><span class=\"CryptexImg ctxR7neImVV1tJoTSyttUGBAuiESKXKLLyzTwJSN1lk9Z0\"><\/span><\/span><\/p>\n<div class=\"pdfprnt-buttons pdfprnt-buttons-product pdfprnt-bottom-left\"><a href=\"https:\/\/www.upm.es\/recursosidi\/wp-json\/wp\/v2\/product\/10905?print=pdf\" class=\"pdfprnt-button pdfprnt-button-pdf\" target=\"_blank\"><span class=\"pdfprnt-button-title pdfprnt-button-pdf-title\">Descargar ficha<\/span><\/a><\/div>","protected":false},"excerpt":{"rendered":"<p>Espacios que sienten a las personas.<\/p>\n<p>Tecnolog\u00eda de localizaci\u00f3n en interiores sin tel\u00e9fonos m\u00f3viles o sensores port\u00e1tiles para an\u00e1lisis de movilidad humano, seguimiento, seguridad, interacci\u00f3n con el entorno y m\u00e1s<br \/>\n entorno y m\u00e1s.<\/p>\n","protected":false},"featured_media":10903,"template":"","meta":{"_acf_changed":false},"product_cat":[2384],"product_tag":[2576,2577],"comunidades-upm":[],"quien":[],"mapa":[{"term_id":126,"name":"Tecnolog\u00edas digitales, Inteligencia Artificial, ciberseguridad, 5G, rob\u00f3tica","slug":"tecnologias_digitales-ai-ciberseguridad-5g-robotica","term_group":0,"term_taxonomy_id":126,"taxonomy":"mapa","description":"","parent":0,"count":194,"filter":"raw","term_order":"23"}],"disponibilidad":[],"donde":[{"term_id":456,"name":"Grupo de Tratamiento de Im\u00e1genes (GTI)","slug":"grupo-de-tratamiento-de-imagenes-gti","term_group":0,"term_taxonomy_id":456,"taxonomy":"donde","description":"Hacemos I+D+i sobre teor&iacute;a, m&eacute;todos y aplicaciones del tratamiento digital de im&aacute;genes, orientados fundamentalmente a la compresi&oacute;n y al an&aacute;lisis. Tratamos tanto temas espec&iacute;ficos relacionados con las im&aacute;genes, como sistemas completos en los que el tratamiento de im&aacute;genes tiene una importancia crucial.\n&nbsp;\nNuestras l&iacute;neas de investigaci&oacute;n se pueden resumir en:\n&nbsp;\n\nAn&aacute;lisis de im&aacute;genes y v&iacute;deo para extracci&oacute;n de caracter&iacute;sticas\nTelevisi&oacute;n, televisi&oacute;n 3D y televisi&oacute;n de ultra alta definici&oacute;n (UHD, 4K)\nGr&aacute;ficos 3D y realidad aumentada\nAutocalibraci&oacute;n de c&aacute;maras\nTeor&iacute;a y m&eacute;todos de tratamiento digital de im&aacute;genes\nCodificaci&oacute;n y transmisi&oacute;n de informaci&oacute;n visual\nExtracci&oacute;n de informaci&oacute;n tridimensional\n\n&nbsp;\n&nbsp;","parent":0,"count":7,"filter":"raw","term_order":"0"},{"term_id":1680,"name":"Image Processing Group (IPG)","slug":"en_image-processing-group-ipg","term_group":0,"term_taxonomy_id":1680,"taxonomy":"donde","description":"Hacemos I+D+i sobre teor&iacute;a, m&eacute;todos y aplicaciones del tratamiento digital de im&aacute;genes, orientados fundamentalmente a la compresi&oacute;n y al an&aacute;lisis. Tratamos tanto temas espec&iacute;ficos relacionados con las im&aacute;genes, como sistemas completos en los que el tratamiento de im&aacute;genes tiene una importancia crucial.\n&nbsp;\nNuestras l&iacute;neas de investigaci&oacute;n se pueden resumir en:\n&nbsp;\n\nAn&aacute;lisis de im&aacute;genes y v&iacute;deo para extracci&oacute;n de caracter&iacute;sticas\nTelevisi&oacute;n, televisi&oacute;n 3D y televisi&oacute;n de ultra alta definici&oacute;n (UHD, 4K)\nGr&aacute;ficos 3D y realidad aumentada\nAutocalibraci&oacute;n de c&aacute;maras\nTeor&iacute;a y m&eacute;todos de tratamiento digital de im&aacute;genes\nCodificaci&oacute;n y transmisi&oacute;n de informaci&oacute;n visual\nExtracci&oacute;n de informaci&oacute;n tridimensional\n\n&nbsp;\n&nbsp;","parent":0,"count":5,"filter":"raw","term_order":"0"},{"term_id":1864,"name":"Information Processing and Telecommunications Center","slug":"en_information-processing-and-telecommunications-center","term_group":0,"term_taxonomy_id":1864,"taxonomy":"donde","description":"","parent":0,"count":32,"filter":"raw","term_order":"0"},{"term_id":642,"name":"Information Processing and Telecommunications Center (IPTC)","slug":"information-processing-and-telecommunications-center-iptc","term_group":0,"term_taxonomy_id":642,"taxonomy":"donde","description":"","parent":0,"count":74,"filter":"raw","term_order":"0"}],"infraestructura":[],"ods":[{"term_id":2247,"name":"Industria, Innovaci\u00f3n e Infraestructura","slug":"industria-innovacion-e-infraestructura","term_group":0,"term_taxonomy_id":2247,"taxonomy":"ods","description":"","parent":0,"count":171,"filter":"raw","term_order":"0"}],"origen":[{"term_id":192,"name":"Soluciones tecnol\u00f3gicas","slug":"soluciones-tecnologicas","term_group":0,"term_taxonomy_id":192,"taxonomy":"origen","description":"","parent":0,"count":278,"filter":"raw","term_order":"0"}],"familia_tax":false,"quien_tax":false,"donde_tax":false,"year":"","contacto":"ETSI de Telecomunicaci\u00f3n - UPM, Avenida  Complutense, 30, Ciudad Universitaria, 28040, Madrid","telefono":"","pagina_web":"https:\/\/www.etsit.upm.es\/","email":"cda@gti.ssr.upm.es","id_ficha_portal":"128","video":"","adjuntos":false,"adjuntos_portal":"","inf":false,"departamento":"","acf":[],"lang":"es","translation":{"es":10905,"en":10908},"_links":{"self":[{"href":"https:\/\/www.upm.es\/recursosidi\/wp-json\/wp\/v2\/product\/10905"}],"collection":[{"href":"https:\/\/www.upm.es\/recursosidi\/wp-json\/wp\/v2\/product"}],"about":[{"href":"https:\/\/www.upm.es\/recursosidi\/wp-json\/wp\/v2\/types\/product"}],"wp:featuredmedia":[{"embeddable":true,"href":"https:\/\/www.upm.es\/recursosidi\/wp-json\/wp\/v2\/media\/10903"}],"wp:attachment":[{"href":"https:\/\/www.upm.es\/recursosidi\/wp-json\/wp\/v2\/media?parent=10905"}],"wp:term":[{"taxonomy":"product_cat","embeddable":true,"href":"https:\/\/www.upm.es\/recursosidi\/wp-json\/wp\/v2\/product_cat?post=10905"},{"taxonomy":"product_tag","embeddable":true,"href":"https:\/\/www.upm.es\/recursosidi\/wp-json\/wp\/v2\/product_tag?post=10905"},{"taxonomy":"comunidad_upm","embeddable":true,"href":"https:\/\/www.upm.es\/recursosidi\/wp-json\/wp\/v2\/comunidades-upm?post=10905"},{"taxonomy":"quien","embeddable":true,"href":"https:\/\/www.upm.es\/recursosidi\/wp-json\/wp\/v2\/quien?post=10905"},{"taxonomy":"mapa","embeddable":true,"href":"https:\/\/www.upm.es\/recursosidi\/wp-json\/wp\/v2\/mapa?post=10905"},{"taxonomy":"disponibilidad","embeddable":true,"href":"https:\/\/www.upm.es\/recursosidi\/wp-json\/wp\/v2\/disponibilidad?post=10905"},{"taxonomy":"donde","embeddable":true,"href":"https:\/\/www.upm.es\/recursosidi\/wp-json\/wp\/v2\/donde?post=10905"},{"taxonomy":"infraestructura","embeddable":true,"href":"https:\/\/www.upm.es\/recursosidi\/wp-json\/wp\/v2\/infraestructura?post=10905"},{"taxonomy":"ods","embeddable":true,"href":"https:\/\/www.upm.es\/recursosidi\/wp-json\/wp\/v2\/ods?post=10905"},{"taxonomy":"origen","embeddable":true,"href":"https:\/\/www.upm.es\/recursosidi\/wp-json\/wp\/v2\/origen?post=10905"}],"curies":[{"name":"wp","href":"https:\/\/api.w.org\/{rel}","templated":true}]}}