{"id":10910,"date":"2022-08-16T13:06:07","date_gmt":"2022-08-16T11:06:07","guid":{"rendered":"https:\/\/www.upm.es\/recursosidi\/offers-resources\/sin categor\u00eda\/hyper-eye\/"},"modified":"2022-08-16T13:06:11","modified_gmt":"2022-08-16T11:06:11","slug":"hyper-eye","status":"publish","type":"product","link":"https:\/\/www.upm.es\/recursosidi\/offers-resources\/soluciones-tecnologicas\/hyper-eye\/","title":{"rendered":"HYPER-EYE"},"content":{"rendered":"<h4 style=\"text-align: left\"><strong>Descripci&oacute;n breve conjunta de la soluci&oacute;n y valor a&ntilde;adido que aporta <\/strong><\/h4>\n<p style=\"text-align: justify\">Este sistema de captura, procesado y visualizaci&oacute;n de im&aacute;genes hiperespectrales ayuda al cirujano a delimitar tumores cerebrales de forma no invasiva durante la cirug&iacute;a. Esta tecnolog&iacute;a muestra el resultado en segundos, lo que supone una reducci&oacute;n de hasta un 95% del tiempo comparado con su competidor directo, la resonancia magn&eacute;tica intraoperativa (iMRI). Por otro lado, el uso de esta tecnolog&iacute;a aumentar&aacute; la precisi&oacute;n de la localizaci&oacute;n del tumor. Esto supone una minimizaci&oacute;n del margen de seguridad a extirpar y mejora la calidad de vida de los pacientes, evitando a su vez posibles reca&iacute;das.<\/p>\n<p style=\"text-align: justify\">El prototipo ha sido probado en m&aacute;s de 40 pacientes en dos hospitales distintos, arrojando resultados satisfactorios.<\/p>\n<h4 style=\"text-align: left\"><strong>Descripci&oacute;n de la base tecnol&oacute;gica<\/strong><\/h4>\n<p style=\"text-align: justify\">La soluci&oacute;n propuesta consiste en un sistema de captura, procesado y visualizaci&oacute;n de im&aacute;genes hiperespectrales que permite, de forma no invasiva, distinguir los distintos elementos existentes en la imagen capturada. En el caso de operaciones de c&aacute;ncer cerebral, asiste al cirujano en la definici&oacute;n de los m&aacute;rgenes del tumor de manera eficiente y precisa.<\/p>\n<p style=\"text-align: justify\">Hasta el d&iacute;a de hoy, la identificaci&oacute;n de los bordes del tumor se basa en la experiencia del cirujano, pruebas previas a la operaci&oacute;n y\/o una resonancia magn&eacute;tica intraoperatoria (iMRI) que tarda m&aacute;s de 45 minutos. Gracias a esta tecnolog&iacute;a, se puede trabajar con informaci&oacute;n obtenida y analizada en tiempo real durante la operaci&oacute;n.&nbsp;<\/p>\n<p style=\"text-align: center\"><span style=\"font-family: helvetica\"><em>&ldquo;<\/em><em><span lang=\"EN-US\">Delimitaci&oacute;n precisa y representaci&oacute;n gr&aacute;fica de tumores cerebrales en cuesti&oacute;n de segundos de forma no invasiva para el paciente<\/span>&rdquo;<\/em><\/span><\/p>\n<p style=\"text-align: center\"><em><strong><span style=\"font-size: small\">&nbsp;<\/span><\/strong><\/em><\/p>\n<h4 style=\"text-align: left\"><strong>Necesidades de negocio \/ aplicaci&oacute;n<\/strong><\/h4>\n<p><strong>Salud&nbsp; (detecci&oacute;n de tumores cerebrales)<\/strong><\/p>\n<ul>\n<li>\n<p style=\"text-align: justify\">Los tumores cerebrales son la causa de un 2-3% de muertes en el mundo.<\/p>\n<\/li>\n<li style=\"text-align: justify\">\n<p>Su naturaleza infiltrativa dificulta su delimitaci&oacute;n.<\/p>\n<\/li>\n<li style=\"text-align: justify\">\n<p>El desplazamiento del cerebro tras la craneotom&iacute;a (efecto brain shifting) reduce la precisi&oacute;n de las im&aacute;genes de referencia.<\/p>\n<\/li>\n<li style=\"text-align: justify\">\n<p>La &uacute;nica alternativa es la resonancia magn&eacute;tica intraoperatoria (iMRI), pero aumenta la duraci&oacute;n de la operaci&oacute;n significativamente (m&aacute;s de 50 minutos por operaci&oacute;n), con el consiguiente incremento de los riesgos asociados.<\/p>\n<\/li>\n<li style=\"text-align: justify\">\n<p>El cirujano establece los l&iacute;mites del tumor cerebral bas&aacute;ndose en su propia experiencia, que es clave para elegir el margen de seguridad a extirpar.<\/p>\n<\/li>\n<li style=\"text-align: justify\">\n<p>Un margen de seguridad grande puede provocar secuelas graves, empeorando considerablemente la calidad de vida del paciente.<\/p>\n<\/li>\n<li style=\"text-align: justify\">\n<p>Un margen de seguridad peque&ntilde;o puede dejar restos del tumor, provocando la reaparici&oacute;n del mismo.<\/p>\n<\/li>\n<li>\n<p style=\"text-align: justify\">Minimizar este margen puede contribuir tambi&eacute;n a reducir el tiempo de recuperaci&oacute;n del paciente en el hospital, adem&aacute;s de aumentar la productividad de los cirujanos y, sobre todo, reducir la reincidencia de los pacientes, esto es, la probabilidad de que vuelvan al hospital con un problema derivado de la operaci&oacute;n.<\/p>\n<\/li>\n<\/ul>\n<h4 style=\"text-align: left\"><strong>Ventajas competitivas<\/strong><\/h4>\n<ul>\n<li>\n<p style=\"text-align: justify\">El procesado de im&aacute;genes hiperespectrales permite localizar posibles infiltraciones del tumor.<\/p>\n<\/li>\n<li style=\"text-align: justify\">\n<p>El an&aacute;lisis de im&aacute;genes obtenidas en el quir&oacute;fano evitar&aacute; el efecto brain shifting.<\/p>\n<\/li>\n<li style=\"text-align: justify\">\n<p>El an&aacute;lisis de estas im&aacute;genes se realiza en segundos, hasta un 95% menos que usando iMRI.<\/p>\n<\/li>\n<li style=\"text-align: justify\">\n<p>El cirujano dispondr&aacute; de una fuente de informaci&oacute;n adicional para delimitar los l&iacute;mites del tumor y reducir el margen de seguridad, mejorando la calidad de vida del paciente.<\/p>\n<\/li>\n<li style=\"text-align: justify\">\n<p>Esta herramienta servir&aacute; para asegurar que el tumor ha sido extirpado completamente.<\/p>\n<\/li>\n<li>\n<p style=\"text-align: justify\">Cada prototipo cuesta unos 250.000&euro;, lo que supone un 85% menos que la alternativa (iMRI).<\/p>\n<\/li>\n<\/ul>\n<h4 style=\"text-align: left\"><strong>Referencias<\/strong><\/h4>\n<ul>\n<li>\n<p style=\"text-align: justify\">Este sistema ha sido desarrollado gracias al proyecto europeo HELICoiD (HypErspectraL Imaging Cancer Detection, FP7-ICT-2013.9.2 (FET Open) 618080).<\/p>\n<\/li>\n<li style=\"text-align: justify\">\n<p>Se han capturado m&aacute;s de 80 im&aacute;genes de m&aacute;s de 40 pacientes diferentes. Estas im&aacute;genes han sido validadas por cirujanos.<\/p>\n<\/li>\n<li>\n<p style=\"text-align: justify\">Se ha probado en dos hospitales diferentes, uno en Las Palmas de Gran Canaria y otro en Southampton.<\/p>\n<\/li>\n<li>Evoluci&oacute;n y optimizaci&oacute;n a trav&eacute;s de colaboraci&oacute;n con el Hospital 12 de Octubre, en el marco de proyecto plurianual apoyado por la Comunidad de Madrid.<\/li>\n<\/ul>\n<h4 style=\"text-align: left\"><strong>Grado de desarrollo<\/strong><\/h4>\n<ul>\n<li>\n<p>Concepto<\/p>\n<\/li>\n<li>\n<p>Investigaci&oacute;n<\/p>\n<\/li>\n<li>\n<p><span style=\"text-decoration: underline\"><strong>Prototipo-Lab<\/strong><\/span><\/p>\n<\/li>\n<li>\n<p>Prototipo Industrial<\/p>\n<\/li>\n<li>\n<p>Producci&oacute;n<\/p>\n<\/li>\n<\/ul>\n<h4 style=\"text-align: left\"><strong>Contacto<\/strong><\/h4>\n<p><strong>Contacto HYPER-EYE<\/strong><\/p>\n<p>Eduardo Ju&aacute;rez Mart&iacute;nez<\/p>\n<p>CITSEM &#8211; UPM<\/p>\n<p>e: <span rel=\"86313030a6313331a6311b31c5310d31b8311c30a3312e31a4313f31bf31383172313131a131203187312131b231\" class=\"cryptex \" style=\"\"><span class=\"CryptexImg ctxOIkr5xf6QlqsTBiDv1ZNLiGknQiBgkedMCj5eS73phg\"><\/span><\/span><\/p>\n<p><strong>Contacto UPM<\/strong><\/p>\n<p>Programas de Innovaci&oacute;n y Emprendimiento<\/p>\n<p>Centro de Apoyo a la Innovaci&oacute;n Tecnol&oacute;gica &ndash; UPM<\/p>\n<p>e: <span rel=\"86313030aa313d319f312931c9310a31ac311f31a831273171314131bf312131a0312b319d312231c0312531a23110318c312731b5313b3161313431ba31\" class=\"cryptex \" style=\"\"><span class=\"CryptexImg ctxR7neImVV1tJoTSyttUGBAuiESKXKLLyzTwJSN1lk9Z0\"><\/span><\/span><\/p>\n<div class=\"pdfprnt-buttons pdfprnt-buttons-product pdfprnt-bottom-left\"><a href=\"https:\/\/www.upm.es\/recursosidi\/wp-json\/wp\/v2\/product\/10910?print=pdf\" class=\"pdfprnt-button pdfprnt-button-pdf\" target=\"_blank\"><span class=\"pdfprnt-button-title pdfprnt-button-pdf-title\">Descargar ficha<\/span><\/a><\/div>","protected":false},"excerpt":{"rendered":"<p>Mostrando lo que el ojo no ve.<\/p>\n<p>Sistema de visualizaci\u00f3n no invasivo para delimitar con precisi\u00f3n tumores cerebrales durante la cirug\u00eda, mejorando la calidad de vida del paciente.<\/p>\n","protected":false},"featured_media":10909,"template":"","meta":{"_acf_changed":false},"product_cat":[2384],"product_tag":[2535],"comunidades-upm":[],"quien":[],"mapa":[{"term_id":122,"name":"Salud y bienestar","slug":"salud-y-bienestar","term_group":0,"term_taxonomy_id":122,"taxonomy":"mapa","description":"","parent":0,"count":105,"filter":"raw","term_order":"17"},{"term_id":126,"name":"Tecnolog\u00edas digitales, Inteligencia Artificial, ciberseguridad, 5G, rob\u00f3tica","slug":"tecnologias_digitales-ai-ciberseguridad-5g-robotica","term_group":0,"term_taxonomy_id":126,"taxonomy":"mapa","description":"","parent":0,"count":194,"filter":"raw","term_order":"23"}],"disponibilidad":[],"donde":[{"term_id":596,"name":"Centro de Investigaci\u00f3n en Tecnolog\u00edas del Software y Sistemas Multimedia para la Sostenibilidad (CITSEM)","slug":"centro-de-investigacion-en-tecnologias-del-software-y-sistemas-multimedia-para-la-sostenibilidad-citsem","term_group":0,"term_taxonomy_id":596,"taxonomy":"donde","description":"","parent":0,"count":11,"filter":"raw","term_order":"0"},{"term_id":1730,"name":"Electronic and Microelectronic Design Group","slug":"en_electronic-and-microelectronic-design-group","term_group":0,"term_taxonomy_id":1730,"taxonomy":"donde","description":"","parent":0,"count":3,"filter":"raw","term_order":"0"},{"term_id":506,"name":"Grupo de Dise\u00f1o Electr\u00f3nico y Microelectr\u00f3nico","slug":"grupo-de-diseno-electronico-y-microelectronico","term_group":0,"term_taxonomy_id":506,"taxonomy":"donde","description":"","parent":0,"count":3,"filter":"raw","term_order":"0"},{"term_id":1818,"name":"Software and Multimedia Systems Technologies for Sustainability Research Centre (CITSEM)","slug":"en_software-and-multimedia-systems-technologies-for-sustainability-research-centre-citsem","term_group":0,"term_taxonomy_id":1818,"taxonomy":"donde","description":"","parent":0,"count":10,"filter":"raw","term_order":"0"}],"infraestructura":[],"ods":[{"term_id":2271,"name":"Salud y Bienestar","slug":"salud-y-bienestar","term_group":0,"term_taxonomy_id":2271,"taxonomy":"ods","description":"","parent":0,"count":59,"filter":"raw","term_order":"0"}],"origen":[{"term_id":192,"name":"Soluciones tecnol\u00f3gicas","slug":"soluciones-tecnologicas","term_group":0,"term_taxonomy_id":192,"taxonomy":"origen","description":"","parent":0,"count":278,"filter":"raw","term_order":"0"}],"familia_tax":false,"quien_tax":false,"donde_tax":false,"year":"","contacto":"CITSEM - UPM, Campus Sur UPM. Edificio La Arboleda, c\/ Alan Turing 3, 28031, Madrid","telefono":"","pagina_web":"http:\/\/www.citsem.upm.es\/","email":"eduardo.juarez@upm.es","id_ficha_portal":"104","video":"https:\/\/youtu.be\/wRWN8ZS87sE","adjuntos":false,"adjuntos_portal":"","inf":false,"departamento":"","acf":[],"lang":"es","translation":{"es":10910,"en":10912},"_links":{"self":[{"href":"https:\/\/www.upm.es\/recursosidi\/wp-json\/wp\/v2\/product\/10910"}],"collection":[{"href":"https:\/\/www.upm.es\/recursosidi\/wp-json\/wp\/v2\/product"}],"about":[{"href":"https:\/\/www.upm.es\/recursosidi\/wp-json\/wp\/v2\/types\/product"}],"wp:featuredmedia":[{"embeddable":true,"href":"https:\/\/www.upm.es\/recursosidi\/wp-json\/wp\/v2\/media\/10909"}],"wp:attachment":[{"href":"https:\/\/www.upm.es\/recursosidi\/wp-json\/wp\/v2\/media?parent=10910"}],"wp:term":[{"taxonomy":"product_cat","embeddable":true,"href":"https:\/\/www.upm.es\/recursosidi\/wp-json\/wp\/v2\/product_cat?post=10910"},{"taxonomy":"product_tag","embeddable":true,"href":"https:\/\/www.upm.es\/recursosidi\/wp-json\/wp\/v2\/product_tag?post=10910"},{"taxonomy":"comunidad_upm","embeddable":true,"href":"https:\/\/www.upm.es\/recursosidi\/wp-json\/wp\/v2\/comunidades-upm?post=10910"},{"taxonomy":"quien","embeddable":true,"href":"https:\/\/www.upm.es\/recursosidi\/wp-json\/wp\/v2\/quien?post=10910"},{"taxonomy":"mapa","embeddable":true,"href":"https:\/\/www.upm.es\/recursosidi\/wp-json\/wp\/v2\/mapa?post=10910"},{"taxonomy":"disponibilidad","embeddable":true,"href":"https:\/\/www.upm.es\/recursosidi\/wp-json\/wp\/v2\/disponibilidad?post=10910"},{"taxonomy":"donde","embeddable":true,"href":"https:\/\/www.upm.es\/recursosidi\/wp-json\/wp\/v2\/donde?post=10910"},{"taxonomy":"infraestructura","embeddable":true,"href":"https:\/\/www.upm.es\/recursosidi\/wp-json\/wp\/v2\/infraestructura?post=10910"},{"taxonomy":"ods","embeddable":true,"href":"https:\/\/www.upm.es\/recursosidi\/wp-json\/wp\/v2\/ods?post=10910"},{"taxonomy":"origen","embeddable":true,"href":"https:\/\/www.upm.es\/recursosidi\/wp-json\/wp\/v2\/origen?post=10910"}],"curies":[{"name":"wp","href":"https:\/\/api.w.org\/{rel}","templated":true}]}}